{"id":32382,"date":"2025-07-13T03:15:30","date_gmt":"2025-07-13T00:15:30","guid":{"rendered":"https:\/\/gerdetect.de\/ueber-uns\/"},"modified":"2025-10-24T15:08:08","modified_gmt":"2025-10-24T12:08:08","slug":"ueber-uns","status":"publish","type":"page","link":"https:\/\/gerdetect.de\/de\/ueber-uns\/","title":{"rendered":"\u00dcber uns"},"content":{"rendered":"\t\t<div data-elementor-type=\"wp-page\" data-elementor-id=\"32382\" class=\"elementor elementor-32382 elementor-29860\" data-elementor-post-type=\"page\">\n\t\t\t\t<div class=\"elementor-element elementor-element-cf2b34b wd-section-stretch e-flex e-con-boxed e-con e-parent\" data-id=\"cf2b34b\" data-element_type=\"container\" data-e-type=\"container\" data-settings=\"{&quot;background_background&quot;:&quot;classic&quot;}\">\n\t\t\t\t\t<div class=\"e-con-inner\">\n\t\t\t\t<div class=\"elementor-element elementor-element-4afee1d elementor-widget__width-inherit elementor-widget-mobile__width-auto elementor-widget elementor-widget-woocommerce-breadcrumb\" data-id=\"4afee1d\" data-element_type=\"widget\" data-e-type=\"widget\" data-widget_type=\"woocommerce-breadcrumb.default\">\n\t\t\t\t<div class=\"elementor-widget-container\">\n\t\t\t\t\t<nav class=\"wd-breadcrumbs woocommerce-breadcrumb\" aria-label=\"Breadcrumb\">\t\t\t\t<span class=\"wd-last\">\n\t\t\t\t\tStart\t\t\t\t<\/span>\n\t\t\t<\/nav>\t\t\t\t<\/div>\n\t\t\t\t<\/div>\n\t\t\t\t\t<\/div>\n\t\t\t\t<\/div>\n\t\t<div class=\"elementor-element elementor-element-e63277d e-flex e-con-boxed e-con e-parent\" data-id=\"e63277d\" data-element_type=\"container\" data-e-type=\"container\">\n\t\t\t\t\t<div class=\"e-con-inner\">\n\t\t<div class=\"elementor-element elementor-element-2a74a09 e-con-full e-flex e-con e-child\" data-id=\"2a74a09\" data-element_type=\"container\" data-e-type=\"container\">\n\t\t\t\t<div class=\"elementor-element elementor-element-0177119 elementor-widget elementor-widget-heading\" data-id=\"0177119\" data-element_type=\"widget\" data-e-type=\"widget\" data-widget_type=\"heading.default\">\n\t\t\t\t<div class=\"elementor-widget-container\">\n\t\t\t\t\t<h2 class=\"elementor-heading-title elementor-size-default\">\u00dcber uns<\/h2>\t\t\t\t<\/div>\n\t\t\t\t<\/div>\n\t\t\t\t<div class=\"elementor-element elementor-element-93212f7 elementor-widget__width-initial elementor-widget-divider--view-line elementor-widget elementor-widget-divider\" data-id=\"93212f7\" data-element_type=\"widget\" data-e-type=\"widget\" data-widget_type=\"divider.default\">\n\t\t\t\t<div class=\"elementor-widget-container\">\n\t\t\t\t\t\t\t<div class=\"elementor-divider\">\n\t\t\t<span class=\"elementor-divider-separator\">\n\t\t\t\t\t\t<\/span>\n\t\t<\/div>\n\t\t\t\t\t\t<\/div>\n\t\t\t\t<\/div>\n\t\t\t\t<\/div>\n\t\t\t\t<div class=\"elementor-element elementor-element-af70407 color-scheme-inherit text-left elementor-widget elementor-widget-text-editor\" data-id=\"af70407\" data-element_type=\"widget\" data-e-type=\"widget\" data-widget_type=\"text-editor.default\">\n\t\t\t\t<div class=\"elementor-widget-container\">\n\t\t\t\t\t\t\t\t\tGER DETECT ist seit seiner Gr\u00fcndung im Jahr 1990 ein weltweit f\u00fchrendes Unternehmen in der Herstellung und Entwicklung von Untergrund-Detektions- und Suchger\u00e4ten. Das Unternehmen war in diesem Bereich stets an der Spitze von Innovation und Gestaltung und ist heute der gr\u00f6\u00dfte Hersteller und Lieferant von Metalldetektoren, Edelstein- und Diamantdetektoren sowie Grundwasser-Detektionsger\u00e4ten. \t\t\t\t\t\t\t\t<\/div>\n\t\t\t\t<\/div>\n\t\t<div class=\"elementor-element elementor-element-a65a473 e-con-full e-flex e-con e-child\" data-id=\"a65a473\" data-element_type=\"container\" data-e-type=\"container\" data-settings=\"{&quot;background_background&quot;:&quot;gradient&quot;}\">\n\t\t\t\t<div class=\"elementor-element elementor-element-0bd1b60 color-scheme-inherit text-left elementor-widget elementor-widget-text-editor\" data-id=\"0bd1b60\" data-element_type=\"widget\" data-e-type=\"widget\" data-widget_type=\"text-editor.default\">\n\t\t\t\t<div class=\"elementor-widget-container\">\n\t\t\t\t\t\t\t\t\tSeit diesem Jahr begann GER DETECT, seine Erfolgsgeschichte zu schreiben, mit dem Ziel, spezialisierte Technologien im Bereich der Herstellung von Gold- und Metalldetektionsger\u00e4ten zu entwickeln und zu innovieren. Seitdem z\u00e4hlt das Unternehmen zu den Top Ten weltweit in dieser Branche. \n\n\t\t\t\t\t\t\t\t<\/div>\n\t\t\t\t<\/div>\n\t\t\t\t<\/div>\n\t\t\t\t<div class=\"elementor-element elementor-element-0b456f4 color-scheme-inherit text-left elementor-widget elementor-widget-text-editor\" data-id=\"0b456f4\" data-element_type=\"widget\" data-e-type=\"widget\" data-widget_type=\"text-editor.default\">\n\t\t\t\t<div class=\"elementor-widget-container\">\n\t\t\t\t\t\t\t\t\tIn den vergangenen drei Jahrzehnten hat das Unternehmen die technisch und wissenschaftlich innovativsten Ger\u00e4te im Vergleich zu seinen weltweiten Mitbewerbern eingef\u00fchrt und damit zu einem beispiellosen Fortschritt in der Detektionsger\u00e4tebranche gef\u00fchrt.\t\t\t\t\t\t\t\t<\/div>\n\t\t\t\t<\/div>\n\t\t<div class=\"elementor-element elementor-element-c8f2099 e-con-full e-flex e-con e-child\" data-id=\"c8f2099\" data-element_type=\"container\" data-e-type=\"container\">\n\t\t\t\t<div class=\"elementor-element elementor-element-4889931 elementor-widget elementor-widget-heading\" data-id=\"4889931\" data-element_type=\"widget\" data-e-type=\"widget\" data-widget_type=\"heading.default\">\n\t\t\t\t<div class=\"elementor-widget-container\">\n\t\t\t\t\t<h2 class=\"elementor-heading-title elementor-size-default\">Unsere Technologien und Produkte<\/h2>\t\t\t\t<\/div>\n\t\t\t\t<\/div>\n\t\t\t\t<div class=\"elementor-element elementor-element-9310862 elementor-widget__width-initial elementor-widget-divider--view-line elementor-widget elementor-widget-divider\" data-id=\"9310862\" data-element_type=\"widget\" data-e-type=\"widget\" data-widget_type=\"divider.default\">\n\t\t\t\t<div class=\"elementor-widget-container\">\n\t\t\t\t\t\t\t<div class=\"elementor-divider\">\n\t\t\t<span class=\"elementor-divider-separator\">\n\t\t\t\t\t\t<\/span>\n\t\t<\/div>\n\t\t\t\t\t\t<\/div>\n\t\t\t\t<\/div>\n\t\t\t\t<\/div>\n\t\t\t\t<div class=\"elementor-element elementor-element-997bd68 color-scheme-inherit text-left elementor-widget elementor-widget-text-editor\" data-id=\"997bd68\" data-element_type=\"widget\" data-e-type=\"widget\" data-widget_type=\"text-editor.default\">\n\t\t\t\t<div class=\"elementor-widget-container\">\n\t\t\t\t\t\t\t\t\t<p data-start=\"59\" data-end=\"268\">GER DETECT, ein renommiertes Unternehmen, bietet Entdeckern und Prospektoren die neuesten technologischen Fortschritte und wissenschaftlichen Innovationen im Bereich der unterirdischen Schatzsuche \u2013 serviert auf einem goldenen Tablett.<\/p><p data-start=\"270\" data-end=\"451\">Alle unsere Ger\u00e4te arbeiten mit Multisystem-Technologien zur Untergrund-Detektion und -Suche. Um den Auswahlprozess zu vereinfachen, haben wir sie nach Zieltyp klassifiziert: <\/p><ul data-start=\"453\" data-end=\"840\"><li data-start=\"453\" data-end=\"520\"><p data-start=\"455\" data-end=\"520\">Ger\u00e4te zur Erkennung und Suche nach vergrabenem Gold unter der Erde<\/p><\/li><li data-start=\"521\" data-end=\"582\"><p data-start=\"523\" data-end=\"582\">Ger\u00e4te zur Erkennung von Rohgold und Goldadern unter der Erde<\/p><\/li><li data-start=\"583\" data-end=\"652\"><p data-start=\"585\" data-end=\"652\">Ger\u00e4te zur Erkennung vergrabener arch\u00e4ologischer Sch\u00e4tze unter der Erde<\/p><\/li><li data-start=\"653\" data-end=\"713\"><p data-start=\"655\" data-end=\"713\">Ger\u00e4te zur Erkennung vergrabener Edelmetalle unter der Erde<\/p><\/li><li data-start=\"714\" data-end=\"779\"><p data-start=\"716\" data-end=\"779\">Ger\u00e4te zur Erkennung antiker Artefakte und Grabst\u00e4tten unter der Erde<\/p><\/li><li data-start=\"780\" data-end=\"840\"><p data-start=\"782\" data-end=\"840\">Ger\u00e4te zur Erkennung von Diamanten und Edelsteinen unter der Erde<\/p><\/li><\/ul><p data-start=\"842\" data-end=\"1116\">Unsere Ger\u00e4te sind mit der neuesten fortschrittlichen Technologie ausgestattet, um Gold, Edelmetalle, vergrabene Sch\u00e4tze, antike Artefakte, Hohlr\u00e4ume, Edelsteine und Diamanten unter der Erde zu erkennen. Sie erreichen Tiefen von bis zu 120 Metern unter der Oberfl\u00e4che bei einer Frontreichweite von 3.000 Metern. <\/p><p data-start=\"1118\" data-end=\"1364\">Zus\u00e4tzlich werden unsere Ger\u00e4te durch fortschrittliche Systeme unterst\u00fctzt, um alle Quellen von unterirdischem Wasser zu erkennen, einschlie\u00dflich Grundwasserquellen und artesischer Brunnen. Sie erreichen Tiefen von bis zu 1.500 Metern unter der Erde bei einer Frontreichweite von 3.000 Metern. <\/p>\t\t\t\t\t\t\t\t<\/div>\n\t\t\t\t<\/div>\n\t\t<div class=\"elementor-element elementor-element-cfe2318 e-con-full e-flex e-con e-child\" data-id=\"cfe2318\" data-element_type=\"container\" data-e-type=\"container\">\n\t\t\t\t<div class=\"elementor-element elementor-element-7c999c5 elementor-widget elementor-widget-heading\" data-id=\"7c999c5\" data-element_type=\"widget\" data-e-type=\"widget\" data-widget_type=\"heading.default\">\n\t\t\t\t<div class=\"elementor-widget-container\">\n\t\t\t\t\t<h2 class=\"elementor-heading-title elementor-size-default\">Fortschrittliche Detektionssysteme<\/h2>\t\t\t\t<\/div>\n\t\t\t\t<\/div>\n\t\t\t\t<div class=\"elementor-element elementor-element-fe04ac9 elementor-widget__width-initial elementor-widget-divider--view-line elementor-widget elementor-widget-divider\" data-id=\"fe04ac9\" data-element_type=\"widget\" data-e-type=\"widget\" data-widget_type=\"divider.default\">\n\t\t\t\t<div class=\"elementor-widget-container\">\n\t\t\t\t\t\t\t<div class=\"elementor-divider\">\n\t\t\t<span class=\"elementor-divider-separator\">\n\t\t\t\t\t\t<\/span>\n\t\t<\/div>\n\t\t\t\t\t\t<\/div>\n\t\t\t\t<\/div>\n\t\t\t\t<\/div>\n\t\t\t\t<div class=\"elementor-element elementor-element-0d51431 color-scheme-inherit text-left elementor-widget elementor-widget-text-editor\" data-id=\"0d51431\" data-element_type=\"widget\" data-e-type=\"widget\" data-widget_type=\"text-editor.default\">\n\t\t\t\t<div class=\"elementor-widget-container\">\n\t\t\t\t\t\t\t\t\t<ul class=\"features-list\"><li data-start=\"64\" data-end=\"111\"><p data-start=\"66\" data-end=\"111\">Fernortungsger\u00e4te (Long Range Locator)<\/p><\/li><li data-start=\"112\" data-end=\"134\"><p data-start=\"114\" data-end=\"134\">3D-Bildgebungssysteme<\/p><\/li><li data-start=\"135\" data-end=\"180\"><p data-start=\"137\" data-end=\"180\">Pulsinduktionssysteme (PULSE INDUCTION)<\/p><\/li><li data-start=\"181\" data-end=\"226\"><p data-start=\"183\" data-end=\"226\">Elektromagnetische Suchtechnologien (VLF)<\/p><\/li><li data-start=\"227\" data-end=\"260\"><p data-start=\"229\" data-end=\"260\">Ionenfeld-Detektionssysteme<\/p><\/li><li data-start=\"261\" data-end=\"299\"><p data-start=\"263\" data-end=\"299\">Magnetische Technologien (Magnetometer)<\/p><\/li><\/ul>\t\t\t\t\t\t\t\t<\/div>\n\t\t\t\t<\/div>\n\t\t<div class=\"elementor-element elementor-element-68551f3 e-con-full e-flex e-con e-child\" data-id=\"68551f3\" data-element_type=\"container\" data-e-type=\"container\">\n\t\t\t\t<div class=\"elementor-element elementor-element-24875a8 elementor-widget elementor-widget-heading\" data-id=\"24875a8\" data-element_type=\"widget\" data-e-type=\"widget\" data-widget_type=\"heading.default\">\n\t\t\t\t<div class=\"elementor-widget-container\">\n\t\t\t\t\t<h2 class=\"elementor-heading-title elementor-size-default\">Zertifikate und Akkreditierungen<\/h2>\t\t\t\t<\/div>\n\t\t\t\t<\/div>\n\t\t\t\t<div class=\"elementor-element elementor-element-38a380e elementor-widget__width-initial elementor-widget-divider--view-line elementor-widget elementor-widget-divider\" data-id=\"38a380e\" data-element_type=\"widget\" data-e-type=\"widget\" data-widget_type=\"divider.default\">\n\t\t\t\t<div class=\"elementor-widget-container\">\n\t\t\t\t\t\t\t<div class=\"elementor-divider\">\n\t\t\t<span class=\"elementor-divider-separator\">\n\t\t\t\t\t\t<\/span>\n\t\t<\/div>\n\t\t\t\t\t\t<\/div>\n\t\t\t\t<\/div>\n\t\t\t\t<div class=\"elementor-element elementor-element-5a332e8 color-scheme-inherit text-left elementor-widget elementor-widget-text-editor\" data-id=\"5a332e8\" data-element_type=\"widget\" data-e-type=\"widget\" data-widget_type=\"text-editor.default\">\n\t\t\t\t<div class=\"elementor-widget-container\">\n\t\t\t\t\t\t\t\t\tEine der besten deutschen Industrien, ausgezeichnet mit der europ\u00e4ischen CE-Zertifizierung gem\u00e4\u00df internationalen Standards, zus\u00e4tzlich zur internationalen ISO-9001-Zertifizierung in \u00dcbereinstimmung mit globalen Spezifikationen und Normen.\t\t\t\t\t\t\t\t<\/div>\n\t\t\t\t<\/div>\n\t\t\t\t<\/div>\n\t\t<div class=\"elementor-element elementor-element-b5876da e-grid e-con-full e-con e-child\" data-id=\"b5876da\" data-element_type=\"container\" data-e-type=\"container\">\n\t\t<div class=\"elementor-element elementor-element-c74b245 e-con-full e-flex e-con e-child\" data-id=\"c74b245\" data-element_type=\"container\" data-e-type=\"container\" data-settings=\"{&quot;background_background&quot;:&quot;classic&quot;}\">\n\t\t\t\t<div class=\"elementor-element elementor-element-6cf79c3 elementor-widget elementor-widget-image\" data-id=\"6cf79c3\" data-element_type=\"widget\" data-e-type=\"widget\" data-widget_type=\"image.default\">\n\t\t\t\t<div class=\"elementor-widget-container\">\n\t\t\t\t\t\t\t\t\t\t\t\t\t\t\t<img loading=\"lazy\" decoding=\"async\" width=\"595\" height=\"822\" src=\"https:\/\/gerdetect.de\/wp-content\/uploads\/2025\/07\/cer-gold.jpg\" class=\"attachment-full size-full wp-image-32381\" alt=\"\" srcset=\"https:\/\/gerdetect.de\/wp-content\/uploads\/2025\/07\/cer-gold.jpg 595w, https:\/\/gerdetect.de\/wp-content\/uploads\/2025\/07\/cer-gold-217x300.jpg 217w, https:\/\/gerdetect.de\/wp-content\/uploads\/2025\/07\/cer-gold-579x800.jpg 579w, https:\/\/gerdetect.de\/wp-content\/uploads\/2025\/07\/cer-gold-430x594.jpg 430w, https:\/\/gerdetect.de\/wp-content\/uploads\/2025\/07\/cer-gold-150x207.jpg 150w\" sizes=\"auto, (max-width: 595px) 100vw, 595px\" \/>\t\t\t\t\t\t\t\t\t\t\t\t\t\t\t<\/div>\n\t\t\t\t<\/div>\n\t\t\t\t<\/div>\n\t\t<div class=\"elementor-element elementor-element-ac27080 e-con-full e-flex e-con e-child\" data-id=\"ac27080\" data-element_type=\"container\" data-e-type=\"container\" data-settings=\"{&quot;background_background&quot;:&quot;classic&quot;}\">\n\t\t\t\t<div class=\"elementor-element elementor-element-e79b804 elementor-widget elementor-widget-image\" data-id=\"e79b804\" data-element_type=\"widget\" data-e-type=\"widget\" data-widget_type=\"image.default\">\n\t\t\t\t<div class=\"elementor-widget-container\">\n\t\t\t\t\t\t\t\t\t\t\t\t\t\t\t<img loading=\"lazy\" decoding=\"async\" width=\"595\" height=\"822\" src=\"https:\/\/gerdetect.de\/wp-content\/uploads\/2025\/07\/cer-gold.jpg\" class=\"attachment-full size-full wp-image-32381\" alt=\"\" srcset=\"https:\/\/gerdetect.de\/wp-content\/uploads\/2025\/07\/cer-gold.jpg 595w, https:\/\/gerdetect.de\/wp-content\/uploads\/2025\/07\/cer-gold-217x300.jpg 217w, https:\/\/gerdetect.de\/wp-content\/uploads\/2025\/07\/cer-gold-579x800.jpg 579w, https:\/\/gerdetect.de\/wp-content\/uploads\/2025\/07\/cer-gold-430x594.jpg 430w, https:\/\/gerdetect.de\/wp-content\/uploads\/2025\/07\/cer-gold-150x207.jpg 150w\" sizes=\"auto, (max-width: 595px) 100vw, 595px\" \/>\t\t\t\t\t\t\t\t\t\t\t\t\t\t\t<\/div>\n\t\t\t\t<\/div>\n\t\t\t\t<\/div>\n\t\t<div class=\"elementor-element elementor-element-92d765b e-con-full e-flex e-con e-child\" data-id=\"92d765b\" data-element_type=\"container\" data-e-type=\"container\" data-settings=\"{&quot;background_background&quot;:&quot;classic&quot;}\">\n\t\t\t\t<div class=\"elementor-element elementor-element-577e104 elementor-widget elementor-widget-image\" data-id=\"577e104\" data-element_type=\"widget\" data-e-type=\"widget\" data-widget_type=\"image.default\">\n\t\t\t\t<div class=\"elementor-widget-container\">\n\t\t\t\t\t\t\t\t\t\t\t\t\t\t\t<img loading=\"lazy\" decoding=\"async\" width=\"595\" height=\"822\" src=\"https:\/\/gerdetect.de\/wp-content\/uploads\/2025\/07\/cer-gold.jpg\" class=\"attachment-full size-full wp-image-32381\" alt=\"\" srcset=\"https:\/\/gerdetect.de\/wp-content\/uploads\/2025\/07\/cer-gold.jpg 595w, https:\/\/gerdetect.de\/wp-content\/uploads\/2025\/07\/cer-gold-217x300.jpg 217w, https:\/\/gerdetect.de\/wp-content\/uploads\/2025\/07\/cer-gold-579x800.jpg 579w, https:\/\/gerdetect.de\/wp-content\/uploads\/2025\/07\/cer-gold-430x594.jpg 430w, https:\/\/gerdetect.de\/wp-content\/uploads\/2025\/07\/cer-gold-150x207.jpg 150w\" sizes=\"auto, (max-width: 595px) 100vw, 595px\" \/>\t\t\t\t\t\t\t\t\t\t\t\t\t\t\t<\/div>\n\t\t\t\t<\/div>\n\t\t\t\t<\/div>\n\t\t\t\t<\/div>\n\t\t\t\t<div class=\"elementor-element elementor-element-31c25fe color-scheme-inherit text-left elementor-widget elementor-widget-text-editor\" data-id=\"31c25fe\" data-element_type=\"widget\" data-e-type=\"widget\" data-widget_type=\"text-editor.default\">\n\t\t\t\t<div class=\"elementor-widget-container\">\n\t\t\t\t\t\t\t\t\t<p>Im Einklang mit unserem Engagement f\u00fcr eine Kultur der Entwicklung und Innovation weist GER DETECT einen bedeutenden Teil seines j\u00e4hrlichen Umsatzes der kontinuierlichen Weiterentwicklung von Metalldetektionstechnologien zu, was es dem Unternehmen erm\u00f6glicht, seine Wettbewerber in derselben Branche zu \u00fcbertreffen.<\/p>\t\t\t\t\t\t\t\t<\/div>\n\t\t\t\t<\/div>\n\t\t<div class=\"elementor-element elementor-element-ca140f5 e-con-full e-flex e-con e-child\" data-id=\"ca140f5\" data-element_type=\"container\" data-e-type=\"container\" data-settings=\"{&quot;background_background&quot;:&quot;gradient&quot;}\">\n\t\t\t\t<div class=\"elementor-element elementor-element-a69f508 color-scheme-inherit text-left elementor-widget elementor-widget-text-editor\" data-id=\"a69f508\" data-element_type=\"widget\" data-e-type=\"widget\" data-widget_type=\"text-editor.default\">\n\t\t\t\t<div class=\"elementor-widget-container\">\n\t\t\t\t\t\t\t\t\tBei GER DETECT sind wir bestrebt, ein au\u00dfergew\u00f6hnliches Kundenerlebnis zu bieten, das Ihre Erwartungen \u00fcbertrifft. Entsprechend den h\u00f6chsten globalen Qualit\u00e4tsstandards arbeiten wir mit gr\u00f6\u00dfter Sorgfalt daran, sicherzustellen, dass unsere Produkte Ihre Anforderungen erf\u00fcllen und \u00fcbertreffen. \t\t\t\t\t\t\t\t<\/div>\n\t\t\t\t<\/div>\n\t\t\t\t<\/div>\n\t\t\t\t\t<\/div>\n\t\t\t\t<\/div>\n\t\t\t\t<\/div>\n\t\t","protected":false},"excerpt":{"rendered":"<p>\u00dcber uns GER DETECT ist seit seiner Gr\u00fcndung im Jahr 1990 ein weltweit f\u00fchrendes Unternehmen in der Herstellung und Entwicklung<\/p>\n","protected":false},"author":1,"featured_media":0,"parent":0,"menu_order":0,"comment_status":"closed","ping_status":"closed","template":"elementor_header_footer","meta":{"footnotes":""},"class_list":["post-32382","page","type-page","status-publish","hentry"],"yoast_head":"<!-- This site is optimized with the Yoast SEO plugin v27.3 - https:\/\/yoast.com\/product\/yoast-seo-wordpress\/ -->\n<title>\u00dcber uns - GER DETECT<\/title>\n<meta name=\"robots\" content=\"index, follow, max-snippet:-1, max-image-preview:large, max-video-preview:-1\" \/>\n<link rel=\"canonical\" href=\"https:\/\/gerdetect.de\/de\/ueber-uns\/\" \/>\n<meta property=\"og:locale\" content=\"de_DE\" \/>\n<meta property=\"og:type\" content=\"article\" \/>\n<meta property=\"og:title\" content=\"\u00dcber uns - GER DETECT\" \/>\n<meta property=\"og:description\" content=\"\u00dcber uns GER DETECT ist seit seiner Gr\u00fcndung im Jahr 1990 ein weltweit f\u00fchrendes Unternehmen in der Herstellung und Entwicklung\" \/>\n<meta property=\"og:url\" content=\"https:\/\/gerdetect.de\/de\/ueber-uns\/\" \/>\n<meta property=\"og:site_name\" content=\"GER DETECT\" \/>\n<meta property=\"article:modified_time\" content=\"2025-10-24T12:08:08+00:00\" \/>\n<meta property=\"og:image\" content=\"https:\/\/gerdetect.de\/wp-content\/uploads\/2025\/07\/cer-gold.jpg\" \/>\n\t<meta property=\"og:image:width\" content=\"595\" \/>\n\t<meta property=\"og:image:height\" content=\"822\" \/>\n\t<meta property=\"og:image:type\" content=\"image\/jpeg\" \/>\n<meta name=\"twitter:card\" content=\"summary_large_image\" \/>\n<meta name=\"twitter:label1\" content=\"Gesch\u00e4tzte Lesezeit\" \/>\n\t<meta name=\"twitter:data1\" content=\"2\u00a0Minuten\" \/>\n<script type=\"application\/ld+json\" class=\"yoast-schema-graph\">{\"@context\":\"https:\\\/\\\/schema.org\",\"@graph\":[{\"@type\":\"WebPage\",\"@id\":\"https:\\\/\\\/gerdetect.de\\\/de\\\/ueber-uns\\\/\",\"url\":\"https:\\\/\\\/gerdetect.de\\\/de\\\/ueber-uns\\\/\",\"name\":\"\u00dcber uns - GER DETECT\",\"isPartOf\":{\"@id\":\"https:\\\/\\\/gerdetect.de\\\/de\\\/#website\"},\"primaryImageOfPage\":{\"@id\":\"https:\\\/\\\/gerdetect.de\\\/de\\\/ueber-uns\\\/#primaryimage\"},\"image\":{\"@id\":\"https:\\\/\\\/gerdetect.de\\\/de\\\/ueber-uns\\\/#primaryimage\"},\"thumbnailUrl\":\"https:\\\/\\\/gerdetect.de\\\/wp-content\\\/uploads\\\/2025\\\/07\\\/cer-gold.jpg\",\"datePublished\":\"2025-07-13T00:15:30+00:00\",\"dateModified\":\"2025-10-24T12:08:08+00:00\",\"breadcrumb\":{\"@id\":\"https:\\\/\\\/gerdetect.de\\\/de\\\/ueber-uns\\\/#breadcrumb\"},\"inLanguage\":\"de\",\"potentialAction\":[{\"@type\":\"ReadAction\",\"target\":[\"https:\\\/\\\/gerdetect.de\\\/de\\\/ueber-uns\\\/\"]}]},{\"@type\":\"ImageObject\",\"inLanguage\":\"de\",\"@id\":\"https:\\\/\\\/gerdetect.de\\\/de\\\/ueber-uns\\\/#primaryimage\",\"url\":\"https:\\\/\\\/gerdetect.de\\\/wp-content\\\/uploads\\\/2025\\\/07\\\/cer-gold.jpg\",\"contentUrl\":\"https:\\\/\\\/gerdetect.de\\\/wp-content\\\/uploads\\\/2025\\\/07\\\/cer-gold.jpg\"},{\"@type\":\"BreadcrumbList\",\"@id\":\"https:\\\/\\\/gerdetect.de\\\/de\\\/ueber-uns\\\/#breadcrumb\",\"itemListElement\":[{\"@type\":\"ListItem\",\"position\":1,\"name\":\"Home\",\"item\":\"https:\\\/\\\/gerdetect.de\\\/de\\\/startseite\\\/\"},{\"@type\":\"ListItem\",\"position\":2,\"name\":\"\u00dcber uns\"}]},{\"@type\":\"WebSite\",\"@id\":\"https:\\\/\\\/gerdetect.de\\\/de\\\/#website\",\"url\":\"https:\\\/\\\/gerdetect.de\\\/de\\\/\",\"name\":\"GER DETECT\",\"description\":\"\",\"publisher\":{\"@id\":\"https:\\\/\\\/gerdetect.de\\\/de\\\/#organization\"},\"potentialAction\":[{\"@type\":\"SearchAction\",\"target\":{\"@type\":\"EntryPoint\",\"urlTemplate\":\"https:\\\/\\\/gerdetect.de\\\/de\\\/?s={search_term_string}\"},\"query-input\":{\"@type\":\"PropertyValueSpecification\",\"valueRequired\":true,\"valueName\":\"search_term_string\"}}],\"inLanguage\":\"de\"},{\"@type\":\"Organization\",\"@id\":\"https:\\\/\\\/gerdetect.de\\\/de\\\/#organization\",\"name\":\"GER DETECT\",\"url\":\"https:\\\/\\\/gerdetect.de\\\/de\\\/\",\"logo\":{\"@type\":\"ImageObject\",\"inLanguage\":\"de\",\"@id\":\"https:\\\/\\\/gerdetect.de\\\/de\\\/#\\\/schema\\\/logo\\\/image\\\/\",\"url\":\"https:\\\/\\\/gerdetect.de\\\/wp-content\\\/uploads\\\/2025\\\/10\\\/GER-Logo.webp\",\"contentUrl\":\"https:\\\/\\\/gerdetect.de\\\/wp-content\\\/uploads\\\/2025\\\/10\\\/GER-Logo.webp\",\"width\":2134,\"height\":2135,\"caption\":\"GER DETECT\"},\"image\":{\"@id\":\"https:\\\/\\\/gerdetect.de\\\/de\\\/#\\\/schema\\\/logo\\\/image\\\/\"}}]}<\/script>\n<!-- \/ Yoast SEO plugin. -->","yoast_head_json":{"title":"\u00dcber uns - GER DETECT","robots":{"index":"index","follow":"follow","max-snippet":"max-snippet:-1","max-image-preview":"max-image-preview:large","max-video-preview":"max-video-preview:-1"},"canonical":"https:\/\/gerdetect.de\/de\/ueber-uns\/","og_locale":"de_DE","og_type":"article","og_title":"\u00dcber uns - GER DETECT","og_description":"\u00dcber uns GER DETECT ist seit seiner Gr\u00fcndung im Jahr 1990 ein weltweit f\u00fchrendes Unternehmen in der Herstellung und Entwicklung","og_url":"https:\/\/gerdetect.de\/de\/ueber-uns\/","og_site_name":"GER DETECT","article_modified_time":"2025-10-24T12:08:08+00:00","og_image":[{"width":595,"height":822,"url":"https:\/\/gerdetect.de\/wp-content\/uploads\/2025\/07\/cer-gold.jpg","type":"image\/jpeg"}],"twitter_card":"summary_large_image","twitter_misc":{"Gesch\u00e4tzte Lesezeit":"2\u00a0Minuten"},"schema":{"@context":"https:\/\/schema.org","@graph":[{"@type":"WebPage","@id":"https:\/\/gerdetect.de\/de\/ueber-uns\/","url":"https:\/\/gerdetect.de\/de\/ueber-uns\/","name":"\u00dcber uns - GER DETECT","isPartOf":{"@id":"https:\/\/gerdetect.de\/de\/#website"},"primaryImageOfPage":{"@id":"https:\/\/gerdetect.de\/de\/ueber-uns\/#primaryimage"},"image":{"@id":"https:\/\/gerdetect.de\/de\/ueber-uns\/#primaryimage"},"thumbnailUrl":"https:\/\/gerdetect.de\/wp-content\/uploads\/2025\/07\/cer-gold.jpg","datePublished":"2025-07-13T00:15:30+00:00","dateModified":"2025-10-24T12:08:08+00:00","breadcrumb":{"@id":"https:\/\/gerdetect.de\/de\/ueber-uns\/#breadcrumb"},"inLanguage":"de","potentialAction":[{"@type":"ReadAction","target":["https:\/\/gerdetect.de\/de\/ueber-uns\/"]}]},{"@type":"ImageObject","inLanguage":"de","@id":"https:\/\/gerdetect.de\/de\/ueber-uns\/#primaryimage","url":"https:\/\/gerdetect.de\/wp-content\/uploads\/2025\/07\/cer-gold.jpg","contentUrl":"https:\/\/gerdetect.de\/wp-content\/uploads\/2025\/07\/cer-gold.jpg"},{"@type":"BreadcrumbList","@id":"https:\/\/gerdetect.de\/de\/ueber-uns\/#breadcrumb","itemListElement":[{"@type":"ListItem","position":1,"name":"Home","item":"https:\/\/gerdetect.de\/de\/startseite\/"},{"@type":"ListItem","position":2,"name":"\u00dcber uns"}]},{"@type":"WebSite","@id":"https:\/\/gerdetect.de\/de\/#website","url":"https:\/\/gerdetect.de\/de\/","name":"GER DETECT","description":"","publisher":{"@id":"https:\/\/gerdetect.de\/de\/#organization"},"potentialAction":[{"@type":"SearchAction","target":{"@type":"EntryPoint","urlTemplate":"https:\/\/gerdetect.de\/de\/?s={search_term_string}"},"query-input":{"@type":"PropertyValueSpecification","valueRequired":true,"valueName":"search_term_string"}}],"inLanguage":"de"},{"@type":"Organization","@id":"https:\/\/gerdetect.de\/de\/#organization","name":"GER DETECT","url":"https:\/\/gerdetect.de\/de\/","logo":{"@type":"ImageObject","inLanguage":"de","@id":"https:\/\/gerdetect.de\/de\/#\/schema\/logo\/image\/","url":"https:\/\/gerdetect.de\/wp-content\/uploads\/2025\/10\/GER-Logo.webp","contentUrl":"https:\/\/gerdetect.de\/wp-content\/uploads\/2025\/10\/GER-Logo.webp","width":2134,"height":2135,"caption":"GER DETECT"},"image":{"@id":"https:\/\/gerdetect.de\/de\/#\/schema\/logo\/image\/"}}]}},"_links":{"self":[{"href":"https:\/\/gerdetect.de\/de\/wp-json\/wp\/v2\/pages\/32382","targetHints":{"allow":["GET"]}}],"collection":[{"href":"https:\/\/gerdetect.de\/de\/wp-json\/wp\/v2\/pages"}],"about":[{"href":"https:\/\/gerdetect.de\/de\/wp-json\/wp\/v2\/types\/page"}],"author":[{"embeddable":true,"href":"https:\/\/gerdetect.de\/de\/wp-json\/wp\/v2\/users\/1"}],"replies":[{"embeddable":true,"href":"https:\/\/gerdetect.de\/de\/wp-json\/wp\/v2\/comments?post=32382"}],"version-history":[{"count":1,"href":"https:\/\/gerdetect.de\/de\/wp-json\/wp\/v2\/pages\/32382\/revisions"}],"predecessor-version":[{"id":32386,"href":"https:\/\/gerdetect.de\/de\/wp-json\/wp\/v2\/pages\/32382\/revisions\/32386"}],"wp:attachment":[{"href":"https:\/\/gerdetect.de\/de\/wp-json\/wp\/v2\/media?parent=32382"}],"curies":[{"name":"wp","href":"https:\/\/api.w.org\/{rel}","templated":true}]}}