{"id":32551,"date":"2025-04-21T15:01:02","date_gmt":"2025-04-21T12:01:02","guid":{"rendered":"https:\/\/gerdetect.de\/product\/treasure-way-metal-detector\/"},"modified":"2025-10-28T14:32:49","modified_gmt":"2025-10-28T11:32:49","slug":"treasure-way-metal-detector","status":"publish","type":"product","link":"https:\/\/gerdetect.de\/de\/produkt\/treasure-way-metal-detector\/","title":{"rendered":"Treasure Way Metal Detector"},"content":{"rendered":"\t\t<div data-elementor-type=\"product-post\" data-elementor-id=\"32551\" class=\"elementor elementor-32551 elementor-18380\" data-elementor-post-type=\"product\">\n\t\t\t\t<div class=\"wd-negative-gap elementor-element elementor-element-4e8d65e6 e-flex e-con-boxed e-con e-parent\" data-id=\"4e8d65e6\" data-element_type=\"container\" data-e-type=\"container\">\n\t\t\t\t\t<div class=\"e-con-inner\">\n\t\t\t\t<div class=\"elementor-element elementor-element-aac21ba elementor-widget elementor-widget-video\" data-id=\"aac21ba\" data-element_type=\"widget\" data-e-type=\"widget\" data-settings=\"{&quot;youtube_url&quot;:&quot;https:\\\/\\\/www.youtube.com\\\/watch?v=D7g9qgJOWyg&amp;ab_channel=UIGDetectorsFactoriesandCompanies&quot;,&quot;video_type&quot;:&quot;youtube&quot;,&quot;controls&quot;:&quot;yes&quot;}\" data-widget_type=\"video.default\">\n\t\t\t\t<div class=\"elementor-widget-container\">\n\t\t\t\t\t\t\t<div class=\"elementor-wrapper elementor-open-inline\">\n\t\t\t<div class=\"elementor-video\"><\/div>\t\t<\/div>\n\t\t\t\t\t\t<\/div>\n\t\t\t\t<\/div>\n\t\t\t\t<div class=\"elementor-element elementor-element-59e3fea7 color-scheme-inherit text-left elementor-widget elementor-widget-text-editor\" data-id=\"59e3fea7\" data-element_type=\"widget\" data-e-type=\"widget\" data-widget_type=\"text-editor.default\">\n\t\t\t\t<div class=\"elementor-widget-container\">\n\t\t\t\t\t\t\t\t\t<h4 class=\"p1\"><strong>Das Treasure Way Ger\u00e4t ist mit einem fortschrittlichen Pulsinduktionssystem ausgestattet, das speziell daf\u00fcr entwickelt wurde, kleine Ziele und Bodenverunreinigungen zu ignorieren und stattdessen gro\u00dfe und tief vergrabene Objekte wie antike Sch\u00e4tze, Relikte und wertvolle Artefakte zu fokussieren.<\/strong><\/h4><h4 class=\"p1\"><strong>Dieses System verf\u00fcgt au\u00dferdem \u00fcber die F\u00e4higkeit, Edelmetalle und unedle Metalle zu erkennen.<\/strong><\/h4><h4 class=\"p1\"><strong>Der Treasure Way arbeitet mit drei unterschiedlichen Suchsystemen, die in einem Ger\u00e4t integriert sind.<\/strong><\/h4><p><img loading=\"lazy\" decoding=\"async\" class=\"size-full wp-image-18888 aligncenter\" src=\"https:\/\/gerdetect.de\/wp-content\/uploads\/2025\/07\/Treasure-Way-Metal-Detector6.webp\" alt=\"\" width=\"614\" height=\"284\" srcset=\"https:\/\/gerdetect.de\/wp-content\/uploads\/2025\/07\/Treasure-Way-Metal-Detector6.webp 614w, https:\/\/gerdetect.de\/wp-content\/uploads\/2025\/07\/Treasure-Way-Metal-Detector6-400x185.webp 400w, https:\/\/gerdetect.de\/wp-content\/uploads\/2025\/07\/Treasure-Way-Metal-Detector6-430x199.webp 430w, https:\/\/gerdetect.de\/wp-content\/uploads\/2025\/07\/Treasure-Way-Metal-Detector6-150x69.webp 150w\" sizes=\"auto, (max-width: 614px) 100vw, 614px\" \/><\/p><h4><strong><br>Metalldetektionssystem unter Verwendung der Pulsinduktionstechnologie.<\/strong><\/h4><h4><strong>Hohlraum-, H\u00f6hlen- und arch\u00e4ologische Grabdetektionssystem, ebenfalls basierend auf Pulsinduktion.<\/strong><\/h4><h4><strong>Tiefenmesssystem mit Anzeige in Zentimetern.<\/strong><\/h4><h4><strong>Das Treasure Way Ger\u00e4t ist in der Lage, tief vergrabene antike Ziele in Tiefen von bis zu 4 Metern oder mehr unter der Erde zu erkennen.<\/strong><\/h4><h4><strong>Treasure Way wird mit Stolz in Deutschland entwickelt und hergestellt, ist mit dem europ\u00e4ischen CE-Zeichen gem\u00e4\u00df internationalen Standards zertifiziert und verf\u00fcgt \u00fcber die internationale ISO-9001-Qualit\u00e4tszertifizierung.<\/strong><\/h4><h4><strong>Entwickelt f\u00fcr optimale Leistung in allen Regionen und Gel\u00e4ndearten ist der Treasure Way ein vielseitiger und zuverl\u00e4ssiger Begleiter f\u00fcr Schatzsucher auf der ganzen Welt.<\/strong><\/h4>\t\t\t\t\t\t\t\t<\/div>\n\t\t\t\t<\/div>\n\t\t\t\t<div class=\"elementor-element elementor-element-db2e253 elementor-arrows-position-inside elementor-pagination-position-outside elementor-widget elementor-widget-image-carousel\" data-id=\"db2e253\" data-element_type=\"widget\" data-e-type=\"widget\" data-settings=\"{&quot;slides_to_show&quot;:&quot;5&quot;,&quot;navigation&quot;:&quot;both&quot;,&quot;autoplay&quot;:&quot;yes&quot;,&quot;pause_on_hover&quot;:&quot;yes&quot;,&quot;pause_on_interaction&quot;:&quot;yes&quot;,&quot;autoplay_speed&quot;:5000,&quot;infinite&quot;:&quot;yes&quot;,&quot;speed&quot;:500,&quot;image_spacing_custom&quot;:{&quot;unit&quot;:&quot;px&quot;,&quot;size&quot;:20,&quot;sizes&quot;:[]},&quot;image_spacing_custom_tablet&quot;:{&quot;unit&quot;:&quot;px&quot;,&quot;size&quot;:&quot;&quot;,&quot;sizes&quot;:[]},&quot;image_spacing_custom_mobile&quot;:{&quot;unit&quot;:&quot;px&quot;,&quot;size&quot;:&quot;&quot;,&quot;sizes&quot;:[]}}\" data-widget_type=\"image-carousel.default\">\n\t\t\t\t<div class=\"elementor-widget-container\">\n\t\t\t\t\t\t\t<div class=\"elementor-image-carousel-wrapper swiper\" role=\"region\" aria-roledescription=\"carousel\" aria-label=\"Image Carousel\" dir=\"ltr\">\n\t\t\t<div class=\"elementor-image-carousel swiper-wrapper\" aria-live=\"off\">\n\t\t\t\t\t\t\t\t<div class=\"swiper-slide\" role=\"group\" aria-roledescription=\"slide\" aria-label=\"1 von 7\"><figure class=\"swiper-slide-inner\"><img decoding=\"async\" class=\"swiper-slide-image\" src=\"https:\/\/gerdetect.de\/wp-content\/uploads\/2025\/10\/Treasure-Way-8-min-300x300.jpg\" alt=\"Treasure Way 8-min\" \/><\/figure><\/div><div class=\"swiper-slide\" role=\"group\" aria-roledescription=\"slide\" aria-label=\"2 von 7\"><figure class=\"swiper-slide-inner\"><img decoding=\"async\" class=\"swiper-slide-image\" src=\"https:\/\/gerdetect.de\/wp-content\/uploads\/2025\/10\/Treasure-Way-7-min-300x300.jpg\" alt=\"Treasure Way 7-min\" \/><\/figure><\/div><div class=\"swiper-slide\" role=\"group\" aria-roledescription=\"slide\" aria-label=\"3 von 7\"><figure class=\"swiper-slide-inner\"><img decoding=\"async\" class=\"swiper-slide-image\" src=\"https:\/\/gerdetect.de\/wp-content\/uploads\/2025\/10\/Treasure-Way-6-min-300x300.jpg\" alt=\"Treasure Way 6-min\" \/><\/figure><\/div><div class=\"swiper-slide\" role=\"group\" aria-roledescription=\"slide\" aria-label=\"4 von 7\"><figure class=\"swiper-slide-inner\"><img decoding=\"async\" class=\"swiper-slide-image\" src=\"https:\/\/gerdetect.de\/wp-content\/uploads\/2025\/10\/Treasure-Way-5-min-300x300.jpg\" alt=\"Treasure Way 5-min\" \/><\/figure><\/div><div class=\"swiper-slide\" role=\"group\" aria-roledescription=\"slide\" aria-label=\"5 von 7\"><figure class=\"swiper-slide-inner\"><img decoding=\"async\" class=\"swiper-slide-image\" src=\"https:\/\/gerdetect.de\/wp-content\/uploads\/2025\/10\/Treasure-Way-3-min-300x300.jpg\" alt=\"Treasure Way 3-min\" \/><\/figure><\/div><div class=\"swiper-slide\" role=\"group\" aria-roledescription=\"slide\" aria-label=\"6 von 7\"><figure class=\"swiper-slide-inner\"><img decoding=\"async\" class=\"swiper-slide-image\" src=\"https:\/\/gerdetect.de\/wp-content\/uploads\/2025\/10\/Treasure-Way-2-min-300x300.jpg\" alt=\"Treasure Way 2-min\" \/><\/figure><\/div><div class=\"swiper-slide\" role=\"group\" aria-roledescription=\"slide\" aria-label=\"7 von 7\"><figure class=\"swiper-slide-inner\"><img decoding=\"async\" class=\"swiper-slide-image\" src=\"https:\/\/gerdetect.de\/wp-content\/uploads\/2025\/10\/Treasure-Way-1-min-300x300.jpg\" alt=\"Treasure Way 1-min\" \/><\/figure><\/div>\t\t\t<\/div>\n\t\t\t\t\t\t\t\t\t\t\t\t<div class=\"elementor-swiper-button elementor-swiper-button-prev\" role=\"button\" tabindex=\"0\">\n\t\t\t\t\t\t<i aria-hidden=\"true\" class=\"eicon-chevron-left\"><\/i>\t\t\t\t\t<\/div>\n\t\t\t\t\t<div class=\"elementor-swiper-button elementor-swiper-button-next\" role=\"button\" tabindex=\"0\">\n\t\t\t\t\t\t<i aria-hidden=\"true\" class=\"eicon-chevron-right\"><\/i>\t\t\t\t\t<\/div>\n\t\t\t\t\n\t\t\t\t\t\t\t\t\t<div class=\"swiper-pagination\"><\/div>\n\t\t\t\t\t\t\t\t\t<\/div>\n\t\t\t\t\t\t<\/div>\n\t\t\t\t<\/div>\n\t\t\t\t\t<\/div>\n\t\t\t\t<\/div>\n\t\t\t\t<\/div>\n\t\t","protected":false},"excerpt":{"rendered":"<h5>Treasure Way ist ein professioneller Metalldetektor, entwickelt mit fortschrittlicher Pulsinduktionstechnologie. Er erkennt pr\u00e4zise Gold, Relikte, Hohlr\u00e4ume und antike Grabst\u00e4tten in Tiefen von bis zu 4 Metern und ist f\u00fcr jedes Gel\u00e4nde geeignet.  <\/h5>\n","protected":false},"featured_media":32539,"template":"","meta":[],"product_brand":[],"product_cat":[331,332],"product_tag":[],"class_list":{"0":"post-32551","1":"product","2":"type-product","3":"status-publish","4":"has-post-thumbnail","6":"product_cat-gold-und-metalldetektoren","7":"product_cat-produkte","9":"first","10":"instock","11":"shipping-taxable","12":"purchasable","13":"product-type-simple"},"yoast_head":"<!-- This site is optimized with the Yoast SEO plugin v27.4 - https:\/\/yoast.com\/product\/yoast-seo-wordpress\/ -->\n<title>Treasure Way Metal Detector - GER DETECT<\/title>\n<meta name=\"robots\" content=\"index, follow, max-snippet:-1, max-image-preview:large, max-video-preview:-1\" \/>\n<link rel=\"canonical\" href=\"https:\/\/gerdetect.de\/de\/produkt\/treasure-way-metal-detector\/\" \/>\n<meta property=\"og:locale\" content=\"de_DE\" \/>\n<meta property=\"og:type\" content=\"article\" \/>\n<meta property=\"og:title\" content=\"Treasure Way Metal Detector - GER DETECT\" \/>\n<meta property=\"og:description\" content=\"Treasure Way ist ein professioneller Metalldetektor, entwickelt mit fortschrittlicher Pulsinduktionstechnologie. Er erkennt pr\u00e4zise Gold, Relikte, Hohlr\u00e4ume und antike Grabst\u00e4tten in Tiefen von bis zu 4 Metern und ist f\u00fcr jedes Gel\u00e4nde geeignet.\" \/>\n<meta property=\"og:url\" content=\"https:\/\/gerdetect.de\/de\/produkt\/treasure-way-metal-detector\/\" \/>\n<meta property=\"og:site_name\" content=\"GER DETECT\" \/>\n<meta property=\"article:modified_time\" content=\"2025-10-28T11:32:49+00:00\" \/>\n<meta property=\"og:image\" content=\"https:\/\/gerdetect.de\/wp-content\/uploads\/2025\/04\/Treasure-Way3-min.png\" \/>\n\t<meta property=\"og:image:width\" content=\"1200\" \/>\n\t<meta property=\"og:image:height\" content=\"1200\" \/>\n\t<meta property=\"og:image:type\" content=\"image\/png\" \/>\n<meta name=\"twitter:card\" content=\"summary_large_image\" \/>\n<meta name=\"twitter:label1\" content=\"Gesch\u00e4tzte Lesezeit\" \/>\n\t<meta name=\"twitter:data1\" content=\"1\u00a0Minute\" \/>\n<script type=\"application\/ld+json\" class=\"yoast-schema-graph\">{\"@context\":\"https:\\\/\\\/schema.org\",\"@graph\":[{\"@type\":\"WebPage\",\"@id\":\"https:\\\/\\\/gerdetect.de\\\/de\\\/produkt\\\/treasure-way-metal-detector\\\/\",\"url\":\"https:\\\/\\\/gerdetect.de\\\/de\\\/produkt\\\/treasure-way-metal-detector\\\/\",\"name\":\"Treasure Way Metal Detector - GER DETECT\",\"isPartOf\":{\"@id\":\"https:\\\/\\\/gerdetect.de\\\/de\\\/#website\"},\"primaryImageOfPage\":{\"@id\":\"https:\\\/\\\/gerdetect.de\\\/de\\\/produkt\\\/treasure-way-metal-detector\\\/#primaryimage\"},\"image\":{\"@id\":\"https:\\\/\\\/gerdetect.de\\\/de\\\/produkt\\\/treasure-way-metal-detector\\\/#primaryimage\"},\"thumbnailUrl\":\"https:\\\/\\\/gerdetect.de\\\/wp-content\\\/uploads\\\/2025\\\/04\\\/Treasure-Way3-min.png\",\"datePublished\":\"2025-04-21T12:01:02+00:00\",\"dateModified\":\"2025-10-28T11:32:49+00:00\",\"breadcrumb\":{\"@id\":\"https:\\\/\\\/gerdetect.de\\\/de\\\/produkt\\\/treasure-way-metal-detector\\\/#breadcrumb\"},\"inLanguage\":\"de\",\"potentialAction\":[{\"@type\":\"ReadAction\",\"target\":[\"https:\\\/\\\/gerdetect.de\\\/de\\\/produkt\\\/treasure-way-metal-detector\\\/\"]}]},{\"@type\":\"ImageObject\",\"inLanguage\":\"de\",\"@id\":\"https:\\\/\\\/gerdetect.de\\\/de\\\/produkt\\\/treasure-way-metal-detector\\\/#primaryimage\",\"url\":\"https:\\\/\\\/gerdetect.de\\\/wp-content\\\/uploads\\\/2025\\\/04\\\/Treasure-Way3-min.png\",\"contentUrl\":\"https:\\\/\\\/gerdetect.de\\\/wp-content\\\/uploads\\\/2025\\\/04\\\/Treasure-Way3-min.png\",\"width\":1200,\"height\":1200},{\"@type\":\"BreadcrumbList\",\"@id\":\"https:\\\/\\\/gerdetect.de\\\/de\\\/produkt\\\/treasure-way-metal-detector\\\/#breadcrumb\",\"itemListElement\":[{\"@type\":\"ListItem\",\"position\":1,\"name\":\"Home\",\"item\":\"https:\\\/\\\/gerdetect.de\\\/de\\\/startseite\\\/\"},{\"@type\":\"ListItem\",\"position\":2,\"name\":\"Produkte\",\"item\":\"https:\\\/\\\/gerdetect.de\\\/de\\\/shop\\\/\"},{\"@type\":\"ListItem\",\"position\":3,\"name\":\"Treasure Way Metal Detector\"}]},{\"@type\":\"WebSite\",\"@id\":\"https:\\\/\\\/gerdetect.de\\\/de\\\/#website\",\"url\":\"https:\\\/\\\/gerdetect.de\\\/de\\\/\",\"name\":\"GER DETECT\",\"description\":\"\",\"publisher\":{\"@id\":\"https:\\\/\\\/gerdetect.de\\\/de\\\/#organization\"},\"potentialAction\":[{\"@type\":\"SearchAction\",\"target\":{\"@type\":\"EntryPoint\",\"urlTemplate\":\"https:\\\/\\\/gerdetect.de\\\/de\\\/?s={search_term_string}\"},\"query-input\":{\"@type\":\"PropertyValueSpecification\",\"valueRequired\":true,\"valueName\":\"search_term_string\"}}],\"inLanguage\":\"de\"},{\"@type\":\"Organization\",\"@id\":\"https:\\\/\\\/gerdetect.de\\\/de\\\/#organization\",\"name\":\"GER DETECT\",\"url\":\"https:\\\/\\\/gerdetect.de\\\/de\\\/\",\"logo\":{\"@type\":\"ImageObject\",\"inLanguage\":\"de\",\"@id\":\"https:\\\/\\\/gerdetect.de\\\/de\\\/#\\\/schema\\\/logo\\\/image\\\/\",\"url\":\"https:\\\/\\\/gerdetect.de\\\/wp-content\\\/uploads\\\/2025\\\/10\\\/GER-Logo.webp\",\"contentUrl\":\"https:\\\/\\\/gerdetect.de\\\/wp-content\\\/uploads\\\/2025\\\/10\\\/GER-Logo.webp\",\"width\":2134,\"height\":2135,\"caption\":\"GER DETECT\"},\"image\":{\"@id\":\"https:\\\/\\\/gerdetect.de\\\/de\\\/#\\\/schema\\\/logo\\\/image\\\/\"}}]}<\/script>\n<!-- \/ Yoast SEO plugin. -->","yoast_head_json":{"title":"Treasure Way Metal Detector - GER DETECT","robots":{"index":"index","follow":"follow","max-snippet":"max-snippet:-1","max-image-preview":"max-image-preview:large","max-video-preview":"max-video-preview:-1"},"canonical":"https:\/\/gerdetect.de\/de\/produkt\/treasure-way-metal-detector\/","og_locale":"de_DE","og_type":"article","og_title":"Treasure Way Metal Detector - GER DETECT","og_description":"Treasure Way ist ein professioneller Metalldetektor, entwickelt mit fortschrittlicher Pulsinduktionstechnologie. Er erkennt pr\u00e4zise Gold, Relikte, Hohlr\u00e4ume und antike Grabst\u00e4tten in Tiefen von bis zu 4 Metern und ist f\u00fcr jedes Gel\u00e4nde geeignet.","og_url":"https:\/\/gerdetect.de\/de\/produkt\/treasure-way-metal-detector\/","og_site_name":"GER DETECT","article_modified_time":"2025-10-28T11:32:49+00:00","og_image":[{"width":1200,"height":1200,"url":"https:\/\/gerdetect.de\/wp-content\/uploads\/2025\/04\/Treasure-Way3-min.png","type":"image\/png"}],"twitter_card":"summary_large_image","twitter_misc":{"Gesch\u00e4tzte Lesezeit":"1\u00a0Minute"},"schema":{"@context":"https:\/\/schema.org","@graph":[{"@type":"WebPage","@id":"https:\/\/gerdetect.de\/de\/produkt\/treasure-way-metal-detector\/","url":"https:\/\/gerdetect.de\/de\/produkt\/treasure-way-metal-detector\/","name":"Treasure Way Metal Detector - GER DETECT","isPartOf":{"@id":"https:\/\/gerdetect.de\/de\/#website"},"primaryImageOfPage":{"@id":"https:\/\/gerdetect.de\/de\/produkt\/treasure-way-metal-detector\/#primaryimage"},"image":{"@id":"https:\/\/gerdetect.de\/de\/produkt\/treasure-way-metal-detector\/#primaryimage"},"thumbnailUrl":"https:\/\/gerdetect.de\/wp-content\/uploads\/2025\/04\/Treasure-Way3-min.png","datePublished":"2025-04-21T12:01:02+00:00","dateModified":"2025-10-28T11:32:49+00:00","breadcrumb":{"@id":"https:\/\/gerdetect.de\/de\/produkt\/treasure-way-metal-detector\/#breadcrumb"},"inLanguage":"de","potentialAction":[{"@type":"ReadAction","target":["https:\/\/gerdetect.de\/de\/produkt\/treasure-way-metal-detector\/"]}]},{"@type":"ImageObject","inLanguage":"de","@id":"https:\/\/gerdetect.de\/de\/produkt\/treasure-way-metal-detector\/#primaryimage","url":"https:\/\/gerdetect.de\/wp-content\/uploads\/2025\/04\/Treasure-Way3-min.png","contentUrl":"https:\/\/gerdetect.de\/wp-content\/uploads\/2025\/04\/Treasure-Way3-min.png","width":1200,"height":1200},{"@type":"BreadcrumbList","@id":"https:\/\/gerdetect.de\/de\/produkt\/treasure-way-metal-detector\/#breadcrumb","itemListElement":[{"@type":"ListItem","position":1,"name":"Home","item":"https:\/\/gerdetect.de\/de\/startseite\/"},{"@type":"ListItem","position":2,"name":"Produkte","item":"https:\/\/gerdetect.de\/de\/shop\/"},{"@type":"ListItem","position":3,"name":"Treasure Way Metal Detector"}]},{"@type":"WebSite","@id":"https:\/\/gerdetect.de\/de\/#website","url":"https:\/\/gerdetect.de\/de\/","name":"GER DETECT","description":"","publisher":{"@id":"https:\/\/gerdetect.de\/de\/#organization"},"potentialAction":[{"@type":"SearchAction","target":{"@type":"EntryPoint","urlTemplate":"https:\/\/gerdetect.de\/de\/?s={search_term_string}"},"query-input":{"@type":"PropertyValueSpecification","valueRequired":true,"valueName":"search_term_string"}}],"inLanguage":"de"},{"@type":"Organization","@id":"https:\/\/gerdetect.de\/de\/#organization","name":"GER DETECT","url":"https:\/\/gerdetect.de\/de\/","logo":{"@type":"ImageObject","inLanguage":"de","@id":"https:\/\/gerdetect.de\/de\/#\/schema\/logo\/image\/","url":"https:\/\/gerdetect.de\/wp-content\/uploads\/2025\/10\/GER-Logo.webp","contentUrl":"https:\/\/gerdetect.de\/wp-content\/uploads\/2025\/10\/GER-Logo.webp","width":2134,"height":2135,"caption":"GER DETECT"},"image":{"@id":"https:\/\/gerdetect.de\/de\/#\/schema\/logo\/image\/"}}]}},"_links":{"self":[{"href":"https:\/\/gerdetect.de\/de\/wp-json\/wp\/v2\/product\/32551","targetHints":{"allow":["GET"]}}],"collection":[{"href":"https:\/\/gerdetect.de\/de\/wp-json\/wp\/v2\/product"}],"about":[{"href":"https:\/\/gerdetect.de\/de\/wp-json\/wp\/v2\/types\/product"}],"version-history":[{"count":2,"href":"https:\/\/gerdetect.de\/de\/wp-json\/wp\/v2\/product\/32551\/revisions"}],"predecessor-version":[{"id":32645,"href":"https:\/\/gerdetect.de\/de\/wp-json\/wp\/v2\/product\/32551\/revisions\/32645"}],"wp:featuredmedia":[{"embeddable":true,"href":"https:\/\/gerdetect.de\/de\/wp-json\/wp\/v2\/media\/32539"}],"wp:attachment":[{"href":"https:\/\/gerdetect.de\/de\/wp-json\/wp\/v2\/media?parent=32551"}],"wp:term":[{"taxonomy":"product_brand","embeddable":true,"href":"https:\/\/gerdetect.de\/de\/wp-json\/wp\/v2\/product_brand?post=32551"},{"taxonomy":"product_cat","embeddable":true,"href":"https:\/\/gerdetect.de\/de\/wp-json\/wp\/v2\/product_cat?post=32551"},{"taxonomy":"product_tag","embeddable":true,"href":"https:\/\/gerdetect.de\/de\/wp-json\/wp\/v2\/product_tag?post=32551"}],"curies":[{"name":"wp","href":"https:\/\/api.w.org\/{rel}","templated":true}]}}