{"id":32270,"date":"2025-07-13T03:15:30","date_gmt":"2025-07-13T00:15:30","guid":{"rendered":"https:\/\/gerdetect.de\/quienes-somos\/"},"modified":"2025-10-23T16:59:06","modified_gmt":"2025-10-23T13:59:06","slug":"quienes-somos","status":"publish","type":"page","link":"https:\/\/gerdetect.de\/es\/quienes-somos\/","title":{"rendered":"Qui\u00e9nes somos"},"content":{"rendered":"\t\t<div data-elementor-type=\"wp-page\" data-elementor-id=\"32270\" class=\"elementor elementor-32270 elementor-29860\" data-elementor-post-type=\"page\">\n\t\t\t\t<div class=\"elementor-element elementor-element-cf2b34b wd-section-stretch e-flex e-con-boxed e-con e-parent\" data-id=\"cf2b34b\" data-element_type=\"container\" data-e-type=\"container\" data-settings=\"{&quot;background_background&quot;:&quot;classic&quot;}\">\n\t\t\t\t\t<div class=\"e-con-inner\">\n\t\t\t\t<div class=\"elementor-element elementor-element-4afee1d elementor-widget__width-inherit elementor-widget-mobile__width-auto elementor-widget elementor-widget-woocommerce-breadcrumb\" data-id=\"4afee1d\" data-element_type=\"widget\" data-e-type=\"widget\" data-widget_type=\"woocommerce-breadcrumb.default\">\n\t\t\t\t<div class=\"elementor-widget-container\">\n\t\t\t\t\t<nav class=\"wd-breadcrumbs woocommerce-breadcrumb\" aria-label=\"Breadcrumb\">\t\t\t\t<span class=\"wd-last\">\n\t\t\t\t\tInicio\t\t\t\t<\/span>\n\t\t\t<\/nav>\t\t\t\t<\/div>\n\t\t\t\t<\/div>\n\t\t\t\t\t<\/div>\n\t\t\t\t<\/div>\n\t\t<div class=\"elementor-element elementor-element-e63277d e-flex e-con-boxed e-con e-parent\" data-id=\"e63277d\" data-element_type=\"container\" data-e-type=\"container\">\n\t\t\t\t\t<div class=\"e-con-inner\">\n\t\t<div class=\"elementor-element elementor-element-2a74a09 e-con-full e-flex e-con e-child\" data-id=\"2a74a09\" data-element_type=\"container\" data-e-type=\"container\">\n\t\t\t\t<div class=\"elementor-element elementor-element-0177119 elementor-widget elementor-widget-heading\" data-id=\"0177119\" data-element_type=\"widget\" data-e-type=\"widget\" data-widget_type=\"heading.default\">\n\t\t\t\t<div class=\"elementor-widget-container\">\n\t\t\t\t\t<h2 class=\"elementor-heading-title elementor-size-default\">Qui\u00e9nes somos<\/h2>\t\t\t\t<\/div>\n\t\t\t\t<\/div>\n\t\t\t\t<div class=\"elementor-element elementor-element-93212f7 elementor-widget__width-initial elementor-widget-divider--view-line elementor-widget elementor-widget-divider\" data-id=\"93212f7\" data-element_type=\"widget\" data-e-type=\"widget\" data-widget_type=\"divider.default\">\n\t\t\t\t<div class=\"elementor-widget-container\">\n\t\t\t\t\t\t\t<div class=\"elementor-divider\">\n\t\t\t<span class=\"elementor-divider-separator\">\n\t\t\t\t\t\t<\/span>\n\t\t<\/div>\n\t\t\t\t\t\t<\/div>\n\t\t\t\t<\/div>\n\t\t\t\t<\/div>\n\t\t\t\t<div class=\"elementor-element elementor-element-af70407 color-scheme-inherit text-left elementor-widget elementor-widget-text-editor\" data-id=\"af70407\" data-element_type=\"widget\" data-e-type=\"widget\" data-widget_type=\"text-editor.default\">\n\t\t\t\t<div class=\"elementor-widget-container\">\n\t\t\t\t\t\t\t\t\tGER DETECT es una empresa l\u00edder mundial en la fabricaci\u00f3n y el desarrollo de dispositivos de detecci\u00f3n y b\u00fasqueda subterr\u00e1nea desde su establecimiento en 1990.<br>Siempre ha estado a la vanguardia de la innovaci\u00f3n y el dise\u00f1o en este campo, y hoy se posiciona como el mayor fabricante y proveedor de detectores de metales, detectores de piedras preciosas y diamantes, y dispositivos de detecci\u00f3n de aguas subterr\u00e1neas. \t\t\t\t\t\t\t\t<\/div>\n\t\t\t\t<\/div>\n\t\t<div class=\"elementor-element elementor-element-a65a473 e-con-full e-flex e-con e-child\" data-id=\"a65a473\" data-element_type=\"container\" data-e-type=\"container\" data-settings=\"{&quot;background_background&quot;:&quot;gradient&quot;}\">\n\t\t\t\t<div class=\"elementor-element elementor-element-0bd1b60 color-scheme-inherit text-left elementor-widget elementor-widget-text-editor\" data-id=\"0bd1b60\" data-element_type=\"widget\" data-e-type=\"widget\" data-widget_type=\"text-editor.default\">\n\t\t\t\t<div class=\"elementor-widget-container\">\n\t\t\t\t\t\t\t\t\tDesde ese a\u00f1o, GER DETECT comenz\u00f3 a escribir su historia de \u00e9xito, siendo fundada con el objetivo de desarrollar e innovar tecnolog\u00edas especializadas en el campo de la fabricaci\u00f3n de dispositivos de detecci\u00f3n de oro y metales.<br>Desde entonces, ha sido clasificada entre las diez mejores empresas del mundo en esta industria. \n\n\t\t\t\t\t\t\t\t<\/div>\n\t\t\t\t<\/div>\n\t\t\t\t<\/div>\n\t\t\t\t<div class=\"elementor-element elementor-element-0b456f4 color-scheme-inherit text-left elementor-widget elementor-widget-text-editor\" data-id=\"0b456f4\" data-element_type=\"widget\" data-e-type=\"widget\" data-widget_type=\"text-editor.default\">\n\t\t\t\t<div class=\"elementor-widget-container\">\n\t\t\t\t\t\t\t\t\tDurante las tres \u00faltimas d\u00e9cadas, la empresa ha introducido los dispositivos m\u00e1s innovadores t\u00e9cnica y cient\u00edficamente en comparaci\u00f3n con sus competidores a nivel mundial, lo que ha llevado a un avance sin precedentes en la industria de los dispositivos de detecci\u00f3n.\t\t\t\t\t\t\t\t<\/div>\n\t\t\t\t<\/div>\n\t\t<div class=\"elementor-element elementor-element-c8f2099 e-con-full e-flex e-con e-child\" data-id=\"c8f2099\" data-element_type=\"container\" data-e-type=\"container\">\n\t\t\t\t<div class=\"elementor-element elementor-element-4889931 elementor-widget elementor-widget-heading\" data-id=\"4889931\" data-element_type=\"widget\" data-e-type=\"widget\" data-widget_type=\"heading.default\">\n\t\t\t\t<div class=\"elementor-widget-container\">\n\t\t\t\t\t<h2 class=\"elementor-heading-title elementor-size-default\">Nuestras tecnolog\u00edas y productos<\/h2>\t\t\t\t<\/div>\n\t\t\t\t<\/div>\n\t\t\t\t<div class=\"elementor-element elementor-element-9310862 elementor-widget__width-initial elementor-widget-divider--view-line elementor-widget elementor-widget-divider\" data-id=\"9310862\" data-element_type=\"widget\" data-e-type=\"widget\" data-widget_type=\"divider.default\">\n\t\t\t\t<div class=\"elementor-widget-container\">\n\t\t\t\t\t\t\t<div class=\"elementor-divider\">\n\t\t\t<span class=\"elementor-divider-separator\">\n\t\t\t\t\t\t<\/span>\n\t\t<\/div>\n\t\t\t\t\t\t<\/div>\n\t\t\t\t<\/div>\n\t\t\t\t<\/div>\n\t\t\t\t<div class=\"elementor-element elementor-element-997bd68 color-scheme-inherit text-left elementor-widget elementor-widget-text-editor\" data-id=\"997bd68\" data-element_type=\"widget\" data-e-type=\"widget\" data-widget_type=\"text-editor.default\">\n\t\t\t\t<div class=\"elementor-widget-container\">\n\t\t\t\t\t\t\t\t\t<p data-start=\"59\" data-end=\"268\">GER DETECT, una empresa prestigiosa, ofrece a exploradores y prospectores los m\u00e1s recientes avances tecnol\u00f3gicos e innovaciones cient\u00edficas en el campo de la exploraci\u00f3n de riquezas subterr\u00e1neas, servidos en bandeja de oro.<\/p><p data-start=\"270\" data-end=\"451\">Todos nuestros dispositivos operan con tecnolog\u00edas multisistema para la detecci\u00f3n y b\u00fasqueda subterr\u00e1nea.<br>Para simplificar el proceso de selecci\u00f3n, los hemos clasificado seg\u00fan el tipo de objetivo: <\/p><ul data-start=\"453\" data-end=\"840\"><li data-start=\"453\" data-end=\"520\"><p data-start=\"455\" data-end=\"520\">Dispositivos para detectar y buscar oro enterrado bajo tierra<\/p><\/li><li data-start=\"521\" data-end=\"582\"><p data-start=\"523\" data-end=\"582\">Dispositivos para detectar oro en bruto y vetas de oro bajo tierra<\/p><\/li><li data-start=\"583\" data-end=\"652\"><p data-start=\"585\" data-end=\"652\">Dispositivos para detectar tesoros arqueol\u00f3gicos enterrados bajo tierra<\/p><\/li><li data-start=\"653\" data-end=\"713\"><p data-start=\"655\" data-end=\"713\">Dispositivos para detectar metales preciosos enterrados bajo tierra<\/p><\/li><li data-start=\"714\" data-end=\"779\"><p data-start=\"716\" data-end=\"779\">Dispositivos para detectar artefactos antiguos y tumbas bajo tierra<\/p><\/li><li data-start=\"780\" data-end=\"840\"><p data-start=\"782\" data-end=\"840\">Dispositivos para detectar diamantes y piedras preciosas bajo tierra<\/p><\/li><\/ul><p data-start=\"842\" data-end=\"1116\">Nuestros dispositivos est\u00e1n equipados con la tecnolog\u00eda avanzada m\u00e1s reciente para detectar oro, metales preciosos, tesoros enterrados, artefactos antiguos, cavidades, piedras preciosas y diamantes bajo tierra.<br>Pueden alcanzar profundidades de hasta 120 metros bajo la superficie, con un rango frontal de 3.000 metros. <\/p><p data-start=\"1118\" data-end=\"1364\">Adem\u00e1s, nuestros dispositivos est\u00e1n respaldados por sistemas avanzados para detectar todas las fuentes de agua subterr\u00e1nea, incluidas las surgencias de agua subterr\u00e1nea y los pozos artesianos.<br>Pueden alcanzar profundidades de hasta 1.500 metros bajo tierra, con un rango frontal de 3.000 metros. <\/p>\t\t\t\t\t\t\t\t<\/div>\n\t\t\t\t<\/div>\n\t\t<div class=\"elementor-element elementor-element-cfe2318 e-con-full e-flex e-con e-child\" data-id=\"cfe2318\" data-element_type=\"container\" data-e-type=\"container\">\n\t\t\t\t<div class=\"elementor-element elementor-element-7c999c5 elementor-widget elementor-widget-heading\" data-id=\"7c999c5\" data-element_type=\"widget\" data-e-type=\"widget\" data-widget_type=\"heading.default\">\n\t\t\t\t<div class=\"elementor-widget-container\">\n\t\t\t\t\t<h2 class=\"elementor-heading-title elementor-size-default\">Sistemas de detecci\u00f3n avanzados<\/h2>\t\t\t\t<\/div>\n\t\t\t\t<\/div>\n\t\t\t\t<div class=\"elementor-element elementor-element-fe04ac9 elementor-widget__width-initial elementor-widget-divider--view-line elementor-widget elementor-widget-divider\" data-id=\"fe04ac9\" data-element_type=\"widget\" data-e-type=\"widget\" data-widget_type=\"divider.default\">\n\t\t\t\t<div class=\"elementor-widget-container\">\n\t\t\t\t\t\t\t<div class=\"elementor-divider\">\n\t\t\t<span class=\"elementor-divider-separator\">\n\t\t\t\t\t\t<\/span>\n\t\t<\/div>\n\t\t\t\t\t\t<\/div>\n\t\t\t\t<\/div>\n\t\t\t\t<\/div>\n\t\t\t\t<div class=\"elementor-element elementor-element-0d51431 color-scheme-inherit text-left elementor-widget elementor-widget-text-editor\" data-id=\"0d51431\" data-element_type=\"widget\" data-e-type=\"widget\" data-widget_type=\"text-editor.default\">\n\t\t\t\t<div class=\"elementor-widget-container\">\n\t\t\t\t\t\t\t\t\t<ul class=\"features-list\"><li data-start=\"64\" data-end=\"111\"><p data-start=\"66\" data-end=\"111\">Dispositivos de teledetecci\u00f3n (localizador de largo alcance)<\/p><\/li><li data-start=\"112\" data-end=\"134\"><p data-start=\"114\" data-end=\"134\">Sistemas de im\u00e1genes 3D<\/p><\/li><li data-start=\"135\" data-end=\"180\"><p data-start=\"137\" data-end=\"180\">Sistemas de inducci\u00f3n pulsada (PULSE INDUCTION)<\/p><\/li><li data-start=\"181\" data-end=\"226\"><p data-start=\"183\" data-end=\"226\">Tecnolog\u00edas de b\u00fasqueda electromagn\u00e9tica (VLF)<\/p><\/li><li data-start=\"227\" data-end=\"260\"><p data-start=\"229\" data-end=\"260\">Sistemas de detecci\u00f3n de campo i\u00f3nico<\/p><\/li><li data-start=\"261\" data-end=\"299\"><p data-start=\"263\" data-end=\"299\">Tecnolog\u00edas magn\u00e9ticas (magnet\u00f3metro)<\/p><\/li><\/ul>\t\t\t\t\t\t\t\t<\/div>\n\t\t\t\t<\/div>\n\t\t<div class=\"elementor-element elementor-element-68551f3 e-con-full e-flex e-con e-child\" data-id=\"68551f3\" data-element_type=\"container\" data-e-type=\"container\">\n\t\t\t\t<div class=\"elementor-element elementor-element-24875a8 elementor-widget elementor-widget-heading\" data-id=\"24875a8\" data-element_type=\"widget\" data-e-type=\"widget\" data-widget_type=\"heading.default\">\n\t\t\t\t<div class=\"elementor-widget-container\">\n\t\t\t\t\t<h2 class=\"elementor-heading-title elementor-size-default\">Certificados y acreditaciones<\/h2>\t\t\t\t<\/div>\n\t\t\t\t<\/div>\n\t\t\t\t<div class=\"elementor-element elementor-element-38a380e elementor-widget__width-initial elementor-widget-divider--view-line elementor-widget elementor-widget-divider\" data-id=\"38a380e\" data-element_type=\"widget\" data-e-type=\"widget\" data-widget_type=\"divider.default\">\n\t\t\t\t<div class=\"elementor-widget-container\">\n\t\t\t\t\t\t\t<div class=\"elementor-divider\">\n\t\t\t<span class=\"elementor-divider-separator\">\n\t\t\t\t\t\t<\/span>\n\t\t<\/div>\n\t\t\t\t\t\t<\/div>\n\t\t\t\t<\/div>\n\t\t\t\t<div class=\"elementor-element elementor-element-5a332e8 color-scheme-inherit text-left elementor-widget elementor-widget-text-editor\" data-id=\"5a332e8\" data-element_type=\"widget\" data-e-type=\"widget\" data-widget_type=\"text-editor.default\">\n\t\t\t\t<div class=\"elementor-widget-container\">\n\t\t\t\t\t\t\t\t\tUna de las mejores industrias alemanas, que posee la certificaci\u00f3n europea CE seg\u00fan las normas internacionales, adem\u00e1s de la certificaci\u00f3n internacional ISO 9001 en cumplimiento con las especificaciones y est\u00e1ndares globales.\t\t\t\t\t\t\t\t<\/div>\n\t\t\t\t<\/div>\n\t\t\t\t<\/div>\n\t\t<div class=\"elementor-element elementor-element-b5876da e-grid e-con-full e-con e-child\" data-id=\"b5876da\" data-element_type=\"container\" data-e-type=\"container\">\n\t\t<div class=\"elementor-element elementor-element-c74b245 e-con-full e-flex e-con e-child\" data-id=\"c74b245\" data-element_type=\"container\" data-e-type=\"container\" data-settings=\"{&quot;background_background&quot;:&quot;classic&quot;}\">\n\t\t\t\t<div class=\"elementor-element elementor-element-6cf79c3 elementor-widget elementor-widget-image\" data-id=\"6cf79c3\" data-element_type=\"widget\" data-e-type=\"widget\" data-widget_type=\"image.default\">\n\t\t\t\t<div class=\"elementor-widget-container\">\n\t\t\t\t\t\t\t\t\t\t\t\t\t\t\t<img loading=\"lazy\" decoding=\"async\" width=\"595\" height=\"822\" src=\"https:\/\/gerdetect.de\/wp-content\/uploads\/2025\/07\/cer-gold.jpg\" class=\"attachment-full size-full wp-image-32269\" alt=\"\" srcset=\"https:\/\/gerdetect.de\/wp-content\/uploads\/2025\/07\/cer-gold.jpg 595w, https:\/\/gerdetect.de\/wp-content\/uploads\/2025\/07\/cer-gold-217x300.jpg 217w, https:\/\/gerdetect.de\/wp-content\/uploads\/2025\/07\/cer-gold-579x800.jpg 579w, https:\/\/gerdetect.de\/wp-content\/uploads\/2025\/07\/cer-gold-430x594.jpg 430w, https:\/\/gerdetect.de\/wp-content\/uploads\/2025\/07\/cer-gold-150x207.jpg 150w\" sizes=\"auto, (max-width: 595px) 100vw, 595px\" \/>\t\t\t\t\t\t\t\t\t\t\t\t\t\t\t<\/div>\n\t\t\t\t<\/div>\n\t\t\t\t<\/div>\n\t\t<div class=\"elementor-element elementor-element-ac27080 e-con-full e-flex e-con e-child\" data-id=\"ac27080\" data-element_type=\"container\" data-e-type=\"container\" data-settings=\"{&quot;background_background&quot;:&quot;classic&quot;}\">\n\t\t\t\t<div class=\"elementor-element elementor-element-e79b804 elementor-widget elementor-widget-image\" data-id=\"e79b804\" data-element_type=\"widget\" data-e-type=\"widget\" data-widget_type=\"image.default\">\n\t\t\t\t<div class=\"elementor-widget-container\">\n\t\t\t\t\t\t\t\t\t\t\t\t\t\t\t<img loading=\"lazy\" decoding=\"async\" width=\"595\" height=\"822\" src=\"https:\/\/gerdetect.de\/wp-content\/uploads\/2025\/07\/cer-gold.jpg\" class=\"attachment-full size-full wp-image-32269\" alt=\"\" srcset=\"https:\/\/gerdetect.de\/wp-content\/uploads\/2025\/07\/cer-gold.jpg 595w, https:\/\/gerdetect.de\/wp-content\/uploads\/2025\/07\/cer-gold-217x300.jpg 217w, https:\/\/gerdetect.de\/wp-content\/uploads\/2025\/07\/cer-gold-579x800.jpg 579w, https:\/\/gerdetect.de\/wp-content\/uploads\/2025\/07\/cer-gold-430x594.jpg 430w, https:\/\/gerdetect.de\/wp-content\/uploads\/2025\/07\/cer-gold-150x207.jpg 150w\" sizes=\"auto, (max-width: 595px) 100vw, 595px\" \/>\t\t\t\t\t\t\t\t\t\t\t\t\t\t\t<\/div>\n\t\t\t\t<\/div>\n\t\t\t\t<\/div>\n\t\t<div class=\"elementor-element elementor-element-92d765b e-con-full e-flex e-con e-child\" data-id=\"92d765b\" data-element_type=\"container\" data-e-type=\"container\" data-settings=\"{&quot;background_background&quot;:&quot;classic&quot;}\">\n\t\t\t\t<div class=\"elementor-element elementor-element-577e104 elementor-widget elementor-widget-image\" data-id=\"577e104\" data-element_type=\"widget\" data-e-type=\"widget\" data-widget_type=\"image.default\">\n\t\t\t\t<div class=\"elementor-widget-container\">\n\t\t\t\t\t\t\t\t\t\t\t\t\t\t\t<img loading=\"lazy\" decoding=\"async\" width=\"595\" height=\"822\" src=\"https:\/\/gerdetect.de\/wp-content\/uploads\/2025\/07\/cer-gold.jpg\" class=\"attachment-full size-full wp-image-32269\" alt=\"\" srcset=\"https:\/\/gerdetect.de\/wp-content\/uploads\/2025\/07\/cer-gold.jpg 595w, https:\/\/gerdetect.de\/wp-content\/uploads\/2025\/07\/cer-gold-217x300.jpg 217w, https:\/\/gerdetect.de\/wp-content\/uploads\/2025\/07\/cer-gold-579x800.jpg 579w, https:\/\/gerdetect.de\/wp-content\/uploads\/2025\/07\/cer-gold-430x594.jpg 430w, https:\/\/gerdetect.de\/wp-content\/uploads\/2025\/07\/cer-gold-150x207.jpg 150w\" sizes=\"auto, (max-width: 595px) 100vw, 595px\" \/>\t\t\t\t\t\t\t\t\t\t\t\t\t\t\t<\/div>\n\t\t\t\t<\/div>\n\t\t\t\t<\/div>\n\t\t\t\t<\/div>\n\t\t\t\t<div class=\"elementor-element elementor-element-31c25fe color-scheme-inherit text-left elementor-widget elementor-widget-text-editor\" data-id=\"31c25fe\" data-element_type=\"widget\" data-e-type=\"widget\" data-widget_type=\"text-editor.default\">\n\t\t\t\t<div class=\"elementor-widget-container\">\n\t\t\t\t\t\t\t\t\t<p>En l\u00ednea con nuestro compromiso con una cultura de desarrollo e innovaci\u00f3n, GER DETECT asigna una parte significativa de sus ingresos anuales a la mejora continua de las tecnolog\u00edas de detecci\u00f3n de metales, lo que permite a la empresa superar a sus competidores en el mismo campo.<\/p>\t\t\t\t\t\t\t\t<\/div>\n\t\t\t\t<\/div>\n\t\t<div class=\"elementor-element elementor-element-ca140f5 e-con-full e-flex e-con e-child\" data-id=\"ca140f5\" data-element_type=\"container\" data-e-type=\"container\" data-settings=\"{&quot;background_background&quot;:&quot;gradient&quot;}\">\n\t\t\t\t<div class=\"elementor-element elementor-element-a69f508 color-scheme-inherit text-left elementor-widget elementor-widget-text-editor\" data-id=\"a69f508\" data-element_type=\"widget\" data-e-type=\"widget\" data-widget_type=\"text-editor.default\">\n\t\t\t\t<div class=\"elementor-widget-container\">\n\t\t\t\t\t\t\t\t\tEn GER DETECT, estamos comprometidos a ofrecer una experiencia al cliente excepcional que supere sus expectativas.<br>De acuerdo con los m\u00e1s altos est\u00e1ndares de calidad global, trabajamos diligentemente para garantizar que nuestros productos cumplan y superen sus necesidades. \t\t\t\t\t\t\t\t<\/div>\n\t\t\t\t<\/div>\n\t\t\t\t<\/div>\n\t\t\t\t\t<\/div>\n\t\t\t\t<\/div>\n\t\t\t\t<\/div>\n\t\t","protected":false},"excerpt":{"rendered":"<p>Qui\u00e9nes somos GER DETECT es una empresa l\u00edder mundial en la fabricaci\u00f3n y el desarrollo de dispositivos de detecci\u00f3n y<\/p>\n","protected":false},"author":1,"featured_media":0,"parent":0,"menu_order":0,"comment_status":"closed","ping_status":"closed","template":"elementor_header_footer","meta":{"footnotes":""},"class_list":["post-32270","page","type-page","status-publish","hentry"],"yoast_head":"<!-- This site is optimized with the Yoast SEO plugin v27.3 - https:\/\/yoast.com\/product\/yoast-seo-wordpress\/ -->\n<title>Qui\u00e9nes somos - GER DETECT<\/title>\n<meta name=\"robots\" content=\"index, follow, max-snippet:-1, max-image-preview:large, max-video-preview:-1\" \/>\n<link rel=\"canonical\" href=\"https:\/\/gerdetect.de\/es\/quienes-somos\/\" \/>\n<meta property=\"og:locale\" content=\"es_ES\" \/>\n<meta property=\"og:type\" content=\"article\" \/>\n<meta property=\"og:title\" content=\"Qui\u00e9nes somos - GER DETECT\" \/>\n<meta property=\"og:description\" content=\"Qui\u00e9nes somos GER DETECT es una empresa l\u00edder mundial en la fabricaci\u00f3n y el desarrollo de dispositivos de detecci\u00f3n y\" \/>\n<meta property=\"og:url\" content=\"https:\/\/gerdetect.de\/es\/quienes-somos\/\" \/>\n<meta property=\"og:site_name\" content=\"GER DETECT\" \/>\n<meta property=\"article:modified_time\" content=\"2025-10-23T13:59:06+00:00\" \/>\n<meta property=\"og:image\" content=\"https:\/\/gerdetect.de\/wp-content\/uploads\/2025\/07\/cer-gold.jpg\" \/>\n\t<meta property=\"og:image:width\" content=\"595\" \/>\n\t<meta property=\"og:image:height\" content=\"822\" \/>\n\t<meta property=\"og:image:type\" content=\"image\/jpeg\" \/>\n<meta name=\"twitter:card\" content=\"summary_large_image\" \/>\n<meta name=\"twitter:label1\" content=\"Tiempo de lectura\" \/>\n\t<meta name=\"twitter:data1\" content=\"3 minutos\" \/>\n<script type=\"application\/ld+json\" class=\"yoast-schema-graph\">{\"@context\":\"https:\\\/\\\/schema.org\",\"@graph\":[{\"@type\":\"WebPage\",\"@id\":\"https:\\\/\\\/gerdetect.de\\\/es\\\/quienes-somos\\\/\",\"url\":\"https:\\\/\\\/gerdetect.de\\\/es\\\/quienes-somos\\\/\",\"name\":\"Qui\u00e9nes somos - GER DETECT\",\"isPartOf\":{\"@id\":\"https:\\\/\\\/gerdetect.de\\\/es\\\/#website\"},\"primaryImageOfPage\":{\"@id\":\"https:\\\/\\\/gerdetect.de\\\/es\\\/quienes-somos\\\/#primaryimage\"},\"image\":{\"@id\":\"https:\\\/\\\/gerdetect.de\\\/es\\\/quienes-somos\\\/#primaryimage\"},\"thumbnailUrl\":\"https:\\\/\\\/gerdetect.de\\\/wp-content\\\/uploads\\\/2025\\\/07\\\/cer-gold.jpg\",\"datePublished\":\"2025-07-13T00:15:30+00:00\",\"dateModified\":\"2025-10-23T13:59:06+00:00\",\"breadcrumb\":{\"@id\":\"https:\\\/\\\/gerdetect.de\\\/es\\\/quienes-somos\\\/#breadcrumb\"},\"inLanguage\":\"es\",\"potentialAction\":[{\"@type\":\"ReadAction\",\"target\":[\"https:\\\/\\\/gerdetect.de\\\/es\\\/quienes-somos\\\/\"]}]},{\"@type\":\"ImageObject\",\"inLanguage\":\"es\",\"@id\":\"https:\\\/\\\/gerdetect.de\\\/es\\\/quienes-somos\\\/#primaryimage\",\"url\":\"https:\\\/\\\/gerdetect.de\\\/wp-content\\\/uploads\\\/2025\\\/07\\\/cer-gold.jpg\",\"contentUrl\":\"https:\\\/\\\/gerdetect.de\\\/wp-content\\\/uploads\\\/2025\\\/07\\\/cer-gold.jpg\"},{\"@type\":\"BreadcrumbList\",\"@id\":\"https:\\\/\\\/gerdetect.de\\\/es\\\/quienes-somos\\\/#breadcrumb\",\"itemListElement\":[{\"@type\":\"ListItem\",\"position\":1,\"name\":\"Home\",\"item\":\"https:\\\/\\\/gerdetect.de\\\/es\\\/inicio\\\/\"},{\"@type\":\"ListItem\",\"position\":2,\"name\":\"Qui\u00e9nes somos\"}]},{\"@type\":\"WebSite\",\"@id\":\"https:\\\/\\\/gerdetect.de\\\/es\\\/#website\",\"url\":\"https:\\\/\\\/gerdetect.de\\\/es\\\/\",\"name\":\"GER DETECT\",\"description\":\"\",\"publisher\":{\"@id\":\"https:\\\/\\\/gerdetect.de\\\/es\\\/#organization\"},\"potentialAction\":[{\"@type\":\"SearchAction\",\"target\":{\"@type\":\"EntryPoint\",\"urlTemplate\":\"https:\\\/\\\/gerdetect.de\\\/es\\\/?s={search_term_string}\"},\"query-input\":{\"@type\":\"PropertyValueSpecification\",\"valueRequired\":true,\"valueName\":\"search_term_string\"}}],\"inLanguage\":\"es\"},{\"@type\":\"Organization\",\"@id\":\"https:\\\/\\\/gerdetect.de\\\/es\\\/#organization\",\"name\":\"GER DETECT\",\"url\":\"https:\\\/\\\/gerdetect.de\\\/es\\\/\",\"logo\":{\"@type\":\"ImageObject\",\"inLanguage\":\"es\",\"@id\":\"https:\\\/\\\/gerdetect.de\\\/es\\\/#\\\/schema\\\/logo\\\/image\\\/\",\"url\":\"https:\\\/\\\/gerdetect.de\\\/wp-content\\\/uploads\\\/2025\\\/10\\\/GER-Logo.webp\",\"contentUrl\":\"https:\\\/\\\/gerdetect.de\\\/wp-content\\\/uploads\\\/2025\\\/10\\\/GER-Logo.webp\",\"width\":2134,\"height\":2135,\"caption\":\"GER DETECT\"},\"image\":{\"@id\":\"https:\\\/\\\/gerdetect.de\\\/es\\\/#\\\/schema\\\/logo\\\/image\\\/\"}}]}<\/script>\n<!-- \/ Yoast SEO plugin. -->","yoast_head_json":{"title":"Qui\u00e9nes somos - GER DETECT","robots":{"index":"index","follow":"follow","max-snippet":"max-snippet:-1","max-image-preview":"max-image-preview:large","max-video-preview":"max-video-preview:-1"},"canonical":"https:\/\/gerdetect.de\/es\/quienes-somos\/","og_locale":"es_ES","og_type":"article","og_title":"Qui\u00e9nes somos - GER DETECT","og_description":"Qui\u00e9nes somos GER DETECT es una empresa l\u00edder mundial en la fabricaci\u00f3n y el desarrollo de dispositivos de detecci\u00f3n y","og_url":"https:\/\/gerdetect.de\/es\/quienes-somos\/","og_site_name":"GER DETECT","article_modified_time":"2025-10-23T13:59:06+00:00","og_image":[{"width":595,"height":822,"url":"https:\/\/gerdetect.de\/wp-content\/uploads\/2025\/07\/cer-gold.jpg","type":"image\/jpeg"}],"twitter_card":"summary_large_image","twitter_misc":{"Tiempo de lectura":"3 minutos"},"schema":{"@context":"https:\/\/schema.org","@graph":[{"@type":"WebPage","@id":"https:\/\/gerdetect.de\/es\/quienes-somos\/","url":"https:\/\/gerdetect.de\/es\/quienes-somos\/","name":"Qui\u00e9nes somos - GER DETECT","isPartOf":{"@id":"https:\/\/gerdetect.de\/es\/#website"},"primaryImageOfPage":{"@id":"https:\/\/gerdetect.de\/es\/quienes-somos\/#primaryimage"},"image":{"@id":"https:\/\/gerdetect.de\/es\/quienes-somos\/#primaryimage"},"thumbnailUrl":"https:\/\/gerdetect.de\/wp-content\/uploads\/2025\/07\/cer-gold.jpg","datePublished":"2025-07-13T00:15:30+00:00","dateModified":"2025-10-23T13:59:06+00:00","breadcrumb":{"@id":"https:\/\/gerdetect.de\/es\/quienes-somos\/#breadcrumb"},"inLanguage":"es","potentialAction":[{"@type":"ReadAction","target":["https:\/\/gerdetect.de\/es\/quienes-somos\/"]}]},{"@type":"ImageObject","inLanguage":"es","@id":"https:\/\/gerdetect.de\/es\/quienes-somos\/#primaryimage","url":"https:\/\/gerdetect.de\/wp-content\/uploads\/2025\/07\/cer-gold.jpg","contentUrl":"https:\/\/gerdetect.de\/wp-content\/uploads\/2025\/07\/cer-gold.jpg"},{"@type":"BreadcrumbList","@id":"https:\/\/gerdetect.de\/es\/quienes-somos\/#breadcrumb","itemListElement":[{"@type":"ListItem","position":1,"name":"Home","item":"https:\/\/gerdetect.de\/es\/inicio\/"},{"@type":"ListItem","position":2,"name":"Qui\u00e9nes somos"}]},{"@type":"WebSite","@id":"https:\/\/gerdetect.de\/es\/#website","url":"https:\/\/gerdetect.de\/es\/","name":"GER DETECT","description":"","publisher":{"@id":"https:\/\/gerdetect.de\/es\/#organization"},"potentialAction":[{"@type":"SearchAction","target":{"@type":"EntryPoint","urlTemplate":"https:\/\/gerdetect.de\/es\/?s={search_term_string}"},"query-input":{"@type":"PropertyValueSpecification","valueRequired":true,"valueName":"search_term_string"}}],"inLanguage":"es"},{"@type":"Organization","@id":"https:\/\/gerdetect.de\/es\/#organization","name":"GER DETECT","url":"https:\/\/gerdetect.de\/es\/","logo":{"@type":"ImageObject","inLanguage":"es","@id":"https:\/\/gerdetect.de\/es\/#\/schema\/logo\/image\/","url":"https:\/\/gerdetect.de\/wp-content\/uploads\/2025\/10\/GER-Logo.webp","contentUrl":"https:\/\/gerdetect.de\/wp-content\/uploads\/2025\/10\/GER-Logo.webp","width":2134,"height":2135,"caption":"GER DETECT"},"image":{"@id":"https:\/\/gerdetect.de\/es\/#\/schema\/logo\/image\/"}}]}},"_links":{"self":[{"href":"https:\/\/gerdetect.de\/es\/wp-json\/wp\/v2\/pages\/32270","targetHints":{"allow":["GET"]}}],"collection":[{"href":"https:\/\/gerdetect.de\/es\/wp-json\/wp\/v2\/pages"}],"about":[{"href":"https:\/\/gerdetect.de\/es\/wp-json\/wp\/v2\/types\/page"}],"author":[{"embeddable":true,"href":"https:\/\/gerdetect.de\/es\/wp-json\/wp\/v2\/users\/1"}],"replies":[{"embeddable":true,"href":"https:\/\/gerdetect.de\/es\/wp-json\/wp\/v2\/comments?post=32270"}],"version-history":[{"count":1,"href":"https:\/\/gerdetect.de\/es\/wp-json\/wp\/v2\/pages\/32270\/revisions"}],"predecessor-version":[{"id":32274,"href":"https:\/\/gerdetect.de\/es\/wp-json\/wp\/v2\/pages\/32270\/revisions\/32274"}],"wp:attachment":[{"href":"https:\/\/gerdetect.de\/es\/wp-json\/wp\/v2\/media?parent=32270"}],"curies":[{"name":"wp","href":"https:\/\/api.w.org\/{rel}","templated":true}]}}