{"id":32300,"date":"2024-09-03T10:36:27","date_gmt":"2024-09-03T07:36:27","guid":{"rendered":"https:\/\/gerdetect.de\/contactanos\/"},"modified":"2025-10-28T12:16:29","modified_gmt":"2025-10-28T09:16:29","slug":"contactanos","status":"publish","type":"page","link":"https:\/\/gerdetect.de\/es\/contactanos\/","title":{"rendered":"Cont\u00e1ctanos"},"content":{"rendered":"\t\t<div data-elementor-type=\"wp-page\" data-elementor-id=\"32300\" class=\"elementor elementor-32300 elementor-15035\" data-elementor-post-type=\"page\">\n\t\t\t\t<div class=\"elementor-element elementor-element-41c30e4 wd-section-stretch e-flex e-con-boxed e-con e-parent\" data-id=\"41c30e4\" data-element_type=\"container\" data-e-type=\"container\" data-settings=\"{&quot;background_background&quot;:&quot;classic&quot;}\">\n\t\t\t\t\t<div class=\"e-con-inner\">\n\t\t\t\t<div class=\"elementor-element elementor-element-19d3f0f elementor-widget__width-inherit elementor-widget-mobile__width-auto elementor-widget elementor-widget-woocommerce-breadcrumb\" data-id=\"19d3f0f\" data-element_type=\"widget\" data-e-type=\"widget\" data-widget_type=\"woocommerce-breadcrumb.default\">\n\t\t\t\t<div class=\"elementor-widget-container\">\n\t\t\t\t\t<nav class=\"wd-breadcrumbs woocommerce-breadcrumb\" aria-label=\"Breadcrumb\">\t\t\t\t<span class=\"wd-last\">\n\t\t\t\t\tInicio\t\t\t\t<\/span>\n\t\t\t<\/nav>\t\t\t\t<\/div>\n\t\t\t\t<\/div>\n\t\t\t\t\t<\/div>\n\t\t\t\t<\/div>\n\t\t<div class=\"elementor-element elementor-element-f9c6806 e-flex e-con-boxed e-con e-parent\" data-id=\"f9c6806\" data-element_type=\"container\" data-e-type=\"container\">\n\t\t\t\t\t<div class=\"e-con-inner\">\n\t\t<div class=\"elementor-element elementor-element-5c5a604 e-con-full e-flex e-con e-child\" data-id=\"5c5a604\" data-element_type=\"container\" data-e-type=\"container\" data-settings=\"{&quot;background_background&quot;:&quot;classic&quot;}\">\n\t\t\t\t<div class=\"elementor-element elementor-element-7511b31 elementor-widget-mobile__width-initial elementor-widget elementor-widget-heading\" data-id=\"7511b31\" data-element_type=\"widget\" data-e-type=\"widget\" data-widget_type=\"heading.default\">\n\t\t\t\t<div class=\"elementor-widget-container\">\n\t\t\t\t\t<h2 class=\"elementor-heading-title elementor-size-default\">Informaci\u00f3n de Contacto<\/h2>\t\t\t\t<\/div>\n\t\t\t\t<\/div>\n\t\t\t\t<div class=\"elementor-element elementor-element-f1e5964 elementor-widget-divider--view-line elementor-widget elementor-widget-divider\" data-id=\"f1e5964\" data-element_type=\"widget\" data-e-type=\"widget\" data-widget_type=\"divider.default\">\n\t\t\t\t<div class=\"elementor-widget-container\">\n\t\t\t\t\t\t\t<div class=\"elementor-divider\">\n\t\t\t<span class=\"elementor-divider-separator\">\n\t\t\t\t\t\t<\/span>\n\t\t<\/div>\n\t\t\t\t\t\t<\/div>\n\t\t\t\t<\/div>\n\t\t\t\t<div class=\"elementor-element elementor-element-37afe82 elementor-widget elementor-widget-image\" data-id=\"37afe82\" data-element_type=\"widget\" data-e-type=\"widget\" data-widget_type=\"image.default\">\n\t\t\t\t<div class=\"elementor-widget-container\">\n\t\t\t\t\t\t\t\t\t\t\t\t\t\t\t<img loading=\"lazy\" decoding=\"async\" width=\"150\" height=\"150\" src=\"https:\/\/gerdetect.de\/wp-content\/uploads\/2024\/09\/cropped-GER-LOGO-512-150x150.png\" class=\"attachment-thumbnail size-thumbnail wp-image-16884\" alt=\"\" srcset=\"https:\/\/gerdetect.de\/wp-content\/uploads\/2024\/09\/cropped-GER-LOGO-512-150x150.png 150w, https:\/\/gerdetect.de\/wp-content\/uploads\/2024\/09\/cropped-GER-LOGO-512-300x300.png 300w, https:\/\/gerdetect.de\/wp-content\/uploads\/2024\/09\/cropped-GER-LOGO-512-430x430.png 430w, https:\/\/gerdetect.de\/wp-content\/uploads\/2024\/09\/cropped-GER-LOGO-512.png 512w\" sizes=\"auto, (max-width: 150px) 100vw, 150px\" \/>\t\t\t\t\t\t\t\t\t\t\t\t\t\t\t<\/div>\n\t\t\t\t<\/div>\n\t\t\t\t<div class=\"elementor-element elementor-element-8620f00 elementor-position-inline-end elementor-mobile-position-inline-start elementor-view-default elementor-widget elementor-widget-icon-box\" data-id=\"8620f00\" data-element_type=\"widget\" data-e-type=\"widget\" data-widget_type=\"icon-box.default\">\n\t\t\t\t<div class=\"elementor-widget-container\">\n\t\t\t\t\t\t\t<div class=\"elementor-icon-box-wrapper\">\n\n\t\t\t\t\t\t<div class=\"elementor-icon-box-icon\">\n\t\t\t\t<a href=\"https:\/\/wa.me\/4915778624383\" class=\"elementor-icon\" tabindex=\"-1\" aria-label=\"Tel\u00e9fono de la Empresa\">\n\t\t\t\t<i aria-hidden=\"true\" class=\"fas fa-phone-alt\"><\/i>\t\t\t\t<\/a>\n\t\t\t<\/div>\n\t\t\t\n\t\t\t\t\t\t<div class=\"elementor-icon-box-content\">\n\n\t\t\t\t\t\t\t\t\t<h3 class=\"elementor-icon-box-title\">\n\t\t\t\t\t\t<a href=\"https:\/\/wa.me\/4915778624383\" >\n\t\t\t\t\t\t\tTel\u00e9fono de la Empresa\t\t\t\t\t\t<\/a>\n\t\t\t\t\t<\/h3>\n\t\t\t\t\n\t\t\t\t\t\t\t\t\t<p class=\"elementor-icon-box-description\">\n\t\t\t\t\t\t+49 1577 8624383\t\t\t\t\t<\/p>\n\t\t\t\t\n\t\t\t<\/div>\n\t\t\t\n\t\t<\/div>\n\t\t\t\t\t\t<\/div>\n\t\t\t\t<\/div>\n\t\t\t\t<div class=\"elementor-element elementor-element-2cab3eb elementor-position-inline-end elementor-mobile-position-inline-start elementor-view-default elementor-widget elementor-widget-icon-box\" data-id=\"2cab3eb\" data-element_type=\"widget\" data-e-type=\"widget\" data-widget_type=\"icon-box.default\">\n\t\t\t\t<div class=\"elementor-widget-container\">\n\t\t\t\t\t\t\t<div class=\"elementor-icon-box-wrapper\">\n\n\t\t\t\t\t\t<div class=\"elementor-icon-box-icon\">\n\t\t\t\t<a href=\"mailto:info@gerdetect.de\" class=\"elementor-icon\" tabindex=\"-1\" aria-label=\"Direcci\u00f3n de Correo Electr\u00f3nico\">\n\t\t\t\t<i aria-hidden=\"true\" class=\"fas fa-envelope-open-text\"><\/i>\t\t\t\t<\/a>\n\t\t\t<\/div>\n\t\t\t\n\t\t\t\t\t\t<div class=\"elementor-icon-box-content\">\n\n\t\t\t\t\t\t\t\t\t<h3 class=\"elementor-icon-box-title\">\n\t\t\t\t\t\t<a href=\"mailto:info@gerdetect.de\" >\n\t\t\t\t\t\t\tDirecci\u00f3n de Correo Electr\u00f3nico\t\t\t\t\t\t<\/a>\n\t\t\t\t\t<\/h3>\n\t\t\t\t\n\t\t\t\t\t\t\t\t\t<p class=\"elementor-icon-box-description\">\n\t\t\t\t\t\tinfo@gerdetect.de\t\t\t\t\t<\/p>\n\t\t\t\t\n\t\t\t<\/div>\n\t\t\t\n\t\t<\/div>\n\t\t\t\t\t\t<\/div>\n\t\t\t\t<\/div>\n\t\t\t\t<div class=\"elementor-element elementor-element-1ab0376 elementor-position-inline-end elementor-mobile-position-inline-start elementor-view-default elementor-widget elementor-widget-icon-box\" data-id=\"1ab0376\" data-element_type=\"widget\" data-e-type=\"widget\" data-widget_type=\"icon-box.default\">\n\t\t\t\t<div class=\"elementor-widget-container\">\n\t\t\t\t\t\t\t<div class=\"elementor-icon-box-wrapper\">\n\n\t\t\t\t\t\t<div class=\"elementor-icon-box-icon\">\n\t\t\t\t<a href=\"https:\/\/www.google.com\/maps\/search\/?api=1&#038;query=Am+Holzweg+26%2FB-6+Stock%2C+65830+Kriftel%2C+Frankfurt+am+Main%2C+Germany\" class=\"elementor-icon\" tabindex=\"-1\" aria-label=\"Headquarters\">\n\t\t\t\t<i aria-hidden=\"true\" class=\"fas fa-location-arrow\"><\/i>\t\t\t\t<\/a>\n\t\t\t<\/div>\n\t\t\t\n\t\t\t\t\t\t<div class=\"elementor-icon-box-content\">\n\n\t\t\t\t\t\t\t\t\t<h3 class=\"elementor-icon-box-title\">\n\t\t\t\t\t\t<a href=\"https:\/\/www.google.com\/maps\/search\/?api=1&#038;query=Am+Holzweg+26%2FB-6+Stock%2C+65830+Kriftel%2C+Frankfurt+am+Main%2C+Germany\" >\n\t\t\t\t\t\t\tHeadquarters\t\t\t\t\t\t<\/a>\n\t\t\t\t\t<\/h3>\n\t\t\t\t\n\t\t\t\t\t\t\t\t\t<p class=\"elementor-icon-box-description\">\n\t\t\t\t\t\tAm Holzweg 26\/B-6 Stock 65830 -Kriftel \nFrankfurt am Main \nGermany\t\t\t\t\t<\/p>\n\t\t\t\t\n\t\t\t<\/div>\n\t\t\t\n\t\t<\/div>\n\t\t\t\t\t\t<\/div>\n\t\t\t\t<\/div>\n\t\t\t\t<div class=\"elementor-element elementor-element-30e0747 elementor-position-inline-end elementor-mobile-position-inline-start elementor-view-default elementor-widget elementor-widget-icon-box\" data-id=\"30e0747\" data-element_type=\"widget\" data-e-type=\"widget\" data-widget_type=\"icon-box.default\">\n\t\t\t\t<div class=\"elementor-widget-container\">\n\t\t\t\t\t\t\t<div class=\"elementor-icon-box-wrapper\">\n\n\t\t\t\t\t\t<div class=\"elementor-icon-box-icon\">\n\t\t\t\t<span  class=\"elementor-icon\">\n\t\t\t\t<i aria-hidden=\"true\" class=\"fas fa-clock\"><\/i>\t\t\t\t<\/span>\n\t\t\t<\/div>\n\t\t\t\n\t\t\t\t\t\t<div class=\"elementor-icon-box-content\">\n\n\t\t\t\t\t\t\t\t\t<h3 class=\"elementor-icon-box-title\">\n\t\t\t\t\t\t<span  >\n\t\t\t\t\t\t\tHorario de Trabajo\t\t\t\t\t\t<\/span>\n\t\t\t\t\t<\/h3>\n\t\t\t\t\n\t\t\t\t\t\t\t\t\t<p class=\"elementor-icon-box-description\">\n\t\t\t\t\t\tDe lunes a viernes: 9:00 a. m. \u2013 5:00 p. m.<br>S\u00e1bado y domingo: cerrado\t\t\t\t\t<\/p>\n\t\t\t\t\n\t\t\t<\/div>\n\t\t\t\n\t\t<\/div>\n\t\t\t\t\t\t<\/div>\n\t\t\t\t<\/div>\n\t\t\t\t<div class=\"elementor-element elementor-element-4a7c6cf elementor-position-inline-start elementor-mobile-position-inline-end elementor-view-default elementor-widget elementor-widget-icon-box\" data-id=\"4a7c6cf\" data-element_type=\"widget\" data-e-type=\"widget\" data-widget_type=\"icon-box.default\">\n\t\t\t\t<div class=\"elementor-widget-container\">\n\t\t\t\t\t\t\t<div class=\"elementor-icon-box-wrapper\">\n\n\t\t\t\t\t\t<div class=\"elementor-icon-box-icon\">\n\t\t\t\t<span  class=\"elementor-icon\">\n\t\t\t\t<i aria-hidden=\"true\" class=\"fas fa-grip-lines-vertical\"><\/i>\t\t\t\t<\/span>\n\t\t\t<\/div>\n\t\t\t\n\t\t\t\t\t\t<div class=\"elementor-icon-box-content\">\n\n\t\t\t\t\t\t\t\t\t<h3 class=\"elementor-icon-box-title\">\n\t\t\t\t\t\t<span  >\n\t\t\t\t\t\t\tNota\t\t\t\t\t\t<\/span>\n\t\t\t\t\t<\/h3>\n\t\t\t\t\n\t\t\t\t\t\t\t\t\t<p class=\"elementor-icon-box-description\">\n\t\t\t\t\t\tPor favor, programe una cita por WhatsApp antes de su visita.<br>No atendemos a clientes sin cita previa.\t\t\t\t\t<\/p>\n\t\t\t\t\n\t\t\t<\/div>\n\t\t\t\n\t\t<\/div>\n\t\t\t\t\t\t<\/div>\n\t\t\t\t<\/div>\n\t\t\t\t<div class=\"elementor-element elementor-element-ec3f9f6 elementor-widget-divider--view-line elementor-widget elementor-widget-divider\" data-id=\"ec3f9f6\" data-element_type=\"widget\" data-e-type=\"widget\" data-widget_type=\"divider.default\">\n\t\t\t\t<div class=\"elementor-widget-container\">\n\t\t\t\t\t\t\t<div class=\"elementor-divider\">\n\t\t\t<span class=\"elementor-divider-separator\">\n\t\t\t\t\t\t<\/span>\n\t\t<\/div>\n\t\t\t\t\t\t<\/div>\n\t\t\t\t<\/div>\n\t\t\t\t<div class=\"elementor-element elementor-element-8629354 elementor-shape-rounded elementor-grid-0 e-grid-align-center elementor-widget elementor-widget-social-icons\" data-id=\"8629354\" data-element_type=\"widget\" data-e-type=\"widget\" data-widget_type=\"social-icons.default\">\n\t\t\t\t<div class=\"elementor-widget-container\">\n\t\t\t\t\t\t\t<div class=\"elementor-social-icons-wrapper elementor-grid\" role=\"list\">\n\t\t\t\t\t\t\t<span class=\"elementor-grid-item\" role=\"listitem\">\n\t\t\t\t\t<a class=\"elementor-icon elementor-social-icon elementor-social-icon-youtube elementor-repeater-item-e7431b2\" href=\"https:\/\/www.youtube.com\/@gerdetectcompany\" target=\"_blank\">\n\t\t\t\t\t\t<span class=\"elementor-screen-only\">Youtube<\/span>\n\t\t\t\t\t\t<i aria-hidden=\"true\" class=\"fab fa-youtube\"><\/i>\t\t\t\t\t<\/a>\n\t\t\t\t<\/span>\n\t\t\t\t\t\t\t<span class=\"elementor-grid-item\" role=\"listitem\">\n\t\t\t\t\t<a class=\"elementor-icon elementor-social-icon elementor-social-icon-whatsapp elementor-repeater-item-ec5a111\" href=\"https:\/\/api.whatsapp.com\/send?phone=4915778624383\" target=\"_blank\">\n\t\t\t\t\t\t<span class=\"elementor-screen-only\">Whatsapp<\/span>\n\t\t\t\t\t\t<i aria-hidden=\"true\" class=\"fab fa-whatsapp\"><\/i>\t\t\t\t\t<\/a>\n\t\t\t\t<\/span>\n\t\t\t\t\t<\/div>\n\t\t\t\t\t\t<\/div>\n\t\t\t\t<\/div>\n\t\t\t\t<\/div>\n\t\t<div class=\"elementor-element elementor-element-66f99dd e-con-full e-flex e-con e-child\" data-id=\"66f99dd\" data-element_type=\"container\" data-e-type=\"container\" data-settings=\"{&quot;background_background&quot;:&quot;classic&quot;}\">\n\t\t<div class=\"elementor-element elementor-element-54edb45 e-con-full e-flex e-con e-child\" data-id=\"54edb45\" data-element_type=\"container\" data-e-type=\"container\">\n\t\t\t\t<div class=\"elementor-element elementor-element-55428ec elementor-widget elementor-widget-heading\" data-id=\"55428ec\" data-element_type=\"widget\" data-e-type=\"widget\" data-widget_type=\"heading.default\">\n\t\t\t\t<div class=\"elementor-widget-container\">\n\t\t\t\t\t<h2 class=\"elementor-heading-title elementor-size-default\">Formulario de Contacto Oficial<\/h2>\t\t\t\t<\/div>\n\t\t\t\t<\/div>\n\t\t\t\t<div class=\"elementor-element elementor-element-4f35d09 elementor-widget-divider--view-line elementor-widget elementor-widget-divider\" data-id=\"4f35d09\" data-element_type=\"widget\" data-e-type=\"widget\" data-widget_type=\"divider.default\">\n\t\t\t\t<div class=\"elementor-widget-container\">\n\t\t\t\t\t\t\t<div class=\"elementor-divider\">\n\t\t\t<span class=\"elementor-divider-separator\">\n\t\t\t\t\t\t<\/span>\n\t\t<\/div>\n\t\t\t\t\t\t<\/div>\n\t\t\t\t<\/div>\n\t\t\t\t<div class=\"elementor-element elementor-element-9b8fa30 elementor-button-align-stretch elementor-widget elementor-widget-form\" data-id=\"9b8fa30\" data-element_type=\"widget\" data-e-type=\"widget\" data-settings=\"{&quot;button_width&quot;:&quot;50&quot;,&quot;step_next_label&quot;:&quot;Pr\\u00f3xima&quot;,&quot;step_previous_label&quot;:&quot;Previa&quot;,&quot;step_type&quot;:&quot;number_text&quot;,&quot;step_icon_shape&quot;:&quot;circle&quot;}\" data-widget_type=\"form.default\">\n\t\t\t\t<div class=\"elementor-widget-container\">\n\t\t\t\t\t\t\t<form class=\"elementor-form\" method=\"post\" name=\"Nueva forma\" aria-label=\"Nueva forma\">\n\t\t\t<input type=\"hidden\" name=\"post_id\" value=\"32300\"\/>\n\t\t\t<input type=\"hidden\" name=\"form_id\" value=\"9b8fa30\"\/>\n\t\t\t<input type=\"hidden\" name=\"referer_title\" value=\"Cont\u00e1ctanos - GER DETECT\" \/>\n\n\t\t\t\t\t\t\t<input type=\"hidden\" name=\"queried_id\" value=\"32300\"\/>\n\t\t\t\n\t\t\t<div class=\"elementor-form-fields-wrapper elementor-labels-above\">\n\t\t\t\t\t\t\t\t<div class=\"elementor-field-type-text elementor-field-group elementor-column elementor-field-group-name elementor-col-100\">\n\t\t\t\t\t\t\t\t\t\t\t\t<label for=\"form-field-name\" class=\"elementor-field-label\">\n\t\t\t\t\t\t\t\tNombre\t\t\t\t\t\t\t<\/label>\n\t\t\t\t\t\t\t\t\t\t\t\t\t\t<input size=\"1\" type=\"text\" name=\"form_fields[name]\" id=\"form-field-name\" class=\"elementor-field elementor-size-sm  elementor-field-textual\">\n\t\t\t\t\t\t\t\t\t\t\t<\/div>\n\t\t\t\t\t\t\t\t<div class=\"elementor-field-type-email elementor-field-group elementor-column elementor-field-group-email elementor-col-100 elementor-field-required\">\n\t\t\t\t\t\t\t\t\t\t\t\t<label for=\"form-field-email\" class=\"elementor-field-label\">\n\t\t\t\t\t\t\t\tCorreo electr\u00f3nico\t\t\t\t\t\t\t<\/label>\n\t\t\t\t\t\t\t\t\t\t\t\t\t\t<input size=\"1\" type=\"email\" name=\"form_fields[email]\" id=\"form-field-email\" class=\"elementor-field elementor-size-sm  elementor-field-textual\" required=\"required\">\n\t\t\t\t\t\t\t\t\t\t\t<\/div>\n\t\t\t\t\t\t\t\t<div class=\"elementor-field-type-tel elementor-field-group elementor-column elementor-field-group-field_d9b6254 elementor-col-100 elementor-field-required\">\n\t\t\t\t\t\t\t\t\t\t\t\t<label for=\"form-field-field_d9b6254\" class=\"elementor-field-label\">\n\t\t\t\t\t\t\t\tN\u00famero de tel\u00e9fono (incluyendo c\u00f3digo de pa\u00eds)\t\t\t\t\t\t\t<\/label>\n\t\t\t\t\t\t\t\t<input size=\"1\" type=\"tel\" name=\"form_fields[field_d9b6254]\" id=\"form-field-field_d9b6254\" class=\"elementor-field elementor-size-sm  elementor-field-textual\" required=\"required\" pattern=\"[0-9()#&amp;+*-=.]+\" title=\"Solo se aceptan n\u00fameros y caracteres de tel\u00e9fono (#,-,*,etc).\">\n\n\t\t\t\t\t\t<\/div>\n\t\t\t\t\t\t\t\t<div class=\"elementor-field-type-textarea elementor-field-group elementor-column elementor-field-group-field_eec11b0 elementor-col-100\">\n\t\t\t\t\t\t\t\t\t\t\t\t<label for=\"form-field-field_eec11b0\" class=\"elementor-field-label\">\n\t\t\t\t\t\t\t\tMensaje\t\t\t\t\t\t\t<\/label>\n\t\t\t\t\t\t<textarea class=\"elementor-field-textual elementor-field  elementor-size-sm\" name=\"form_fields[field_eec11b0]\" id=\"form-field-field_eec11b0\" rows=\"4\"><\/textarea>\t\t\t\t<\/div>\n\t\t\t\t\t\t\t\t<div class=\"elementor-field-group elementor-column elementor-field-type-submit elementor-col-50 e-form__buttons\">\n\t\t\t\t\t<button class=\"elementor-button elementor-size-sm\" type=\"submit\">\n\t\t\t\t\t\t<span class=\"elementor-button-content-wrapper\">\n\t\t\t\t\t\t\t\t\t\t\t\t\t\t\t\t\t\t\t\t\t\t<span class=\"elementor-button-text\">Entregar <\/span>\n\t\t\t\t\t\t\t\t\t\t\t\t\t<\/span>\n\t\t\t\t\t<\/button>\n\t\t\t\t<\/div>\n\t\t\t<\/div>\n\t\t<\/form>\n\t\t\t\t\t\t<\/div>\n\t\t\t\t<\/div>\n\t\t\t\t<\/div>\n\t\t\t\t<\/div>\n\t\t\t\t\t<\/div>\n\t\t\t\t<\/div>\n\t\t<div class=\"wd-negative-gap elementor-element elementor-element-1641d67 e-flex e-con-boxed e-con e-parent\" data-id=\"1641d67\" data-element_type=\"container\" data-e-type=\"container\">\n\t\t\t\t\t<div class=\"e-con-inner\">\n\t\t\t\t<div class=\"elementor-element elementor-element-6fa208a elementor-widget elementor-widget-google_maps\" data-id=\"6fa208a\" data-element_type=\"widget\" data-e-type=\"widget\" data-widget_type=\"google_maps.default\">\n\t\t\t\t<div class=\"elementor-widget-container\">\n\t\t\t\t\t\t\t<div class=\"elementor-custom-embed\">\n\t\t\t<iframe loading=\"lazy\"\n\t\t\t\t\tsrc=\"https:\/\/maps.google.com\/maps?q=%20Am%20Holzweg%2026%2FB-6%20Stock%2065830%20-Kriftel%20Frankfurt%20Germany&#038;t=m&#038;z=12&#038;output=embed&#038;iwloc=near\"\n\t\t\t\t\ttitle=\" Am Holzweg 26\/B-6 Stock 65830 -Kriftel Frankfurt Germany\"\n\t\t\t\t\taria-label=\" Am Holzweg 26\/B-6 Stock 65830 -Kriftel Frankfurt Germany\"\n\t\t\t><\/iframe>\n\t\t<\/div>\n\t\t\t\t\t\t<\/div>\n\t\t\t\t<\/div>\n\t\t\t\t\t<\/div>\n\t\t\t\t<\/div>\n\t\t\t\t<\/div>\n\t\t","protected":false},"excerpt":{"rendered":"<p>Informaci\u00f3n de Contacto Tel\u00e9fono de la Empresa +49 1577 8624383 Direcci\u00f3n de Correo Electr\u00f3nico info@gerdetect.de Headquarters Am Holzweg 26\/B-6 Stock<\/p>\n","protected":false},"author":1,"featured_media":0,"parent":0,"menu_order":0,"comment_status":"closed","ping_status":"closed","template":"","meta":{"footnotes":""},"class_list":["post-32300","page","type-page","status-publish","hentry"],"yoast_head":"<!-- This site is optimized with the Yoast SEO plugin v27.3 - https:\/\/yoast.com\/product\/yoast-seo-wordpress\/ -->\n<title>Cont\u00e1ctanos - GER DETECT<\/title>\n<meta name=\"robots\" content=\"index, follow, max-snippet:-1, max-image-preview:large, max-video-preview:-1\" \/>\n<link rel=\"canonical\" href=\"https:\/\/gerdetect.de\/es\/contactanos\/\" \/>\n<meta property=\"og:locale\" content=\"es_ES\" \/>\n<meta property=\"og:type\" content=\"article\" \/>\n<meta property=\"og:title\" content=\"Cont\u00e1ctanos - GER DETECT\" \/>\n<meta property=\"og:description\" content=\"Informaci\u00f3n de Contacto Tel\u00e9fono de la Empresa +49 1577 8624383 Direcci\u00f3n de Correo Electr\u00f3nico info@gerdetect.de Headquarters Am Holzweg 26\/B-6 Stock\" \/>\n<meta property=\"og:url\" content=\"https:\/\/gerdetect.de\/es\/contactanos\/\" \/>\n<meta property=\"og:site_name\" content=\"GER DETECT\" \/>\n<meta property=\"article:modified_time\" content=\"2025-10-28T09:16:29+00:00\" \/>\n<meta property=\"og:image\" content=\"https:\/\/gerdetect.de\/wp-content\/uploads\/2024\/09\/cropped-GER-LOGO-512.png\" \/>\n\t<meta property=\"og:image:width\" content=\"512\" \/>\n\t<meta property=\"og:image:height\" content=\"512\" \/>\n\t<meta property=\"og:image:type\" content=\"image\/png\" \/>\n<meta name=\"twitter:card\" content=\"summary_large_image\" \/>\n<script type=\"application\/ld+json\" class=\"yoast-schema-graph\">{\"@context\":\"https:\\\/\\\/schema.org\",\"@graph\":[{\"@type\":\"WebPage\",\"@id\":\"https:\\\/\\\/gerdetect.de\\\/es\\\/contactanos\\\/\",\"url\":\"https:\\\/\\\/gerdetect.de\\\/es\\\/contactanos\\\/\",\"name\":\"Cont\u00e1ctanos - GER DETECT\",\"isPartOf\":{\"@id\":\"https:\\\/\\\/gerdetect.de\\\/es\\\/#website\"},\"primaryImageOfPage\":{\"@id\":\"https:\\\/\\\/gerdetect.de\\\/es\\\/contactanos\\\/#primaryimage\"},\"image\":{\"@id\":\"https:\\\/\\\/gerdetect.de\\\/es\\\/contactanos\\\/#primaryimage\"},\"thumbnailUrl\":\"https:\\\/\\\/gerdetect.de\\\/wp-content\\\/uploads\\\/2024\\\/09\\\/cropped-GER-LOGO-512-150x150.png\",\"datePublished\":\"2024-09-03T07:36:27+00:00\",\"dateModified\":\"2025-10-28T09:16:29+00:00\",\"breadcrumb\":{\"@id\":\"https:\\\/\\\/gerdetect.de\\\/es\\\/contactanos\\\/#breadcrumb\"},\"inLanguage\":\"es\",\"potentialAction\":[{\"@type\":\"ReadAction\",\"target\":[\"https:\\\/\\\/gerdetect.de\\\/es\\\/contactanos\\\/\"]}]},{\"@type\":\"ImageObject\",\"inLanguage\":\"es\",\"@id\":\"https:\\\/\\\/gerdetect.de\\\/es\\\/contactanos\\\/#primaryimage\",\"url\":\"https:\\\/\\\/gerdetect.de\\\/wp-content\\\/uploads\\\/2024\\\/09\\\/cropped-GER-LOGO-512-150x150.png\",\"contentUrl\":\"https:\\\/\\\/gerdetect.de\\\/wp-content\\\/uploads\\\/2024\\\/09\\\/cropped-GER-LOGO-512-150x150.png\"},{\"@type\":\"BreadcrumbList\",\"@id\":\"https:\\\/\\\/gerdetect.de\\\/es\\\/contactanos\\\/#breadcrumb\",\"itemListElement\":[{\"@type\":\"ListItem\",\"position\":1,\"name\":\"Home\",\"item\":\"https:\\\/\\\/gerdetect.de\\\/es\\\/inicio\\\/\"},{\"@type\":\"ListItem\",\"position\":2,\"name\":\"Cont\u00e1ctanos\"}]},{\"@type\":\"WebSite\",\"@id\":\"https:\\\/\\\/gerdetect.de\\\/es\\\/#website\",\"url\":\"https:\\\/\\\/gerdetect.de\\\/es\\\/\",\"name\":\"GER DETECT\",\"description\":\"\",\"publisher\":{\"@id\":\"https:\\\/\\\/gerdetect.de\\\/es\\\/#organization\"},\"potentialAction\":[{\"@type\":\"SearchAction\",\"target\":{\"@type\":\"EntryPoint\",\"urlTemplate\":\"https:\\\/\\\/gerdetect.de\\\/es\\\/?s={search_term_string}\"},\"query-input\":{\"@type\":\"PropertyValueSpecification\",\"valueRequired\":true,\"valueName\":\"search_term_string\"}}],\"inLanguage\":\"es\"},{\"@type\":\"Organization\",\"@id\":\"https:\\\/\\\/gerdetect.de\\\/es\\\/#organization\",\"name\":\"GER DETECT\",\"url\":\"https:\\\/\\\/gerdetect.de\\\/es\\\/\",\"logo\":{\"@type\":\"ImageObject\",\"inLanguage\":\"es\",\"@id\":\"https:\\\/\\\/gerdetect.de\\\/es\\\/#\\\/schema\\\/logo\\\/image\\\/\",\"url\":\"https:\\\/\\\/gerdetect.de\\\/wp-content\\\/uploads\\\/2025\\\/10\\\/GER-Logo.webp\",\"contentUrl\":\"https:\\\/\\\/gerdetect.de\\\/wp-content\\\/uploads\\\/2025\\\/10\\\/GER-Logo.webp\",\"width\":2134,\"height\":2135,\"caption\":\"GER DETECT\"},\"image\":{\"@id\":\"https:\\\/\\\/gerdetect.de\\\/es\\\/#\\\/schema\\\/logo\\\/image\\\/\"}}]}<\/script>\n<!-- \/ Yoast SEO plugin. -->","yoast_head_json":{"title":"Cont\u00e1ctanos - GER DETECT","robots":{"index":"index","follow":"follow","max-snippet":"max-snippet:-1","max-image-preview":"max-image-preview:large","max-video-preview":"max-video-preview:-1"},"canonical":"https:\/\/gerdetect.de\/es\/contactanos\/","og_locale":"es_ES","og_type":"article","og_title":"Cont\u00e1ctanos - GER DETECT","og_description":"Informaci\u00f3n de Contacto Tel\u00e9fono de la Empresa +49 1577 8624383 Direcci\u00f3n de Correo Electr\u00f3nico info@gerdetect.de Headquarters Am Holzweg 26\/B-6 Stock","og_url":"https:\/\/gerdetect.de\/es\/contactanos\/","og_site_name":"GER DETECT","article_modified_time":"2025-10-28T09:16:29+00:00","og_image":[{"width":512,"height":512,"url":"https:\/\/gerdetect.de\/wp-content\/uploads\/2024\/09\/cropped-GER-LOGO-512.png","type":"image\/png"}],"twitter_card":"summary_large_image","schema":{"@context":"https:\/\/schema.org","@graph":[{"@type":"WebPage","@id":"https:\/\/gerdetect.de\/es\/contactanos\/","url":"https:\/\/gerdetect.de\/es\/contactanos\/","name":"Cont\u00e1ctanos - GER DETECT","isPartOf":{"@id":"https:\/\/gerdetect.de\/es\/#website"},"primaryImageOfPage":{"@id":"https:\/\/gerdetect.de\/es\/contactanos\/#primaryimage"},"image":{"@id":"https:\/\/gerdetect.de\/es\/contactanos\/#primaryimage"},"thumbnailUrl":"https:\/\/gerdetect.de\/wp-content\/uploads\/2024\/09\/cropped-GER-LOGO-512-150x150.png","datePublished":"2024-09-03T07:36:27+00:00","dateModified":"2025-10-28T09:16:29+00:00","breadcrumb":{"@id":"https:\/\/gerdetect.de\/es\/contactanos\/#breadcrumb"},"inLanguage":"es","potentialAction":[{"@type":"ReadAction","target":["https:\/\/gerdetect.de\/es\/contactanos\/"]}]},{"@type":"ImageObject","inLanguage":"es","@id":"https:\/\/gerdetect.de\/es\/contactanos\/#primaryimage","url":"https:\/\/gerdetect.de\/wp-content\/uploads\/2024\/09\/cropped-GER-LOGO-512-150x150.png","contentUrl":"https:\/\/gerdetect.de\/wp-content\/uploads\/2024\/09\/cropped-GER-LOGO-512-150x150.png"},{"@type":"BreadcrumbList","@id":"https:\/\/gerdetect.de\/es\/contactanos\/#breadcrumb","itemListElement":[{"@type":"ListItem","position":1,"name":"Home","item":"https:\/\/gerdetect.de\/es\/inicio\/"},{"@type":"ListItem","position":2,"name":"Cont\u00e1ctanos"}]},{"@type":"WebSite","@id":"https:\/\/gerdetect.de\/es\/#website","url":"https:\/\/gerdetect.de\/es\/","name":"GER DETECT","description":"","publisher":{"@id":"https:\/\/gerdetect.de\/es\/#organization"},"potentialAction":[{"@type":"SearchAction","target":{"@type":"EntryPoint","urlTemplate":"https:\/\/gerdetect.de\/es\/?s={search_term_string}"},"query-input":{"@type":"PropertyValueSpecification","valueRequired":true,"valueName":"search_term_string"}}],"inLanguage":"es"},{"@type":"Organization","@id":"https:\/\/gerdetect.de\/es\/#organization","name":"GER DETECT","url":"https:\/\/gerdetect.de\/es\/","logo":{"@type":"ImageObject","inLanguage":"es","@id":"https:\/\/gerdetect.de\/es\/#\/schema\/logo\/image\/","url":"https:\/\/gerdetect.de\/wp-content\/uploads\/2025\/10\/GER-Logo.webp","contentUrl":"https:\/\/gerdetect.de\/wp-content\/uploads\/2025\/10\/GER-Logo.webp","width":2134,"height":2135,"caption":"GER DETECT"},"image":{"@id":"https:\/\/gerdetect.de\/es\/#\/schema\/logo\/image\/"}}]}},"_links":{"self":[{"href":"https:\/\/gerdetect.de\/es\/wp-json\/wp\/v2\/pages\/32300","targetHints":{"allow":["GET"]}}],"collection":[{"href":"https:\/\/gerdetect.de\/es\/wp-json\/wp\/v2\/pages"}],"about":[{"href":"https:\/\/gerdetect.de\/es\/wp-json\/wp\/v2\/types\/page"}],"author":[{"embeddable":true,"href":"https:\/\/gerdetect.de\/es\/wp-json\/wp\/v2\/users\/1"}],"replies":[{"embeddable":true,"href":"https:\/\/gerdetect.de\/es\/wp-json\/wp\/v2\/comments?post=32300"}],"version-history":[{"count":2,"href":"https:\/\/gerdetect.de\/es\/wp-json\/wp\/v2\/pages\/32300\/revisions"}],"predecessor-version":[{"id":32611,"href":"https:\/\/gerdetect.de\/es\/wp-json\/wp\/v2\/pages\/32300\/revisions\/32611"}],"wp:attachment":[{"href":"https:\/\/gerdetect.de\/es\/wp-json\/wp\/v2\/media?parent=32300"}],"curies":[{"name":"wp","href":"https:\/\/api.w.org\/{rel}","templated":true}]}}