{"id":17204,"date":"2024-05-20T18:45:16","date_gmt":"2024-05-20T15:45:16","guid":{"rendered":"https:\/\/gerdetect.de\/product\/uig-watch-detector\/"},"modified":"2025-10-24T13:15:17","modified_gmt":"2025-10-24T10:15:17","slug":"uig-watch-detector","status":"publish","type":"product","link":"https:\/\/gerdetect.de\/es\/producto\/uig-watch-detector\/","title":{"rendered":"UIG Watch Detector"},"content":{"rendered":"\t\t<div data-elementor-type=\"wp-post\" data-elementor-id=\"17204\" class=\"elementor elementor-17204 elementor-13391\" data-elementor-post-type=\"product\">\n\t\t\t\t<div class=\"wd-negative-gap elementor-element elementor-element-87a157b e-flex e-con-boxed e-con e-parent\" data-id=\"87a157b\" data-element_type=\"container\" data-e-type=\"container\">\n\t\t\t\t\t<div class=\"e-con-inner\">\n\t\t\t\t<div class=\"elementor-element elementor-element-b1705c9 elementor-widget elementor-widget-heading\" data-id=\"b1705c9\" data-element_type=\"widget\" data-e-type=\"widget\" data-widget_type=\"heading.default\">\n\t\t\t\t<div class=\"elementor-widget-container\">\n\t\t\t\t\t<h1 class=\"elementor-heading-title elementor-size-default\">UIG Watch Detector<\/h1>\t\t\t\t<\/div>\n\t\t\t\t<\/div>\n\t\t\t\t<div class=\"elementor-element elementor-element-6830478 elementor-widget elementor-widget-image\" data-id=\"6830478\" data-element_type=\"widget\" data-e-type=\"widget\" data-widget_type=\"image.default\">\n\t\t\t\t<div class=\"elementor-widget-container\">\n\t\t\t\t\t\t\t\t\t\t\t\t\t\t\t<img loading=\"lazy\" decoding=\"async\" width=\"1300\" height=\"731\" src=\"https:\/\/gerdetect.de\/wp-content\/uploads\/2024\/05\/uig-watch-3d-imaging-system-3-1300x731.webp\" class=\"attachment-large size-large wp-image-16182\" alt=\"\" srcset=\"https:\/\/gerdetect.de\/wp-content\/uploads\/2024\/05\/uig-watch-3d-imaging-system-3-1300x731.webp 1300w, https:\/\/gerdetect.de\/wp-content\/uploads\/2024\/05\/uig-watch-3d-imaging-system-3-430x242.webp 430w, https:\/\/gerdetect.de\/wp-content\/uploads\/2024\/05\/uig-watch-3d-imaging-system-3-150x84.webp 150w, https:\/\/gerdetect.de\/wp-content\/uploads\/2024\/05\/uig-watch-3d-imaging-system-3-700x394.webp 700w, https:\/\/gerdetect.de\/wp-content\/uploads\/2024\/05\/uig-watch-3d-imaging-system-3-400x225.webp 400w, https:\/\/gerdetect.de\/wp-content\/uploads\/2024\/05\/uig-watch-3d-imaging-system-3-768x432.webp 768w, https:\/\/gerdetect.de\/wp-content\/uploads\/2024\/05\/uig-watch-3d-imaging-system-3-1536x864.webp 1536w, https:\/\/gerdetect.de\/wp-content\/uploads\/2024\/05\/uig-watch-3d-imaging-system-3.webp 1920w\" sizes=\"auto, (max-width: 1300px) 100vw, 1300px\" \/>\t\t\t\t\t\t\t\t\t\t\t\t\t\t\t<\/div>\n\t\t\t\t<\/div>\n\t\t\t\t\t<\/div>\n\t\t\t\t<\/div>\n\t\t<div class=\"wd-negative-gap elementor-element elementor-element-4172d060 e-flex e-con-boxed e-con e-parent\" data-id=\"4172d060\" data-element_type=\"container\" data-e-type=\"container\">\n\t\t\t\t\t<div class=\"e-con-inner\">\n\t\t\t\t<div class=\"elementor-element elementor-element-7c9d564f color-scheme-inherit text-left elementor-widget elementor-widget-text-editor\" data-id=\"7c9d564f\" data-element_type=\"widget\" data-e-type=\"widget\" data-widget_type=\"text-editor.default\">\n\t\t\t\t<div class=\"elementor-widget-container\">\n\t\t\t\t\t\t\t\t\t<h5>UIG Watch es la primera patente de invenci\u00f3n impulsada por nanotecnolog\u00eda Para detectar metales preciosos, tesoros, artefactos, t\u00faneles, pasajes, cuevas y vac\u00edos subterr\u00e1neos, el UIG Watch integra tres sistemas de detecci\u00f3n e im\u00e1genes en una sola m\u00e1quina.<\/h5>\n<h5>Nos complace presentarles, por primera vez en el mundo de la nanotecnolog\u00eda moderna, la primera patente del dispositivo UIG Watch, el dispositivo de im\u00e1genes tridimensionales m\u00e1s peque\u00f1o, que utiliza las \u00faltimas tecnolog\u00edas avanzadas, con un peso de menos de 90 gramos solamente, lo que lo hace f\u00e1cil de transportar y ocultar. El detector UIG Watch opera para realizar operaciones de exploraci\u00f3n y b\u00fasqueda de metales preciosos, tesoros, artefactos arqueol\u00f3gicos, pasajes, cuevas y huecos subterr\u00e1neos sin esfuerzo. Adem\u00e1s, realiza operaciones de escaneo precisas de muros y monumentos antiguos, alcanzando profundidades de hasta 20 metros bajo tierra, con una opci\u00f3n para determinar la profundidad en metros y cent\u00edmetros y una alta precisi\u00f3n para distinguir entre metales y huecos. El UIG Watch cuenta con tres sistemas avanzados de escaneo e im\u00e1genes: \u25cf Sistema de escaneo en vivo: este sistema proporciona un escaneo r\u00e1pido del sitio objetivo e identifica directamente la forma del objetivo enterrado o el hueco. Sistema de escaneo en vivo de pared: se utiliza para b\u00fasquedas r\u00e1pidas y directas de metales, huecos y tesoros antiguos detr\u00e1s de la pared. \u25cf Sistemas de im\u00e1genes 3D: recientemente se han introducido muchas especificaciones t\u00e9cnicas innovadoras en este sistema. Fotograf\u00eda todas las capas del suelo y muestra los resultados de las im\u00e1genes desde todas las direcciones para aclarar el objetivo subterr\u00e1neo, incluidos metales preciosos, cuevas, huecos, s\u00f3tanos, tumbas y todo lo que se esconde bajo tierra. El dispositivo alcanza una profundidad de 20 metros bajo tierra, con la capacidad de determinar la profundidad en metros y cent\u00edmetros.       <\/h5>\n<h5>El dispositivo UIG Watch funciona en siete idiomas: ingl\u00e9s, alem\u00e1n, espa\u00f1ol, franc\u00e9s, portugu\u00e9s, persa y \u00e1rabe.<\/h5>\n<h5>UIG WATCH, producto de ingenier\u00eda alemana de primer nivel, posee la certificaci\u00f3n CE europea seg\u00fan est\u00e1ndares mundiales.<\/h5>\n<h5>Adem\u00e1s, est\u00e1 certificado internacionalmente con la norma ISO 9001, cumpliendo con especificaciones y est\u00e1ndares globales.<\/h5>\n<h5>Esta m\u00e1quina est\u00e1 dise\u00f1ada para adaptarse a distintos pa\u00edses y climas. Un verdadero viaje de exploraci\u00f3n no requiere necesariamente adentrarse en nuevos territorios, sino m\u00e1s bien, exige ver con nuevos ojos. <\/h5>\n<h5>Le deseamos \u00e9xito en sus viajes exploratorios.<\/h5>\t\t\t\t\t\t\t\t<\/div>\n\t\t\t\t<\/div>\n\t\t\t\t<div class=\"elementor-element elementor-element-1dd8dfd elementor-widget elementor-widget-video\" data-id=\"1dd8dfd\" data-element_type=\"widget\" data-e-type=\"widget\" data-settings=\"{&quot;youtube_url&quot;:&quot;https:\\\/\\\/www.youtube.com\\\/watch?v=DQa3EwK4ico&quot;,&quot;video_type&quot;:&quot;youtube&quot;,&quot;controls&quot;:&quot;yes&quot;}\" data-widget_type=\"video.default\">\n\t\t\t\t<div class=\"elementor-widget-container\">\n\t\t\t\t\t\t\t<div class=\"elementor-wrapper elementor-open-inline\">\n\t\t\t<div class=\"elementor-video\"><\/div>\t\t<\/div>\n\t\t\t\t\t\t<\/div>\n\t\t\t\t<\/div>\n\t\t\t\t\t<\/div>\n\t\t\t\t<\/div>\n\t\t\t\t<\/div>\n\t\t","protected":false},"excerpt":{"rendered":"<h4>El dispositivo UIG Watch funciona con tres sistemas de im\u00e1genes avanzados: El dispositivo de im\u00e1genes m\u00e1s peque\u00f1o del mundo con capacidad de ocultaci\u00f3n total. Para detectar metales preciosos, tesoros, artefactos antiguos, huecos, cuevas y tumbas subterr\u00e1neas. El dispositivo alcanza una profundidad de 20 metros bajo tierra, con la capacidad de especificar la profundidad en metros y cent\u00edmetros.<\/h4>\n","protected":false},"featured_media":31559,"template":"","meta":[],"product_brand":[],"product_cat":[278,312],"product_tag":[],"class_list":{"0":"post-17204","1":"product","2":"type-product","3":"status-publish","4":"has-post-thumbnail","6":"product_cat-detectores-de-oro-y-metales","7":"product_cat-es-products","9":"first","10":"instock","11":"shipping-taxable","12":"purchasable","13":"product-type-simple"},"yoast_head":"<!-- This site is optimized with the Yoast SEO plugin v27.3 - https:\/\/yoast.com\/product\/yoast-seo-wordpress\/ -->\n<title>UIG Watch Detector - GER DETECT<\/title>\n<meta name=\"robots\" content=\"index, follow, max-snippet:-1, max-image-preview:large, max-video-preview:-1\" \/>\n<link rel=\"canonical\" href=\"https:\/\/gerdetect.de\/es\/producto\/uig-watch-detector\/\" \/>\n<meta property=\"og:locale\" content=\"es_ES\" \/>\n<meta property=\"og:type\" content=\"article\" \/>\n<meta property=\"og:title\" content=\"UIG Watch Detector - GER DETECT\" \/>\n<meta property=\"og:description\" content=\"El dispositivo UIG Watch funciona con tres sistemas de im\u00e1genes avanzados: El dispositivo de im\u00e1genes m\u00e1s peque\u00f1o del mundo con capacidad de ocultaci\u00f3n total. Para detectar metales preciosos, tesoros, artefactos antiguos, huecos, cuevas y tumbas subterr\u00e1neas. El dispositivo alcanza una profundidad de 20 metros bajo tierra, con la capacidad de especificar la profundidad en metros y cent\u00edmetros.\" \/>\n<meta property=\"og:url\" content=\"https:\/\/gerdetect.de\/es\/producto\/uig-watch-detector\/\" \/>\n<meta property=\"og:site_name\" content=\"GER DETECT\" \/>\n<meta property=\"article:modified_time\" content=\"2025-10-24T10:15:17+00:00\" \/>\n<meta property=\"og:image\" content=\"https:\/\/gerdetect.de\/wp-content\/uploads\/2024\/05\/UIG-WATCH-DETECTOR.jpg\" \/>\n\t<meta property=\"og:image:width\" content=\"1080\" \/>\n\t<meta property=\"og:image:height\" content=\"1080\" \/>\n\t<meta property=\"og:image:type\" content=\"image\/jpeg\" \/>\n<meta name=\"twitter:card\" content=\"summary_large_image\" \/>\n<meta name=\"twitter:label1\" content=\"Tiempo de lectura\" \/>\n\t<meta name=\"twitter:data1\" content=\"2 minutos\" \/>\n<script type=\"application\/ld+json\" class=\"yoast-schema-graph\">{\"@context\":\"https:\\\/\\\/schema.org\",\"@graph\":[{\"@type\":\"WebPage\",\"@id\":\"https:\\\/\\\/gerdetect.de\\\/es\\\/producto\\\/uig-watch-detector\\\/\",\"url\":\"https:\\\/\\\/gerdetect.de\\\/es\\\/producto\\\/uig-watch-detector\\\/\",\"name\":\"UIG Watch Detector - GER DETECT\",\"isPartOf\":{\"@id\":\"https:\\\/\\\/gerdetect.de\\\/es\\\/#website\"},\"primaryImageOfPage\":{\"@id\":\"https:\\\/\\\/gerdetect.de\\\/es\\\/producto\\\/uig-watch-detector\\\/#primaryimage\"},\"image\":{\"@id\":\"https:\\\/\\\/gerdetect.de\\\/es\\\/producto\\\/uig-watch-detector\\\/#primaryimage\"},\"thumbnailUrl\":\"https:\\\/\\\/gerdetect.de\\\/wp-content\\\/uploads\\\/2024\\\/05\\\/uig-watch.webp\",\"datePublished\":\"2024-05-20T15:45:16+00:00\",\"dateModified\":\"2025-10-24T10:15:17+00:00\",\"breadcrumb\":{\"@id\":\"https:\\\/\\\/gerdetect.de\\\/es\\\/producto\\\/uig-watch-detector\\\/#breadcrumb\"},\"inLanguage\":\"es\",\"potentialAction\":[{\"@type\":\"ReadAction\",\"target\":[\"https:\\\/\\\/gerdetect.de\\\/es\\\/producto\\\/uig-watch-detector\\\/\"]}]},{\"@type\":\"ImageObject\",\"inLanguage\":\"es\",\"@id\":\"https:\\\/\\\/gerdetect.de\\\/es\\\/producto\\\/uig-watch-detector\\\/#primaryimage\",\"url\":\"https:\\\/\\\/gerdetect.de\\\/wp-content\\\/uploads\\\/2024\\\/05\\\/uig-watch.webp\",\"contentUrl\":\"https:\\\/\\\/gerdetect.de\\\/wp-content\\\/uploads\\\/2024\\\/05\\\/uig-watch.webp\",\"width\":1022,\"height\":941},{\"@type\":\"BreadcrumbList\",\"@id\":\"https:\\\/\\\/gerdetect.de\\\/es\\\/producto\\\/uig-watch-detector\\\/#breadcrumb\",\"itemListElement\":[{\"@type\":\"ListItem\",\"position\":1,\"name\":\"Home\",\"item\":\"https:\\\/\\\/gerdetect.de\\\/es\\\/inicio\\\/\"},{\"@type\":\"ListItem\",\"position\":2,\"name\":\"Productos\",\"item\":\"https:\\\/\\\/gerdetect.de\\\/es\\\/shop\\\/\"},{\"@type\":\"ListItem\",\"position\":3,\"name\":\"UIG Watch Detector\"}]},{\"@type\":\"WebSite\",\"@id\":\"https:\\\/\\\/gerdetect.de\\\/es\\\/#website\",\"url\":\"https:\\\/\\\/gerdetect.de\\\/es\\\/\",\"name\":\"GER DETECT\",\"description\":\"\",\"publisher\":{\"@id\":\"https:\\\/\\\/gerdetect.de\\\/es\\\/#organization\"},\"potentialAction\":[{\"@type\":\"SearchAction\",\"target\":{\"@type\":\"EntryPoint\",\"urlTemplate\":\"https:\\\/\\\/gerdetect.de\\\/es\\\/?s={search_term_string}\"},\"query-input\":{\"@type\":\"PropertyValueSpecification\",\"valueRequired\":true,\"valueName\":\"search_term_string\"}}],\"inLanguage\":\"es\"},{\"@type\":\"Organization\",\"@id\":\"https:\\\/\\\/gerdetect.de\\\/es\\\/#organization\",\"name\":\"GER DETECT\",\"url\":\"https:\\\/\\\/gerdetect.de\\\/es\\\/\",\"logo\":{\"@type\":\"ImageObject\",\"inLanguage\":\"es\",\"@id\":\"https:\\\/\\\/gerdetect.de\\\/es\\\/#\\\/schema\\\/logo\\\/image\\\/\",\"url\":\"https:\\\/\\\/gerdetect.de\\\/wp-content\\\/uploads\\\/2025\\\/10\\\/GER-Logo.webp\",\"contentUrl\":\"https:\\\/\\\/gerdetect.de\\\/wp-content\\\/uploads\\\/2025\\\/10\\\/GER-Logo.webp\",\"width\":2134,\"height\":2135,\"caption\":\"GER DETECT\"},\"image\":{\"@id\":\"https:\\\/\\\/gerdetect.de\\\/es\\\/#\\\/schema\\\/logo\\\/image\\\/\"}}]}<\/script>\n<!-- \/ Yoast SEO plugin. -->","yoast_head_json":{"title":"UIG Watch Detector - GER DETECT","robots":{"index":"index","follow":"follow","max-snippet":"max-snippet:-1","max-image-preview":"max-image-preview:large","max-video-preview":"max-video-preview:-1"},"canonical":"https:\/\/gerdetect.de\/es\/producto\/uig-watch-detector\/","og_locale":"es_ES","og_type":"article","og_title":"UIG Watch Detector - GER DETECT","og_description":"El dispositivo UIG Watch funciona con tres sistemas de im\u00e1genes avanzados: El dispositivo de im\u00e1genes m\u00e1s peque\u00f1o del mundo con capacidad de ocultaci\u00f3n total. Para detectar metales preciosos, tesoros, artefactos antiguos, huecos, cuevas y tumbas subterr\u00e1neas. El dispositivo alcanza una profundidad de 20 metros bajo tierra, con la capacidad de especificar la profundidad en metros y cent\u00edmetros.","og_url":"https:\/\/gerdetect.de\/es\/producto\/uig-watch-detector\/","og_site_name":"GER DETECT","article_modified_time":"2025-10-24T10:15:17+00:00","og_image":[{"width":1080,"height":1080,"url":"https:\/\/gerdetect.de\/wp-content\/uploads\/2024\/05\/UIG-WATCH-DETECTOR.jpg","type":"image\/jpeg"}],"twitter_card":"summary_large_image","twitter_misc":{"Tiempo de lectura":"2 minutos"},"schema":{"@context":"https:\/\/schema.org","@graph":[{"@type":"WebPage","@id":"https:\/\/gerdetect.de\/es\/producto\/uig-watch-detector\/","url":"https:\/\/gerdetect.de\/es\/producto\/uig-watch-detector\/","name":"UIG Watch Detector - GER DETECT","isPartOf":{"@id":"https:\/\/gerdetect.de\/es\/#website"},"primaryImageOfPage":{"@id":"https:\/\/gerdetect.de\/es\/producto\/uig-watch-detector\/#primaryimage"},"image":{"@id":"https:\/\/gerdetect.de\/es\/producto\/uig-watch-detector\/#primaryimage"},"thumbnailUrl":"https:\/\/gerdetect.de\/wp-content\/uploads\/2024\/05\/uig-watch.webp","datePublished":"2024-05-20T15:45:16+00:00","dateModified":"2025-10-24T10:15:17+00:00","breadcrumb":{"@id":"https:\/\/gerdetect.de\/es\/producto\/uig-watch-detector\/#breadcrumb"},"inLanguage":"es","potentialAction":[{"@type":"ReadAction","target":["https:\/\/gerdetect.de\/es\/producto\/uig-watch-detector\/"]}]},{"@type":"ImageObject","inLanguage":"es","@id":"https:\/\/gerdetect.de\/es\/producto\/uig-watch-detector\/#primaryimage","url":"https:\/\/gerdetect.de\/wp-content\/uploads\/2024\/05\/uig-watch.webp","contentUrl":"https:\/\/gerdetect.de\/wp-content\/uploads\/2024\/05\/uig-watch.webp","width":1022,"height":941},{"@type":"BreadcrumbList","@id":"https:\/\/gerdetect.de\/es\/producto\/uig-watch-detector\/#breadcrumb","itemListElement":[{"@type":"ListItem","position":1,"name":"Home","item":"https:\/\/gerdetect.de\/es\/inicio\/"},{"@type":"ListItem","position":2,"name":"Productos","item":"https:\/\/gerdetect.de\/es\/shop\/"},{"@type":"ListItem","position":3,"name":"UIG Watch Detector"}]},{"@type":"WebSite","@id":"https:\/\/gerdetect.de\/es\/#website","url":"https:\/\/gerdetect.de\/es\/","name":"GER DETECT","description":"","publisher":{"@id":"https:\/\/gerdetect.de\/es\/#organization"},"potentialAction":[{"@type":"SearchAction","target":{"@type":"EntryPoint","urlTemplate":"https:\/\/gerdetect.de\/es\/?s={search_term_string}"},"query-input":{"@type":"PropertyValueSpecification","valueRequired":true,"valueName":"search_term_string"}}],"inLanguage":"es"},{"@type":"Organization","@id":"https:\/\/gerdetect.de\/es\/#organization","name":"GER DETECT","url":"https:\/\/gerdetect.de\/es\/","logo":{"@type":"ImageObject","inLanguage":"es","@id":"https:\/\/gerdetect.de\/es\/#\/schema\/logo\/image\/","url":"https:\/\/gerdetect.de\/wp-content\/uploads\/2025\/10\/GER-Logo.webp","contentUrl":"https:\/\/gerdetect.de\/wp-content\/uploads\/2025\/10\/GER-Logo.webp","width":2134,"height":2135,"caption":"GER DETECT"},"image":{"@id":"https:\/\/gerdetect.de\/es\/#\/schema\/logo\/image\/"}}]}},"_links":{"self":[{"href":"https:\/\/gerdetect.de\/es\/wp-json\/wp\/v2\/product\/17204","targetHints":{"allow":["GET"]}}],"collection":[{"href":"https:\/\/gerdetect.de\/es\/wp-json\/wp\/v2\/product"}],"about":[{"href":"https:\/\/gerdetect.de\/es\/wp-json\/wp\/v2\/types\/product"}],"version-history":[{"count":2,"href":"https:\/\/gerdetect.de\/es\/wp-json\/wp\/v2\/product\/17204\/revisions"}],"predecessor-version":[{"id":32354,"href":"https:\/\/gerdetect.de\/es\/wp-json\/wp\/v2\/product\/17204\/revisions\/32354"}],"wp:featuredmedia":[{"embeddable":true,"href":"https:\/\/gerdetect.de\/es\/wp-json\/wp\/v2\/media\/31559"}],"wp:attachment":[{"href":"https:\/\/gerdetect.de\/es\/wp-json\/wp\/v2\/media?parent=17204"}],"wp:term":[{"taxonomy":"product_brand","embeddable":true,"href":"https:\/\/gerdetect.de\/es\/wp-json\/wp\/v2\/product_brand?post=17204"},{"taxonomy":"product_cat","embeddable":true,"href":"https:\/\/gerdetect.de\/es\/wp-json\/wp\/v2\/product_cat?post=17204"},{"taxonomy":"product_tag","embeddable":true,"href":"https:\/\/gerdetect.de\/es\/wp-json\/wp\/v2\/product_tag?post=17204"}],"curies":[{"name":"wp","href":"https:\/\/api.w.org\/{rel}","templated":true}]}}