{"id":17248,"date":"2023-03-04T12:25:09","date_gmt":"2023-03-04T09:25:09","guid":{"rendered":"https:\/\/gerdetect.de\/product\/uig-ground-scanner-detector\/"},"modified":"2025-04-21T15:33:53","modified_gmt":"2025-04-21T12:33:53","slug":"uig-ground-scanner-detector","status":"publish","type":"product","link":"https:\/\/gerdetect.de\/es\/producto\/uig-ground-scanner-detector\/","title":{"rendered":"UIG GROUND SCANNER DETECTOR"},"content":{"rendered":"\t\t<div data-elementor-type=\"wp-post\" data-elementor-id=\"17248\" class=\"elementor elementor-17248 elementor-12656\" data-elementor-post-type=\"product\">\n\t\t\t\t<div class=\"wd-negative-gap elementor-element elementor-element-378c0d1 e-flex e-con-boxed e-con e-parent\" data-id=\"378c0d1\" data-element_type=\"container\" data-e-type=\"container\">\n\t\t\t\t\t<div class=\"e-con-inner\">\n\t\t\t\t<div class=\"elementor-element elementor-element-4c47033 elementor-widget elementor-widget-heading\" data-id=\"4c47033\" data-element_type=\"widget\" data-e-type=\"widget\" data-widget_type=\"heading.default\">\n\t\t\t\t<div class=\"elementor-widget-container\">\n\t\t\t\t\t<h2 class=\"elementor-heading-title elementor-size-default\">UIG GROUND SCANNER DETECTOR <\/h2>\t\t\t\t<\/div>\n\t\t\t\t<\/div>\n\t\t\t\t\t<\/div>\n\t\t\t\t<\/div>\n\t\t<div class=\"wd-negative-gap elementor-element elementor-element-0144c02 e-flex e-con-boxed e-con e-parent\" data-id=\"0144c02\" data-element_type=\"container\" data-e-type=\"container\">\n\t\t\t\t\t<div class=\"e-con-inner\">\n\t\t\t\t<div class=\"elementor-element elementor-element-f8cb370 elementor-widget elementor-widget-image\" data-id=\"f8cb370\" data-element_type=\"widget\" data-e-type=\"widget\" data-widget_type=\"image.default\">\n\t\t\t\t<div class=\"elementor-widget-container\">\n\t\t\t\t\t\t\t\t\t\t\t\t\t\t\t<img loading=\"lazy\" decoding=\"async\" width=\"1080\" height=\"300\" src=\"https:\/\/gerdetect.de\/wp-content\/uploads\/2023\/03\/uig-ground-scanner-en0.webp\" class=\"attachment-large size-large wp-image-16466\" alt=\"\" srcset=\"https:\/\/gerdetect.de\/wp-content\/uploads\/2023\/03\/uig-ground-scanner-en0.webp 1080w, https:\/\/gerdetect.de\/wp-content\/uploads\/2023\/03\/uig-ground-scanner-en0-430x119.webp 430w, https:\/\/gerdetect.de\/wp-content\/uploads\/2023\/03\/uig-ground-scanner-en0-150x42.webp 150w, https:\/\/gerdetect.de\/wp-content\/uploads\/2023\/03\/uig-ground-scanner-en0-700x194.webp 700w, https:\/\/gerdetect.de\/wp-content\/uploads\/2023\/03\/uig-ground-scanner-en0-400x111.webp 400w, https:\/\/gerdetect.de\/wp-content\/uploads\/2023\/03\/uig-ground-scanner-en0-768x213.webp 768w\" sizes=\"auto, (max-width: 1080px) 100vw, 1080px\" \/>\t\t\t\t\t\t\t\t\t\t\t\t\t\t\t<\/div>\n\t\t\t\t<\/div>\n\t\t\t\t\t<\/div>\n\t\t\t\t<\/div>\n\t\t\t\t<section class=\"wd-negative-gap elementor-section elementor-top-section elementor-element elementor-element-464f3246 elementor-section-boxed elementor-section-height-default elementor-section-height-default\" data-id=\"464f3246\" data-element_type=\"section\" data-e-type=\"section\">\n\t\t\t\t\t\t<div class=\"elementor-container elementor-column-gap-default\">\n\t\t\t\t\t<div class=\"elementor-column elementor-col-100 elementor-top-column elementor-element elementor-element-13687d1\" data-id=\"13687d1\" data-element_type=\"column\" data-e-type=\"column\" data-settings=\"{&quot;background_background&quot;:&quot;classic&quot;}\">\n\t\t\t<div class=\"elementor-widget-wrap elementor-element-populated\">\n\t\t\t\t\t\t<div class=\"elementor-element elementor-element-23f2cdad color-scheme-inherit text-left elementor-widget elementor-widget-text-editor\" data-id=\"23f2cdad\" data-element_type=\"widget\" data-e-type=\"widget\" data-widget_type=\"text-editor.default\">\n\t\t\t\t<div class=\"elementor-widget-container\">\n\t\t\t\t\t\t\t\t\t<h4 class=\"p2\"><span class=\"s1\"><b>El UIG GROUND SCANNER: Un detector de oro enterrado, tesoros, artefactos antiguos, metales preciosos, tesoros arqueol\u00f3gicos, pasajes, t\u00faneles, cuevas y vac\u00edos subterr\u00e1neos.<\/b><\/span><\/h4><p>Presentamos a los exploradores y excavadores la \u00faltima tecnolog\u00eda de im\u00e1genes subterr\u00e1neas, permitiendo un escaneo completo de las capas del suelo y obteniendo una representaci\u00f3n tridimensional del objetivo detectado.<\/p><p>El UIG GROUND SCANNER, Un dispositivo multisistema para exploraci\u00f3n subterr\u00e1nea, re\u00fane las tecnolog\u00edas avanzadas de GER Detect y UIG Detectors.<\/p><p>Nuestros expertos desarrollaron el UIG GROUND SCANNER para abordar los desaf\u00edos que enfrentan los investigadores que utilizan dispositivos tradicionales en el mercado.<\/p><h4 class=\"p2\">Un solo dispositivo funciona con tres sistemas de b\u00fasqueda diferentes.<\/h4><h4 class=\"p3\"><b>Especificaciones y sistemas de b\u00fasqueda del ESC\u00c1NER DE TIERRA UIG:<\/b><\/h4><h4 class=\"p4\">Sistema de im\u00e1genes 3D: Este sistema cuenta con innovadoras especificaciones t\u00e9cnicas que permiten capturar im\u00e1genes de todas las capas del terreno. Los resultados se muestran desde todas las direcciones en la pantalla del dispositivo, lo que permite conocer la forma aproximada del objetivo detectado. Revela oro, metales preciosos, tesoros enterrados, cuevas, huecos y todos los elementos ocultos en la superficie subterr\u00e1nea. Adem\u00e1s, proporciona la profundidad de los objetivos descubiertos en metros y cent\u00edmetros.   <\/h4><h4 class=\"p4\">Sistema de escaneo terrestre en vivo: el sistema ofrece un escaneo r\u00e1pido y directo de la ubicaci\u00f3n del objetivo subterr\u00e1neo, identificando instant\u00e1neamente el tipo de tesoro o vac\u00edo. Cuando se detecta un objetivo met\u00e1lico, el \u00e1rea cambia de verde a rojo gradualmente, con el indicador rojo en el gr\u00e1fico aumentando, acompa\u00f1ado de un sonido que indica la presencia de metal bajo tierra. Para la detecci\u00f3n de vac\u00edos, el \u00e1rea cambia de verde a azul gradualmente, con el indicador azul en el gr\u00e1fico disminuyendo, acompa\u00f1ado de un sonido distintivo que indica la presencia de un vac\u00edo.  <\/h4><h4 class=\"p4\">Sistema de escaneo de pared en vivo: similar al sistema de escaneo terrestre en vivo, este sistema proporciona un escaneo r\u00e1pido y directo del objetivo detr\u00e1s de las paredes, identificando instant\u00e1neamente el tipo de tesoro, los huecos, los pasajes y los escondites durante el proceso de escaneo. <\/h4><h4 class=\"p5\">AnteriorSiguiente<\/h4><h4 class=\"p3\"><b>Caracter\u00edsticas y prestaciones del ESC\u00c1NER DE TIERRA UIG:<\/b><\/h4><h4 class=\"p4\">\u2013 Opera en seis idiomas: ingl\u00e9s, \u00e1rabe, espa\u00f1ol, franc\u00e9s, alem\u00e1n, portugu\u00e9s y persa.<\/h4><p>\u2013 Profundidad de b\u00fasqueda hasta 30 metros bajo tierra, con capacidad de especificar la profundidad de los objetivos bajo tierra en metros y cent\u00edmetros.<\/p><p>\u2013 Sistema de funcionamiento autom\u00e1tico que no se ve afectado por el tipo de suelo: h\u00famedo, rico en sales minerales, rocas met\u00e1licas o rocas bas\u00e1lticas. Puede pasar por alto todo tipo de rocas met\u00e1licas gracias a la tecnolog\u00eda de calibraci\u00f3n autom\u00e1tica. <\/p><p>El UIG GROUND SCANNER ha sido desarrollado para funcionar en diversos terrenos y bajo condiciones clim\u00e1ticas desafiantes con facilidad.<\/p><p>poseedor tanto del certificado europeo CE como del certificado internacional ISO 9001.<\/p><p>Un verdadero viaje de exploraci\u00f3n no requiere que vayas a nuevas tierras sino m\u00e1s bien ver con nuevos ojos.<\/p><h4><strong>Las especificaciones t\u00e9cnicas<\/strong><\/h4><table><tbody><tr><td colspan=\"2\" width=\"601\"> <\/td><\/tr><tr><td rowspan=\"3\" width=\"197\"><p><strong>Dimensiones<\/strong><\/p><\/td><td width=\"404\">Dispositivo sin sensor (Cerrado) 575 mm<\/td><\/tr><tr><td width=\"404\">Dispositivo con sensor (Cerrado) 600 mm<\/td><\/tr><tr><td width=\"404\">Dispositivo con sensor (abierto) 880 mm<\/td><\/tr><tr><td width=\"197\"><strong>Bluetooth<\/strong><\/td><td width=\"404\">2.4 GHz Radio<\/td><\/tr><tr><td width=\"197\"><strong>Velocidad de procesamiento de datos<\/strong><\/td><td width=\"404\">72 MHz<\/td><\/tr><tr><td width=\"197\"><strong>Rango de temperatura de funcionamiento<\/strong><\/td><td width=\"404\">0 C\u00b0 to 70 C\u00b0<\/td><\/tr><tr><td width=\"197\"><strong>Rango de humedad de funcionamiento<\/strong><\/td><td width=\"404\">Hasta 95 % sin condensaci\u00f3n<\/td><\/tr><tr><td width=\"197\"><strong>Rango de temperatura de almacenamiento<\/strong><\/td><td width=\"404\">\u2013 20C\u00b0 to 70C\u00b0<\/td><\/tr><tr><td width=\"197\"><strong>Rango de humedad de almacenamientoHasta<\/strong><\/td><td width=\"404\">Up to 98 % de humedad relativa<\/td><\/tr><tr><td width=\"197\"><strong>Tiempo de funcionamiento<br>(Bater\u00eda de 27 Wh)<\/strong><\/td><td width=\"404\">10 Horas<\/td><\/tr><tr><td width=\"197\"><strong>Clasificaci\u00f3n de resistencia al agua: detector<\/strong><\/td><td width=\"404\">resistente al agua (solo resistente a la intemperie)<\/td><\/tr><tr><td colspan=\"2\" width=\"601\"><strong>Especificaciones t\u00e9cnicas de la bater\u00eda BT144<\/strong><\/td><\/tr><tr><td width=\"197\"><strong>Tipo<\/strong><\/td><td width=\"404\">Bater\u00eda recargable \u2013 Bater\u00eda externa<\/td><\/tr><tr><td width=\"197\"><strong>Voltaje de salida<\/strong><\/td><td width=\"404\">Li-ion 10.8 VDC<\/td><\/tr><tr><td width=\"197\"><strong>Capacidad<\/strong><\/td><td width=\"404\">Li-ion 27 Wh<\/td><\/tr><tr><td width=\"197\"><strong>Tiempo de ejecuci\u00f3n<\/strong><\/td><td width=\"404\">10 Horas<\/td><\/tr><tr><td width=\"197\"><strong>Temperatura de funcionamiento de la bater\u00eda<\/strong><\/td><td width=\"404\">0 C\u00b0 a 50 C\u00b0<\/td><\/tr><tr><td width=\"197\"><strong>Temperatura de almacenamiento de la bater\u00eda<\/strong><\/td><td width=\"404\">\u2013 5C\u00b0 a 70C\u00b0<\/td><\/tr><tr><td colspan=\"2\" width=\"601\"><strong>Especificaciones t\u00e9cnicas del cargador de bater\u00eda<\/strong><\/td><\/tr><tr><td width=\"197\"><strong>Temperatura de funcionamiento<\/strong><\/td><td width=\"404\">0 C\u00b0 a 50 C\u00b0<\/td><\/tr><tr><td width=\"197\"><strong>Temperatura de almacenamiento<\/strong><\/td><td width=\"404\">\u2013 30 C\u00b0 a 80 C\u00b0<\/td><\/tr><tr><td width=\"197\"><strong>Voltaje de entrada<\/strong><\/td><td width=\"404\">90 \u2192 250 VAC 50\u219260 Hz<\/td><\/tr><tr><td width=\"197\"><strong>Corriente de salida<\/strong><\/td><td width=\"404\">5 VDC \/ 2100 mA<\/td><\/tr><tr><td colspan=\"2\" width=\"601\"><strong>Otras especificaciones t\u00e9cnicas<\/strong><\/td><\/tr><tr><td width=\"197\"><strong>Peso total<\/strong><\/td><td width=\"404\">3900 g<\/td><\/tr><tr><td width=\"197\"><strong>Peso del dispositivot<\/strong><\/td><td width=\"404\">1100 g<\/td><\/tr><tr><td width=\"197\"><strong>Peso de la bater\u00eda<\/strong><\/td><td width=\"404\">330 g<\/td><\/tr><tr><td width=\"197\"><strong>Peso de la bolsa (vac\u00eda)<\/strong><\/td><td width=\"404\">2230 g<\/td><\/tr><tr><td width=\"197\"><strong>Dimensiones de la bolsa<\/strong><\/td><td width=\"404\">635 mm x 335 mm x 145 mm<\/td><\/tr><\/tbody><\/table>\t\t\t\t\t\t\t\t<\/div>\n\t\t\t\t<\/div>\n\t\t\t\t\t<\/div>\n\t\t<\/div>\n\t\t\t\t\t<\/div>\n\t\t<\/section>\n\t\t<div class=\"wd-negative-gap elementor-element elementor-element-1fed7f3 e-flex e-con-boxed e-con e-parent\" data-id=\"1fed7f3\" data-element_type=\"container\" data-e-type=\"container\">\n\t\t\t\t\t<div class=\"e-con-inner\">\n\t\t\t\t<div class=\"elementor-element elementor-element-79f3eab elementor-widget elementor-widget-video\" data-id=\"79f3eab\" data-element_type=\"widget\" data-e-type=\"widget\" data-settings=\"{&quot;youtube_url&quot;:&quot;https:\\\/\\\/youtu.be\\\/j-X2CLZ5wxI?si=vQxJHvaA5Igxu8H6&quot;,&quot;video_type&quot;:&quot;youtube&quot;,&quot;controls&quot;:&quot;yes&quot;}\" data-widget_type=\"video.default\">\n\t\t\t\t<div class=\"elementor-widget-container\">\n\t\t\t\t\t\t\t<div class=\"elementor-wrapper elementor-open-inline\">\n\t\t\t<div class=\"elementor-video\"><\/div>\t\t<\/div>\n\t\t\t\t\t\t<\/div>\n\t\t\t\t<\/div>\n\t\t\t\t\t<\/div>\n\t\t\t\t<\/div>\n\t\t\t\t<\/div>\n\t\t","protected":false},"excerpt":{"rendered":"<h4 class=\"card-title dark-blue text-left font-weight-bold\"><span style=\"color: #ff7900;\">El UIG ground scanner Es un sistema de escaneo en vivo y de im\u00e1genes terrestres que utiliza tecnolog\u00eda 3D.<\/span><\/h4>\n","protected":false},"featured_media":31229,"template":"","meta":[],"product_brand":[],"product_cat":[278,312],"product_tag":[],"class_list":{"0":"post-17248","1":"product","2":"type-product","3":"status-publish","4":"has-post-thumbnail","6":"product_cat-detectores-de-oro-y-metales","7":"product_cat-es-products","9":"first","10":"instock","11":"shipping-taxable","12":"purchasable","13":"product-type-simple"},"yoast_head":"<!-- This site is optimized with the Yoast SEO plugin v27.4 - https:\/\/yoast.com\/product\/yoast-seo-wordpress\/ -->\n<title>UIG GROUND SCANNER DETECTOR - GER DETECT<\/title>\n<meta name=\"description\" content=\"El UIG ground scanner Es un sistema de escaneo en vivo e im\u00e1genes terrestres que utiliza tecnolog\u00eda 3D\" \/>\n<meta name=\"robots\" content=\"index, follow, max-snippet:-1, max-image-preview:large, max-video-preview:-1\" \/>\n<link rel=\"canonical\" href=\"https:\/\/gerdetect.de\/es\/producto\/uig-ground-scanner-detector\/\" \/>\n<meta property=\"og:locale\" content=\"es_ES\" \/>\n<meta property=\"og:type\" content=\"article\" \/>\n<meta property=\"og:title\" content=\"-\" \/>\n<meta property=\"og:description\" content=\"El UIG ground scanner Es un sistema de escaneo en vivo e im\u00e1genes terrestres que utiliza tecnolog\u00eda 3D\" \/>\n<meta property=\"og:url\" content=\"https:\/\/gerdetect.de\/es\/producto\/uig-ground-scanner-detector\/\" \/>\n<meta property=\"og:site_name\" content=\"GER DETECT\" \/>\n<meta property=\"article:modified_time\" content=\"2025-04-21T12:33:53+00:00\" \/>\n<meta property=\"og:image\" content=\"https:\/\/gerdetect.de\/wp-content\/uploads\/2023\/03\/grund-sceneer.jpg\" \/>\n\t<meta property=\"og:image:width\" content=\"1080\" \/>\n\t<meta property=\"og:image:height\" content=\"1080\" \/>\n\t<meta property=\"og:image:type\" content=\"image\/jpeg\" \/>\n<meta name=\"twitter:card\" content=\"summary_large_image\" \/>\n<meta name=\"twitter:title\" content=\"-\" \/>\n<meta name=\"twitter:description\" content=\"El UIG ground scanner Es un sistema de escaneo en vivo e im\u00e1genes terrestres que utiliza tecnolog\u00eda 3D\" \/>\n<meta name=\"twitter:label1\" content=\"Tiempo de lectura\" \/>\n\t<meta name=\"twitter:data1\" content=\"4 minutos\" \/>\n<script type=\"application\/ld+json\" class=\"yoast-schema-graph\">{\"@context\":\"https:\\\/\\\/schema.org\",\"@graph\":[{\"@type\":\"WebPage\",\"@id\":\"https:\\\/\\\/gerdetect.de\\\/es\\\/producto\\\/uig-ground-scanner-detector\\\/\",\"url\":\"https:\\\/\\\/gerdetect.de\\\/es\\\/producto\\\/uig-ground-scanner-detector\\\/\",\"name\":\"UIG GROUND SCANNER DETECTOR - GER DETECT\",\"isPartOf\":{\"@id\":\"https:\\\/\\\/gerdetect.de\\\/es\\\/#website\"},\"primaryImageOfPage\":{\"@id\":\"https:\\\/\\\/gerdetect.de\\\/es\\\/producto\\\/uig-ground-scanner-detector\\\/#primaryimage\"},\"image\":{\"@id\":\"https:\\\/\\\/gerdetect.de\\\/es\\\/producto\\\/uig-ground-scanner-detector\\\/#primaryimage\"},\"thumbnailUrl\":\"https:\\\/\\\/gerdetect.de\\\/wp-content\\\/uploads\\\/2025\\\/10\\\/ground-scaner.png\",\"datePublished\":\"2023-03-04T09:25:09+00:00\",\"dateModified\":\"2025-04-21T12:33:53+00:00\",\"description\":\"El UIG ground scanner Es un sistema de escaneo en vivo e im\u00e1genes terrestres que utiliza tecnolog\u00eda 3D\",\"breadcrumb\":{\"@id\":\"https:\\\/\\\/gerdetect.de\\\/es\\\/producto\\\/uig-ground-scanner-detector\\\/#breadcrumb\"},\"inLanguage\":\"es\",\"potentialAction\":[{\"@type\":\"ReadAction\",\"target\":[\"https:\\\/\\\/gerdetect.de\\\/es\\\/producto\\\/uig-ground-scanner-detector\\\/\"]}]},{\"@type\":\"ImageObject\",\"inLanguage\":\"es\",\"@id\":\"https:\\\/\\\/gerdetect.de\\\/es\\\/producto\\\/uig-ground-scanner-detector\\\/#primaryimage\",\"url\":\"https:\\\/\\\/gerdetect.de\\\/wp-content\\\/uploads\\\/2025\\\/10\\\/ground-scaner.png\",\"contentUrl\":\"https:\\\/\\\/gerdetect.de\\\/wp-content\\\/uploads\\\/2025\\\/10\\\/ground-scaner.png\",\"width\":1200,\"height\":1200},{\"@type\":\"BreadcrumbList\",\"@id\":\"https:\\\/\\\/gerdetect.de\\\/es\\\/producto\\\/uig-ground-scanner-detector\\\/#breadcrumb\",\"itemListElement\":[{\"@type\":\"ListItem\",\"position\":1,\"name\":\"Home\",\"item\":\"https:\\\/\\\/gerdetect.de\\\/es\\\/inicio\\\/\"},{\"@type\":\"ListItem\",\"position\":2,\"name\":\"Productos\",\"item\":\"https:\\\/\\\/gerdetect.de\\\/es\\\/shop\\\/\"},{\"@type\":\"ListItem\",\"position\":3,\"name\":\"UIG GROUND SCANNER DETECTOR\"}]},{\"@type\":\"WebSite\",\"@id\":\"https:\\\/\\\/gerdetect.de\\\/es\\\/#website\",\"url\":\"https:\\\/\\\/gerdetect.de\\\/es\\\/\",\"name\":\"GER DETECT\",\"description\":\"\",\"publisher\":{\"@id\":\"https:\\\/\\\/gerdetect.de\\\/es\\\/#organization\"},\"potentialAction\":[{\"@type\":\"SearchAction\",\"target\":{\"@type\":\"EntryPoint\",\"urlTemplate\":\"https:\\\/\\\/gerdetect.de\\\/es\\\/?s={search_term_string}\"},\"query-input\":{\"@type\":\"PropertyValueSpecification\",\"valueRequired\":true,\"valueName\":\"search_term_string\"}}],\"inLanguage\":\"es\"},{\"@type\":\"Organization\",\"@id\":\"https:\\\/\\\/gerdetect.de\\\/es\\\/#organization\",\"name\":\"GER DETECT\",\"url\":\"https:\\\/\\\/gerdetect.de\\\/es\\\/\",\"logo\":{\"@type\":\"ImageObject\",\"inLanguage\":\"es\",\"@id\":\"https:\\\/\\\/gerdetect.de\\\/es\\\/#\\\/schema\\\/logo\\\/image\\\/\",\"url\":\"https:\\\/\\\/gerdetect.de\\\/wp-content\\\/uploads\\\/2025\\\/10\\\/GER-Logo.webp\",\"contentUrl\":\"https:\\\/\\\/gerdetect.de\\\/wp-content\\\/uploads\\\/2025\\\/10\\\/GER-Logo.webp\",\"width\":2134,\"height\":2135,\"caption\":\"GER DETECT\"},\"image\":{\"@id\":\"https:\\\/\\\/gerdetect.de\\\/es\\\/#\\\/schema\\\/logo\\\/image\\\/\"}}]}<\/script>\n<!-- \/ Yoast SEO plugin. -->","yoast_head_json":{"title":"UIG GROUND SCANNER DETECTOR - GER DETECT","description":"El UIG ground scanner Es un sistema de escaneo en vivo e im\u00e1genes terrestres que utiliza tecnolog\u00eda 3D","robots":{"index":"index","follow":"follow","max-snippet":"max-snippet:-1","max-image-preview":"max-image-preview:large","max-video-preview":"max-video-preview:-1"},"canonical":"https:\/\/gerdetect.de\/es\/producto\/uig-ground-scanner-detector\/","og_locale":"es_ES","og_type":"article","og_title":"-","og_description":"El UIG ground scanner Es un sistema de escaneo en vivo e im\u00e1genes terrestres que utiliza tecnolog\u00eda 3D","og_url":"https:\/\/gerdetect.de\/es\/producto\/uig-ground-scanner-detector\/","og_site_name":"GER DETECT","article_modified_time":"2025-04-21T12:33:53+00:00","og_image":[{"width":1080,"height":1080,"url":"https:\/\/gerdetect.de\/wp-content\/uploads\/2023\/03\/grund-sceneer.jpg","type":"image\/jpeg"}],"twitter_card":"summary_large_image","twitter_title":"-","twitter_description":"El UIG ground scanner Es un sistema de escaneo en vivo e im\u00e1genes terrestres que utiliza tecnolog\u00eda 3D","twitter_misc":{"Tiempo de lectura":"4 minutos"},"schema":{"@context":"https:\/\/schema.org","@graph":[{"@type":"WebPage","@id":"https:\/\/gerdetect.de\/es\/producto\/uig-ground-scanner-detector\/","url":"https:\/\/gerdetect.de\/es\/producto\/uig-ground-scanner-detector\/","name":"UIG GROUND SCANNER DETECTOR - GER DETECT","isPartOf":{"@id":"https:\/\/gerdetect.de\/es\/#website"},"primaryImageOfPage":{"@id":"https:\/\/gerdetect.de\/es\/producto\/uig-ground-scanner-detector\/#primaryimage"},"image":{"@id":"https:\/\/gerdetect.de\/es\/producto\/uig-ground-scanner-detector\/#primaryimage"},"thumbnailUrl":"https:\/\/gerdetect.de\/wp-content\/uploads\/2025\/10\/ground-scaner.png","datePublished":"2023-03-04T09:25:09+00:00","dateModified":"2025-04-21T12:33:53+00:00","description":"El UIG ground scanner Es un sistema de escaneo en vivo e im\u00e1genes terrestres que utiliza tecnolog\u00eda 3D","breadcrumb":{"@id":"https:\/\/gerdetect.de\/es\/producto\/uig-ground-scanner-detector\/#breadcrumb"},"inLanguage":"es","potentialAction":[{"@type":"ReadAction","target":["https:\/\/gerdetect.de\/es\/producto\/uig-ground-scanner-detector\/"]}]},{"@type":"ImageObject","inLanguage":"es","@id":"https:\/\/gerdetect.de\/es\/producto\/uig-ground-scanner-detector\/#primaryimage","url":"https:\/\/gerdetect.de\/wp-content\/uploads\/2025\/10\/ground-scaner.png","contentUrl":"https:\/\/gerdetect.de\/wp-content\/uploads\/2025\/10\/ground-scaner.png","width":1200,"height":1200},{"@type":"BreadcrumbList","@id":"https:\/\/gerdetect.de\/es\/producto\/uig-ground-scanner-detector\/#breadcrumb","itemListElement":[{"@type":"ListItem","position":1,"name":"Home","item":"https:\/\/gerdetect.de\/es\/inicio\/"},{"@type":"ListItem","position":2,"name":"Productos","item":"https:\/\/gerdetect.de\/es\/shop\/"},{"@type":"ListItem","position":3,"name":"UIG GROUND SCANNER DETECTOR"}]},{"@type":"WebSite","@id":"https:\/\/gerdetect.de\/es\/#website","url":"https:\/\/gerdetect.de\/es\/","name":"GER DETECT","description":"","publisher":{"@id":"https:\/\/gerdetect.de\/es\/#organization"},"potentialAction":[{"@type":"SearchAction","target":{"@type":"EntryPoint","urlTemplate":"https:\/\/gerdetect.de\/es\/?s={search_term_string}"},"query-input":{"@type":"PropertyValueSpecification","valueRequired":true,"valueName":"search_term_string"}}],"inLanguage":"es"},{"@type":"Organization","@id":"https:\/\/gerdetect.de\/es\/#organization","name":"GER DETECT","url":"https:\/\/gerdetect.de\/es\/","logo":{"@type":"ImageObject","inLanguage":"es","@id":"https:\/\/gerdetect.de\/es\/#\/schema\/logo\/image\/","url":"https:\/\/gerdetect.de\/wp-content\/uploads\/2025\/10\/GER-Logo.webp","contentUrl":"https:\/\/gerdetect.de\/wp-content\/uploads\/2025\/10\/GER-Logo.webp","width":2134,"height":2135,"caption":"GER DETECT"},"image":{"@id":"https:\/\/gerdetect.de\/es\/#\/schema\/logo\/image\/"}}]}},"_links":{"self":[{"href":"https:\/\/gerdetect.de\/es\/wp-json\/wp\/v2\/product\/17248","targetHints":{"allow":["GET"]}}],"collection":[{"href":"https:\/\/gerdetect.de\/es\/wp-json\/wp\/v2\/product"}],"about":[{"href":"https:\/\/gerdetect.de\/es\/wp-json\/wp\/v2\/types\/product"}],"version-history":[{"count":3,"href":"https:\/\/gerdetect.de\/es\/wp-json\/wp\/v2\/product\/17248\/revisions"}],"predecessor-version":[{"id":18431,"href":"https:\/\/gerdetect.de\/es\/wp-json\/wp\/v2\/product\/17248\/revisions\/18431"}],"wp:featuredmedia":[{"embeddable":true,"href":"https:\/\/gerdetect.de\/es\/wp-json\/wp\/v2\/media\/31229"}],"wp:attachment":[{"href":"https:\/\/gerdetect.de\/es\/wp-json\/wp\/v2\/media?parent=17248"}],"wp:term":[{"taxonomy":"product_brand","embeddable":true,"href":"https:\/\/gerdetect.de\/es\/wp-json\/wp\/v2\/product_brand?post=17248"},{"taxonomy":"product_cat","embeddable":true,"href":"https:\/\/gerdetect.de\/es\/wp-json\/wp\/v2\/product_cat?post=17248"},{"taxonomy":"product_tag","embeddable":true,"href":"https:\/\/gerdetect.de\/es\/wp-json\/wp\/v2\/product_tag?post=17248"}],"curies":[{"name":"wp","href":"https:\/\/api.w.org\/{rel}","templated":true}]}}