{"id":17267,"date":"2023-01-20T22:33:04","date_gmt":"2023-01-20T19:33:04","guid":{"rendered":"https:\/\/gerdetect.de\/product\/uig-pointer-detector\/"},"modified":"2024-09-10T14:43:37","modified_gmt":"2024-09-10T11:43:37","slug":"uig-pointer-detector","status":"publish","type":"product","link":"https:\/\/gerdetect.de\/es\/producto\/uig-pointer-detector\/","title":{"rendered":"UIG POINTER DETECTOR"},"content":{"rendered":"\t\t<div data-elementor-type=\"product-post\" data-elementor-id=\"17267\" class=\"elementor elementor-17267 elementor-11503\" data-elementor-post-type=\"product\">\n\t\t\t\t<div class=\"wd-negative-gap elementor-element elementor-element-da3a023 e-flex e-con-boxed e-con e-parent\" data-id=\"da3a023\" data-element_type=\"container\" data-e-type=\"container\">\n\t\t\t\t\t<div class=\"e-con-inner\">\n\t\t\t\t<div class=\"elementor-element elementor-element-5717600 elementor-widget elementor-widget-heading\" data-id=\"5717600\" data-element_type=\"widget\" data-e-type=\"widget\" data-widget_type=\"heading.default\">\n\t\t\t\t<div class=\"elementor-widget-container\">\n\t\t\t\t\t<h2 class=\"elementor-heading-title elementor-size-default\">UIG POINTER DETECTOR<\/h2>\t\t\t\t<\/div>\n\t\t\t\t<\/div>\n\t\t\t\t\t<\/div>\n\t\t\t\t<\/div>\n\t\t<div class=\"wd-negative-gap elementor-element elementor-element-26649db6 e-flex e-con-boxed e-con e-parent\" data-id=\"26649db6\" data-element_type=\"container\" data-e-type=\"container\">\n\t\t\t\t\t<div class=\"e-con-inner\">\n\t\t\t\t<div class=\"elementor-element elementor-element-4329850e color-scheme-inherit text-left elementor-widget elementor-widget-text-editor\" data-id=\"4329850e\" data-element_type=\"widget\" data-e-type=\"widget\" data-widget_type=\"text-editor.default\">\n\t\t\t\t<div class=\"elementor-widget-container\">\n\t\t\t\t\t\t\t\t\t<img loading=\"lazy\" decoding=\"async\" class=\"alignnone size-full wp-image-12229\" src=\"https:\/\/gerdetect.de\/wp-content\/uploads\/2023\/01\/uig-pointer-0.jpg\" alt=\"\" width=\"1024\" height=\"285\" srcset=\"https:\/\/gerdetect.de\/wp-content\/uploads\/2023\/01\/uig-pointer-0.jpg 1024w, https:\/\/gerdetect.de\/wp-content\/uploads\/2023\/01\/uig-pointer-0-430x120.jpg 430w, https:\/\/gerdetect.de\/wp-content\/uploads\/2023\/01\/uig-pointer-0-150x42.jpg 150w, https:\/\/gerdetect.de\/wp-content\/uploads\/2023\/01\/uig-pointer-0-700x195.jpg 700w, https:\/\/gerdetect.de\/wp-content\/uploads\/2023\/01\/uig-pointer-0-400x111.jpg 400w, https:\/\/gerdetect.de\/wp-content\/uploads\/2023\/01\/uig-pointer-0-768x214.jpg 768w, https:\/\/gerdetect.de\/wp-content\/uploads\/2023\/01\/uig-pointer-0-860x239.jpg 860w\" sizes=\"auto, (max-width: 1024px) 100vw, 1024px\" \/>\n<h4><\/h4>\n<h5>GER DETECT, en colaboraci\u00f3n con UIG DETECTORS, ha dise\u00f1ado el UIG POINTER, el primero de su tipo en el mundo en detectar metales, distinguiendo al mismo tiempo si son preciosos o no El mejor dispositivo para detectar oro y metales preciosos: multiuso y alta eficiencia en todas las condiciones y regiones. UIG POINTER se caracteriza por su alta capacidad para distinguir entre metales preciosos y no preciosos emitiendo dos sonidos diferentes: Sonido de metales preciosos. Sonido de metales no preciosos.  <\/h5>\n<h4>Caracter\u00edsticas <span style=\"color: #ff7900;\">del sistema UIG POINTER<\/span><\/h4>\n<h5>UIG POINTER tiene cuatro botones:<\/h5>\n<h5>Bot\u00f3n de encendido: UIG POINTER se enciende despu\u00e9s de presionar prolongadamente el bot\u00f3n ON. Bot\u00f3n de alerta vibratoria: Presione este bot\u00f3n para activar la alerta vibratoria (cuando se detecta un metal). Bot\u00f3n de luz: Este bot\u00f3n activa la funci\u00f3n de iluminaci\u00f3n para ayudar a los buscadores a buscar en lugares oscuros. Bot\u00f3n de calibraci\u00f3n: Debe presionar este bot\u00f3n en caso de cualquier interferencia que pueda afectar el funcionamiento del dispositivo.  <\/h5>\n<h5>El UIG POINTER es ligero y f\u00e1cil de usar. Este dispositivo est\u00e1 dise\u00f1ado para adaptarse a todos los pa\u00edses y regiones. UIG POINTER es una de las mejores industrias alemanas con certificaci\u00f3n CE europea de acuerdo con las especificaciones internacionales. El UIG POINTER tiene su patente (un certificado de origen) y una garant\u00eda de un a\u00f1o a partir de la fecha de compra, muy bien valorado por la industria alemana.   <\/h5>\t\t\t\t\t\t\t\t<\/div>\n\t\t\t\t<\/div>\n\t\t\t\t\t<\/div>\n\t\t\t\t<\/div>\n\t\t<div class=\"wd-negative-gap elementor-element elementor-element-0d5498c e-flex e-con-boxed e-con e-parent\" data-id=\"0d5498c\" data-element_type=\"container\" data-e-type=\"container\">\n\t\t\t\t\t<div class=\"e-con-inner\">\n\t\t\t\t<div class=\"elementor-element elementor-element-50f9615 elementor-widget elementor-widget-video\" data-id=\"50f9615\" data-element_type=\"widget\" data-e-type=\"widget\" data-settings=\"{&quot;youtube_url&quot;:&quot;https:\\\/\\\/youtu.be\\\/f7UhhniJco4?si=tqJ0lm7rgz-YRG81&quot;,&quot;video_type&quot;:&quot;youtube&quot;,&quot;controls&quot;:&quot;yes&quot;}\" data-widget_type=\"video.default\">\n\t\t\t\t<div class=\"elementor-widget-container\">\n\t\t\t\t\t\t\t<div class=\"elementor-wrapper elementor-open-inline\">\n\t\t\t<div class=\"elementor-video\"><\/div>\t\t<\/div>\n\t\t\t\t\t\t<\/div>\n\t\t\t\t<\/div>\n\t\t\t\t\t<\/div>\n\t\t\t\t<\/div>\n\t\t\t\t<\/div>\n\t\t","protected":false},"excerpt":{"rendered":"<h4 class=\"card-title dark-blue text-left font-weight-bold\"><span style=\"color: #ff7900;\">Est\u00e1 dise\u00f1ado para detectar todo tipo de metales y distinguir entre metales preciosos y no preciosos.<\/span><\/h4>\n","protected":false},"featured_media":17229,"template":"","meta":[],"product_brand":[],"product_cat":[278],"product_tag":[],"class_list":{"0":"post-17267","1":"product","2":"type-product","3":"status-publish","4":"has-post-thumbnail","6":"product_cat-detectores-de-oro-y-metales","8":"first","9":"instock","10":"shipping-taxable","11":"purchasable","12":"product-type-simple"},"yoast_head":"<!-- This site is optimized with the Yoast SEO plugin v27.3 - https:\/\/yoast.com\/product\/yoast-seo-wordpress\/ -->\n<title>UIG POINTER DETECTOR - GER DETECT<\/title>\n<meta name=\"description\" content=\"Detector de metales UIG Pointer: detecci\u00f3n de oro, pepitas de oro, metales preciosos y no preciosos, monedas y oro en bruto\" \/>\n<meta name=\"robots\" content=\"index, follow, max-snippet:-1, max-image-preview:large, max-video-preview:-1\" \/>\n<link rel=\"canonical\" href=\"https:\/\/gerdetect.de\/es\/producto\/uig-pointer-detector\/\" \/>\n<meta property=\"og:locale\" content=\"es_ES\" \/>\n<meta property=\"og:type\" content=\"article\" \/>\n<meta property=\"og:title\" content=\"-\" \/>\n<meta property=\"og:description\" content=\"UIG POINTER de GER DETECT - tiene la capacidad de distinguir entre metales subterr\u00e1neos preciosos y no preciosos.\" \/>\n<meta property=\"og:url\" content=\"https:\/\/gerdetect.de\/es\/producto\/uig-pointer-detector\/\" \/>\n<meta property=\"og:site_name\" content=\"GER DETECT\" \/>\n<meta property=\"article:modified_time\" content=\"2024-09-10T11:43:37+00:00\" \/>\n<meta property=\"og:image\" content=\"https:\/\/uigdetectors.com.tr\/wp-content\/uploads\/2017\/12\/uig-pointer-metal-detector.jpg\" \/>\n<meta name=\"twitter:card\" content=\"summary_large_image\" \/>\n<meta name=\"twitter:title\" content=\"-\" \/>\n<meta name=\"twitter:description\" content=\"UIG POINTER de GER DETECT - tiene la capacidad de distinguir entre metales subterr\u00e1neos preciosos y no preciosos.\" \/>\n<meta name=\"twitter:image\" content=\"https:\/\/uigdetectors.com.tr\/wp-content\/uploads\/2017\/12\/uig-pointer-metal-detector.jpg\" \/>\n<meta name=\"twitter:label1\" content=\"Tiempo de lectura\" \/>\n\t<meta name=\"twitter:data1\" content=\"1 minuto\" \/>\n<script type=\"application\/ld+json\" class=\"yoast-schema-graph\">{\"@context\":\"https:\\\/\\\/schema.org\",\"@graph\":[{\"@type\":\"WebPage\",\"@id\":\"https:\\\/\\\/gerdetect.de\\\/es\\\/producto\\\/uig-pointer-detector\\\/\",\"url\":\"https:\\\/\\\/gerdetect.de\\\/es\\\/producto\\\/uig-pointer-detector\\\/\",\"name\":\"UIG POINTER DETECTOR - GER DETECT\",\"isPartOf\":{\"@id\":\"https:\\\/\\\/gerdetect.de\\\/es\\\/#website\"},\"primaryImageOfPage\":{\"@id\":\"https:\\\/\\\/gerdetect.de\\\/es\\\/producto\\\/uig-pointer-detector\\\/#primaryimage\"},\"image\":{\"@id\":\"https:\\\/\\\/gerdetect.de\\\/es\\\/producto\\\/uig-pointer-detector\\\/#primaryimage\"},\"thumbnailUrl\":\"https:\\\/\\\/gerdetect.de\\\/wp-content\\\/uploads\\\/2023\\\/01\\\/pointer.jpg\",\"datePublished\":\"2023-01-20T19:33:04+00:00\",\"dateModified\":\"2024-09-10T11:43:37+00:00\",\"description\":\"Detector de metales UIG Pointer: detecci\u00f3n de oro, pepitas de oro, metales preciosos y no preciosos, monedas y oro en bruto\",\"breadcrumb\":{\"@id\":\"https:\\\/\\\/gerdetect.de\\\/es\\\/producto\\\/uig-pointer-detector\\\/#breadcrumb\"},\"inLanguage\":\"es\",\"potentialAction\":[{\"@type\":\"ReadAction\",\"target\":[\"https:\\\/\\\/gerdetect.de\\\/es\\\/producto\\\/uig-pointer-detector\\\/\"]}]},{\"@type\":\"ImageObject\",\"inLanguage\":\"es\",\"@id\":\"https:\\\/\\\/gerdetect.de\\\/es\\\/producto\\\/uig-pointer-detector\\\/#primaryimage\",\"url\":\"https:\\\/\\\/gerdetect.de\\\/wp-content\\\/uploads\\\/2023\\\/01\\\/pointer.jpg\",\"contentUrl\":\"https:\\\/\\\/gerdetect.de\\\/wp-content\\\/uploads\\\/2023\\\/01\\\/pointer.jpg\",\"width\":1080,\"height\":1080},{\"@type\":\"BreadcrumbList\",\"@id\":\"https:\\\/\\\/gerdetect.de\\\/es\\\/producto\\\/uig-pointer-detector\\\/#breadcrumb\",\"itemListElement\":[{\"@type\":\"ListItem\",\"position\":1,\"name\":\"Home\",\"item\":\"https:\\\/\\\/gerdetect.de\\\/es\\\/inicio\\\/\"},{\"@type\":\"ListItem\",\"position\":2,\"name\":\"Productos\",\"item\":\"https:\\\/\\\/gerdetect.de\\\/es\\\/shop\\\/\"},{\"@type\":\"ListItem\",\"position\":3,\"name\":\"UIG POINTER DETECTOR\"}]},{\"@type\":\"WebSite\",\"@id\":\"https:\\\/\\\/gerdetect.de\\\/es\\\/#website\",\"url\":\"https:\\\/\\\/gerdetect.de\\\/es\\\/\",\"name\":\"GER DETECT\",\"description\":\"\",\"publisher\":{\"@id\":\"https:\\\/\\\/gerdetect.de\\\/es\\\/#organization\"},\"potentialAction\":[{\"@type\":\"SearchAction\",\"target\":{\"@type\":\"EntryPoint\",\"urlTemplate\":\"https:\\\/\\\/gerdetect.de\\\/es\\\/?s={search_term_string}\"},\"query-input\":{\"@type\":\"PropertyValueSpecification\",\"valueRequired\":true,\"valueName\":\"search_term_string\"}}],\"inLanguage\":\"es\"},{\"@type\":\"Organization\",\"@id\":\"https:\\\/\\\/gerdetect.de\\\/es\\\/#organization\",\"name\":\"GER DETECT\",\"url\":\"https:\\\/\\\/gerdetect.de\\\/es\\\/\",\"logo\":{\"@type\":\"ImageObject\",\"inLanguage\":\"es\",\"@id\":\"https:\\\/\\\/gerdetect.de\\\/es\\\/#\\\/schema\\\/logo\\\/image\\\/\",\"url\":\"https:\\\/\\\/gerdetect.de\\\/wp-content\\\/uploads\\\/2025\\\/10\\\/GER-Logo.webp\",\"contentUrl\":\"https:\\\/\\\/gerdetect.de\\\/wp-content\\\/uploads\\\/2025\\\/10\\\/GER-Logo.webp\",\"width\":2134,\"height\":2135,\"caption\":\"GER DETECT\"},\"image\":{\"@id\":\"https:\\\/\\\/gerdetect.de\\\/es\\\/#\\\/schema\\\/logo\\\/image\\\/\"}}]}<\/script>\n<!-- \/ Yoast SEO plugin. -->","yoast_head_json":{"title":"UIG POINTER DETECTOR - GER DETECT","description":"Detector de metales UIG Pointer: detecci\u00f3n de oro, pepitas de oro, metales preciosos y no preciosos, monedas y oro en bruto","robots":{"index":"index","follow":"follow","max-snippet":"max-snippet:-1","max-image-preview":"max-image-preview:large","max-video-preview":"max-video-preview:-1"},"canonical":"https:\/\/gerdetect.de\/es\/producto\/uig-pointer-detector\/","og_locale":"es_ES","og_type":"article","og_title":"-","og_description":"UIG POINTER de GER DETECT - tiene la capacidad de distinguir entre metales subterr\u00e1neos preciosos y no preciosos.","og_url":"https:\/\/gerdetect.de\/es\/producto\/uig-pointer-detector\/","og_site_name":"GER DETECT","article_modified_time":"2024-09-10T11:43:37+00:00","og_image":[{"url":"https:\/\/uigdetectors.com.tr\/wp-content\/uploads\/2017\/12\/uig-pointer-metal-detector.jpg","type":"","width":"","height":""}],"twitter_card":"summary_large_image","twitter_title":"-","twitter_description":"UIG POINTER de GER DETECT - tiene la capacidad de distinguir entre metales subterr\u00e1neos preciosos y no preciosos.","twitter_image":"https:\/\/uigdetectors.com.tr\/wp-content\/uploads\/2017\/12\/uig-pointer-metal-detector.jpg","twitter_misc":{"Tiempo de lectura":"1 minuto"},"schema":{"@context":"https:\/\/schema.org","@graph":[{"@type":"WebPage","@id":"https:\/\/gerdetect.de\/es\/producto\/uig-pointer-detector\/","url":"https:\/\/gerdetect.de\/es\/producto\/uig-pointer-detector\/","name":"UIG POINTER DETECTOR - GER DETECT","isPartOf":{"@id":"https:\/\/gerdetect.de\/es\/#website"},"primaryImageOfPage":{"@id":"https:\/\/gerdetect.de\/es\/producto\/uig-pointer-detector\/#primaryimage"},"image":{"@id":"https:\/\/gerdetect.de\/es\/producto\/uig-pointer-detector\/#primaryimage"},"thumbnailUrl":"https:\/\/gerdetect.de\/wp-content\/uploads\/2023\/01\/pointer.jpg","datePublished":"2023-01-20T19:33:04+00:00","dateModified":"2024-09-10T11:43:37+00:00","description":"Detector de metales UIG Pointer: detecci\u00f3n de oro, pepitas de oro, metales preciosos y no preciosos, monedas y oro en bruto","breadcrumb":{"@id":"https:\/\/gerdetect.de\/es\/producto\/uig-pointer-detector\/#breadcrumb"},"inLanguage":"es","potentialAction":[{"@type":"ReadAction","target":["https:\/\/gerdetect.de\/es\/producto\/uig-pointer-detector\/"]}]},{"@type":"ImageObject","inLanguage":"es","@id":"https:\/\/gerdetect.de\/es\/producto\/uig-pointer-detector\/#primaryimage","url":"https:\/\/gerdetect.de\/wp-content\/uploads\/2023\/01\/pointer.jpg","contentUrl":"https:\/\/gerdetect.de\/wp-content\/uploads\/2023\/01\/pointer.jpg","width":1080,"height":1080},{"@type":"BreadcrumbList","@id":"https:\/\/gerdetect.de\/es\/producto\/uig-pointer-detector\/#breadcrumb","itemListElement":[{"@type":"ListItem","position":1,"name":"Home","item":"https:\/\/gerdetect.de\/es\/inicio\/"},{"@type":"ListItem","position":2,"name":"Productos","item":"https:\/\/gerdetect.de\/es\/shop\/"},{"@type":"ListItem","position":3,"name":"UIG POINTER DETECTOR"}]},{"@type":"WebSite","@id":"https:\/\/gerdetect.de\/es\/#website","url":"https:\/\/gerdetect.de\/es\/","name":"GER DETECT","description":"","publisher":{"@id":"https:\/\/gerdetect.de\/es\/#organization"},"potentialAction":[{"@type":"SearchAction","target":{"@type":"EntryPoint","urlTemplate":"https:\/\/gerdetect.de\/es\/?s={search_term_string}"},"query-input":{"@type":"PropertyValueSpecification","valueRequired":true,"valueName":"search_term_string"}}],"inLanguage":"es"},{"@type":"Organization","@id":"https:\/\/gerdetect.de\/es\/#organization","name":"GER DETECT","url":"https:\/\/gerdetect.de\/es\/","logo":{"@type":"ImageObject","inLanguage":"es","@id":"https:\/\/gerdetect.de\/es\/#\/schema\/logo\/image\/","url":"https:\/\/gerdetect.de\/wp-content\/uploads\/2025\/10\/GER-Logo.webp","contentUrl":"https:\/\/gerdetect.de\/wp-content\/uploads\/2025\/10\/GER-Logo.webp","width":2134,"height":2135,"caption":"GER DETECT"},"image":{"@id":"https:\/\/gerdetect.de\/es\/#\/schema\/logo\/image\/"}}]}},"_links":{"self":[{"href":"https:\/\/gerdetect.de\/es\/wp-json\/wp\/v2\/product\/17267","targetHints":{"allow":["GET"]}}],"collection":[{"href":"https:\/\/gerdetect.de\/es\/wp-json\/wp\/v2\/product"}],"about":[{"href":"https:\/\/gerdetect.de\/es\/wp-json\/wp\/v2\/types\/product"}],"version-history":[{"count":1,"href":"https:\/\/gerdetect.de\/es\/wp-json\/wp\/v2\/product\/17267\/revisions"}],"predecessor-version":[{"id":17268,"href":"https:\/\/gerdetect.de\/es\/wp-json\/wp\/v2\/product\/17267\/revisions\/17268"}],"wp:featuredmedia":[{"embeddable":true,"href":"https:\/\/gerdetect.de\/es\/wp-json\/wp\/v2\/media\/17229"}],"wp:attachment":[{"href":"https:\/\/gerdetect.de\/es\/wp-json\/wp\/v2\/media?parent=17267"}],"wp:term":[{"taxonomy":"product_brand","embeddable":true,"href":"https:\/\/gerdetect.de\/es\/wp-json\/wp\/v2\/product_brand?post=17267"},{"taxonomy":"product_cat","embeddable":true,"href":"https:\/\/gerdetect.de\/es\/wp-json\/wp\/v2\/product_cat?post=17267"},{"taxonomy":"product_tag","embeddable":true,"href":"https:\/\/gerdetect.de\/es\/wp-json\/wp\/v2\/product_tag?post=17267"}],"curies":[{"name":"wp","href":"https:\/\/api.w.org\/{rel}","templated":true}]}}