{"id":17286,"date":"2023-01-20T22:33:03","date_gmt":"2023-01-20T19:33:03","guid":{"rendered":"https:\/\/gerdetect.de\/product\/easy-way-smart-detector\/"},"modified":"2025-04-21T15:33:43","modified_gmt":"2025-04-21T12:33:43","slug":"easy-way-smart-detector","status":"publish","type":"product","link":"https:\/\/gerdetect.de\/es\/producto\/easy-way-smart-detector\/","title":{"rendered":"EASY WAY SMART DETECTOR"},"content":{"rendered":"\t\t<div data-elementor-type=\"product-post\" data-elementor-id=\"17286\" class=\"elementor elementor-17286 elementor-11502\" data-elementor-post-type=\"product\">\n\t\t\t\t<div class=\"wd-negative-gap elementor-element elementor-element-3794322 e-flex e-con-boxed e-con e-parent\" data-id=\"3794322\" data-element_type=\"container\" data-e-type=\"container\">\n\t\t\t\t\t<div class=\"e-con-inner\">\n\t\t\t\t<div class=\"elementor-element elementor-element-7635d37 elementor-widget elementor-widget-heading\" data-id=\"7635d37\" data-element_type=\"widget\" data-e-type=\"widget\" data-widget_type=\"heading.default\">\n\t\t\t\t<div class=\"elementor-widget-container\">\n\t\t\t\t\t<h2 class=\"elementor-heading-title elementor-size-default\">EASY WAY SMART DETECTOR<\/h2>\t\t\t\t<\/div>\n\t\t\t\t<\/div>\n\t\t\t\t\t<\/div>\n\t\t\t\t<\/div>\n\t\t<div class=\"wd-negative-gap elementor-element elementor-element-34292b1c e-flex e-con-boxed e-con e-parent\" data-id=\"34292b1c\" data-element_type=\"container\" data-e-type=\"container\">\n\t\t\t\t\t<div class=\"e-con-inner\">\n\t\t\t\t<div class=\"elementor-element elementor-element-14a62d53 color-scheme-inherit text-left elementor-widget elementor-widget-text-editor\" data-id=\"14a62d53\" data-element_type=\"widget\" data-e-type=\"widget\" data-widget_type=\"text-editor.default\">\n\t\t\t\t<div class=\"elementor-widget-container\">\n\t\t\t\t\t\t\t\t\t<img loading=\"lazy\" decoding=\"async\" class=\"alignnone size-full wp-image-12157\" src=\"https:\/\/gerdetect.de\/wp-content\/uploads\/2023\/01\/easy-way-smart-0.jpg\" alt=\"\" width=\"1024\" height=\"285\" srcset=\"https:\/\/gerdetect.de\/wp-content\/uploads\/2023\/01\/easy-way-smart-0.jpg 1024w, https:\/\/gerdetect.de\/wp-content\/uploads\/2023\/01\/easy-way-smart-0-430x120.jpg 430w, https:\/\/gerdetect.de\/wp-content\/uploads\/2023\/01\/easy-way-smart-0-150x42.jpg 150w, https:\/\/gerdetect.de\/wp-content\/uploads\/2023\/01\/easy-way-smart-0-700x195.jpg 700w, https:\/\/gerdetect.de\/wp-content\/uploads\/2023\/01\/easy-way-smart-0-400x111.jpg 400w, https:\/\/gerdetect.de\/wp-content\/uploads\/2023\/01\/easy-way-smart-0-768x214.jpg 768w, https:\/\/gerdetect.de\/wp-content\/uploads\/2023\/01\/easy-way-smart-0-860x239.jpg 860w\" sizes=\"auto, (max-width: 1024px) 100vw, 1024px\" \/>\n<h4><\/h4>\n<h5>Tras el tremendo \u00e9xito obtenido por GER Detect en colaboraci\u00f3n con UIG Detectors con el dispositivo EASY WAY PLUS, GER Detect ha actualizado completamente este dispositivo para ayudar a los buscadores a acortar el tiempo y la distancia en la b\u00fasqueda del objetivo. La \u00fanica tecnolog\u00eda del mundo que combina dos sistemas en un solo dispositivo. Especializado en la prospecci\u00f3n y b\u00fasqueda de oro, metales preciosos, enterramientos, cuevas y huecos en el interior del suelo, con confidencialidad y facilidad. El dispositivo m\u00e1s peque\u00f1o con un sistema de detecci\u00f3n por radar y un sistema de im\u00e1genes en 3D, completamente ocultable.   <\/h5>\n<h4>Sistemas <span style=\"color: #ff7900;\">Sistema de radar de largo alcance:<\/span><\/h4>\n<h5>GER Detect ha inventado el primer dispositivo de su tipo en el mundo con un sistema de sensor de radar de empu\u00f1adura \u00fanica. Una empu\u00f1adura es altamente efectiva con una estructura de radar caracterizada por el an\u00e1lisis de ondas de radar que miden las caracter\u00edsticas de un objetivo. En otras palabras, es un radar de doble frecuencia de alta precisi\u00f3n y un transmisor y receptor de las se\u00f1ales provenientes de los objetivos. Un sistema de radar con integraci\u00f3n de algoritmos especiales y sofisticados para detectar la ubicaci\u00f3n del objetivo, capacidad constante para detectar y medir peque\u00f1os objetivos en el suelo. El alcance frontal en el sistema de largo alcance puede alcanzar hasta 2000 metros cuadrados, lo que equivale a 500 metros en cada direcci\u00f3n, tambi\u00e9n puede alcanzar una profundidad de 18 metros en el suelo.    <\/h5>\n<h4><span style=\"color: #ff7900;\">Sistema de im\u00e1genes 3D:<\/span><\/h4>\n<h5>Este sistema est\u00e1 dise\u00f1ado para evitar errores causados por el uso del sistema de largo alcance por parte del prospector y para confirmar la existencia del objetivo. Despu\u00e9s de identificar el objetivo con el sistema de radar, puede realizar un escaneo del objetivo detectado con el sistema de im\u00e1genes 3D. El dispositivo EASY WAY SMART tiene varias caracter\u00edsticas: Este sistema est\u00e1 respaldado por una aplicaci\u00f3n Android que funciona en varios idiomas, a saber: (alem\u00e1n &#8211; ingl\u00e9s &#8211; franc\u00e9s &#8211; italiano &#8211; espa\u00f1ol &#8211; \u00e1rabe &#8211; portugu\u00e9s &#8211; ruso). Calibraci\u00f3n autom\u00e1tica con suelo. Funci\u00f3n de escaneo autom\u00e1tico del suelo. Alcanza una profundidad de 18 metros bajo tierra.     <\/h5>\n<h2 class=\"font-weight-bold dark-grey my-4\"><span style=\"color: #ff7900;\">Especificaciones t\u00e9cnicas<\/span><\/h2>\n<div id=\"par3\" class=\"\">\n<div class=\"my-4\">\n<table class=\"table table-striped table-bordered\">\n<thead class=\"thead-dark\">\n<tr>\n<th scope=\"col\"><\/th>\n<th scope=\"col\"><\/th>\n<\/tr>\n<\/thead>\n<tbody id=\"technicalContainer\">\n<tr>\n<td>Salida de audio<\/td><td>zumbador piezoel\u00e9ctrico \u00d8:12mm &#8211; H:9.8mm nivel de presi\u00f3n sonora 85db a 12v\/10cm frecuencia 4.5\u00b10.5 KHz<\/td>\n<\/tr>\n<tr>\n<td>Longitud<\/td><td>Del dispositivo (unidad principal): 145.5 mm<\/td>\n<\/tr>\n<tr>\n<td>Velocidad de procesamiento de datos<\/td><td>12 MHz<\/td>\n<\/tr>\n<tr>\n<td>Rango de temperatura de funcionamiento:<\/td><td>0 C\u00b0 a 70 C\u00b0<\/td>\n<\/tr>\n<tr>\n<td>Rango de humedad de funcionamiento<\/td><td>hasta 95 % sin condensaci\u00f3n<\/td>\n<\/tr>\n<tr>\n<td>Rango de temperatura de almacenamiento<\/td><td>&#8211; 20C\u00b0 a 70C\u00b0<\/td>\n<\/tr>\n<tr>\n<td>Rango de humedad de almacenamiento<\/td><td>hasta 98 % de humedad relativa<\/td>\n<\/tr>\n<tr>\n<td>Tiempo de funcionamiento (bater\u00eda de 7,56 Wh)<\/td><td>10 Horas<\/td>\n<\/tr>\n<tr>\n<td>Clasificaci\u00f3n de resistencia al agua: el detector<\/td><td>no es resistente al agua (solo es resistente a la intemperie)<\/td>\n<\/tr>\n<tr>\n<td>M\u00f3dulo Bluetooth<\/td><td>HC-06 &#8211; radio de 2.4 GHz <\/td>\n<\/tr>\n<tr>\n<td class=\"table-dark\" colspan=\"2\"><span style=\"color: #ff6600;\">Especificaciones t\u00e9cnicas de la bater\u00eda de iones de litio<\/span><\/td>\n<\/tr>\n<tr>\n<td>Tipo<\/td><td>Bater\u00eda recargable de iones de litio &#8211; bater\u00eda interna<\/td>\n<\/tr>\n<tr>\n<td>Voltaje de salida<\/td><td>Li-ion 3.6 VDC<\/td>\n<\/tr>\n<tr>\n<td>Capacidad<\/td><td>Li-ion 7.56 Wh<\/td>\n<\/tr>\n<tr>\n<td>Tiempo de ejecuci\u00f3n<\/td><td>10 Hours<\/td>\n<\/tr>\n<tr>\n<td>Temperatura de funcionamiento de la bater\u00eda<\/td><td>0 C\u00b0 a 60 C\u00b0<\/td>\n<\/tr>\n<tr>\n<td>Temperatura de almacenamiento de la bater\u00eda<\/td><td>: 2 \u00b0C a 70 \u00b0C<\/td>\n<\/tr>\n<tr>\n<td class=\"table-dark\" colspan=\"2\"><span style=\"color: #ff6600;\">Especificaciones t\u00e9cnicas del cargador de bater\u00eda de iones de litio el\u00e9ctrico !!!<\/span><\/td>\n<\/tr>\n<tr>\n<td>Temperatura de funcionamiento:<\/td><td>0 C\u00b0 a 50 C\u00b0<\/td>\n<\/tr>\n<tr>\n<td>Temperatura de almacenamiento:<\/td><td>30C\u00b0 a 80C\u00b0<\/td>\n<\/tr>\n<tr>\n<td>Voltaje de entrada<\/td><td>90 \u2192 250 VAC 50\u219260 Hz<\/td>\n<\/tr>\n<tr>\n<td>Corriente de salida<\/td><td>5 VDC \/ 2000 mA<\/td>\n<\/tr>\n<tr>\n<td class=\"table-dark\" colspan=\"2\">Especificaciones t\u00e9cnicas del cargador de bater\u00eda de iones de litio para autom\u00f3vil !!!<\/td>\n<\/tr>\n<tr>\n<td>Voltaje de entrada<\/td><td>11 \u2192 15 VDC<\/td>\n<\/tr>\n<tr>\n<td>Corriente de salida<\/td><td>5 VDC \/ 2100 mA<\/td>\n<\/tr>\n<tr>\n<td class=\"table-dark\" colspan=\"2\"><span style=\"color: #ff6600;\">Otras especificaciones t\u00e9cnicas<\/span><\/td>\n<\/tr>\n<tr>\n<td>Peso total<\/td><td>3550 g<\/td>\n<\/tr>\n<tr>\n<td>Peso del dispositivo<\/td><td>230 g<\/td>\n<\/tr>\n<tr>\n<td>Peso de la bater\u00eda<\/td><td>65 g<\/td>\n<\/tr>\n<tr>\n<td>Peso de la bolsa (vac\u00eda)<\/td><td>2135 g<\/td>\n<\/tr>\n<tr>\n<td>Dimensiones de la bolsa<\/td><td>460mm x 175mm x 342mm<\/td>\n<\/tr>\n<\/tbody>\n<\/table>\n<\/div>\n<\/div>\t\t\t\t\t\t\t\t<\/div>\n\t\t\t\t<\/div>\n\t\t\t\t\t<\/div>\n\t\t\t\t<\/div>\n\t\t<div class=\"wd-negative-gap elementor-element elementor-element-9824c8b e-flex e-con-boxed e-con e-parent\" data-id=\"9824c8b\" data-element_type=\"container\" data-e-type=\"container\">\n\t\t\t\t\t<div class=\"e-con-inner\">\n\t\t\t\t<div class=\"elementor-element elementor-element-c3ba683 elementor-widget elementor-widget-video\" data-id=\"c3ba683\" data-element_type=\"widget\" data-e-type=\"widget\" data-settings=\"{&quot;youtube_url&quot;:&quot;https:\\\/\\\/youtu.be\\\/LocPnpT2Vpw?si=h0Xsbde8ajiq7v5h&quot;,&quot;video_type&quot;:&quot;youtube&quot;,&quot;controls&quot;:&quot;yes&quot;}\" data-widget_type=\"video.default\">\n\t\t\t\t<div class=\"elementor-widget-container\">\n\t\t\t\t\t\t\t<div class=\"elementor-wrapper elementor-open-inline\">\n\t\t\t<div class=\"elementor-video\"><\/div>\t\t<\/div>\n\t\t\t\t\t\t<\/div>\n\t\t\t\t<\/div>\n\t\t\t\t\t<\/div>\n\t\t\t\t<\/div>\n\t\t\t\t<\/div>\n\t\t","protected":false},"excerpt":{"rendered":"<h4 class=\"card-title dark-blue text-left font-weight-bold\"><span style=\"color: #ff7900;\">El dispositivo m\u00e1s peque\u00f1o con un sistema de detecci\u00f3n de radar y un sistema de im\u00e1genes 3D<\/span><\/h4>\n","protected":false},"featured_media":31258,"template":"","meta":[],"product_brand":[],"product_cat":[278,312],"product_tag":[],"class_list":{"0":"post-17286","1":"product","2":"type-product","3":"status-publish","4":"has-post-thumbnail","6":"product_cat-detectores-de-oro-y-metales","7":"product_cat-es-products","9":"first","10":"instock","11":"shipping-taxable","12":"purchasable","13":"product-type-simple"},"yoast_head":"<!-- This site is optimized with the Yoast SEO plugin v27.3 - https:\/\/yoast.com\/product\/yoast-seo-wordpress\/ -->\n<title>EASY WAY SMART DETECTOR - GER DETECT<\/title>\n<meta name=\"description\" content=\"Detector de metales Easy Way Smart 2 Systems: metales preciosos, tesoros, huecos, cuevas, plata, bronce, cobre y oro en bruto, esc\u00e1ner 3D\" \/>\n<meta name=\"robots\" content=\"index, follow, max-snippet:-1, max-image-preview:large, max-video-preview:-1\" \/>\n<link rel=\"canonical\" href=\"https:\/\/gerdetect.de\/es\/producto\/easy-way-smart-detector\/\" \/>\n<meta property=\"og:locale\" content=\"es_ES\" \/>\n<meta property=\"og:type\" content=\"article\" \/>\n<meta property=\"og:title\" content=\"-\" \/>\n<meta property=\"og:description\" content=\"DISPOSITIVO DE SISTEMA DUAL INTELIGENTE EASY WAY El dispositivo m\u00e1s peque\u00f1o con sistema de detecci\u00f3n de radar y sistema de im\u00e1genes 3D, completamente ocultable.\" \/>\n<meta property=\"og:url\" content=\"https:\/\/gerdetect.de\/es\/producto\/easy-way-smart-detector\/\" \/>\n<meta property=\"og:site_name\" content=\"GER DETECT\" \/>\n<meta property=\"article:modified_time\" content=\"2025-04-21T12:33:43+00:00\" \/>\n<meta property=\"og:image\" content=\"https:\/\/uigdetectors.com.tr\/wp-content\/uploads\/2017\/12\/easy-way-smart-gold-and-metal-detector.jpg\" \/>\n<meta name=\"twitter:card\" content=\"summary_large_image\" \/>\n<meta name=\"twitter:title\" content=\"-\" \/>\n<meta name=\"twitter:description\" content=\"DISPOSITIVO DE SISTEMA DUAL INTELIGENTE EASY WAY El dispositivo m\u00e1s peque\u00f1o con sistema de detecci\u00f3n de radar y sistema de im\u00e1genes 3D, completamente ocultable.\" \/>\n<meta name=\"twitter:image\" content=\"https:\/\/uigdetectors.com.tr\/wp-content\/uploads\/2017\/12\/easy-way-smart-gold-and-metal-detector.jpg\" \/>\n<meta name=\"twitter:label1\" content=\"Tiempo de lectura\" \/>\n\t<meta name=\"twitter:data1\" content=\"3 minutos\" \/>\n<script type=\"application\/ld+json\" class=\"yoast-schema-graph\">{\"@context\":\"https:\\\/\\\/schema.org\",\"@graph\":[{\"@type\":\"WebPage\",\"@id\":\"https:\\\/\\\/gerdetect.de\\\/es\\\/producto\\\/easy-way-smart-detector\\\/\",\"url\":\"https:\\\/\\\/gerdetect.de\\\/es\\\/producto\\\/easy-way-smart-detector\\\/\",\"name\":\"EASY WAY SMART DETECTOR - GER DETECT\",\"isPartOf\":{\"@id\":\"https:\\\/\\\/gerdetect.de\\\/es\\\/#website\"},\"primaryImageOfPage\":{\"@id\":\"https:\\\/\\\/gerdetect.de\\\/es\\\/producto\\\/easy-way-smart-detector\\\/#primaryimage\"},\"image\":{\"@id\":\"https:\\\/\\\/gerdetect.de\\\/es\\\/producto\\\/easy-way-smart-detector\\\/#primaryimage\"},\"thumbnailUrl\":\"https:\\\/\\\/gerdetect.de\\\/wp-content\\\/uploads\\\/2025\\\/10\\\/easy-way-smart.png\",\"datePublished\":\"2023-01-20T19:33:03+00:00\",\"dateModified\":\"2025-04-21T12:33:43+00:00\",\"description\":\"Detector de metales Easy Way Smart 2 Systems: metales preciosos, tesoros, huecos, cuevas, plata, bronce, cobre y oro en bruto, esc\u00e1ner 3D\",\"breadcrumb\":{\"@id\":\"https:\\\/\\\/gerdetect.de\\\/es\\\/producto\\\/easy-way-smart-detector\\\/#breadcrumb\"},\"inLanguage\":\"es\",\"potentialAction\":[{\"@type\":\"ReadAction\",\"target\":[\"https:\\\/\\\/gerdetect.de\\\/es\\\/producto\\\/easy-way-smart-detector\\\/\"]}]},{\"@type\":\"ImageObject\",\"inLanguage\":\"es\",\"@id\":\"https:\\\/\\\/gerdetect.de\\\/es\\\/producto\\\/easy-way-smart-detector\\\/#primaryimage\",\"url\":\"https:\\\/\\\/gerdetect.de\\\/wp-content\\\/uploads\\\/2025\\\/10\\\/easy-way-smart.png\",\"contentUrl\":\"https:\\\/\\\/gerdetect.de\\\/wp-content\\\/uploads\\\/2025\\\/10\\\/easy-way-smart.png\",\"width\":1069,\"height\":947},{\"@type\":\"BreadcrumbList\",\"@id\":\"https:\\\/\\\/gerdetect.de\\\/es\\\/producto\\\/easy-way-smart-detector\\\/#breadcrumb\",\"itemListElement\":[{\"@type\":\"ListItem\",\"position\":1,\"name\":\"Home\",\"item\":\"https:\\\/\\\/gerdetect.de\\\/es\\\/inicio\\\/\"},{\"@type\":\"ListItem\",\"position\":2,\"name\":\"Productos\",\"item\":\"https:\\\/\\\/gerdetect.de\\\/es\\\/shop\\\/\"},{\"@type\":\"ListItem\",\"position\":3,\"name\":\"EASY WAY SMART DETECTOR\"}]},{\"@type\":\"WebSite\",\"@id\":\"https:\\\/\\\/gerdetect.de\\\/es\\\/#website\",\"url\":\"https:\\\/\\\/gerdetect.de\\\/es\\\/\",\"name\":\"GER DETECT\",\"description\":\"\",\"publisher\":{\"@id\":\"https:\\\/\\\/gerdetect.de\\\/es\\\/#organization\"},\"potentialAction\":[{\"@type\":\"SearchAction\",\"target\":{\"@type\":\"EntryPoint\",\"urlTemplate\":\"https:\\\/\\\/gerdetect.de\\\/es\\\/?s={search_term_string}\"},\"query-input\":{\"@type\":\"PropertyValueSpecification\",\"valueRequired\":true,\"valueName\":\"search_term_string\"}}],\"inLanguage\":\"es\"},{\"@type\":\"Organization\",\"@id\":\"https:\\\/\\\/gerdetect.de\\\/es\\\/#organization\",\"name\":\"GER DETECT\",\"url\":\"https:\\\/\\\/gerdetect.de\\\/es\\\/\",\"logo\":{\"@type\":\"ImageObject\",\"inLanguage\":\"es\",\"@id\":\"https:\\\/\\\/gerdetect.de\\\/es\\\/#\\\/schema\\\/logo\\\/image\\\/\",\"url\":\"https:\\\/\\\/gerdetect.de\\\/wp-content\\\/uploads\\\/2025\\\/10\\\/GER-Logo.webp\",\"contentUrl\":\"https:\\\/\\\/gerdetect.de\\\/wp-content\\\/uploads\\\/2025\\\/10\\\/GER-Logo.webp\",\"width\":2134,\"height\":2135,\"caption\":\"GER DETECT\"},\"image\":{\"@id\":\"https:\\\/\\\/gerdetect.de\\\/es\\\/#\\\/schema\\\/logo\\\/image\\\/\"}}]}<\/script>\n<!-- \/ Yoast SEO plugin. -->","yoast_head_json":{"title":"EASY WAY SMART DETECTOR - GER DETECT","description":"Detector de metales Easy Way Smart 2 Systems: metales preciosos, tesoros, huecos, cuevas, plata, bronce, cobre y oro en bruto, esc\u00e1ner 3D","robots":{"index":"index","follow":"follow","max-snippet":"max-snippet:-1","max-image-preview":"max-image-preview:large","max-video-preview":"max-video-preview:-1"},"canonical":"https:\/\/gerdetect.de\/es\/producto\/easy-way-smart-detector\/","og_locale":"es_ES","og_type":"article","og_title":"-","og_description":"DISPOSITIVO DE SISTEMA DUAL INTELIGENTE EASY WAY El dispositivo m\u00e1s peque\u00f1o con sistema de detecci\u00f3n de radar y sistema de im\u00e1genes 3D, completamente ocultable.","og_url":"https:\/\/gerdetect.de\/es\/producto\/easy-way-smart-detector\/","og_site_name":"GER DETECT","article_modified_time":"2025-04-21T12:33:43+00:00","og_image":[{"url":"https:\/\/uigdetectors.com.tr\/wp-content\/uploads\/2017\/12\/easy-way-smart-gold-and-metal-detector.jpg","type":"","width":"","height":""}],"twitter_card":"summary_large_image","twitter_title":"-","twitter_description":"DISPOSITIVO DE SISTEMA DUAL INTELIGENTE EASY WAY El dispositivo m\u00e1s peque\u00f1o con sistema de detecci\u00f3n de radar y sistema de im\u00e1genes 3D, completamente ocultable.","twitter_image":"https:\/\/uigdetectors.com.tr\/wp-content\/uploads\/2017\/12\/easy-way-smart-gold-and-metal-detector.jpg","twitter_misc":{"Tiempo de lectura":"3 minutos"},"schema":{"@context":"https:\/\/schema.org","@graph":[{"@type":"WebPage","@id":"https:\/\/gerdetect.de\/es\/producto\/easy-way-smart-detector\/","url":"https:\/\/gerdetect.de\/es\/producto\/easy-way-smart-detector\/","name":"EASY WAY SMART DETECTOR - GER DETECT","isPartOf":{"@id":"https:\/\/gerdetect.de\/es\/#website"},"primaryImageOfPage":{"@id":"https:\/\/gerdetect.de\/es\/producto\/easy-way-smart-detector\/#primaryimage"},"image":{"@id":"https:\/\/gerdetect.de\/es\/producto\/easy-way-smart-detector\/#primaryimage"},"thumbnailUrl":"https:\/\/gerdetect.de\/wp-content\/uploads\/2025\/10\/easy-way-smart.png","datePublished":"2023-01-20T19:33:03+00:00","dateModified":"2025-04-21T12:33:43+00:00","description":"Detector de metales Easy Way Smart 2 Systems: metales preciosos, tesoros, huecos, cuevas, plata, bronce, cobre y oro en bruto, esc\u00e1ner 3D","breadcrumb":{"@id":"https:\/\/gerdetect.de\/es\/producto\/easy-way-smart-detector\/#breadcrumb"},"inLanguage":"es","potentialAction":[{"@type":"ReadAction","target":["https:\/\/gerdetect.de\/es\/producto\/easy-way-smart-detector\/"]}]},{"@type":"ImageObject","inLanguage":"es","@id":"https:\/\/gerdetect.de\/es\/producto\/easy-way-smart-detector\/#primaryimage","url":"https:\/\/gerdetect.de\/wp-content\/uploads\/2025\/10\/easy-way-smart.png","contentUrl":"https:\/\/gerdetect.de\/wp-content\/uploads\/2025\/10\/easy-way-smart.png","width":1069,"height":947},{"@type":"BreadcrumbList","@id":"https:\/\/gerdetect.de\/es\/producto\/easy-way-smart-detector\/#breadcrumb","itemListElement":[{"@type":"ListItem","position":1,"name":"Home","item":"https:\/\/gerdetect.de\/es\/inicio\/"},{"@type":"ListItem","position":2,"name":"Productos","item":"https:\/\/gerdetect.de\/es\/shop\/"},{"@type":"ListItem","position":3,"name":"EASY WAY SMART DETECTOR"}]},{"@type":"WebSite","@id":"https:\/\/gerdetect.de\/es\/#website","url":"https:\/\/gerdetect.de\/es\/","name":"GER DETECT","description":"","publisher":{"@id":"https:\/\/gerdetect.de\/es\/#organization"},"potentialAction":[{"@type":"SearchAction","target":{"@type":"EntryPoint","urlTemplate":"https:\/\/gerdetect.de\/es\/?s={search_term_string}"},"query-input":{"@type":"PropertyValueSpecification","valueRequired":true,"valueName":"search_term_string"}}],"inLanguage":"es"},{"@type":"Organization","@id":"https:\/\/gerdetect.de\/es\/#organization","name":"GER DETECT","url":"https:\/\/gerdetect.de\/es\/","logo":{"@type":"ImageObject","inLanguage":"es","@id":"https:\/\/gerdetect.de\/es\/#\/schema\/logo\/image\/","url":"https:\/\/gerdetect.de\/wp-content\/uploads\/2025\/10\/GER-Logo.webp","contentUrl":"https:\/\/gerdetect.de\/wp-content\/uploads\/2025\/10\/GER-Logo.webp","width":2134,"height":2135,"caption":"GER DETECT"},"image":{"@id":"https:\/\/gerdetect.de\/es\/#\/schema\/logo\/image\/"}}]}},"_links":{"self":[{"href":"https:\/\/gerdetect.de\/es\/wp-json\/wp\/v2\/product\/17286","targetHints":{"allow":["GET"]}}],"collection":[{"href":"https:\/\/gerdetect.de\/es\/wp-json\/wp\/v2\/product"}],"about":[{"href":"https:\/\/gerdetect.de\/es\/wp-json\/wp\/v2\/types\/product"}],"version-history":[{"count":2,"href":"https:\/\/gerdetect.de\/es\/wp-json\/wp\/v2\/product\/17286\/revisions"}],"predecessor-version":[{"id":18077,"href":"https:\/\/gerdetect.de\/es\/wp-json\/wp\/v2\/product\/17286\/revisions\/18077"}],"wp:featuredmedia":[{"embeddable":true,"href":"https:\/\/gerdetect.de\/es\/wp-json\/wp\/v2\/media\/31258"}],"wp:attachment":[{"href":"https:\/\/gerdetect.de\/es\/wp-json\/wp\/v2\/media?parent=17286"}],"wp:term":[{"taxonomy":"product_brand","embeddable":true,"href":"https:\/\/gerdetect.de\/es\/wp-json\/wp\/v2\/product_brand?post=17286"},{"taxonomy":"product_cat","embeddable":true,"href":"https:\/\/gerdetect.de\/es\/wp-json\/wp\/v2\/product_cat?post=17286"},{"taxonomy":"product_tag","embeddable":true,"href":"https:\/\/gerdetect.de\/es\/wp-json\/wp\/v2\/product_tag?post=17286"}],"curies":[{"name":"wp","href":"https:\/\/api.w.org\/{rel}","templated":true}]}}