{"id":17290,"date":"2023-01-20T22:32:55","date_gmt":"2023-01-20T19:32:55","guid":{"rendered":"https:\/\/gerdetect.de\/product\/deep-seeker-detector\/"},"modified":"2025-04-21T15:33:14","modified_gmt":"2025-04-21T12:33:14","slug":"deep-seeker-detector","status":"publish","type":"product","link":"https:\/\/gerdetect.de\/es\/producto\/deep-seeker-detector\/","title":{"rendered":"DEEP SEEKER DETECTOR"},"content":{"rendered":"\t\t<div data-elementor-type=\"product-post\" data-elementor-id=\"17290\" class=\"elementor elementor-17290 elementor-11492\" data-elementor-post-type=\"product\">\n\t\t\t\t<div class=\"wd-negative-gap elementor-element elementor-element-621afb2 e-flex e-con-boxed e-con e-parent\" data-id=\"621afb2\" data-element_type=\"container\" data-e-type=\"container\">\n\t\t\t\t\t<div class=\"e-con-inner\">\n\t\t\t\t<div class=\"elementor-element elementor-element-1a732c0 elementor-widget elementor-widget-heading\" data-id=\"1a732c0\" data-element_type=\"widget\" data-e-type=\"widget\" data-widget_type=\"heading.default\">\n\t\t\t\t<div class=\"elementor-widget-container\">\n\t\t\t\t\t<h2 class=\"elementor-heading-title elementor-size-default\">DEEP SEEKER DETECTOR <\/h2>\t\t\t\t<\/div>\n\t\t\t\t<\/div>\n\t\t\t\t\t<\/div>\n\t\t\t\t<\/div>\n\t\t<div class=\"wd-negative-gap elementor-element elementor-element-143e5f54 e-flex e-con-boxed e-con e-parent\" data-id=\"143e5f54\" data-element_type=\"container\" data-e-type=\"container\">\n\t\t\t\t\t<div class=\"e-con-inner\">\n\t\t\t\t<div class=\"elementor-element elementor-element-256c2d7a color-scheme-inherit text-left elementor-widget elementor-widget-text-editor\" data-id=\"256c2d7a\" data-element_type=\"widget\" data-e-type=\"widget\" data-widget_type=\"text-editor.default\">\n\t\t\t\t<div class=\"elementor-widget-container\">\n\t\t\t\t\t\t\t\t\t<img loading=\"lazy\" decoding=\"async\" class=\"wp-image-11946 size-full aligncenter\" src=\"https:\/\/gerdetect.de\/wp-content\/uploads\/2023\/01\/deep-seeker-00.jpg\" alt=\"\" width=\"1024\" height=\"284\">\n<h3><\/h3>\n<h5 class=\"mb-5 desc-par\"><a href=\"https:\/\/gerdetect.de\/es\/producto\/deep-seeker-detector\/\">Detector de oro subterr\u00e1neo DEEP SEEKER;<\/a> cinco sistemas de b\u00fasqueda en un solo dispositivo para detectar tesoros bajo tierra como metales preciosos y monumentos antiguos. El primer dispositivo de su tipo en el mundo que opera cinco sistemas innovadores para detectar tesoros subterr\u00e1neos como metales preciosos, monumentos antiguos, cuevas y cavidades en el suelo. Deep Seeker est\u00e1 dise\u00f1ado para operar en todo tipo de terrenos y en las condiciones clim\u00e1ticas m\u00e1s dif\u00edciles. DEEP SEEKER es el mejor detector de tesoros de largo alcance que puede saltar todo tipo de rocas, incluidas rocas sedimentarias, f\u00f3siles metam\u00f3rficas y magm\u00e1ticas, utilizando tecnolog\u00eda de calibraci\u00f3n autom\u00e1tica. Las rocas magm\u00e1ticas son de dos tipos: Granito y basalto: son los peores tipos de rocas que dificultan el trabajo de muchos dispositivos disponibles en los mercados, esto sucede debido al cambio en estas rocas como resultado de su interacci\u00f3n qu\u00edmica con el suelo, que convirti\u00f3 estas rocas en una textura de roca, en otras palabras, componentes met\u00e1licos.    <\/h5>\n<h3><span style=\"color: #ff7900;\">Deep Seeker opera en cinco sistemas de b\u00fasqueda diferentes en un solo dispositivo:<\/span><\/h3>\n<ul>\n \t<li><strong>Primero: Sistema de b\u00fasqueda de campos i\u00f3nicos<\/strong><\/li>\n \t<li><strong>Segundo: Sistema de b\u00fasqueda de metales magn\u00e9ticos<\/strong><\/li>\n \t<li><strong>Tercero: sistema de detecci\u00f3n de cavidades<\/strong><\/li>\n \t<li><strong>Cuarto: Sistema de im\u00e1genes 3D<\/strong><\/li>\n \t<li><strong>Quinto: Sistema de largo alcance<\/strong><\/li>\n<\/ul>\n<h3>Sistemas <span style=\"color: #ff7900;\">Sistema de b\u00fasqueda de campos i\u00f3nicos:<\/span><\/h3>\n<h5>Es un sistema especializado en la detecci\u00f3n de campos i\u00f3nicos que se forman alrededor del oro enterrado en el suelo. Los campos i\u00f3nicos son radiaciones at\u00f3micas que provienen de peque\u00f1as part\u00edculas de oro y tesoros enterrados despu\u00e9s de haber permanecido bajo tierra durante tanto tiempo. -Inicia la B\u00fasqueda moviendo el dispositivo de derecha a izquierda, es decir, 180 grados. -Cuando escuches una se\u00f1al sonora y aparezca el cursor en la pantalla, indica que se ha detectado un objetivo. -Sigue la se\u00f1al sonora moviendo el dispositivo hacia arriba y hacia abajo. -Despu\u00e9s de llegar sobre el objetivo, la se\u00f1al sonora se acelerar\u00e1 para confirmar que el objetivo est\u00e1 directamente debajo del dispositivo. -Este sistema tambi\u00e9n se puede utilizar mientras se conduce.      <\/h5>\n<h4><span style=\"color: #ff7900;\">Sistema de b\u00fasqueda de metales magn\u00e9ticos:<\/span><\/h4>\n<h5>Este sistema est\u00e1 especializado en la detecci\u00f3n de metales magn\u00e9ticos como hierro y derivados, este sistema permite saber si hay metales no preciosos bajo tierra, si hay metales magn\u00e9ticos el dispositivo har\u00e1 una se\u00f1al sonora sobre el objetivo con el cursor mostr\u00e1ndose en la pantalla.<\/h5>\n<h4><span style=\"color: #ff7900;\">Sistema de detecci\u00f3n de cavidades:<\/span><\/h4>\n<h5>Dentro del sistema magn\u00e9tico de metales existe otra opci\u00f3n: la detecci\u00f3n de cavidades. Si existe una cavidad, el dispositivo emitir\u00e1 una se\u00f1al sonora sobre el objetivo y el cursor aparecer\u00e1 en la pantalla. <\/h5>\n<h4><span style=\"color: #ff7900;\">Sistema de im\u00e1genes 3D:<\/span><\/h4>\n<h5>Este sistema permite ver el objetivo en tres dimensiones en el suelo. Realiza escaneos de todas las capas del terreno y muestra los resultados como una foto tridimensional con un informe detallado de la profundidad, tama\u00f1o y forma del objetivo. -Inicia el escaneo presionando el bot\u00f3n 3D en el teclado.  <\/h5>\n<h4><span style=\"color: #ff7900;\">Sistema de largo alcance:<\/span><\/h4>\n<h5>Este sistema se caracteriza por una alta precisi\u00f3n en la identificaci\u00f3n y monitoreo de la ubicaci\u00f3n del objetivo y su restricci\u00f3n dentro de una distancia de un metro cuadrado. -El dispositivo comienza a buscar mostrando se\u00f1ales luminosas en la pantalla para demostrar que el dispositivo est\u00e1 enviando y recibiendo se\u00f1ales que lo dirigen hacia el objetivo. -Al recibir una se\u00f1al, el dispositivo activar\u00e1 tres funciones a la vez para confirmar la presencia del objetivo: -El giro del receptor de la se\u00f1al hacia el objetivo directamente. -La direcci\u00f3n del objetivo aparece en la pantalla inteligente. -Emite un pitido cuando el receptor de la se\u00f1al se gira hacia el objetivo. -Confirme la direcci\u00f3n del objetivo utilizando las cuatro direcciones para garantizar un alcance m\u00e1s preciso al objetivo. &#8211; Rastrea la se\u00f1al y cuando el receptor de la se\u00f1al se d\u00e9 la vuelta, esto significa que has pasado el objetivo. &#8211; Limita la ubicaci\u00f3n de b\u00fasqueda marc\u00e1ndola como el centro del objetivo a confirmar. &#8211; Luego confirma la ubicaci\u00f3n del objetivo desde las cuatro direcciones (de sur a norte \u2013 de norte a sur \u2013 de oeste a este \u2013 de este a oeste).<\/h5>\n<h2 class=\"font-weight-bold dark-grey my-4\"><span style=\"color: #ff7900;\">Especificaciones t\u00e9cnicas<\/span><\/h2>\n<div id=\"par3\" class=\"\">\n<div class=\"my-4\">\n<table class=\"table table-striped table-bordered\">\n<thead class=\"thead-dark\">\n<tr>\n<th scope=\"col\"><\/th>\n<th scope=\"col\"><\/th>\n<\/tr>\n<\/thead>\n<tbody id=\"technicalContainer\">\n<tr>\n<td>Salida de audio<\/td><td>zumbador piezoel\u00e9ctrico \u00d8:12mm &#8211; H:9.8mm nivel de presi\u00f3n sonora 85db a 12v\/10cm frecuencia 4.5\u00b10.5 KHz<\/td>\n<\/tr>\n<tr>\n<td>Pantalla de cristal l\u00edquido (LCD)<\/td><td>t\u00e1ctil a todo color de 98 mm x 57 mm \/ 480 x 270 px<\/td>\n<\/tr>\n<tr>\n<td>Longitud<\/td><td>del dispositivo : 170 mm &#8211; Dispositivo con sensor de im\u00e1genes y magn\u00e9tico 700 mm (cerrado) &#8211; Dispositivo con sensor de im\u00e1genes y magn\u00e9tico 1015 mm (abierto) &#8211; Dispositivo con sensor i\u00f3nico 355 mm &#8211; Dispositivo con sensor de largo alcance 310 mm.<\/td>\n<\/tr>\n<tr>\n<td>Frecuencia<\/td><td>M\u00e1xima 500 KHz<\/td>\n<\/tr>\n<tr>\n<td>Velocidad de procesamiento de datos<\/td><td>8 MHz<\/td>\n<\/tr>\n<tr>\n<td>Rango de temperatura de funcionamiento:<\/td><td>0 C\u00b0 a 70 C\u00b0<\/td>\n<\/tr>\n<tr>\n<td>Rango de humedad de funcionamiento<\/td><td>hasta 95 % sin condensaci\u00f3n<\/td>\n<\/tr>\n<tr>\n<td>Rango de temperatura de almacenamiento<\/td><td>&#8211; 20C\u00b0 a 70C\u00b0<\/td>\n<\/tr>\n<tr>\n<td>Rango de humedad de almacenamiento<\/td><td>hasta 98 % de humedad relativa<\/td>\n<\/tr>\n<tr>\n<td>Tiempo de funcionamiento (bater\u00eda de 27 Wh)<\/td><td>10 horas<\/td>\n<\/tr>\n<tr>\n<td>Clasificaci\u00f3n de resistencia al agua: el detector<\/td><td>no es resistente al agua (solo es resistente a la intemperie)<\/td>\n<\/tr>\n<tr>\n<td>M\u00f3dulo Bluetooth<\/td><td>HC-05 &#8211; 2.4 GHz radio<\/td>\n<\/tr>\n<tr>\n<td>Compass module<\/td><td>GY-282<\/td>\n<\/tr>\n<tr>\n<td>Peso total<\/td><td>5600 g<\/td>\n<\/tr>\n<tr>\n<td>Peso del dispositivo<\/td><td>655 g<\/td>\n<\/tr>\n<tr>\n<td>Peso de la bolsa (vac\u00eda)<\/td><td>3.5 kg<\/td>\n<\/tr>\n<tr>\n<td>Dimensiones de la bolsa<\/td><td>53cm x 40cm x 22.8 cm<\/td>\n<\/tr>\n<tr>\n<td>Tipo de bater\u00eda<\/td><td>Bater\u00eda recargable de iones de litio &#8211; Bater\u00eda externa<\/td>\n<\/tr>\n<tr>\n<td>Voltaje de salida de la bater\u00eda<\/td><td>Li-ion 10.8 VDC<\/td>\n<\/tr>\n<tr>\n<td>Capacidad de la bater\u00eda<\/td><td>Li-ion 27 Wh<\/td>\n<\/tr>\n<tr>\n<td>Tiempo de funcionamiento de la bater\u00eda<\/td><td>10 horas<\/td>\n<\/tr>\n<tr>\n<td>Temperatura de funcionamiento de la bater\u00eda:<\/td><td>0 C\u00b0 a 50 C\u00b0<\/td>\n<\/tr>\n<tr>\n<td>Temperatura de almacenamiento de la bater\u00eda:<\/td><td>5C\u00b0 to 70C\u00b0<\/td>\n<\/tr>\n<tr>\n<td>Peso de la bater\u00eda<\/td><td>350 g<\/td>\n<\/tr>\n<tr>\n<td>Temperatura de funcionamiento del cargador de bater\u00eda<\/td><td>0 C\u00b0 a 50 C\u00b0<\/td>\n<\/tr>\n<tr>\n<td>Temperatura de almacenamiento del cargador de bater\u00eda<\/td><td>&#8211; 30C\u00b0 a 80C\u00b0<\/td>\n<\/tr>\n<tr>\n<td>Voltaje de entrada del cargador de bater\u00eda<\/td><td>90 \u2192 250 VAC 50\u219260 Hz<\/td>\n<\/tr>\n<tr>\n<td>Cargador de bater\u00eda<\/td><td>12.6 VDC \/ 1000 mA<\/td>\n<\/tr>\n<\/tbody>\n<\/table>\n<\/div>\n<\/div>\t\t\t\t\t\t\t\t<\/div>\n\t\t\t\t<\/div>\n\t\t\t\t<div class=\"elementor-element elementor-element-6473d81 elementor-widget elementor-widget-video\" data-id=\"6473d81\" data-element_type=\"widget\" data-e-type=\"widget\" data-settings=\"{&quot;youtube_url&quot;:&quot;https:\\\/\\\/youtu.be\\\/aQPg6yg_D3A?si=5T9kkimgxvP5lGpj&quot;,&quot;video_type&quot;:&quot;youtube&quot;,&quot;controls&quot;:&quot;yes&quot;}\" data-widget_type=\"video.default\">\n\t\t\t\t<div class=\"elementor-widget-container\">\n\t\t\t\t\t\t\t<div class=\"elementor-wrapper elementor-open-inline\">\n\t\t\t<div class=\"elementor-video\"><\/div>\t\t<\/div>\n\t\t\t\t\t\t<\/div>\n\t\t\t\t<\/div>\n\t\t\t\t\t<\/div>\n\t\t\t\t<\/div>\n\t\t\t\t<\/div>\n\t\t","protected":false},"excerpt":{"rendered":"<h4><span style=\"color: #ff7900;\">Una estaci\u00f3n completa de 5 sistemas de b\u00fasqueda en un solo dispositivo especializado en la detecci\u00f3n de oro subterr\u00e1neo, tesoros, antig\u00fcedades antiguas, huecos, cuevas y tumbas.<\/span><\/h4>\n","protected":false},"featured_media":31262,"template":"","meta":[],"product_brand":[],"product_cat":[278,312],"product_tag":[],"class_list":{"0":"post-17290","1":"product","2":"type-product","3":"status-publish","4":"has-post-thumbnail","6":"product_cat-detectores-de-oro-y-metales","7":"product_cat-es-products","9":"first","10":"instock","11":"sale","12":"shipping-taxable","13":"purchasable","14":"product-type-simple"},"yoast_head":"<!-- This site is optimized with the Yoast SEO plugin v27.3 - https:\/\/yoast.com\/product\/yoast-seo-wordpress\/ -->\n<title>DEEP SEEKER DETECTOR - GER DETECT<\/title>\n<meta name=\"description\" content=\"Detector de sistemas Deep Seeker 5: oro, pepitas de oro, metales, tesoros, diamantes, huecos, cuevas, plata, bronce, cobre y oro en bruto, esc\u00e1ner 3D, buscador de metales\" \/>\n<meta name=\"robots\" content=\"index, follow, max-snippet:-1, max-image-preview:large, max-video-preview:-1\" \/>\n<link rel=\"canonical\" href=\"https:\/\/gerdetect.de\/es\/producto\/deep-seeker-detector\/\" \/>\n<meta property=\"og:locale\" content=\"es_ES\" \/>\n<meta property=\"og:type\" content=\"article\" \/>\n<meta property=\"og:title\" content=\"-\" \/>\n<meta property=\"og:description\" content=\"Dispositivo Deep Seeker 5 sistemas: Cinco sistemas de b\u00fasqueda en un solo dispositivo para detectar tesoros internos y oro. El precio es 7500 d\u00f3lares...\" \/>\n<meta property=\"og:url\" content=\"https:\/\/gerdetect.de\/es\/producto\/deep-seeker-detector\/\" \/>\n<meta property=\"og:site_name\" content=\"GER DETECT\" \/>\n<meta property=\"article:modified_time\" content=\"2025-04-21T12:33:14+00:00\" \/>\n<meta property=\"og:image\" content=\"https:\/\/uigdetectors.com.tr\/wp-content\/uploads\/2017\/12\/deep-seeker-5-systems-metal-and-gold-detector.jpg\" \/>\n<meta name=\"twitter:card\" content=\"summary_large_image\" \/>\n<meta name=\"twitter:title\" content=\"-\" \/>\n<meta name=\"twitter:description\" content=\"Dispositivo Deep Seeker 5 sistemas: Cinco sistemas de b\u00fasqueda en un solo dispositivo para detectar tesoros internos y oro. El precio es 7500 d\u00f3lares...\" \/>\n<meta name=\"twitter:image\" content=\"https:\/\/uigdetectors.com.tr\/wp-content\/uploads\/2017\/12\/deep-seeker-5-systems-metal-and-gold-detector.jpg\" \/>\n<meta name=\"twitter:label1\" content=\"Tiempo de lectura\" \/>\n\t<meta name=\"twitter:data1\" content=\"5 minutos\" \/>\n<script type=\"application\/ld+json\" class=\"yoast-schema-graph\">{\"@context\":\"https:\\\/\\\/schema.org\",\"@graph\":[{\"@type\":\"WebPage\",\"@id\":\"https:\\\/\\\/gerdetect.de\\\/es\\\/producto\\\/deep-seeker-detector\\\/\",\"url\":\"https:\\\/\\\/gerdetect.de\\\/es\\\/producto\\\/deep-seeker-detector\\\/\",\"name\":\"DEEP SEEKER DETECTOR - GER DETECT\",\"isPartOf\":{\"@id\":\"https:\\\/\\\/gerdetect.de\\\/es\\\/#website\"},\"primaryImageOfPage\":{\"@id\":\"https:\\\/\\\/gerdetect.de\\\/es\\\/producto\\\/deep-seeker-detector\\\/#primaryimage\"},\"image\":{\"@id\":\"https:\\\/\\\/gerdetect.de\\\/es\\\/producto\\\/deep-seeker-detector\\\/#primaryimage\"},\"thumbnailUrl\":\"https:\\\/\\\/gerdetect.de\\\/wp-content\\\/uploads\\\/2025\\\/10\\\/deep-seeker.png\",\"datePublished\":\"2023-01-20T19:32:55+00:00\",\"dateModified\":\"2025-04-21T12:33:14+00:00\",\"description\":\"Detector de sistemas Deep Seeker 5: oro, pepitas de oro, metales, tesoros, diamantes, huecos, cuevas, plata, bronce, cobre y oro en bruto, esc\u00e1ner 3D, buscador de metales\",\"breadcrumb\":{\"@id\":\"https:\\\/\\\/gerdetect.de\\\/es\\\/producto\\\/deep-seeker-detector\\\/#breadcrumb\"},\"inLanguage\":\"es\",\"potentialAction\":[{\"@type\":\"ReadAction\",\"target\":[\"https:\\\/\\\/gerdetect.de\\\/es\\\/producto\\\/deep-seeker-detector\\\/\"]}]},{\"@type\":\"ImageObject\",\"inLanguage\":\"es\",\"@id\":\"https:\\\/\\\/gerdetect.de\\\/es\\\/producto\\\/deep-seeker-detector\\\/#primaryimage\",\"url\":\"https:\\\/\\\/gerdetect.de\\\/wp-content\\\/uploads\\\/2025\\\/10\\\/deep-seeker.png\",\"contentUrl\":\"https:\\\/\\\/gerdetect.de\\\/wp-content\\\/uploads\\\/2025\\\/10\\\/deep-seeker.png\",\"width\":1063,\"height\":877},{\"@type\":\"BreadcrumbList\",\"@id\":\"https:\\\/\\\/gerdetect.de\\\/es\\\/producto\\\/deep-seeker-detector\\\/#breadcrumb\",\"itemListElement\":[{\"@type\":\"ListItem\",\"position\":1,\"name\":\"Home\",\"item\":\"https:\\\/\\\/gerdetect.de\\\/es\\\/inicio\\\/\"},{\"@type\":\"ListItem\",\"position\":2,\"name\":\"Productos\",\"item\":\"https:\\\/\\\/gerdetect.de\\\/es\\\/shop\\\/\"},{\"@type\":\"ListItem\",\"position\":3,\"name\":\"DEEP SEEKER DETECTOR\"}]},{\"@type\":\"WebSite\",\"@id\":\"https:\\\/\\\/gerdetect.de\\\/es\\\/#website\",\"url\":\"https:\\\/\\\/gerdetect.de\\\/es\\\/\",\"name\":\"GER DETECT\",\"description\":\"\",\"publisher\":{\"@id\":\"https:\\\/\\\/gerdetect.de\\\/es\\\/#organization\"},\"potentialAction\":[{\"@type\":\"SearchAction\",\"target\":{\"@type\":\"EntryPoint\",\"urlTemplate\":\"https:\\\/\\\/gerdetect.de\\\/es\\\/?s={search_term_string}\"},\"query-input\":{\"@type\":\"PropertyValueSpecification\",\"valueRequired\":true,\"valueName\":\"search_term_string\"}}],\"inLanguage\":\"es\"},{\"@type\":\"Organization\",\"@id\":\"https:\\\/\\\/gerdetect.de\\\/es\\\/#organization\",\"name\":\"GER DETECT\",\"url\":\"https:\\\/\\\/gerdetect.de\\\/es\\\/\",\"logo\":{\"@type\":\"ImageObject\",\"inLanguage\":\"es\",\"@id\":\"https:\\\/\\\/gerdetect.de\\\/es\\\/#\\\/schema\\\/logo\\\/image\\\/\",\"url\":\"https:\\\/\\\/gerdetect.de\\\/wp-content\\\/uploads\\\/2025\\\/10\\\/GER-Logo.webp\",\"contentUrl\":\"https:\\\/\\\/gerdetect.de\\\/wp-content\\\/uploads\\\/2025\\\/10\\\/GER-Logo.webp\",\"width\":2134,\"height\":2135,\"caption\":\"GER DETECT\"},\"image\":{\"@id\":\"https:\\\/\\\/gerdetect.de\\\/es\\\/#\\\/schema\\\/logo\\\/image\\\/\"}}]}<\/script>\n<!-- \/ Yoast SEO plugin. -->","yoast_head_json":{"title":"DEEP SEEKER DETECTOR - GER DETECT","description":"Detector de sistemas Deep Seeker 5: oro, pepitas de oro, metales, tesoros, diamantes, huecos, cuevas, plata, bronce, cobre y oro en bruto, esc\u00e1ner 3D, buscador de metales","robots":{"index":"index","follow":"follow","max-snippet":"max-snippet:-1","max-image-preview":"max-image-preview:large","max-video-preview":"max-video-preview:-1"},"canonical":"https:\/\/gerdetect.de\/es\/producto\/deep-seeker-detector\/","og_locale":"es_ES","og_type":"article","og_title":"-","og_description":"Dispositivo Deep Seeker 5 sistemas: Cinco sistemas de b\u00fasqueda en un solo dispositivo para detectar tesoros internos y oro. El precio es 7500 d\u00f3lares...","og_url":"https:\/\/gerdetect.de\/es\/producto\/deep-seeker-detector\/","og_site_name":"GER DETECT","article_modified_time":"2025-04-21T12:33:14+00:00","og_image":[{"url":"https:\/\/uigdetectors.com.tr\/wp-content\/uploads\/2017\/12\/deep-seeker-5-systems-metal-and-gold-detector.jpg","type":"","width":"","height":""}],"twitter_card":"summary_large_image","twitter_title":"-","twitter_description":"Dispositivo Deep Seeker 5 sistemas: Cinco sistemas de b\u00fasqueda en un solo dispositivo para detectar tesoros internos y oro. El precio es 7500 d\u00f3lares...","twitter_image":"https:\/\/uigdetectors.com.tr\/wp-content\/uploads\/2017\/12\/deep-seeker-5-systems-metal-and-gold-detector.jpg","twitter_misc":{"Tiempo de lectura":"5 minutos"},"schema":{"@context":"https:\/\/schema.org","@graph":[{"@type":"WebPage","@id":"https:\/\/gerdetect.de\/es\/producto\/deep-seeker-detector\/","url":"https:\/\/gerdetect.de\/es\/producto\/deep-seeker-detector\/","name":"DEEP SEEKER DETECTOR - GER DETECT","isPartOf":{"@id":"https:\/\/gerdetect.de\/es\/#website"},"primaryImageOfPage":{"@id":"https:\/\/gerdetect.de\/es\/producto\/deep-seeker-detector\/#primaryimage"},"image":{"@id":"https:\/\/gerdetect.de\/es\/producto\/deep-seeker-detector\/#primaryimage"},"thumbnailUrl":"https:\/\/gerdetect.de\/wp-content\/uploads\/2025\/10\/deep-seeker.png","datePublished":"2023-01-20T19:32:55+00:00","dateModified":"2025-04-21T12:33:14+00:00","description":"Detector de sistemas Deep Seeker 5: oro, pepitas de oro, metales, tesoros, diamantes, huecos, cuevas, plata, bronce, cobre y oro en bruto, esc\u00e1ner 3D, buscador de metales","breadcrumb":{"@id":"https:\/\/gerdetect.de\/es\/producto\/deep-seeker-detector\/#breadcrumb"},"inLanguage":"es","potentialAction":[{"@type":"ReadAction","target":["https:\/\/gerdetect.de\/es\/producto\/deep-seeker-detector\/"]}]},{"@type":"ImageObject","inLanguage":"es","@id":"https:\/\/gerdetect.de\/es\/producto\/deep-seeker-detector\/#primaryimage","url":"https:\/\/gerdetect.de\/wp-content\/uploads\/2025\/10\/deep-seeker.png","contentUrl":"https:\/\/gerdetect.de\/wp-content\/uploads\/2025\/10\/deep-seeker.png","width":1063,"height":877},{"@type":"BreadcrumbList","@id":"https:\/\/gerdetect.de\/es\/producto\/deep-seeker-detector\/#breadcrumb","itemListElement":[{"@type":"ListItem","position":1,"name":"Home","item":"https:\/\/gerdetect.de\/es\/inicio\/"},{"@type":"ListItem","position":2,"name":"Productos","item":"https:\/\/gerdetect.de\/es\/shop\/"},{"@type":"ListItem","position":3,"name":"DEEP SEEKER DETECTOR"}]},{"@type":"WebSite","@id":"https:\/\/gerdetect.de\/es\/#website","url":"https:\/\/gerdetect.de\/es\/","name":"GER DETECT","description":"","publisher":{"@id":"https:\/\/gerdetect.de\/es\/#organization"},"potentialAction":[{"@type":"SearchAction","target":{"@type":"EntryPoint","urlTemplate":"https:\/\/gerdetect.de\/es\/?s={search_term_string}"},"query-input":{"@type":"PropertyValueSpecification","valueRequired":true,"valueName":"search_term_string"}}],"inLanguage":"es"},{"@type":"Organization","@id":"https:\/\/gerdetect.de\/es\/#organization","name":"GER DETECT","url":"https:\/\/gerdetect.de\/es\/","logo":{"@type":"ImageObject","inLanguage":"es","@id":"https:\/\/gerdetect.de\/es\/#\/schema\/logo\/image\/","url":"https:\/\/gerdetect.de\/wp-content\/uploads\/2025\/10\/GER-Logo.webp","contentUrl":"https:\/\/gerdetect.de\/wp-content\/uploads\/2025\/10\/GER-Logo.webp","width":2134,"height":2135,"caption":"GER DETECT"},"image":{"@id":"https:\/\/gerdetect.de\/es\/#\/schema\/logo\/image\/"}}]}},"_links":{"self":[{"href":"https:\/\/gerdetect.de\/es\/wp-json\/wp\/v2\/product\/17290","targetHints":{"allow":["GET"]}}],"collection":[{"href":"https:\/\/gerdetect.de\/es\/wp-json\/wp\/v2\/product"}],"about":[{"href":"https:\/\/gerdetect.de\/es\/wp-json\/wp\/v2\/types\/product"}],"version-history":[{"count":2,"href":"https:\/\/gerdetect.de\/es\/wp-json\/wp\/v2\/product\/17290\/revisions"}],"predecessor-version":[{"id":18428,"href":"https:\/\/gerdetect.de\/es\/wp-json\/wp\/v2\/product\/17290\/revisions\/18428"}],"wp:featuredmedia":[{"embeddable":true,"href":"https:\/\/gerdetect.de\/es\/wp-json\/wp\/v2\/media\/31262"}],"wp:attachment":[{"href":"https:\/\/gerdetect.de\/es\/wp-json\/wp\/v2\/media?parent=17290"}],"wp:term":[{"taxonomy":"product_brand","embeddable":true,"href":"https:\/\/gerdetect.de\/es\/wp-json\/wp\/v2\/product_brand?post=17290"},{"taxonomy":"product_cat","embeddable":true,"href":"https:\/\/gerdetect.de\/es\/wp-json\/wp\/v2\/product_cat?post=17290"},{"taxonomy":"product_tag","embeddable":true,"href":"https:\/\/gerdetect.de\/es\/wp-json\/wp\/v2\/product_tag?post=17290"}],"curies":[{"name":"wp","href":"https:\/\/api.w.org\/{rel}","templated":true}]}}