{"id":17292,"date":"2023-01-20T22:32:47","date_gmt":"2023-01-20T19:32:47","guid":{"rendered":"https:\/\/gerdetect.de\/product\/titan-ger-1000-detector\/"},"modified":"2025-04-21T15:32:50","modified_gmt":"2025-04-21T12:32:50","slug":"titan-ger-1000-detector","status":"publish","type":"product","link":"https:\/\/gerdetect.de\/es\/producto\/titan-ger-1000-detector\/","title":{"rendered":"TITAN GER 1000 DETECTOR"},"content":{"rendered":"\t\t<div data-elementor-type=\"wp-post\" data-elementor-id=\"17292\" class=\"elementor elementor-17292 elementor-11483\" data-elementor-post-type=\"product\">\n\t\t\t\t<div class=\"wd-negative-gap elementor-element elementor-element-a4707b5 e-flex e-con-boxed e-con e-parent\" data-id=\"a4707b5\" data-element_type=\"container\" data-e-type=\"container\">\n\t\t\t\t\t<div class=\"e-con-inner\">\n\t\t\t\t<div class=\"elementor-element elementor-element-45924d1 elementor-widget elementor-widget-heading\" data-id=\"45924d1\" data-element_type=\"widget\" data-e-type=\"widget\" data-widget_type=\"heading.default\">\n\t\t\t\t<div class=\"elementor-widget-container\">\n\t\t\t\t\t<h2 class=\"elementor-heading-title elementor-size-default\">TITAN GER 1000 DETECTOR <\/h2>\t\t\t\t<\/div>\n\t\t\t\t<\/div>\n\t\t\t\t\t<\/div>\n\t\t\t\t<\/div>\n\t\t\t\t<section class=\"wd-negative-gap elementor-section elementor-top-section elementor-element elementor-element-464f3246 elementor-section-boxed elementor-section-height-default elementor-section-height-default\" data-id=\"464f3246\" data-element_type=\"section\" data-e-type=\"section\">\n\t\t\t\t\t\t<div class=\"elementor-container elementor-column-gap-default\">\n\t\t\t\t\t<div class=\"elementor-column elementor-col-100 elementor-top-column elementor-element elementor-element-13687d1\" data-id=\"13687d1\" data-element_type=\"column\" data-e-type=\"column\" data-settings=\"{&quot;background_background&quot;:&quot;classic&quot;}\">\n\t\t\t<div class=\"elementor-widget-wrap elementor-element-populated\">\n\t\t\t\t\t\t<div class=\"elementor-element elementor-element-23f2cdad color-scheme-inherit text-left elementor-widget elementor-widget-text-editor\" data-id=\"23f2cdad\" data-element_type=\"widget\" data-e-type=\"widget\" data-widget_type=\"text-editor.default\">\n\t\t\t\t<div class=\"elementor-widget-container\">\n\t\t\t\t\t\t\t\t\t<p><img loading=\"lazy\" decoding=\"async\" class=\"size-large wp-image-52782 aligncenter\" src=\"https:\/\/gerdetect.de\/wp-content\/uploads\/2023\/01\/Underground-Metals-Treasures-And-Cavity-Detector-1024x285-1.jpg\" alt=\"Detector de metales, tesoros y cavidades subterr\u00e1neas\" width=\"1024\" height=\"285\"><\/p><p>Buenas noticias para los investigadores de oro, tesoros enterrados, monumentos antiguos, tumbas, cuevas y tumbas bajo tierra.<br>\u00a1Por fin se acab\u00f3 el trabajo duro y la b\u00fasqueda aleatoria! Ponemos a tu disposici\u00f3n la \u00faltima y mejor tecnolog\u00eda, \u00a1tu sue\u00f1o se est\u00e1 haciendo realidad! Ahora puedes encontrar oro, diamantes, gemas, tesoros enterrados, monumentos antiguos y cementerios, cuevas arqueol\u00f3gicas y todo tipo de enterramientos bajo tierra. <br><a href=\"https:\/\/uigdetectors.com\/gold-and-metal-detectors\/titan-ger-1000.php?la=en\" target=\"blank\" rel=\"noopener\">TITAN GER &#8211; 1000<\/a> multisistemas para buscar tesoros subterr\u00e1neos,<br>contiene una estaci\u00f3n de b\u00fasqueda completa, 5 sistemas de b\u00fasqueda en un solo dispositivo.<br>La empresa GER DETECT puso toda la alta tecnolog\u00eda en este dispositivo para ser el primero en el mercado, las caracter\u00edsticas t\u00e9cnicas de este dispositivo son un sue\u00f1o para todos los prospectores y exploradores alrededor del mundo.<br>Nuestros expertos desarrollaron el <a href=\"https:\/\/uigdetectors.com\/gold-and-metal-detectors\/titan-ger-1000.php?la=en\" target=\"blank\" rel=\"noopener\">TITAN GER &#8211; 1000<\/a> para resolver todos los grandes problemas que enfrentan los prospectadores con los dispositivos implementados en el mercado.<br>Ahora, por primera vez, la nueva tecnolog\u00eda de este dispositivo funciona con cinco sistemas de b\u00fasqueda diferentes, la profundidad es de hasta 45 metros bajo tierra y 2.500 metros de alcance frontal.<\/p>\t\t\t\t\t\t\t\t<\/div>\n\t\t\t\t<\/div>\n\t\t\t\t\t<\/div>\n\t\t<\/div>\n\t\t\t\t\t<\/div>\n\t\t<\/section>\n\t\t\t\t<section class=\"wd-negative-gap elementor-section elementor-top-section elementor-element elementor-element-235717d elementor-section-boxed elementor-section-height-default elementor-section-height-default\" data-id=\"235717d\" data-element_type=\"section\" data-e-type=\"section\">\n\t\t\t\t\t\t\t<div class=\"elementor-background-overlay\"><\/div>\n\t\t\t\t\t\t\t<div class=\"elementor-container elementor-column-gap-default\">\n\t\t\t\t\t<div class=\"elementor-column elementor-col-20 elementor-top-column elementor-element elementor-element-cf9d706\" data-id=\"cf9d706\" data-element_type=\"column\" data-e-type=\"column\">\n\t\t\t<div class=\"elementor-widget-wrap elementor-element-populated\">\n\t\t\t\t\t\t<div class=\"elementor-element elementor-element-6fa993c elementor-widget elementor-widget-wd_text_block\" data-id=\"6fa993c\" data-element_type=\"widget\" data-e-type=\"widget\" data-widget_type=\"wd_text_block.default\">\n\t\t\t\t<div class=\"elementor-widget-container\">\n\t\t\t\t\t\t\t<div class=\"wd-text-block reset-last-child text-center\">\n\t\t\t\n\t\t\t<h4>LONG RANGE SYSTEM<\/h4>\n\t\t\t\t\t<\/div>\n\t\t\t\t\t\t<\/div>\n\t\t\t\t<\/div>\n\t\t\t\t<div class=\"elementor-element elementor-element-b627e32 elementor-widget elementor-widget-wd_text_block\" data-id=\"b627e32\" data-element_type=\"widget\" data-e-type=\"widget\" data-widget_type=\"wd_text_block.default\">\n\t\t\t\t<div class=\"elementor-widget-container\">\n\t\t\t\t\t\t\t<div class=\"wd-text-block reset-last-child text-left\">\n\t\t\t\n\t\t\tEste sistema es muy preciso en la identificaci\u00f3n, discriminaci\u00f3n y monitoreo de la se\u00f1al y lo gu\u00eda hacia el objetivo mediante la direcci\u00f3n de la pantalla digital del dispositivo. Cuando se detecta un objetivo, su direcci\u00f3n aparecer\u00e1 en la pantalla y el usuario puede caminar hacia el objetivo detectado, incluso pararse en su per\u00edmetro exacto y confinarlo a un \u00e1rea de 1 metro cuadrado. Alta precisi\u00f3n en la identificaci\u00f3n del tipo de metal detectado. Tambi\u00e9n puede seleccionar uno de los metales en la lista del proceso de b\u00fasqueda, como oro, oro natural, cobre, plata, bronce, hierro, platino, diamantes, piedras preciosas, cavidad, aluminio o plomo. Puede determinar el rango frontal del dispositivo, comenzando desde 500 metros, 1000, 1500, 2000 o 2500 metros con una profundidad de 45 metros bajo el suelo.     \n\t\t\t\t\t<\/div>\n\t\t\t\t\t\t<\/div>\n\t\t\t\t<\/div>\n\t\t\t\t\t<\/div>\n\t\t<\/div>\n\t\t\t\t<div class=\"elementor-column elementor-col-20 elementor-top-column elementor-element elementor-element-85b7d28\" data-id=\"85b7d28\" data-element_type=\"column\" data-e-type=\"column\">\n\t\t\t<div class=\"elementor-widget-wrap elementor-element-populated\">\n\t\t\t\t\t\t<div class=\"elementor-element elementor-element-7edf0ec elementor-widget elementor-widget-wd_text_block\" data-id=\"7edf0ec\" data-element_type=\"widget\" data-e-type=\"widget\" data-widget_type=\"wd_text_block.default\">\n\t\t\t\t<div class=\"elementor-widget-container\">\n\t\t\t\t\t\t\t<div class=\"wd-text-block reset-last-child text-center\">\n\t\t\t\n\t\t\t<h4 style=\"text-align: center;\">B\u00daSQUEDA DE CAMPOS I\u00d3NICOS<\/h4>\n\t\t\t\t\t<\/div>\n\t\t\t\t\t\t<\/div>\n\t\t\t\t<\/div>\n\t\t\t\t<div class=\"elementor-element elementor-element-e290ec3 elementor-widget elementor-widget-wd_text_block\" data-id=\"e290ec3\" data-element_type=\"widget\" data-e-type=\"widget\" data-widget_type=\"wd_text_block.default\">\n\t\t\t\t<div class=\"elementor-widget-container\">\n\t\t\t\t\t\t\t<div class=\"wd-text-block reset-last-child text-left\">\n\t\t\t\n\t\t\tEl oro, los tesoros y los entierros, despu\u00e9s de estar bajo tierra durante mucho tiempo, se superponen e interact\u00faan con el suelo y la naturaleza de la tierra y forman l\u00edneas magn\u00e9ticas norte-sur y emiten lo que llamamos un campo i\u00f3nico. Una de las caracter\u00edsticas m\u00e1s avanzadas de este sistema es que ya no es necesario realizar largas caminatas ni b\u00fasquedas aleatorias en las vastas tierras: solo es necesario ejecutar el dispositivo en el sistema de detecci\u00f3n i\u00f3nica: cuando apunta el dispositivo al suelo, el dispositivo emitir\u00e1 un sonido de alarma para confirmar la existencia del objeto, luego puede moverse hacia el objetivo detectado, hasta que se encuentre en su lugar exacto, luego lo marca y lo confina a un \u00e1rea de un metro cuadrado.  \n\t\t\t\t\t<\/div>\n\t\t\t\t\t\t<\/div>\n\t\t\t\t<\/div>\n\t\t\t\t\t<\/div>\n\t\t<\/div>\n\t\t\t\t<div class=\"elementor-column elementor-col-20 elementor-top-column elementor-element elementor-element-8ea553b\" data-id=\"8ea553b\" data-element_type=\"column\" data-e-type=\"column\">\n\t\t\t<div class=\"elementor-widget-wrap elementor-element-populated\">\n\t\t\t\t\t\t<div class=\"elementor-element elementor-element-928f515 elementor-widget elementor-widget-wd_text_block\" data-id=\"928f515\" data-element_type=\"widget\" data-e-type=\"widget\" data-widget_type=\"wd_text_block.default\">\n\t\t\t\t<div class=\"elementor-widget-container\">\n\t\t\t\t\t\t\t<div class=\"wd-text-block reset-last-child text-center\">\n\t\t\t\n\t\t\t<h4>SISTEMA DE IM\u00c1GENES 3D<\/h4>\n\t\t\t\t\t<\/div>\n\t\t\t\t\t\t<\/div>\n\t\t\t\t<\/div>\n\t\t\t\t<div class=\"elementor-element elementor-element-ecedd9e elementor-widget elementor-widget-wd_text_block\" data-id=\"ecedd9e\" data-element_type=\"widget\" data-e-type=\"widget\" data-widget_type=\"wd_text_block.default\">\n\t\t\t\t<div class=\"elementor-widget-container\">\n\t\t\t\t\t\t\t<div class=\"wd-text-block reset-last-child text-left\">\n\t\t\t\n\t\t\tSe han a\u00f1adido y desarrollado muchas caracter\u00edsticas t\u00e9cnicas innovadoras a este nuevo dispositivo: escanea todas las capas del suelo y muestra la imagen desde 3 direcciones diferentes en la pantalla del dispositivo. Resultados completos para ilustrar el objetivo subterr\u00e1neo desde 3 direcciones, desde el lateral, desde abajo y desde arriba, para aclarar y mostrar todo como oro, metales, tesoros enterrados, cuevas, espacios, vac\u00edos y tumbas. Muestra la profundidad de todos los objetivos no descubiertos en cent\u00edmetros, el software del dispositivo muestra el comienzo y el final de la profundidad del objetivo.   \n\t\t\t\t\t<\/div>\n\t\t\t\t\t\t<\/div>\n\t\t\t\t<\/div>\n\t\t\t\t\t<\/div>\n\t\t<\/div>\n\t\t\t\t<div class=\"elementor-column elementor-col-20 elementor-top-column elementor-element elementor-element-0b4e71a\" data-id=\"0b4e71a\" data-element_type=\"column\" data-e-type=\"column\">\n\t\t\t<div class=\"elementor-widget-wrap elementor-element-populated\">\n\t\t\t\t\t\t<div class=\"elementor-element elementor-element-7c78fb7 elementor-widget elementor-widget-wd_text_block\" data-id=\"7c78fb7\" data-element_type=\"widget\" data-e-type=\"widget\" data-widget_type=\"wd_text_block.default\">\n\t\t\t\t<div class=\"elementor-widget-container\">\n\t\t\t\t\t\t\t<div class=\"wd-text-block reset-last-child text-center\">\n\t\t\t\n\t\t\t<h4 style=\"text-align: center;\">SISTEMA DE INDUCCI\u00d3N DE PULSOS<\/h4>\n\t\t\t\t\t<\/div>\n\t\t\t\t\t\t<\/div>\n\t\t\t\t<\/div>\n\t\t\t\t<div class=\"elementor-element elementor-element-566232d elementor-widget elementor-widget-wd_text_block\" data-id=\"566232d\" data-element_type=\"widget\" data-e-type=\"widget\" data-widget_type=\"wd_text_block.default\">\n\t\t\t\t<div class=\"elementor-widget-container\">\n\t\t\t\t\t\t\t<div class=\"wd-text-block reset-last-child text-left\">\n\t\t\t\n\t\t\tEl dispositivo funciona con la frecuencia del sistema de inducci\u00f3n de pulsos. Penetra en el suelo a una profundidad a la que muchos otros dispositivos no pueden llegar. La mejor y m\u00e1s reciente tecnolog\u00eda de sistemas de inducci\u00f3n de pulsos para detectar oro enterrado, tesoros antiguos, t\u00faneles, cuevas y monedas preciosas bajo tierra. Adem\u00e1s, hay una funci\u00f3n de calibraci\u00f3n autom\u00e1tica con el suelo para garantizar que el dispositivo no se vea afectado por la interferencia causada por suelo h\u00famedo, rocas met\u00e1licas o suelo duro.    \n\t\t\t\t\t<\/div>\n\t\t\t\t\t\t<\/div>\n\t\t\t\t<\/div>\n\t\t\t\t\t<\/div>\n\t\t<\/div>\n\t\t\t\t<div class=\"elementor-column elementor-col-20 elementor-top-column elementor-element elementor-element-428de8f\" data-id=\"428de8f\" data-element_type=\"column\" data-e-type=\"column\">\n\t\t\t<div class=\"elementor-widget-wrap elementor-element-populated\">\n\t\t\t\t\t\t<div class=\"elementor-element elementor-element-b775c31 elementor-widget elementor-widget-wd_text_block\" data-id=\"b775c31\" data-element_type=\"widget\" data-e-type=\"widget\" data-widget_type=\"wd_text_block.default\">\n\t\t\t\t<div class=\"elementor-widget-container\">\n\t\t\t\t\t\t\t<div class=\"wd-text-block reset-last-child text-center\">\n\t\t\t\n\t\t\t<h4>SISTEMA DE MAGNET\u00d3METRO<\/h4>\n\t\t\t\t\t<\/div>\n\t\t\t\t\t\t<\/div>\n\t\t\t\t<\/div>\n\t\t\t\t<div class=\"elementor-element elementor-element-bc331c0 elementor-widget elementor-widget-wd_text_block\" data-id=\"bc331c0\" data-element_type=\"widget\" data-e-type=\"widget\" data-widget_type=\"wd_text_block.default\">\n\t\t\t\t<div class=\"elementor-widget-container\">\n\t\t\t\t\t\t\t<div class=\"wd-text-block reset-last-child text-left\">\n\t\t\t\n\t\t\tEste sistema busca metales magn\u00e9ticos como el hierro, este sistema permite saber si hay metales no preciosos bajo tierra. La profundidad del sistema magnet\u00f3metro es de hasta 45 metros bajo tierra.  \n\t\t\t\t\t<\/div>\n\t\t\t\t\t\t<\/div>\n\t\t\t\t<\/div>\n\t\t\t\t\t<\/div>\n\t\t<\/div>\n\t\t\t\t\t<\/div>\n\t\t<\/section>\n\t\t<div class=\"wd-negative-gap elementor-element elementor-element-c55025d e-flex e-con-boxed e-con e-parent\" data-id=\"c55025d\" data-element_type=\"container\" data-e-type=\"container\">\n\t\t\t\t\t<div class=\"e-con-inner\">\n\t\t\t\t<div class=\"elementor-element elementor-element-0882d64 elementor-widget elementor-widget-video\" data-id=\"0882d64\" data-element_type=\"widget\" data-e-type=\"widget\" data-settings=\"{&quot;youtube_url&quot;:&quot;https:\\\/\\\/youtu.be\\\/XhcYIBgfRPU?si=JRwABhh3nhGm4uOT&quot;,&quot;video_type&quot;:&quot;youtube&quot;,&quot;controls&quot;:&quot;yes&quot;}\" data-widget_type=\"video.default\">\n\t\t\t\t<div class=\"elementor-widget-container\">\n\t\t\t\t\t\t\t<div class=\"elementor-wrapper elementor-open-inline\">\n\t\t\t<div class=\"elementor-video\"><\/div>\t\t<\/div>\n\t\t\t\t\t\t<\/div>\n\t\t\t\t<\/div>\n\t\t\t\t\t<\/div>\n\t\t\t\t<\/div>\n\t\t\t\t<\/div>\n\t\t","protected":false},"excerpt":{"rendered":"<h4 class=\"card-title dark-blue text-left font-weight-bold\">Una completa estaci\u00f3n de b\u00fasqueda con 5 sistemas en un solo dispositivo especializado en detectar oro subterr\u00e1neo, tesoros, antig\u00fcedades antiguas, huecos, cuevas y tumbas.<\/h4>\n","protected":false},"featured_media":31345,"template":"","meta":[],"product_brand":[],"product_cat":[278,312],"product_tag":[],"class_list":{"0":"post-17292","1":"product","2":"type-product","3":"status-publish","4":"has-post-thumbnail","6":"product_cat-detectores-de-oro-y-metales","7":"product_cat-es-products","9":"first","10":"instock","11":"sale","12":"shipping-taxable","13":"purchasable","14":"product-type-simple"},"yoast_head":"<!-- This site is optimized with the Yoast SEO plugin v27.3 - https:\/\/yoast.com\/product\/yoast-seo-wordpress\/ -->\n<title>TITAN GER 1000 DETECTOR - GER DETECT<\/title>\n<meta name=\"description\" content=\"Detector de 5 sistemas Titan Ger 1000 con inducci\u00f3n de pulsos: oro, metales, tesoros, diamantes, huecos y esc\u00e1ner de im\u00e1genes 3D\" \/>\n<meta name=\"robots\" content=\"index, follow, max-snippet:-1, max-image-preview:large, max-video-preview:-1\" \/>\n<link rel=\"canonical\" href=\"https:\/\/gerdetect.de\/es\/producto\/titan-ger-1000-detector\/\" \/>\n<meta property=\"og:locale\" content=\"es_ES\" \/>\n<meta property=\"og:type\" content=\"article\" \/>\n<meta property=\"og:title\" content=\"-\" \/>\n<meta property=\"og:description\" content=\"EL DISPOSITIVO TITAN GER 1000 es una de las mejores innovaciones alemanas con la certificaci\u00f3n europea C\u03f5 seg\u00fan especificaciones internacionales.\" \/>\n<meta property=\"og:url\" content=\"https:\/\/gerdetect.de\/es\/producto\/titan-ger-1000-detector\/\" \/>\n<meta property=\"og:site_name\" content=\"GER DETECT\" \/>\n<meta property=\"article:modified_time\" content=\"2025-04-21T12:32:50+00:00\" \/>\n<meta property=\"og:image\" content=\"https:\/\/gerdetect.de\/wp-content\/uploads\/2023\/03\/titan-ger-1000-3-300x300.jpg\" \/>\n<meta name=\"twitter:card\" content=\"summary_large_image\" \/>\n<meta name=\"twitter:title\" content=\"-\" \/>\n<meta name=\"twitter:description\" content=\"EL DISPOSITIVO TITAN GER 1000 es una de las mejores innovaciones alemanas con la certificaci\u00f3n europea C\u03f5 seg\u00fan especificaciones internacionales.\" \/>\n<meta name=\"twitter:image\" content=\"https:\/\/gerdetect.de\/wp-content\/uploads\/2023\/03\/titan-ger-1000-3.jpg\" \/>\n<meta name=\"twitter:label1\" content=\"Tiempo de lectura\" \/>\n\t<meta name=\"twitter:data1\" content=\"4 minutos\" \/>\n<script type=\"application\/ld+json\" class=\"yoast-schema-graph\">{\"@context\":\"https:\\\/\\\/schema.org\",\"@graph\":[{\"@type\":\"WebPage\",\"@id\":\"https:\\\/\\\/gerdetect.de\\\/es\\\/producto\\\/titan-ger-1000-detector\\\/\",\"url\":\"https:\\\/\\\/gerdetect.de\\\/es\\\/producto\\\/titan-ger-1000-detector\\\/\",\"name\":\"TITAN GER 1000 DETECTOR - GER DETECT\",\"isPartOf\":{\"@id\":\"https:\\\/\\\/gerdetect.de\\\/es\\\/#website\"},\"primaryImageOfPage\":{\"@id\":\"https:\\\/\\\/gerdetect.de\\\/es\\\/producto\\\/titan-ger-1000-detector\\\/#primaryimage\"},\"image\":{\"@id\":\"https:\\\/\\\/gerdetect.de\\\/es\\\/producto\\\/titan-ger-1000-detector\\\/#primaryimage\"},\"thumbnailUrl\":\"https:\\\/\\\/gerdetect.de\\\/wp-content\\\/uploads\\\/2023\\\/01\\\/titan-GER-1000.png\",\"datePublished\":\"2023-01-20T19:32:47+00:00\",\"dateModified\":\"2025-04-21T12:32:50+00:00\",\"description\":\"Detector de 5 sistemas Titan Ger 1000 con inducci\u00f3n de pulsos: oro, metales, tesoros, diamantes, huecos y esc\u00e1ner de im\u00e1genes 3D\",\"breadcrumb\":{\"@id\":\"https:\\\/\\\/gerdetect.de\\\/es\\\/producto\\\/titan-ger-1000-detector\\\/#breadcrumb\"},\"inLanguage\":\"es\",\"potentialAction\":[{\"@type\":\"ReadAction\",\"target\":[\"https:\\\/\\\/gerdetect.de\\\/es\\\/producto\\\/titan-ger-1000-detector\\\/\"]}]},{\"@type\":\"ImageObject\",\"inLanguage\":\"es\",\"@id\":\"https:\\\/\\\/gerdetect.de\\\/es\\\/producto\\\/titan-ger-1000-detector\\\/#primaryimage\",\"url\":\"https:\\\/\\\/gerdetect.de\\\/wp-content\\\/uploads\\\/2023\\\/01\\\/titan-GER-1000.png\",\"contentUrl\":\"https:\\\/\\\/gerdetect.de\\\/wp-content\\\/uploads\\\/2023\\\/01\\\/titan-GER-1000.png\",\"width\":1052,\"height\":890},{\"@type\":\"BreadcrumbList\",\"@id\":\"https:\\\/\\\/gerdetect.de\\\/es\\\/producto\\\/titan-ger-1000-detector\\\/#breadcrumb\",\"itemListElement\":[{\"@type\":\"ListItem\",\"position\":1,\"name\":\"Home\",\"item\":\"https:\\\/\\\/gerdetect.de\\\/es\\\/inicio\\\/\"},{\"@type\":\"ListItem\",\"position\":2,\"name\":\"Productos\",\"item\":\"https:\\\/\\\/gerdetect.de\\\/es\\\/shop\\\/\"},{\"@type\":\"ListItem\",\"position\":3,\"name\":\"TITAN GER 1000 DETECTOR\"}]},{\"@type\":\"WebSite\",\"@id\":\"https:\\\/\\\/gerdetect.de\\\/es\\\/#website\",\"url\":\"https:\\\/\\\/gerdetect.de\\\/es\\\/\",\"name\":\"GER DETECT\",\"description\":\"\",\"publisher\":{\"@id\":\"https:\\\/\\\/gerdetect.de\\\/es\\\/#organization\"},\"potentialAction\":[{\"@type\":\"SearchAction\",\"target\":{\"@type\":\"EntryPoint\",\"urlTemplate\":\"https:\\\/\\\/gerdetect.de\\\/es\\\/?s={search_term_string}\"},\"query-input\":{\"@type\":\"PropertyValueSpecification\",\"valueRequired\":true,\"valueName\":\"search_term_string\"}}],\"inLanguage\":\"es\"},{\"@type\":\"Organization\",\"@id\":\"https:\\\/\\\/gerdetect.de\\\/es\\\/#organization\",\"name\":\"GER DETECT\",\"url\":\"https:\\\/\\\/gerdetect.de\\\/es\\\/\",\"logo\":{\"@type\":\"ImageObject\",\"inLanguage\":\"es\",\"@id\":\"https:\\\/\\\/gerdetect.de\\\/es\\\/#\\\/schema\\\/logo\\\/image\\\/\",\"url\":\"https:\\\/\\\/gerdetect.de\\\/wp-content\\\/uploads\\\/2025\\\/10\\\/GER-Logo.webp\",\"contentUrl\":\"https:\\\/\\\/gerdetect.de\\\/wp-content\\\/uploads\\\/2025\\\/10\\\/GER-Logo.webp\",\"width\":2134,\"height\":2135,\"caption\":\"GER DETECT\"},\"image\":{\"@id\":\"https:\\\/\\\/gerdetect.de\\\/es\\\/#\\\/schema\\\/logo\\\/image\\\/\"}}]}<\/script>\n<!-- \/ Yoast SEO plugin. -->","yoast_head_json":{"title":"TITAN GER 1000 DETECTOR - GER DETECT","description":"Detector de 5 sistemas Titan Ger 1000 con inducci\u00f3n de pulsos: oro, metales, tesoros, diamantes, huecos y esc\u00e1ner de im\u00e1genes 3D","robots":{"index":"index","follow":"follow","max-snippet":"max-snippet:-1","max-image-preview":"max-image-preview:large","max-video-preview":"max-video-preview:-1"},"canonical":"https:\/\/gerdetect.de\/es\/producto\/titan-ger-1000-detector\/","og_locale":"es_ES","og_type":"article","og_title":"-","og_description":"EL DISPOSITIVO TITAN GER 1000 es una de las mejores innovaciones alemanas con la certificaci\u00f3n europea C\u03f5 seg\u00fan especificaciones internacionales.","og_url":"https:\/\/gerdetect.de\/es\/producto\/titan-ger-1000-detector\/","og_site_name":"GER DETECT","article_modified_time":"2025-04-21T12:32:50+00:00","og_image":[{"url":"https:\/\/gerdetect.de\/wp-content\/uploads\/2023\/03\/titan-ger-1000-3-300x300.jpg","type":"","width":"","height":""}],"twitter_card":"summary_large_image","twitter_title":"-","twitter_description":"EL DISPOSITIVO TITAN GER 1000 es una de las mejores innovaciones alemanas con la certificaci\u00f3n europea C\u03f5 seg\u00fan especificaciones internacionales.","twitter_image":"https:\/\/gerdetect.de\/wp-content\/uploads\/2023\/03\/titan-ger-1000-3.jpg","twitter_misc":{"Tiempo de lectura":"4 minutos"},"schema":{"@context":"https:\/\/schema.org","@graph":[{"@type":"WebPage","@id":"https:\/\/gerdetect.de\/es\/producto\/titan-ger-1000-detector\/","url":"https:\/\/gerdetect.de\/es\/producto\/titan-ger-1000-detector\/","name":"TITAN GER 1000 DETECTOR - GER DETECT","isPartOf":{"@id":"https:\/\/gerdetect.de\/es\/#website"},"primaryImageOfPage":{"@id":"https:\/\/gerdetect.de\/es\/producto\/titan-ger-1000-detector\/#primaryimage"},"image":{"@id":"https:\/\/gerdetect.de\/es\/producto\/titan-ger-1000-detector\/#primaryimage"},"thumbnailUrl":"https:\/\/gerdetect.de\/wp-content\/uploads\/2023\/01\/titan-GER-1000.png","datePublished":"2023-01-20T19:32:47+00:00","dateModified":"2025-04-21T12:32:50+00:00","description":"Detector de 5 sistemas Titan Ger 1000 con inducci\u00f3n de pulsos: oro, metales, tesoros, diamantes, huecos y esc\u00e1ner de im\u00e1genes 3D","breadcrumb":{"@id":"https:\/\/gerdetect.de\/es\/producto\/titan-ger-1000-detector\/#breadcrumb"},"inLanguage":"es","potentialAction":[{"@type":"ReadAction","target":["https:\/\/gerdetect.de\/es\/producto\/titan-ger-1000-detector\/"]}]},{"@type":"ImageObject","inLanguage":"es","@id":"https:\/\/gerdetect.de\/es\/producto\/titan-ger-1000-detector\/#primaryimage","url":"https:\/\/gerdetect.de\/wp-content\/uploads\/2023\/01\/titan-GER-1000.png","contentUrl":"https:\/\/gerdetect.de\/wp-content\/uploads\/2023\/01\/titan-GER-1000.png","width":1052,"height":890},{"@type":"BreadcrumbList","@id":"https:\/\/gerdetect.de\/es\/producto\/titan-ger-1000-detector\/#breadcrumb","itemListElement":[{"@type":"ListItem","position":1,"name":"Home","item":"https:\/\/gerdetect.de\/es\/inicio\/"},{"@type":"ListItem","position":2,"name":"Productos","item":"https:\/\/gerdetect.de\/es\/shop\/"},{"@type":"ListItem","position":3,"name":"TITAN GER 1000 DETECTOR"}]},{"@type":"WebSite","@id":"https:\/\/gerdetect.de\/es\/#website","url":"https:\/\/gerdetect.de\/es\/","name":"GER DETECT","description":"","publisher":{"@id":"https:\/\/gerdetect.de\/es\/#organization"},"potentialAction":[{"@type":"SearchAction","target":{"@type":"EntryPoint","urlTemplate":"https:\/\/gerdetect.de\/es\/?s={search_term_string}"},"query-input":{"@type":"PropertyValueSpecification","valueRequired":true,"valueName":"search_term_string"}}],"inLanguage":"es"},{"@type":"Organization","@id":"https:\/\/gerdetect.de\/es\/#organization","name":"GER DETECT","url":"https:\/\/gerdetect.de\/es\/","logo":{"@type":"ImageObject","inLanguage":"es","@id":"https:\/\/gerdetect.de\/es\/#\/schema\/logo\/image\/","url":"https:\/\/gerdetect.de\/wp-content\/uploads\/2025\/10\/GER-Logo.webp","contentUrl":"https:\/\/gerdetect.de\/wp-content\/uploads\/2025\/10\/GER-Logo.webp","width":2134,"height":2135,"caption":"GER DETECT"},"image":{"@id":"https:\/\/gerdetect.de\/es\/#\/schema\/logo\/image\/"}}]}},"_links":{"self":[{"href":"https:\/\/gerdetect.de\/es\/wp-json\/wp\/v2\/product\/17292","targetHints":{"allow":["GET"]}}],"collection":[{"href":"https:\/\/gerdetect.de\/es\/wp-json\/wp\/v2\/product"}],"about":[{"href":"https:\/\/gerdetect.de\/es\/wp-json\/wp\/v2\/types\/product"}],"version-history":[{"count":2,"href":"https:\/\/gerdetect.de\/es\/wp-json\/wp\/v2\/product\/17292\/revisions"}],"predecessor-version":[{"id":18422,"href":"https:\/\/gerdetect.de\/es\/wp-json\/wp\/v2\/product\/17292\/revisions\/18422"}],"wp:featuredmedia":[{"embeddable":true,"href":"https:\/\/gerdetect.de\/es\/wp-json\/wp\/v2\/media\/31345"}],"wp:attachment":[{"href":"https:\/\/gerdetect.de\/es\/wp-json\/wp\/v2\/media?parent=17292"}],"wp:term":[{"taxonomy":"product_brand","embeddable":true,"href":"https:\/\/gerdetect.de\/es\/wp-json\/wp\/v2\/product_brand?post=17292"},{"taxonomy":"product_cat","embeddable":true,"href":"https:\/\/gerdetect.de\/es\/wp-json\/wp\/v2\/product_cat?post=17292"},{"taxonomy":"product_tag","embeddable":true,"href":"https:\/\/gerdetect.de\/es\/wp-json\/wp\/v2\/product_tag?post=17292"}],"curies":[{"name":"wp","href":"https:\/\/api.w.org\/{rel}","templated":true}]}}