{"id":17296,"date":"2023-01-20T22:32:50","date_gmt":"2023-01-20T19:32:50","guid":{"rendered":"https:\/\/gerdetect.de\/product\/titan-500-smart-detector\/"},"modified":"2025-04-21T15:33:30","modified_gmt":"2025-04-21T12:33:30","slug":"titan-500-smart-detector","status":"publish","type":"product","link":"https:\/\/gerdetect.de\/es\/producto\/titan-500-smart-detector\/","title":{"rendered":"TITAN 500 SMART DETECTOR"},"content":{"rendered":"\t\t<div data-elementor-type=\"product-post\" data-elementor-id=\"17296\" class=\"elementor elementor-17296 elementor-11486\" data-elementor-post-type=\"product\">\n\t\t\t\t<div class=\"wd-negative-gap elementor-element elementor-element-6cc3283 e-flex e-con-boxed e-con e-parent\" data-id=\"6cc3283\" data-element_type=\"container\" data-e-type=\"container\">\n\t\t\t\t\t<div class=\"e-con-inner\">\n\t\t\t\t<div class=\"elementor-element elementor-element-c932291 elementor-widget elementor-widget-heading\" data-id=\"c932291\" data-element_type=\"widget\" data-e-type=\"widget\" data-widget_type=\"heading.default\">\n\t\t\t\t<div class=\"elementor-widget-container\">\n\t\t\t\t\t<h2 class=\"elementor-heading-title elementor-size-default\">TITAN 500 SMART DETECTOR <\/h2>\t\t\t\t<\/div>\n\t\t\t\t<\/div>\n\t\t\t\t\t<\/div>\n\t\t\t\t<\/div>\n\t\t<div class=\"wd-negative-gap elementor-element elementor-element-5bdd8dd4 e-flex e-con-boxed e-con e-parent\" data-id=\"5bdd8dd4\" data-element_type=\"container\" data-e-type=\"container\">\n\t\t\t\t\t<div class=\"e-con-inner\">\n\t\t\t\t<div class=\"elementor-element elementor-element-fc90536 color-scheme-inherit text-left elementor-widget elementor-widget-text-editor\" data-id=\"fc90536\" data-element_type=\"widget\" data-e-type=\"widget\" data-widget_type=\"text-editor.default\">\n\t\t\t\t<div class=\"elementor-widget-container\">\n\t\t\t\t\t\t\t\t\t<img loading=\"lazy\" decoding=\"async\" class=\"alignnone size-full wp-image-12166\" src=\"https:\/\/gerdetect.de\/wp-content\/uploads\/2023\/01\/titan-500-smart-00.jpg\" alt=\"\" width=\"1024\" height=\"285\" srcset=\"https:\/\/gerdetect.de\/wp-content\/uploads\/2023\/01\/titan-500-smart-00.jpg 1024w, https:\/\/gerdetect.de\/wp-content\/uploads\/2023\/01\/titan-500-smart-00-430x120.jpg 430w, https:\/\/gerdetect.de\/wp-content\/uploads\/2023\/01\/titan-500-smart-00-150x42.jpg 150w, https:\/\/gerdetect.de\/wp-content\/uploads\/2023\/01\/titan-500-smart-00-700x195.jpg 700w, https:\/\/gerdetect.de\/wp-content\/uploads\/2023\/01\/titan-500-smart-00-400x111.jpg 400w, https:\/\/gerdetect.de\/wp-content\/uploads\/2023\/01\/titan-500-smart-00-768x214.jpg 768w, https:\/\/gerdetect.de\/wp-content\/uploads\/2023\/01\/titan-500-smart-00-860x239.jpg 860w\" sizes=\"auto, (max-width: 1024px) 100vw, 1024px\" \/>\n<h4><\/h4>\n<h5>TITAN 500 SMART con su nuevo dise\u00f1o; el primero de su tipo en el mundo El dispositivo TITAN 500 SMART trabaja con cuatro sistemas de b\u00fasqueda diferentes; especializados en detectar oro, metales preciosos, tesoros enterrados, diamantes y piedras preciosas bajo tierra.<\/h5>\n<h5>Tras el gran \u00e9xito de Ger Detect, en colaboraci\u00f3n con UIG Detectors, se ha presentado el dispositivo TITAN 500, que ha conseguido una gran ventaja en los \u00faltimos cinco a\u00f1os. Se ha desarrollado completamente el dispositivo hasta convertirlo en el mejor detector de diamantes TITAN 500 SMART con la incorporaci\u00f3n de m\u00e1s sistemas y el desarrollo de las caracter\u00edsticas del dispositivo con nuevas t\u00e9cnicas profesionales para capturar objetivos a largas distancias con gran precisi\u00f3n y determinar la profundidad de una forma m\u00e1s f\u00e1cil y precisa. <span style=\"color: #8507ab;\">\n<span style=\"color: #ff7900;\">Este dispositivo est\u00e1 dise\u00f1ado para ser compatible con su funcionamiento en todos los pa\u00edses y regiones.<\/span>\n<span style=\"color: #ff7900;\">El verdadero viaje de exploraci\u00f3n no requiere ir a nuevas tierras, sino m\u00e1s bien requiere ver con nuevos ojos.<\/span><\/span><\/h5>\n<h1 style=\"text-align: center;\"><span style=\"color: #ff7900;\"><strong>&#8230;&#8230;&#8230;&#8230;&#8230;&#8230;&#8230;&#8230;&#8230;&#8230;&#8230;&#8230;&#8230;&#8230;&#8230;&#8230;&#8230;&#8230;&#8230;&#8230;&#8230;&#8230;.<\/strong><\/span><\/h1>\n<h5>La m\u00e1quina de b\u00fasqueda de piedras preciosas TITAN 500 SMART es un dispositivo multifuncional para buscar diamantes, piedras preciosas, oro y metales preciosos en el suelo.<\/h5>\n<h5>&#8211; S\u00faper velocidad en la captura de objetivos y su localizaci\u00f3n con precisi\u00f3n. &#8211; B\u00fasqueda de diamantes grandes y peque\u00f1os. &#8211; B\u00fasqueda de gemas y capacidad para descubrir 18 especies diferentes &#8211; Zafiro, Esmeralda, Cuarzo, Topacio, Granate, Amatista, Lapisl\u00e1zuli, Turmalina, Columbita, Tanzanita, Turquesa, Peridoto, Alejandrita, Ojo de Gato, Rub\u00ed, Jaspe, \u00d3palo, Aguamarina.  <\/h5>\n<h5>&#8211; B\u00fasqueda de metales preciosos como oro antiguo enterrado &#8211; pepitas de oro platino &#8211; plata &#8211; bronce &#8211; circ\u00f3n &#8211; cobalto &#8211; colt\u00e1n &#8211; cobre &#8211; mercurio &#8211; meteoritos &#8211; osmio. Determinaci\u00f3n de la profundidad del objetivo en metros y marcaci\u00f3n f\u00e1cil y con alta precisi\u00f3n. Determinaci\u00f3n del continente a buscar. &#8211; Una pantalla que admite el sistema t\u00e1ctil, que tiene muchas ventajas y caracter\u00edsticas: &#8211; Un term\u00f3metro electr\u00f3nico dentro de la pantalla del dispositivo, que mide la temperatura del clima. &#8211; Un reloj digital. &#8211; Silenciar y activar el sonido del dispositivo. &#8211; Super Antena, que ayuda al dispositivo a cubrir grandes \u00e1reas de investigaci\u00f3n.      <\/h5>\n<h4>Sistemas de b\u00fasqueda: <span style=\"color: #ff7900;\">El dispositivo TITAN GER 500 funciona con cuatro sistemas de b\u00fasqueda diferentes:<\/span><\/h4>\n<h5>1- Sistema de b\u00fasqueda de diamantes grandes y peque\u00f1os bajo tierra. 2- Sistema de b\u00fasqueda de piedras preciosas bajo tierra. Como zafiro, esmeralda, cuarzo, topacio, granate, amatista, lapisl\u00e1zuli, turmalina, columbita, tanzanita, turquesa, peridoto, alejandrita, ojo de gato, rub\u00ed, jaspe, \u00f3palo, aguamarina. 3- Sistema de b\u00fasqueda de oro y metales preciosos bajo tierra. Como oro antiguo enterrado: pepitas de oro, platino, plata, bronce, circ\u00f3n, cobalto, colt\u00e1n, cobre, mercurio, meteoritos, osmio. 4- Sistema de determinaci\u00f3n de profundidad y an\u00e1lisis de resultados bajo tierra.     <\/h5>\n<h5>La profundidad de b\u00fasqueda del dispositivo TITAN 500 SMART alcanza hasta 120 metros en el suelo y el alcance frontal es de 3000 metros.<\/h5>\n<h5><span style=\"color: #ff7900;\">La exploraci\u00f3n subterr\u00e1nea de diamantes TITAN 500 SMART es una de las mejores de la industria alemana. Cuenta con el certificado europeo CE seg\u00fan est\u00e1ndares internacionales, adem\u00e1s del certificado internacional ISO 9001 seg\u00fan normas y est\u00e1ndares internacionales de fabricaci\u00f3n. <\/span><\/h5>\t\t\t\t\t\t\t\t<\/div>\n\t\t\t\t<\/div>\n\t\t\t\t\t<\/div>\n\t\t\t\t<\/div>\n\t\t<div class=\"wd-negative-gap elementor-element elementor-element-164009e e-flex e-con-boxed e-con e-parent\" data-id=\"164009e\" data-element_type=\"container\" data-e-type=\"container\">\n\t\t\t\t\t<div class=\"e-con-inner\">\n\t\t\t\t<div class=\"elementor-element elementor-element-f8b1036 elementor-widget elementor-widget-video\" data-id=\"f8b1036\" data-element_type=\"widget\" data-e-type=\"widget\" data-settings=\"{&quot;youtube_url&quot;:&quot;https:\\\/\\\/youtu.be\\\/gSub4-iGGe8?si=VR23FBYk5pb8TCT3&quot;,&quot;video_type&quot;:&quot;youtube&quot;,&quot;controls&quot;:&quot;yes&quot;}\" data-widget_type=\"video.default\">\n\t\t\t\t<div class=\"elementor-widget-container\">\n\t\t\t\t\t\t\t<div class=\"elementor-wrapper elementor-open-inline\">\n\t\t\t<div class=\"elementor-video\"><\/div>\t\t<\/div>\n\t\t\t\t\t\t<\/div>\n\t\t\t\t<\/div>\n\t\t\t\t\t<\/div>\n\t\t\t\t<\/div>\n\t\t\t\t<\/div>\n\t\t","protected":false},"excerpt":{"rendered":"<h4><span style=\"color: #ff7900;\">Dispositivo de sistema de largo alcance para detectar diamantes y piedras preciosas en el suelo<\/span><\/h4>\n","protected":false},"featured_media":31350,"template":"","meta":[],"product_brand":[],"product_cat":[288,312],"product_tag":[],"class_list":{"0":"post-17296","1":"product","2":"type-product","3":"status-publish","4":"has-post-thumbnail","6":"product_cat-detectores-de-diamantes-y-piedras-preciosas","7":"product_cat-es-products","9":"first","10":"instock","11":"shipping-taxable","12":"purchasable","13":"product-type-simple"},"yoast_head":"<!-- This site is optimized with the Yoast SEO plugin v27.3 - https:\/\/yoast.com\/product\/yoast-seo-wordpress\/ -->\n<title>TITAN 500 SMART DETECTOR - GER DETECT<\/title>\n<meta name=\"description\" content=\"Localizador de largo alcance Titan 500 Smart 4 Systems: buscador de diamantes, piedras preciosas, zafiros, esmeraldas, amatistas, turmalinas, columbitas, tanzanitas, rub\u00edes y aguamarinas\" \/>\n<meta name=\"robots\" content=\"index, follow, max-snippet:-1, max-image-preview:large, max-video-preview:-1\" \/>\n<link rel=\"canonical\" href=\"https:\/\/gerdetect.de\/es\/producto\/titan-500-smart-detector\/\" \/>\n<meta property=\"og:locale\" content=\"es_ES\" \/>\n<meta property=\"og:type\" content=\"article\" \/>\n<meta property=\"og:title\" content=\"-\" \/>\n<meta property=\"og:description\" content=\"El detector TITAN GER 500 es una de las mejores innovaciones alemanas con certificaci\u00f3n CE europea seg\u00fan especificaciones internacionales.\" \/>\n<meta property=\"og:url\" content=\"https:\/\/gerdetect.de\/es\/producto\/titan-500-smart-detector\/\" \/>\n<meta property=\"og:site_name\" content=\"GER DETECT\" \/>\n<meta property=\"article:modified_time\" content=\"2025-04-21T12:33:30+00:00\" \/>\n<meta property=\"og:image\" content=\"https:\/\/uigdetectors.com.tr\/wp-content\/uploads\/2017\/12\/titan-ger-500-long-range-detector.jpg\" \/>\n<meta name=\"twitter:card\" content=\"summary_large_image\" \/>\n<meta name=\"twitter:title\" content=\"-\" \/>\n<meta name=\"twitter:description\" content=\"El detector TITAN GER 500 es una de las mejores innovaciones alemanas con certificaci\u00f3n CE europea seg\u00fan especificaciones internacionales.\" \/>\n<meta name=\"twitter:image\" content=\"https:\/\/uigdetectors.com.tr\/wp-content\/uploads\/2017\/12\/titan-ger-500-long-range-detector.jpg\" \/>\n<meta name=\"twitter:label1\" content=\"Tiempo de lectura\" \/>\n\t<meta name=\"twitter:data1\" content=\"3 minutos\" \/>\n<script type=\"application\/ld+json\" class=\"yoast-schema-graph\">{\"@context\":\"https:\\\/\\\/schema.org\",\"@graph\":[{\"@type\":\"WebPage\",\"@id\":\"https:\\\/\\\/gerdetect.de\\\/es\\\/producto\\\/titan-500-smart-detector\\\/\",\"url\":\"https:\\\/\\\/gerdetect.de\\\/es\\\/producto\\\/titan-500-smart-detector\\\/\",\"name\":\"TITAN 500 SMART DETECTOR - GER DETECT\",\"isPartOf\":{\"@id\":\"https:\\\/\\\/gerdetect.de\\\/es\\\/#website\"},\"primaryImageOfPage\":{\"@id\":\"https:\\\/\\\/gerdetect.de\\\/es\\\/producto\\\/titan-500-smart-detector\\\/#primaryimage\"},\"image\":{\"@id\":\"https:\\\/\\\/gerdetect.de\\\/es\\\/producto\\\/titan-500-smart-detector\\\/#primaryimage\"},\"thumbnailUrl\":\"https:\\\/\\\/gerdetect.de\\\/wp-content\\\/uploads\\\/2023\\\/01\\\/titan-500.png\",\"datePublished\":\"2023-01-20T19:32:50+00:00\",\"dateModified\":\"2025-04-21T12:33:30+00:00\",\"description\":\"Localizador de largo alcance Titan 500 Smart 4 Systems: buscador de diamantes, piedras preciosas, zafiros, esmeraldas, amatistas, turmalinas, columbitas, tanzanitas, rub\u00edes y aguamarinas\",\"breadcrumb\":{\"@id\":\"https:\\\/\\\/gerdetect.de\\\/es\\\/producto\\\/titan-500-smart-detector\\\/#breadcrumb\"},\"inLanguage\":\"es\",\"potentialAction\":[{\"@type\":\"ReadAction\",\"target\":[\"https:\\\/\\\/gerdetect.de\\\/es\\\/producto\\\/titan-500-smart-detector\\\/\"]}]},{\"@type\":\"ImageObject\",\"inLanguage\":\"es\",\"@id\":\"https:\\\/\\\/gerdetect.de\\\/es\\\/producto\\\/titan-500-smart-detector\\\/#primaryimage\",\"url\":\"https:\\\/\\\/gerdetect.de\\\/wp-content\\\/uploads\\\/2023\\\/01\\\/titan-500.png\",\"contentUrl\":\"https:\\\/\\\/gerdetect.de\\\/wp-content\\\/uploads\\\/2023\\\/01\\\/titan-500.png\",\"width\":1000,\"height\":939},{\"@type\":\"BreadcrumbList\",\"@id\":\"https:\\\/\\\/gerdetect.de\\\/es\\\/producto\\\/titan-500-smart-detector\\\/#breadcrumb\",\"itemListElement\":[{\"@type\":\"ListItem\",\"position\":1,\"name\":\"Home\",\"item\":\"https:\\\/\\\/gerdetect.de\\\/es\\\/inicio\\\/\"},{\"@type\":\"ListItem\",\"position\":2,\"name\":\"Productos\",\"item\":\"https:\\\/\\\/gerdetect.de\\\/es\\\/shop\\\/\"},{\"@type\":\"ListItem\",\"position\":3,\"name\":\"TITAN 500 SMART DETECTOR\"}]},{\"@type\":\"WebSite\",\"@id\":\"https:\\\/\\\/gerdetect.de\\\/es\\\/#website\",\"url\":\"https:\\\/\\\/gerdetect.de\\\/es\\\/\",\"name\":\"GER DETECT\",\"description\":\"\",\"publisher\":{\"@id\":\"https:\\\/\\\/gerdetect.de\\\/es\\\/#organization\"},\"potentialAction\":[{\"@type\":\"SearchAction\",\"target\":{\"@type\":\"EntryPoint\",\"urlTemplate\":\"https:\\\/\\\/gerdetect.de\\\/es\\\/?s={search_term_string}\"},\"query-input\":{\"@type\":\"PropertyValueSpecification\",\"valueRequired\":true,\"valueName\":\"search_term_string\"}}],\"inLanguage\":\"es\"},{\"@type\":\"Organization\",\"@id\":\"https:\\\/\\\/gerdetect.de\\\/es\\\/#organization\",\"name\":\"GER DETECT\",\"url\":\"https:\\\/\\\/gerdetect.de\\\/es\\\/\",\"logo\":{\"@type\":\"ImageObject\",\"inLanguage\":\"es\",\"@id\":\"https:\\\/\\\/gerdetect.de\\\/es\\\/#\\\/schema\\\/logo\\\/image\\\/\",\"url\":\"https:\\\/\\\/gerdetect.de\\\/wp-content\\\/uploads\\\/2025\\\/10\\\/GER-Logo.webp\",\"contentUrl\":\"https:\\\/\\\/gerdetect.de\\\/wp-content\\\/uploads\\\/2025\\\/10\\\/GER-Logo.webp\",\"width\":2134,\"height\":2135,\"caption\":\"GER DETECT\"},\"image\":{\"@id\":\"https:\\\/\\\/gerdetect.de\\\/es\\\/#\\\/schema\\\/logo\\\/image\\\/\"}}]}<\/script>\n<!-- \/ Yoast SEO plugin. -->","yoast_head_json":{"title":"TITAN 500 SMART DETECTOR - GER DETECT","description":"Localizador de largo alcance Titan 500 Smart 4 Systems: buscador de diamantes, piedras preciosas, zafiros, esmeraldas, amatistas, turmalinas, columbitas, tanzanitas, rub\u00edes y aguamarinas","robots":{"index":"index","follow":"follow","max-snippet":"max-snippet:-1","max-image-preview":"max-image-preview:large","max-video-preview":"max-video-preview:-1"},"canonical":"https:\/\/gerdetect.de\/es\/producto\/titan-500-smart-detector\/","og_locale":"es_ES","og_type":"article","og_title":"-","og_description":"El detector TITAN GER 500 es una de las mejores innovaciones alemanas con certificaci\u00f3n CE europea seg\u00fan especificaciones internacionales.","og_url":"https:\/\/gerdetect.de\/es\/producto\/titan-500-smart-detector\/","og_site_name":"GER DETECT","article_modified_time":"2025-04-21T12:33:30+00:00","og_image":[{"url":"https:\/\/uigdetectors.com.tr\/wp-content\/uploads\/2017\/12\/titan-ger-500-long-range-detector.jpg","type":"","width":"","height":""}],"twitter_card":"summary_large_image","twitter_title":"-","twitter_description":"El detector TITAN GER 500 es una de las mejores innovaciones alemanas con certificaci\u00f3n CE europea seg\u00fan especificaciones internacionales.","twitter_image":"https:\/\/uigdetectors.com.tr\/wp-content\/uploads\/2017\/12\/titan-ger-500-long-range-detector.jpg","twitter_misc":{"Tiempo de lectura":"3 minutos"},"schema":{"@context":"https:\/\/schema.org","@graph":[{"@type":"WebPage","@id":"https:\/\/gerdetect.de\/es\/producto\/titan-500-smart-detector\/","url":"https:\/\/gerdetect.de\/es\/producto\/titan-500-smart-detector\/","name":"TITAN 500 SMART DETECTOR - GER DETECT","isPartOf":{"@id":"https:\/\/gerdetect.de\/es\/#website"},"primaryImageOfPage":{"@id":"https:\/\/gerdetect.de\/es\/producto\/titan-500-smart-detector\/#primaryimage"},"image":{"@id":"https:\/\/gerdetect.de\/es\/producto\/titan-500-smart-detector\/#primaryimage"},"thumbnailUrl":"https:\/\/gerdetect.de\/wp-content\/uploads\/2023\/01\/titan-500.png","datePublished":"2023-01-20T19:32:50+00:00","dateModified":"2025-04-21T12:33:30+00:00","description":"Localizador de largo alcance Titan 500 Smart 4 Systems: buscador de diamantes, piedras preciosas, zafiros, esmeraldas, amatistas, turmalinas, columbitas, tanzanitas, rub\u00edes y aguamarinas","breadcrumb":{"@id":"https:\/\/gerdetect.de\/es\/producto\/titan-500-smart-detector\/#breadcrumb"},"inLanguage":"es","potentialAction":[{"@type":"ReadAction","target":["https:\/\/gerdetect.de\/es\/producto\/titan-500-smart-detector\/"]}]},{"@type":"ImageObject","inLanguage":"es","@id":"https:\/\/gerdetect.de\/es\/producto\/titan-500-smart-detector\/#primaryimage","url":"https:\/\/gerdetect.de\/wp-content\/uploads\/2023\/01\/titan-500.png","contentUrl":"https:\/\/gerdetect.de\/wp-content\/uploads\/2023\/01\/titan-500.png","width":1000,"height":939},{"@type":"BreadcrumbList","@id":"https:\/\/gerdetect.de\/es\/producto\/titan-500-smart-detector\/#breadcrumb","itemListElement":[{"@type":"ListItem","position":1,"name":"Home","item":"https:\/\/gerdetect.de\/es\/inicio\/"},{"@type":"ListItem","position":2,"name":"Productos","item":"https:\/\/gerdetect.de\/es\/shop\/"},{"@type":"ListItem","position":3,"name":"TITAN 500 SMART DETECTOR"}]},{"@type":"WebSite","@id":"https:\/\/gerdetect.de\/es\/#website","url":"https:\/\/gerdetect.de\/es\/","name":"GER DETECT","description":"","publisher":{"@id":"https:\/\/gerdetect.de\/es\/#organization"},"potentialAction":[{"@type":"SearchAction","target":{"@type":"EntryPoint","urlTemplate":"https:\/\/gerdetect.de\/es\/?s={search_term_string}"},"query-input":{"@type":"PropertyValueSpecification","valueRequired":true,"valueName":"search_term_string"}}],"inLanguage":"es"},{"@type":"Organization","@id":"https:\/\/gerdetect.de\/es\/#organization","name":"GER DETECT","url":"https:\/\/gerdetect.de\/es\/","logo":{"@type":"ImageObject","inLanguage":"es","@id":"https:\/\/gerdetect.de\/es\/#\/schema\/logo\/image\/","url":"https:\/\/gerdetect.de\/wp-content\/uploads\/2025\/10\/GER-Logo.webp","contentUrl":"https:\/\/gerdetect.de\/wp-content\/uploads\/2025\/10\/GER-Logo.webp","width":2134,"height":2135,"caption":"GER DETECT"},"image":{"@id":"https:\/\/gerdetect.de\/es\/#\/schema\/logo\/image\/"}}]}},"_links":{"self":[{"href":"https:\/\/gerdetect.de\/es\/wp-json\/wp\/v2\/product\/17296","targetHints":{"allow":["GET"]}}],"collection":[{"href":"https:\/\/gerdetect.de\/es\/wp-json\/wp\/v2\/product"}],"about":[{"href":"https:\/\/gerdetect.de\/es\/wp-json\/wp\/v2\/types\/product"}],"version-history":[{"count":1,"href":"https:\/\/gerdetect.de\/es\/wp-json\/wp\/v2\/product\/17296\/revisions"}],"predecessor-version":[{"id":17298,"href":"https:\/\/gerdetect.de\/es\/wp-json\/wp\/v2\/product\/17296\/revisions\/17298"}],"wp:featuredmedia":[{"embeddable":true,"href":"https:\/\/gerdetect.de\/es\/wp-json\/wp\/v2\/media\/31350"}],"wp:attachment":[{"href":"https:\/\/gerdetect.de\/es\/wp-json\/wp\/v2\/media?parent=17296"}],"wp:term":[{"taxonomy":"product_brand","embeddable":true,"href":"https:\/\/gerdetect.de\/es\/wp-json\/wp\/v2\/product_brand?post=17296"},{"taxonomy":"product_cat","embeddable":true,"href":"https:\/\/gerdetect.de\/es\/wp-json\/wp\/v2\/product_cat?post=17296"},{"taxonomy":"product_tag","embeddable":true,"href":"https:\/\/gerdetect.de\/es\/wp-json\/wp\/v2\/product_tag?post=17296"}],"curies":[{"name":"wp","href":"https:\/\/api.w.org\/{rel}","templated":true}]}}