{"id":17299,"date":"2023-01-20T22:32:46","date_gmt":"2023-01-20T19:32:46","guid":{"rendered":"https:\/\/gerdetect.de\/product\/gold-hunter-smart-detector\/"},"modified":"2025-04-21T15:34:17","modified_gmt":"2025-04-21T12:34:17","slug":"gold-hunter-smart-detector","status":"publish","type":"product","link":"https:\/\/gerdetect.de\/es\/producto\/gold-hunter-smart-detector\/","title":{"rendered":"GOLD HUNTER SMART DETECTOR"},"content":{"rendered":"\t\t<div data-elementor-type=\"product-post\" data-elementor-id=\"17299\" class=\"elementor elementor-17299 elementor-11482\" data-elementor-post-type=\"product\">\n\t\t\t\t<div class=\"wd-negative-gap elementor-element elementor-element-72d051c e-flex e-con-boxed e-con e-parent\" data-id=\"72d051c\" data-element_type=\"container\" data-e-type=\"container\">\n\t\t\t\t\t<div class=\"e-con-inner\">\n\t\t\t\t<div class=\"elementor-element elementor-element-72bf9b6 elementor-widget elementor-widget-heading\" data-id=\"72bf9b6\" data-element_type=\"widget\" data-e-type=\"widget\" data-widget_type=\"heading.default\">\n\t\t\t\t<div class=\"elementor-widget-container\">\n\t\t\t\t\t<h2 class=\"elementor-heading-title elementor-size-default\">GOLD HUNTER SMART DETECTOR <\/h2>\t\t\t\t<\/div>\n\t\t\t\t<\/div>\n\t\t\t\t\t<\/div>\n\t\t\t\t<\/div>\n\t\t<div class=\"wd-negative-gap elementor-element elementor-element-15bccf4 e-flex e-con-boxed e-con e-parent\" data-id=\"15bccf4\" data-element_type=\"container\" data-e-type=\"container\">\n\t\t\t\t\t<div class=\"e-con-inner\">\n\t\t\t\t<div class=\"elementor-element elementor-element-a47ac63 elementor-widget elementor-widget-image\" data-id=\"a47ac63\" data-element_type=\"widget\" data-e-type=\"widget\" data-widget_type=\"image.default\">\n\t\t\t\t<div class=\"elementor-widget-container\">\n\t\t\t\t\t\t\t\t\t\t\t\t\t\t\t<img loading=\"lazy\" decoding=\"async\" width=\"1024\" height=\"285\" src=\"https:\/\/gerdetect.de\/wp-content\/uploads\/2023\/01\/gold-hunter-0.webp\" class=\"attachment-large size-large wp-image-16616\" alt=\"\" srcset=\"https:\/\/gerdetect.de\/wp-content\/uploads\/2023\/01\/gold-hunter-0.webp 1024w, https:\/\/gerdetect.de\/wp-content\/uploads\/2023\/01\/gold-hunter-0-430x120.webp 430w, https:\/\/gerdetect.de\/wp-content\/uploads\/2023\/01\/gold-hunter-0-150x42.webp 150w, https:\/\/gerdetect.de\/wp-content\/uploads\/2023\/01\/gold-hunter-0-700x195.webp 700w, https:\/\/gerdetect.de\/wp-content\/uploads\/2023\/01\/gold-hunter-0-400x111.webp 400w, https:\/\/gerdetect.de\/wp-content\/uploads\/2023\/01\/gold-hunter-0-768x214.webp 768w\" sizes=\"auto, (max-width: 1024px) 100vw, 1024px\" \/>\t\t\t\t\t\t\t\t\t\t\t\t\t\t\t<\/div>\n\t\t\t\t<\/div>\n\t\t\t\t\t<\/div>\n\t\t\t\t<\/div>\n\t\t<div class=\"wd-negative-gap elementor-element elementor-element-4dbee74 e-flex e-con-boxed e-con e-parent\" data-id=\"4dbee74\" data-element_type=\"container\" data-e-type=\"container\">\n\t\t\t\t\t<div class=\"e-con-inner\">\n\t\t\t\t<div class=\"elementor-element elementor-element-6b02349 elementor-widget elementor-widget-heading\" data-id=\"6b02349\" data-element_type=\"widget\" data-e-type=\"widget\" data-widget_type=\"heading.default\">\n\t\t\t\t<div class=\"elementor-widget-container\">\n\t\t\t\t\t<h2 class=\"elementor-heading-title elementor-size-default\">Con el sistema de detecci\u00f3n de im\u00e1genes y la tecnolog\u00eda de im\u00e1genes bidimensionales para buscar metales preciosos y no preciosos como oro arqueol\u00f3gico enterrado: pepitas de oro, vetas de oro, meteoritos, plata, circ\u00f3n, bronce, cobalto, colt\u00e1n, mercurio, cobre y hierro.<br>\n<br><br>\n\n \n<b>Gold Hunter Smart que funciona con cuatro sistemas de b\u00fasqueda diferentes:<br><\/b><br>\n<h5><b>1- El sistema de b\u00fasqueda de metales preciosos y no preciosos y la capacidad de descubrir 19 tipos diferentes: oro antiguo enterrado - pepitas de oro - vetas de oro - meteoritos - plata - circ\u00f3n - bronce - cobalto - colt\u00e1n - copas - mercurio - cobre - hierro - rodio - zinc - manganeso - plomo - n\u00edquel&nbsp;-&nbsp;esta\u00f1o&nbsp;-&nbsp;litio<br>2- El sistema de b\u00fasqueda de cuevas subterr\u00e1neas, oquedades y tumbas antiguas.<br>3- Sistema de b\u00fasqueda de diamantes subterr\u00e1neos.<br>4- Un sistema de im\u00e1genes bidimensionales para determinar la profundidad y analizar los resultados de la b\u00fasqueda.<\/b><\/h5><b><\/b><\/h2>\t\t\t\t<\/div>\n\t\t\t\t<\/div>\n\t\t\t\t\t<\/div>\n\t\t\t\t<\/div>\n\t\t<div class=\"wd-negative-gap elementor-element elementor-element-6ae09731 e-flex e-con-boxed e-con e-parent\" data-id=\"6ae09731\" data-element_type=\"container\" data-e-type=\"container\">\n\t\t\t\t\t<div class=\"e-con-inner\">\n\t\t\t\t<div class=\"elementor-element elementor-element-42c1f574 color-scheme-inherit text-left elementor-widget elementor-widget-text-editor\" data-id=\"42c1f574\" data-element_type=\"widget\" data-e-type=\"widget\" data-widget_type=\"text-editor.default\">\n\t\t\t\t<div class=\"elementor-widget-container\">\n\t\t\t\t\t\t\t\t\t<h5><span style=\"color: var(--wd-title-color); font-family: var(--wd-title-font); font-size: 16px; font-style: var(--wd-title-font-style); font-weight: var(--wd-title-font-weight); text-transform: var(--wd-title-transform); text-align: var(--text-align); background-color: var(--bgcolor-white);\">S\u00faper velocidad en la captura de objetivos y su localizaci\u00f3n precisa, facilidad de uso, peso ligero.<\/span><\/h5><h5>La profundidad de b\u00fasqueda del dispositivo Gold Hunter Smart alcanza los 50 metros en el suelo y el alcance de avance es de 3000 metros.<br>El dispositivo funciona en seis idiomas, que son: alem\u00e1n, ingl\u00e9s, franc\u00e9s, espa\u00f1ol, italiano y \u00e1rabe.<br><span style=\"color: #ff7900;\">El dispositivo Gold Hunter Smart es uno de los mejores fabricantes alemanes. Cuenta con el certificado europeo CE seg\u00fan especificaciones internacionales, adem\u00e1s del certificado internacional ISO 9001 seg\u00fan especificaciones y est\u00e1ndares internacionales. <\/span><\/h5>\t\t\t\t\t\t\t\t<\/div>\n\t\t\t\t<\/div>\n\t\t\t\t\t<\/div>\n\t\t\t\t<\/div>\n\t\t<div class=\"wd-negative-gap elementor-element elementor-element-5be8ef3 e-flex e-con-boxed e-con e-parent\" data-id=\"5be8ef3\" data-element_type=\"container\" data-e-type=\"container\">\n\t\t\t\t\t<div class=\"e-con-inner\">\n\t\t\t\t<div class=\"elementor-element elementor-element-f72c8b3 elementor-widget elementor-widget-video\" data-id=\"f72c8b3\" data-element_type=\"widget\" data-e-type=\"widget\" data-settings=\"{&quot;youtube_url&quot;:&quot;https:\\\/\\\/youtu.be\\\/yktruZ_TVW8?si=qkGJW0VBNTDVqk9m&quot;,&quot;video_type&quot;:&quot;youtube&quot;,&quot;controls&quot;:&quot;yes&quot;}\" data-widget_type=\"video.default\">\n\t\t\t\t<div class=\"elementor-widget-container\">\n\t\t\t\t\t\t\t<div class=\"elementor-wrapper elementor-open-inline\">\n\t\t\t<div class=\"elementor-video\"><\/div>\t\t<\/div>\n\t\t\t\t\t\t<\/div>\n\t\t\t\t<\/div>\n\t\t\t\t\t<\/div>\n\t\t\t\t<\/div>\n\t\t\t\t<\/div>\n\t\t","protected":false},"excerpt":{"rendered":"<h4 class=\"card-title dark-blue text-left font-weight-bold\"><span style=\"color: #ff7900;\">Long Range system specialized in underground detection of gold, metal, diamond, and voids<\/span><\/h4>\n","protected":false},"featured_media":31233,"template":"","meta":[],"product_brand":[],"product_cat":[288,278,312],"product_tag":[],"class_list":{"0":"post-17299","1":"product","2":"type-product","3":"status-publish","4":"has-post-thumbnail","6":"product_cat-detectores-de-diamantes-y-piedras-preciosas","7":"product_cat-detectores-de-oro-y-metales","8":"product_cat-es-products","10":"first","11":"instock","12":"sale","13":"shipping-taxable","14":"purchasable","15":"product-type-simple"},"yoast_head":"<!-- This site is optimized with the Yoast SEO plugin v27.3 - https:\/\/yoast.com\/product\/yoast-seo-wordpress\/ -->\n<title>-<\/title>\n<meta name=\"description\" content=\"Detector de oro inteligente con 4 sistemas: buscador de oro, metales, tesoros, diamantes, cuevas, plata, circonio, bronce, cobalto, colt\u00e1n, mercurio, cobre y oro en bruto\" \/>\n<meta name=\"robots\" content=\"index, follow, max-snippet:-1, max-image-preview:large, max-video-preview:-1\" \/>\n<link rel=\"canonical\" href=\"https:\/\/gerdetect.de\/es\/producto\/gold-hunter-smart-detector\/\" \/>\n<meta property=\"og:locale\" content=\"es_ES\" \/>\n<meta property=\"og:type\" content=\"article\" \/>\n<meta property=\"og:title\" content=\"GOLD HUNTER SMART DETECTOR para detectar oro y metales - GER DETECT\" \/>\n<meta property=\"og:description\" content=\"El detector GOLD HUNTER es una de las mejores innovaciones alemanas con certificaci\u00f3n CE europea, sistema de largo alcance para la b\u00fasqueda de oro.\" \/>\n<meta property=\"og:url\" content=\"https:\/\/gerdetect.de\/es\/producto\/gold-hunter-smart-detector\/\" \/>\n<meta property=\"og:site_name\" content=\"GER DETECT\" \/>\n<meta property=\"article:modified_time\" content=\"2025-04-21T12:34:17+00:00\" \/>\n<meta property=\"og:image\" content=\"https:\/\/uigdetectors.com.tr\/wp-content\/uploads\/2017\/12\/gold-hunter-long-range-detector.jpg\" \/>\n<meta name=\"twitter:card\" content=\"summary_large_image\" \/>\n<meta name=\"twitter:title\" content=\"GOLD HUNTER SMART DETECTOR para detectar oro y metales - GER DETECT\" \/>\n<meta name=\"twitter:description\" content=\"El detector GOLD HUNTER es una de las mejores innovaciones alemanas con certificaci\u00f3n CE europea, sistema de largo alcance para la b\u00fasqueda de oro.\" \/>\n<meta name=\"twitter:image\" content=\"https:\/\/uigdetectors.com.tr\/wp-content\/uploads\/2017\/12\/gold-hunter-long-range-detector.jpg\" \/>\n<meta name=\"twitter:label1\" content=\"Tiempo de lectura\" \/>\n\t<meta name=\"twitter:data1\" content=\"1 minuto\" \/>\n<script type=\"application\/ld+json\" class=\"yoast-schema-graph\">{\"@context\":\"https:\\\/\\\/schema.org\",\"@graph\":[{\"@type\":\"WebPage\",\"@id\":\"https:\\\/\\\/gerdetect.de\\\/es\\\/producto\\\/gold-hunter-smart-detector\\\/\",\"url\":\"https:\\\/\\\/gerdetect.de\\\/es\\\/producto\\\/gold-hunter-smart-detector\\\/\",\"name\":\"-\",\"isPartOf\":{\"@id\":\"https:\\\/\\\/gerdetect.de\\\/es\\\/#website\"},\"primaryImageOfPage\":{\"@id\":\"https:\\\/\\\/gerdetect.de\\\/es\\\/producto\\\/gold-hunter-smart-detector\\\/#primaryimage\"},\"image\":{\"@id\":\"https:\\\/\\\/gerdetect.de\\\/es\\\/producto\\\/gold-hunter-smart-detector\\\/#primaryimage\"},\"thumbnailUrl\":\"https:\\\/\\\/gerdetect.de\\\/wp-content\\\/uploads\\\/2025\\\/10\\\/gold-hunter.png\",\"datePublished\":\"2023-01-20T19:32:46+00:00\",\"dateModified\":\"2025-04-21T12:34:17+00:00\",\"description\":\"Detector de oro inteligente con 4 sistemas: buscador de oro, metales, tesoros, diamantes, cuevas, plata, circonio, bronce, cobalto, colt\u00e1n, mercurio, cobre y oro en bruto\",\"breadcrumb\":{\"@id\":\"https:\\\/\\\/gerdetect.de\\\/es\\\/producto\\\/gold-hunter-smart-detector\\\/#breadcrumb\"},\"inLanguage\":\"es\",\"potentialAction\":[{\"@type\":\"ReadAction\",\"target\":[\"https:\\\/\\\/gerdetect.de\\\/es\\\/producto\\\/gold-hunter-smart-detector\\\/\"]}]},{\"@type\":\"ImageObject\",\"inLanguage\":\"es\",\"@id\":\"https:\\\/\\\/gerdetect.de\\\/es\\\/producto\\\/gold-hunter-smart-detector\\\/#primaryimage\",\"url\":\"https:\\\/\\\/gerdetect.de\\\/wp-content\\\/uploads\\\/2025\\\/10\\\/gold-hunter.png\",\"contentUrl\":\"https:\\\/\\\/gerdetect.de\\\/wp-content\\\/uploads\\\/2025\\\/10\\\/gold-hunter.png\",\"width\":1050,\"height\":806},{\"@type\":\"BreadcrumbList\",\"@id\":\"https:\\\/\\\/gerdetect.de\\\/es\\\/producto\\\/gold-hunter-smart-detector\\\/#breadcrumb\",\"itemListElement\":[{\"@type\":\"ListItem\",\"position\":1,\"name\":\"Home\",\"item\":\"https:\\\/\\\/gerdetect.de\\\/es\\\/inicio\\\/\"},{\"@type\":\"ListItem\",\"position\":2,\"name\":\"Productos\",\"item\":\"https:\\\/\\\/gerdetect.de\\\/es\\\/shop\\\/\"},{\"@type\":\"ListItem\",\"position\":3,\"name\":\"GOLD HUNTER SMART DETECTOR\"}]},{\"@type\":\"WebSite\",\"@id\":\"https:\\\/\\\/gerdetect.de\\\/es\\\/#website\",\"url\":\"https:\\\/\\\/gerdetect.de\\\/es\\\/\",\"name\":\"GER DETECT\",\"description\":\"\",\"publisher\":{\"@id\":\"https:\\\/\\\/gerdetect.de\\\/es\\\/#organization\"},\"potentialAction\":[{\"@type\":\"SearchAction\",\"target\":{\"@type\":\"EntryPoint\",\"urlTemplate\":\"https:\\\/\\\/gerdetect.de\\\/es\\\/?s={search_term_string}\"},\"query-input\":{\"@type\":\"PropertyValueSpecification\",\"valueRequired\":true,\"valueName\":\"search_term_string\"}}],\"inLanguage\":\"es\"},{\"@type\":\"Organization\",\"@id\":\"https:\\\/\\\/gerdetect.de\\\/es\\\/#organization\",\"name\":\"GER DETECT\",\"url\":\"https:\\\/\\\/gerdetect.de\\\/es\\\/\",\"logo\":{\"@type\":\"ImageObject\",\"inLanguage\":\"es\",\"@id\":\"https:\\\/\\\/gerdetect.de\\\/es\\\/#\\\/schema\\\/logo\\\/image\\\/\",\"url\":\"https:\\\/\\\/gerdetect.de\\\/wp-content\\\/uploads\\\/2025\\\/10\\\/GER-Logo.webp\",\"contentUrl\":\"https:\\\/\\\/gerdetect.de\\\/wp-content\\\/uploads\\\/2025\\\/10\\\/GER-Logo.webp\",\"width\":2134,\"height\":2135,\"caption\":\"GER DETECT\"},\"image\":{\"@id\":\"https:\\\/\\\/gerdetect.de\\\/es\\\/#\\\/schema\\\/logo\\\/image\\\/\"}}]}<\/script>\n<!-- \/ Yoast SEO plugin. -->","yoast_head_json":{"title":"-","description":"Detector de oro inteligente con 4 sistemas: buscador de oro, metales, tesoros, diamantes, cuevas, plata, circonio, bronce, cobalto, colt\u00e1n, mercurio, cobre y oro en bruto","robots":{"index":"index","follow":"follow","max-snippet":"max-snippet:-1","max-image-preview":"max-image-preview:large","max-video-preview":"max-video-preview:-1"},"canonical":"https:\/\/gerdetect.de\/es\/producto\/gold-hunter-smart-detector\/","og_locale":"es_ES","og_type":"article","og_title":"GOLD HUNTER SMART DETECTOR para detectar oro y metales - GER DETECT","og_description":"El detector GOLD HUNTER es una de las mejores innovaciones alemanas con certificaci\u00f3n CE europea, sistema de largo alcance para la b\u00fasqueda de oro.","og_url":"https:\/\/gerdetect.de\/es\/producto\/gold-hunter-smart-detector\/","og_site_name":"GER DETECT","article_modified_time":"2025-04-21T12:34:17+00:00","og_image":[{"url":"https:\/\/uigdetectors.com.tr\/wp-content\/uploads\/2017\/12\/gold-hunter-long-range-detector.jpg","type":"","width":"","height":""}],"twitter_card":"summary_large_image","twitter_title":"GOLD HUNTER SMART DETECTOR para detectar oro y metales - GER DETECT","twitter_description":"El detector GOLD HUNTER es una de las mejores innovaciones alemanas con certificaci\u00f3n CE europea, sistema de largo alcance para la b\u00fasqueda de oro.","twitter_image":"https:\/\/uigdetectors.com.tr\/wp-content\/uploads\/2017\/12\/gold-hunter-long-range-detector.jpg","twitter_misc":{"Tiempo de lectura":"1 minuto"},"schema":{"@context":"https:\/\/schema.org","@graph":[{"@type":"WebPage","@id":"https:\/\/gerdetect.de\/es\/producto\/gold-hunter-smart-detector\/","url":"https:\/\/gerdetect.de\/es\/producto\/gold-hunter-smart-detector\/","name":"-","isPartOf":{"@id":"https:\/\/gerdetect.de\/es\/#website"},"primaryImageOfPage":{"@id":"https:\/\/gerdetect.de\/es\/producto\/gold-hunter-smart-detector\/#primaryimage"},"image":{"@id":"https:\/\/gerdetect.de\/es\/producto\/gold-hunter-smart-detector\/#primaryimage"},"thumbnailUrl":"https:\/\/gerdetect.de\/wp-content\/uploads\/2025\/10\/gold-hunter.png","datePublished":"2023-01-20T19:32:46+00:00","dateModified":"2025-04-21T12:34:17+00:00","description":"Detector de oro inteligente con 4 sistemas: buscador de oro, metales, tesoros, diamantes, cuevas, plata, circonio, bronce, cobalto, colt\u00e1n, mercurio, cobre y oro en bruto","breadcrumb":{"@id":"https:\/\/gerdetect.de\/es\/producto\/gold-hunter-smart-detector\/#breadcrumb"},"inLanguage":"es","potentialAction":[{"@type":"ReadAction","target":["https:\/\/gerdetect.de\/es\/producto\/gold-hunter-smart-detector\/"]}]},{"@type":"ImageObject","inLanguage":"es","@id":"https:\/\/gerdetect.de\/es\/producto\/gold-hunter-smart-detector\/#primaryimage","url":"https:\/\/gerdetect.de\/wp-content\/uploads\/2025\/10\/gold-hunter.png","contentUrl":"https:\/\/gerdetect.de\/wp-content\/uploads\/2025\/10\/gold-hunter.png","width":1050,"height":806},{"@type":"BreadcrumbList","@id":"https:\/\/gerdetect.de\/es\/producto\/gold-hunter-smart-detector\/#breadcrumb","itemListElement":[{"@type":"ListItem","position":1,"name":"Home","item":"https:\/\/gerdetect.de\/es\/inicio\/"},{"@type":"ListItem","position":2,"name":"Productos","item":"https:\/\/gerdetect.de\/es\/shop\/"},{"@type":"ListItem","position":3,"name":"GOLD HUNTER SMART DETECTOR"}]},{"@type":"WebSite","@id":"https:\/\/gerdetect.de\/es\/#website","url":"https:\/\/gerdetect.de\/es\/","name":"GER DETECT","description":"","publisher":{"@id":"https:\/\/gerdetect.de\/es\/#organization"},"potentialAction":[{"@type":"SearchAction","target":{"@type":"EntryPoint","urlTemplate":"https:\/\/gerdetect.de\/es\/?s={search_term_string}"},"query-input":{"@type":"PropertyValueSpecification","valueRequired":true,"valueName":"search_term_string"}}],"inLanguage":"es"},{"@type":"Organization","@id":"https:\/\/gerdetect.de\/es\/#organization","name":"GER DETECT","url":"https:\/\/gerdetect.de\/es\/","logo":{"@type":"ImageObject","inLanguage":"es","@id":"https:\/\/gerdetect.de\/es\/#\/schema\/logo\/image\/","url":"https:\/\/gerdetect.de\/wp-content\/uploads\/2025\/10\/GER-Logo.webp","contentUrl":"https:\/\/gerdetect.de\/wp-content\/uploads\/2025\/10\/GER-Logo.webp","width":2134,"height":2135,"caption":"GER DETECT"},"image":{"@id":"https:\/\/gerdetect.de\/es\/#\/schema\/logo\/image\/"}}]}},"_links":{"self":[{"href":"https:\/\/gerdetect.de\/es\/wp-json\/wp\/v2\/product\/17299","targetHints":{"allow":["GET"]}}],"collection":[{"href":"https:\/\/gerdetect.de\/es\/wp-json\/wp\/v2\/product"}],"about":[{"href":"https:\/\/gerdetect.de\/es\/wp-json\/wp\/v2\/types\/product"}],"version-history":[{"count":3,"href":"https:\/\/gerdetect.de\/es\/wp-json\/wp\/v2\/product\/17299\/revisions"}],"predecessor-version":[{"id":18433,"href":"https:\/\/gerdetect.de\/es\/wp-json\/wp\/v2\/product\/17299\/revisions\/18433"}],"wp:featuredmedia":[{"embeddable":true,"href":"https:\/\/gerdetect.de\/es\/wp-json\/wp\/v2\/media\/31233"}],"wp:attachment":[{"href":"https:\/\/gerdetect.de\/es\/wp-json\/wp\/v2\/media?parent=17299"}],"wp:term":[{"taxonomy":"product_brand","embeddable":true,"href":"https:\/\/gerdetect.de\/es\/wp-json\/wp\/v2\/product_brand?post=17299"},{"taxonomy":"product_cat","embeddable":true,"href":"https:\/\/gerdetect.de\/es\/wp-json\/wp\/v2\/product_cat?post=17299"},{"taxonomy":"product_tag","embeddable":true,"href":"https:\/\/gerdetect.de\/es\/wp-json\/wp\/v2\/product_tag?post=17299"}],"curies":[{"name":"wp","href":"https:\/\/api.w.org\/{rel}","templated":true}]}}