{"id":17301,"date":"2023-01-20T22:33:00","date_gmt":"2023-01-20T19:33:00","guid":{"rendered":"https:\/\/gerdetect.de\/product\/river-g-3-systems-detector\/"},"modified":"2025-04-21T15:32:59","modified_gmt":"2025-04-21T12:32:59","slug":"river-g-3-systems-detector","status":"publish","type":"product","link":"https:\/\/gerdetect.de\/es\/producto\/river-g-3-systems-detector\/","title":{"rendered":"RIVER G 3 SYSTEMS DETECTOR"},"content":{"rendered":"\t\t<div data-elementor-type=\"product-post\" data-elementor-id=\"17301\" class=\"elementor elementor-17301 elementor-11498\" data-elementor-post-type=\"product\">\n\t\t\t\t<div class=\"wd-negative-gap elementor-element elementor-element-778d4d2 e-flex e-con-boxed e-con e-parent\" data-id=\"778d4d2\" data-element_type=\"container\" data-e-type=\"container\">\n\t\t\t\t\t<div class=\"e-con-inner\">\n\t\t\t\t<div class=\"elementor-element elementor-element-d572716 elementor-widget elementor-widget-heading\" data-id=\"d572716\" data-element_type=\"widget\" data-e-type=\"widget\" data-widget_type=\"heading.default\">\n\t\t\t\t<div class=\"elementor-widget-container\">\n\t\t\t\t\t<h2 class=\"elementor-heading-title elementor-size-default\">RIVER G 3 SYSTEMS DETECTOR <\/h2>\t\t\t\t<\/div>\n\t\t\t\t<\/div>\n\t\t\t\t\t<\/div>\n\t\t\t\t<\/div>\n\t\t<div class=\"wd-negative-gap elementor-element elementor-element-49d3d2e2 e-flex e-con-boxed e-con e-parent\" data-id=\"49d3d2e2\" data-element_type=\"container\" data-e-type=\"container\">\n\t\t\t\t\t<div class=\"e-con-inner\">\n\t\t\t\t<div class=\"elementor-element elementor-element-1b45a490 color-scheme-inherit text-left elementor-widget elementor-widget-text-editor\" data-id=\"1b45a490\" data-element_type=\"widget\" data-e-type=\"widget\" data-widget_type=\"text-editor.default\">\n\t\t\t\t<div class=\"elementor-widget-container\">\n\t\t\t\t\t\t\t\t\t<h4><img loading=\"lazy\" decoding=\"async\" class=\"alignnone wp-image-12136 size-full\" src=\"https:\/\/gerdetect.de\/wp-content\/uploads\/2023\/01\/river-g-banner.jpg\" alt=\"\" width=\"1024\" height=\"285\" srcset=\"https:\/\/gerdetect.de\/wp-content\/uploads\/2023\/01\/river-g-banner.jpg 1024w, https:\/\/gerdetect.de\/wp-content\/uploads\/2023\/01\/river-g-banner-430x120.jpg 430w, https:\/\/gerdetect.de\/wp-content\/uploads\/2023\/01\/river-g-banner-150x42.jpg 150w, https:\/\/gerdetect.de\/wp-content\/uploads\/2023\/01\/river-g-banner-700x195.jpg 700w, https:\/\/gerdetect.de\/wp-content\/uploads\/2023\/01\/river-g-banner-400x111.jpg 400w, https:\/\/gerdetect.de\/wp-content\/uploads\/2023\/01\/river-g-banner-768x214.jpg 768w, https:\/\/gerdetect.de\/wp-content\/uploads\/2023\/01\/river-g-banner-860x239.jpg 860w\" sizes=\"auto, (max-width: 1024px) 100vw, 1024px\" \/><\/h4>\n<h5>Espa\u00f1olUn dispositivo totalmente nuevo y \u00fanico en su tipo en el mundo River G, que se caracteriza por tres sistemas para la detecci\u00f3n de aguas subterr\u00e1neas, pozos artesianos y pozos subterr\u00e1neos. El sistema de im\u00e1genes 3D, el sistema de b\u00fasqueda geof\u00edsica y el sistema de largo alcance. El dispositivo alcanza una profundidad de 1500 metros en el suelo y hasta 3000 metros cuadrados del frente de ataque con la capacidad de identificar la profundidad del agua subterr\u00e1nea. Felicitamos a ustedes, agricultores, inversores en tierras agr\u00edcolas, investigadores, exploradores y grandes empresas de exploraci\u00f3n de agua por emitir el dispositivo totalmente nuevo y \u00fanico en su tipo en el mundo, y trabajar con tres sistemas de exploraci\u00f3n de agua subterr\u00e1nea. El dispositivo alcanza una profundidad de 1500 metros en el suelo y hasta 3000 metros cuadrados del frente de ataque. Muy preciso y alta posibilidad de determinar el tipo de agua (dulce &#8211; salada &#8211; muy salada). Una de las caracter\u00edsticas \u00fanicas es la posibilidad de elegir el continente y el pa\u00eds para buscar agua subterr\u00e1nea. Capacidad de trabajar en todo el mundo y en diferentes terrenos con posibilidad de b\u00fasqueda en seis tipos diferentes de suelo (rocoso \u2013 natural \u2013 mixto \u2013 mineralizado \u2013 arcilloso \u2013 arenoso) y mostrar el porcentaje de rocas dentro del \u00e1rea de escaneo en el suelo. Imagen tridimensional de alta calidad de la ubicaci\u00f3n del agua y las rocas en el \u00e1rea de b\u00fasqueda de agua. Adem\u00e1s, con la posibilidad de determinar la profundidad del agua subterr\u00e1nea. RIVER G, con tecnolog\u00eda avanzada para detectar e identificar fuentes de agua subterr\u00e1neas.          <\/h5>\n<h4>Sistemas <span style=\"color: #ff7900;\">SISTEMA DE IM\u00c1GENES 3D:<\/span><\/h4>\n<h5>El RIVER G est\u00e1 provisto de un sistema de im\u00e1genes en 3D que permite al prospector ver detalles m\u00e1s precisos de la presencia de capas de agua subterr\u00e1nea como una imagen tridimensional, as\u00ed como mostrar los resultados del an\u00e1lisis del agua. Tipo de agua: con un cartel que indica el mejor lugar para excavar, que contiene la mayor cantidad de agua. La profundidad del agua detectada medida en metros. Un gr\u00e1fico circular que muestra la relaci\u00f3n entre densidad, rocas y salinidad.   <\/h5>\n<h4><span style=\"color: #ff7900;\">SISTEMA DE B\u00daSQUEDA GEOF\u00cdSICA:<\/span><\/h4>\n<h5>El sistema geof\u00edsico del dispositivo River G es uno de los mejores y m\u00e1s potentes sistemas para encontrar agua y mostrar resultados r\u00e1pidos y precisos. Este sistema proporciona al prospector todos los datos que necesita sobre el agua subterr\u00e1nea con muchas caracter\u00edsticas \u00fanicas. Determinaci\u00f3n de la profundidad del agua subterr\u00e1nea, as\u00ed como detalles precisos de la densidad del agua, la salinidad y el tipo: si es (dulce, salada o muy salada).  <\/h5>\n<h4><span style=\"color: #ff7900;\">SISTEMA DE LARGO ALCANCE:<\/span><\/h4>\n<h5>Este sistema de alta precisi\u00f3n puede determinar la ubicaci\u00f3n del agua en \u00e1reas extensas. El dispositivo del sistema de largo alcance tiene varias caracter\u00edsticas: &#8211; Pantalla a color de alta resoluci\u00f3n con opci\u00f3n t\u00e1ctil. &#8211; Funciona con pantalla t\u00e1ctil y teclado. &#8211; Proporciona seis idiomas diferentes: (alem\u00e1n, ingl\u00e9s, franc\u00e9s, espa\u00f1ol, italiano y \u00e1rabe). &#8211; Una br\u00fajula digital para determinar la direcci\u00f3n de b\u00fasqueda. &#8211; Determinar el tipo de suelo seg\u00fan la naturaleza del lugar a buscar (rocoso, natural, mixto, mineralizado, arcilloso, arenoso). &#8211; Al capturar el objetivo, el usuario puede dirigirse directamente al objetivo hasta que se pare sobre su superficie exacta. &#8211; Confinado en un \u00e1rea de 1 metro cuadrado, el usuario puede determinar el alcance frontal del dispositivo a partir de (desde 500 metros o 1000 o 1500 o 2000 o 2500 y 3000 metros) y una profundidad de 1500 metros bajo tierra. Cuando el dispositivo est\u00e1 en funcionamiento, puede elegir uno de los idiomas, determinar el alcance frontal y la profundidad. Al capturar el objetivo, el dispositivo se dirigir\u00e1 al objetivo detectado, el usuario puede caminar hasta alcanzar el objetivo y quedar completamente confinado en un \u00e1rea de 1 metro cuadrado.         <\/h5>\t\t\t\t\t\t\t\t<\/div>\n\t\t\t\t<\/div>\n\t\t\t\t\t<\/div>\n\t\t\t\t<\/div>\n\t\t<div class=\"wd-negative-gap elementor-element elementor-element-433f919 e-flex e-con-boxed e-con e-parent\" data-id=\"433f919\" data-element_type=\"container\" data-e-type=\"container\">\n\t\t\t\t\t<div class=\"e-con-inner\">\n\t\t\t\t<div class=\"elementor-element elementor-element-7565e51 elementor-widget elementor-widget-video\" data-id=\"7565e51\" data-element_type=\"widget\" data-e-type=\"widget\" data-settings=\"{&quot;youtube_url&quot;:&quot;https:\\\/\\\/youtu.be\\\/mFvY9fAyuFQ?si=4-XJmiUkQbXdrzae&quot;,&quot;video_type&quot;:&quot;youtube&quot;,&quot;controls&quot;:&quot;yes&quot;}\" data-widget_type=\"video.default\">\n\t\t\t\t<div class=\"elementor-widget-container\">\n\t\t\t\t\t\t\t<div class=\"elementor-wrapper elementor-open-inline\">\n\t\t\t<div class=\"elementor-video\"><\/div>\t\t<\/div>\n\t\t\t\t\t\t<\/div>\n\t\t\t\t<\/div>\n\t\t\t\t\t<\/div>\n\t\t\t\t<\/div>\n\t\t\t\t<\/div>\n\t\t","protected":false},"excerpt":{"rendered":"<h4><span style=\"color: #ff7900;\">Dispositivo multisistema para detectar aguas subterr\u00e1neas y pozos artesianos<\/span><\/h4>\n","protected":false},"featured_media":31549,"template":"","meta":[],"product_brand":[],"product_cat":[291,312],"product_tag":[],"class_list":{"0":"post-17301","1":"product","2":"type-product","3":"status-publish","4":"has-post-thumbnail","6":"product_cat-detectores-de-agua-subterranea","7":"product_cat-es-products","9":"first","10":"instock","11":"shipping-taxable","12":"purchasable","13":"product-type-simple"},"yoast_head":"<!-- This site is optimized with the Yoast SEO plugin v27.3 - https:\/\/yoast.com\/product\/yoast-seo-wordpress\/ -->\n<title>-<\/title>\n<meta name=\"description\" content=\"Buscador de agua subterr\u00e1nea de River G 3 Systems: pozos de sondeo, agua subterr\u00e1nea, pozos artesianos, agua dulce y salada, esc\u00e1ner 3D, detecci\u00f3n de agua\" \/>\n<meta name=\"robots\" content=\"index, follow, max-snippet:-1, max-image-preview:large, max-video-preview:-1\" \/>\n<link rel=\"canonical\" href=\"https:\/\/gerdetect.de\/es\/producto\/river-g-3-systems-detector\/\" \/>\n<meta property=\"og:locale\" content=\"es_ES\" \/>\n<meta property=\"og:type\" content=\"article\" \/>\n<meta property=\"og:title\" content=\"-\" \/>\n<meta property=\"og:description\" content=\"El dispositivo RIVER G es una de las mejores innovaciones alemanas con certificaci\u00f3n europea c\u03f5 seg\u00fan especificaciones internacionales.\" \/>\n<meta property=\"og:url\" content=\"https:\/\/gerdetect.de\/es\/producto\/river-g-3-systems-detector\/\" \/>\n<meta property=\"og:site_name\" content=\"GER DETECT\" \/>\n<meta property=\"article:modified_time\" content=\"2025-04-21T12:32:59+00:00\" \/>\n<meta property=\"og:image\" content=\"https:\/\/uigdetectors.com.tr\/wp-content\/uploads\/2017\/12\/river-g-3-systems-water-detector.jpg\" \/>\n<meta name=\"twitter:card\" content=\"summary_large_image\" \/>\n<meta name=\"twitter:title\" content=\"-\" \/>\n<meta name=\"twitter:description\" content=\"El dispositivo RIVER G es una de las mejores innovaciones alemanas con certificaci\u00f3n europea c\u03f5 seg\u00fan especificaciones internacionales.\" \/>\n<meta name=\"twitter:image\" content=\"https:\/\/uigdetectors.com.tr\/wp-content\/uploads\/2017\/12\/river-g-3-systems-water-detector.jpg\" \/>\n<meta name=\"twitter:label1\" content=\"Tiempo de lectura\" \/>\n\t<meta name=\"twitter:data1\" content=\"3 minutos\" \/>\n<script type=\"application\/ld+json\" class=\"yoast-schema-graph\">{\"@context\":\"https:\\\/\\\/schema.org\",\"@graph\":[{\"@type\":\"WebPage\",\"@id\":\"https:\\\/\\\/gerdetect.de\\\/es\\\/producto\\\/river-g-3-systems-detector\\\/\",\"url\":\"https:\\\/\\\/gerdetect.de\\\/es\\\/producto\\\/river-g-3-systems-detector\\\/\",\"name\":\"-\",\"isPartOf\":{\"@id\":\"https:\\\/\\\/gerdetect.de\\\/es\\\/#website\"},\"primaryImageOfPage\":{\"@id\":\"https:\\\/\\\/gerdetect.de\\\/es\\\/producto\\\/river-g-3-systems-detector\\\/#primaryimage\"},\"image\":{\"@id\":\"https:\\\/\\\/gerdetect.de\\\/es\\\/producto\\\/river-g-3-systems-detector\\\/#primaryimage\"},\"thumbnailUrl\":\"https:\\\/\\\/gerdetect.de\\\/wp-content\\\/uploads\\\/2023\\\/01\\\/river-g-1.webp\",\"datePublished\":\"2023-01-20T19:33:00+00:00\",\"dateModified\":\"2025-04-21T12:32:59+00:00\",\"description\":\"Buscador de agua subterr\u00e1nea de River G 3 Systems: pozos de sondeo, agua subterr\u00e1nea, pozos artesianos, agua dulce y salada, esc\u00e1ner 3D, detecci\u00f3n de agua\",\"breadcrumb\":{\"@id\":\"https:\\\/\\\/gerdetect.de\\\/es\\\/producto\\\/river-g-3-systems-detector\\\/#breadcrumb\"},\"inLanguage\":\"es\",\"potentialAction\":[{\"@type\":\"ReadAction\",\"target\":[\"https:\\\/\\\/gerdetect.de\\\/es\\\/producto\\\/river-g-3-systems-detector\\\/\"]}]},{\"@type\":\"ImageObject\",\"inLanguage\":\"es\",\"@id\":\"https:\\\/\\\/gerdetect.de\\\/es\\\/producto\\\/river-g-3-systems-detector\\\/#primaryimage\",\"url\":\"https:\\\/\\\/gerdetect.de\\\/wp-content\\\/uploads\\\/2023\\\/01\\\/river-g-1.webp\",\"contentUrl\":\"https:\\\/\\\/gerdetect.de\\\/wp-content\\\/uploads\\\/2023\\\/01\\\/river-g-1.webp\",\"width\":992,\"height\":955},{\"@type\":\"BreadcrumbList\",\"@id\":\"https:\\\/\\\/gerdetect.de\\\/es\\\/producto\\\/river-g-3-systems-detector\\\/#breadcrumb\",\"itemListElement\":[{\"@type\":\"ListItem\",\"position\":1,\"name\":\"Home\",\"item\":\"https:\\\/\\\/gerdetect.de\\\/es\\\/inicio\\\/\"},{\"@type\":\"ListItem\",\"position\":2,\"name\":\"Productos\",\"item\":\"https:\\\/\\\/gerdetect.de\\\/es\\\/shop\\\/\"},{\"@type\":\"ListItem\",\"position\":3,\"name\":\"RIVER G 3 SYSTEMS DETECTOR\"}]},{\"@type\":\"WebSite\",\"@id\":\"https:\\\/\\\/gerdetect.de\\\/es\\\/#website\",\"url\":\"https:\\\/\\\/gerdetect.de\\\/es\\\/\",\"name\":\"GER DETECT\",\"description\":\"\",\"publisher\":{\"@id\":\"https:\\\/\\\/gerdetect.de\\\/es\\\/#organization\"},\"potentialAction\":[{\"@type\":\"SearchAction\",\"target\":{\"@type\":\"EntryPoint\",\"urlTemplate\":\"https:\\\/\\\/gerdetect.de\\\/es\\\/?s={search_term_string}\"},\"query-input\":{\"@type\":\"PropertyValueSpecification\",\"valueRequired\":true,\"valueName\":\"search_term_string\"}}],\"inLanguage\":\"es\"},{\"@type\":\"Organization\",\"@id\":\"https:\\\/\\\/gerdetect.de\\\/es\\\/#organization\",\"name\":\"GER DETECT\",\"url\":\"https:\\\/\\\/gerdetect.de\\\/es\\\/\",\"logo\":{\"@type\":\"ImageObject\",\"inLanguage\":\"es\",\"@id\":\"https:\\\/\\\/gerdetect.de\\\/es\\\/#\\\/schema\\\/logo\\\/image\\\/\",\"url\":\"https:\\\/\\\/gerdetect.de\\\/wp-content\\\/uploads\\\/2025\\\/10\\\/GER-Logo.webp\",\"contentUrl\":\"https:\\\/\\\/gerdetect.de\\\/wp-content\\\/uploads\\\/2025\\\/10\\\/GER-Logo.webp\",\"width\":2134,\"height\":2135,\"caption\":\"GER DETECT\"},\"image\":{\"@id\":\"https:\\\/\\\/gerdetect.de\\\/es\\\/#\\\/schema\\\/logo\\\/image\\\/\"}}]}<\/script>\n<!-- \/ Yoast SEO plugin. -->","yoast_head_json":{"title":"-","description":"Buscador de agua subterr\u00e1nea de River G 3 Systems: pozos de sondeo, agua subterr\u00e1nea, pozos artesianos, agua dulce y salada, esc\u00e1ner 3D, detecci\u00f3n de agua","robots":{"index":"index","follow":"follow","max-snippet":"max-snippet:-1","max-image-preview":"max-image-preview:large","max-video-preview":"max-video-preview:-1"},"canonical":"https:\/\/gerdetect.de\/es\/producto\/river-g-3-systems-detector\/","og_locale":"es_ES","og_type":"article","og_title":"-","og_description":"El dispositivo RIVER G es una de las mejores innovaciones alemanas con certificaci\u00f3n europea c\u03f5 seg\u00fan especificaciones internacionales.","og_url":"https:\/\/gerdetect.de\/es\/producto\/river-g-3-systems-detector\/","og_site_name":"GER DETECT","article_modified_time":"2025-04-21T12:32:59+00:00","og_image":[{"url":"https:\/\/uigdetectors.com.tr\/wp-content\/uploads\/2017\/12\/river-g-3-systems-water-detector.jpg","type":"","width":"","height":""}],"twitter_card":"summary_large_image","twitter_title":"-","twitter_description":"El dispositivo RIVER G es una de las mejores innovaciones alemanas con certificaci\u00f3n europea c\u03f5 seg\u00fan especificaciones internacionales.","twitter_image":"https:\/\/uigdetectors.com.tr\/wp-content\/uploads\/2017\/12\/river-g-3-systems-water-detector.jpg","twitter_misc":{"Tiempo de lectura":"3 minutos"},"schema":{"@context":"https:\/\/schema.org","@graph":[{"@type":"WebPage","@id":"https:\/\/gerdetect.de\/es\/producto\/river-g-3-systems-detector\/","url":"https:\/\/gerdetect.de\/es\/producto\/river-g-3-systems-detector\/","name":"-","isPartOf":{"@id":"https:\/\/gerdetect.de\/es\/#website"},"primaryImageOfPage":{"@id":"https:\/\/gerdetect.de\/es\/producto\/river-g-3-systems-detector\/#primaryimage"},"image":{"@id":"https:\/\/gerdetect.de\/es\/producto\/river-g-3-systems-detector\/#primaryimage"},"thumbnailUrl":"https:\/\/gerdetect.de\/wp-content\/uploads\/2023\/01\/river-g-1.webp","datePublished":"2023-01-20T19:33:00+00:00","dateModified":"2025-04-21T12:32:59+00:00","description":"Buscador de agua subterr\u00e1nea de River G 3 Systems: pozos de sondeo, agua subterr\u00e1nea, pozos artesianos, agua dulce y salada, esc\u00e1ner 3D, detecci\u00f3n de agua","breadcrumb":{"@id":"https:\/\/gerdetect.de\/es\/producto\/river-g-3-systems-detector\/#breadcrumb"},"inLanguage":"es","potentialAction":[{"@type":"ReadAction","target":["https:\/\/gerdetect.de\/es\/producto\/river-g-3-systems-detector\/"]}]},{"@type":"ImageObject","inLanguage":"es","@id":"https:\/\/gerdetect.de\/es\/producto\/river-g-3-systems-detector\/#primaryimage","url":"https:\/\/gerdetect.de\/wp-content\/uploads\/2023\/01\/river-g-1.webp","contentUrl":"https:\/\/gerdetect.de\/wp-content\/uploads\/2023\/01\/river-g-1.webp","width":992,"height":955},{"@type":"BreadcrumbList","@id":"https:\/\/gerdetect.de\/es\/producto\/river-g-3-systems-detector\/#breadcrumb","itemListElement":[{"@type":"ListItem","position":1,"name":"Home","item":"https:\/\/gerdetect.de\/es\/inicio\/"},{"@type":"ListItem","position":2,"name":"Productos","item":"https:\/\/gerdetect.de\/es\/shop\/"},{"@type":"ListItem","position":3,"name":"RIVER G 3 SYSTEMS DETECTOR"}]},{"@type":"WebSite","@id":"https:\/\/gerdetect.de\/es\/#website","url":"https:\/\/gerdetect.de\/es\/","name":"GER DETECT","description":"","publisher":{"@id":"https:\/\/gerdetect.de\/es\/#organization"},"potentialAction":[{"@type":"SearchAction","target":{"@type":"EntryPoint","urlTemplate":"https:\/\/gerdetect.de\/es\/?s={search_term_string}"},"query-input":{"@type":"PropertyValueSpecification","valueRequired":true,"valueName":"search_term_string"}}],"inLanguage":"es"},{"@type":"Organization","@id":"https:\/\/gerdetect.de\/es\/#organization","name":"GER DETECT","url":"https:\/\/gerdetect.de\/es\/","logo":{"@type":"ImageObject","inLanguage":"es","@id":"https:\/\/gerdetect.de\/es\/#\/schema\/logo\/image\/","url":"https:\/\/gerdetect.de\/wp-content\/uploads\/2025\/10\/GER-Logo.webp","contentUrl":"https:\/\/gerdetect.de\/wp-content\/uploads\/2025\/10\/GER-Logo.webp","width":2134,"height":2135,"caption":"GER DETECT"},"image":{"@id":"https:\/\/gerdetect.de\/es\/#\/schema\/logo\/image\/"}}]}},"_links":{"self":[{"href":"https:\/\/gerdetect.de\/es\/wp-json\/wp\/v2\/product\/17301","targetHints":{"allow":["GET"]}}],"collection":[{"href":"https:\/\/gerdetect.de\/es\/wp-json\/wp\/v2\/product"}],"about":[{"href":"https:\/\/gerdetect.de\/es\/wp-json\/wp\/v2\/types\/product"}],"version-history":[{"count":2,"href":"https:\/\/gerdetect.de\/es\/wp-json\/wp\/v2\/product\/17301\/revisions"}],"predecessor-version":[{"id":18424,"href":"https:\/\/gerdetect.de\/es\/wp-json\/wp\/v2\/product\/17301\/revisions\/18424"}],"wp:featuredmedia":[{"embeddable":true,"href":"https:\/\/gerdetect.de\/es\/wp-json\/wp\/v2\/media\/31549"}],"wp:attachment":[{"href":"https:\/\/gerdetect.de\/es\/wp-json\/wp\/v2\/media?parent=17301"}],"wp:term":[{"taxonomy":"product_brand","embeddable":true,"href":"https:\/\/gerdetect.de\/es\/wp-json\/wp\/v2\/product_brand?post=17301"},{"taxonomy":"product_cat","embeddable":true,"href":"https:\/\/gerdetect.de\/es\/wp-json\/wp\/v2\/product_cat?post=17301"},{"taxonomy":"product_tag","embeddable":true,"href":"https:\/\/gerdetect.de\/es\/wp-json\/wp\/v2\/product_tag?post=17301"}],"curies":[{"name":"wp","href":"https:\/\/api.w.org\/{rel}","templated":true}]}}