{"id":17303,"date":"2023-01-20T22:32:54","date_gmt":"2023-01-20T19:32:54","guid":{"rendered":"https:\/\/gerdetect.de\/product\/river-f-smart-detector\/"},"modified":"2025-04-21T15:34:53","modified_gmt":"2025-04-21T12:34:53","slug":"river-f-smart-detector","status":"publish","type":"product","link":"https:\/\/gerdetect.de\/es\/producto\/river-f-smart-detector\/","title":{"rendered":"RIVER-F SMART DETECTOR"},"content":{"rendered":"\t\t<div data-elementor-type=\"product-post\" data-elementor-id=\"17303\" class=\"elementor elementor-17303 elementor-11490\" data-elementor-post-type=\"product\">\n\t\t\t\t<div class=\"wd-negative-gap elementor-element elementor-element-2d4d478 e-flex e-con-boxed e-con e-parent\" data-id=\"2d4d478\" data-element_type=\"container\" data-e-type=\"container\">\n\t\t\t\t\t<div class=\"e-con-inner\">\n\t\t\t\t<div class=\"elementor-element elementor-element-59513b2 elementor-widget elementor-widget-heading\" data-id=\"59513b2\" data-element_type=\"widget\" data-e-type=\"widget\" data-widget_type=\"heading.default\">\n\t\t\t\t<div class=\"elementor-widget-container\">\n\t\t\t\t\t<h2 class=\"elementor-heading-title elementor-size-default\">RIVER-F SMART DETECTOR <\/h2>\t\t\t\t<\/div>\n\t\t\t\t<\/div>\n\t\t\t\t\t<\/div>\n\t\t\t\t<\/div>\n\t\t<div class=\"wd-negative-gap elementor-element elementor-element-1ed665cc e-flex e-con-boxed e-con e-parent\" data-id=\"1ed665cc\" data-element_type=\"container\" data-e-type=\"container\">\n\t\t\t\t\t<div class=\"e-con-inner\">\n\t\t\t\t<div class=\"elementor-element elementor-element-6c3ce791 color-scheme-inherit text-left elementor-widget elementor-widget-text-editor\" data-id=\"6c3ce791\" data-element_type=\"widget\" data-e-type=\"widget\" data-widget_type=\"text-editor.default\">\n\t\t\t\t<div class=\"elementor-widget-container\">\n\t\t\t\t\t\t\t\t\tRIVER &#8211; F SMART Detecci\u00f3n de largo alcance de aguas subterr\u00e1neas, pozos artesianos y manantiales subterr\u00e1neos con su dise\u00f1o completamente nuevo y el primero de su tipo en todo el mundo. El dispositivo ha sido completamente desarrollado en el RIVER &#8211; F SMART con la adici\u00f3n de m\u00e1s sistemas y propiedades con nuevas tecnolog\u00edas profesionales en la detecci\u00f3n de sitios y fuentes de agua y sus profundidades con alta precisi\u00f3n y facilidad. Dispositivo multipropiedades RIVER &#8211; F SMART Integra tres sistemas de investigaci\u00f3n diferentes: 1- Sistema de b\u00fasqueda de agua dulce. 2- Sistema de b\u00fasqueda de agua salada. 3- Un sistema para determinar la profundidad del agua en metros y cent\u00edmetros de manera f\u00e1cil y con alta precisi\u00f3n. Una s\u00faper velocidad en la detecci\u00f3n de fuentes de agua y la determinaci\u00f3n de sus ubicaciones con precisi\u00f3n. La profundidad de b\u00fasqueda del dispositivo RIVER &#8211; F SMART alcanza los 500 metros en el suelo y un alcance frontal de 3000 metros. El RIVER-F SMART ha sido desarrollado para facilitar su operaci\u00f3n en todo tipo de terrenos y en las condiciones clim\u00e1ticas m\u00e1s dif\u00edciles. El dispositivo RIVER-F SMART tiene la capacidad de penetrar las capas de la tierra a grandes profundidades que son dif\u00edciles de alcanzar para muchos dispositivos. El dispositivo RIVER-F SMART es uno de los mejores de la industria alemana.          Posee el certificado europeo CE seg\u00fan especificaciones internacionales, adem\u00e1s del certificado internacional ISO 9001 seg\u00fan especificaciones y est\u00e1ndares internacionales.\t\t\t\t\t\t\t\t<\/div>\n\t\t\t\t<\/div>\n\t\t\t\t\t<\/div>\n\t\t\t\t<\/div>\n\t\t<div class=\"wd-negative-gap elementor-element elementor-element-9336005 e-flex e-con-boxed e-con e-parent\" data-id=\"9336005\" data-element_type=\"container\" data-e-type=\"container\">\n\t\t\t\t\t<div class=\"e-con-inner\">\n\t\t\t\t<div class=\"elementor-element elementor-element-f9525b9 elementor-widget elementor-widget-video\" data-id=\"f9525b9\" data-element_type=\"widget\" data-e-type=\"widget\" data-settings=\"{&quot;youtube_url&quot;:&quot;https:\\\/\\\/youtu.be\\\/kAHp6H8xT7w?si=YzaNkYuT9eYtUjtN&quot;,&quot;video_type&quot;:&quot;youtube&quot;,&quot;controls&quot;:&quot;yes&quot;}\" data-widget_type=\"video.default\">\n\t\t\t\t<div class=\"elementor-widget-container\">\n\t\t\t\t\t\t\t<div class=\"elementor-wrapper elementor-open-inline\">\n\t\t\t<div class=\"elementor-video\"><\/div>\t\t<\/div>\n\t\t\t\t\t\t<\/div>\n\t\t\t\t<\/div>\n\t\t\t\t\t<\/div>\n\t\t\t\t<\/div>\n\t\t\t\t<\/div>\n\t\t","protected":false},"excerpt":{"rendered":"<p><span style=\"color: #ff7900;\"><strong>Nuevo dispositivo de largo alcance para detecci\u00f3n de aguas subterr\u00e1neas &#8211; RIVER &#8211; Sistema F SMART 3<\/strong><\/span><\/p>\n","protected":false},"featured_media":31358,"template":"","meta":[],"product_brand":[],"product_cat":[291,312],"product_tag":[],"class_list":{"0":"post-17303","1":"product","2":"type-product","3":"status-publish","4":"has-post-thumbnail","6":"product_cat-detectores-de-agua-subterranea","7":"product_cat-es-products","9":"first","10":"instock","11":"sale","12":"shipping-taxable","13":"purchasable","14":"product-type-simple"},"yoast_head":"<!-- This site is optimized with the Yoast SEO plugin v27.5 - https:\/\/yoast.com\/product\/yoast-seo-wordpress\/ -->\n<title>RIVER-F SMART DETECTOR - GER DETECT<\/title>\n<meta name=\"description\" content=\"Localizador de agua subterr\u00e1nea de largo alcance River F Plus: detector de pozos de sondeo, agua subterr\u00e1nea, pozos artesianos, agua dulce y agua salada\" \/>\n<meta name=\"robots\" content=\"index, follow, max-snippet:-1, max-image-preview:large, max-video-preview:-1\" \/>\n<link rel=\"canonical\" href=\"https:\/\/gerdetect.de\/es\/producto\/river-f-smart-detector\/\" \/>\n<meta property=\"og:locale\" content=\"es_ES\" \/>\n<meta property=\"og:type\" content=\"article\" \/>\n<meta property=\"og:title\" content=\"-\" \/>\n<meta property=\"og:description\" content=\"El detector RIVER-F es una de las mejores innovaciones alemanas con certificaci\u00f3n CE europea seg\u00fan especificaciones internacionales.\" \/>\n<meta property=\"og:url\" content=\"https:\/\/gerdetect.de\/es\/producto\/river-f-smart-detector\/\" \/>\n<meta property=\"og:site_name\" content=\"GER DETECT\" \/>\n<meta property=\"article:modified_time\" content=\"2025-04-21T12:34:53+00:00\" \/>\n<meta property=\"og:image\" content=\"https:\/\/uigdetectors.com.tr\/wp-content\/uploads\/2017\/12\/river-f-water-detector.jpg\" \/>\n<meta name=\"twitter:card\" content=\"summary_large_image\" \/>\n<meta name=\"twitter:title\" content=\"-\" \/>\n<meta name=\"twitter:description\" content=\"El detector RIVER-F es una de las mejores innovaciones alemanas con certificaci\u00f3n CE europea seg\u00fan especificaciones internacionales.\" \/>\n<meta name=\"twitter:image\" content=\"https:\/\/uigdetectors.com.tr\/wp-content\/uploads\/2017\/12\/river-f-water-detector.jpg\" \/>\n<meta name=\"twitter:label1\" content=\"Tiempo de lectura\" \/>\n\t<meta name=\"twitter:data1\" content=\"1 minuto\" \/>\n<script type=\"application\/ld+json\" class=\"yoast-schema-graph\">{\"@context\":\"https:\\\/\\\/schema.org\",\"@graph\":[{\"@type\":\"WebPage\",\"@id\":\"https:\\\/\\\/gerdetect.de\\\/es\\\/producto\\\/river-f-smart-detector\\\/\",\"url\":\"https:\\\/\\\/gerdetect.de\\\/es\\\/producto\\\/river-f-smart-detector\\\/\",\"name\":\"RIVER-F SMART DETECTOR - GER DETECT\",\"isPartOf\":{\"@id\":\"https:\\\/\\\/gerdetect.de\\\/es\\\/#website\"},\"primaryImageOfPage\":{\"@id\":\"https:\\\/\\\/gerdetect.de\\\/es\\\/producto\\\/river-f-smart-detector\\\/#primaryimage\"},\"image\":{\"@id\":\"https:\\\/\\\/gerdetect.de\\\/es\\\/producto\\\/river-f-smart-detector\\\/#primaryimage\"},\"thumbnailUrl\":\"https:\\\/\\\/gerdetect.de\\\/wp-content\\\/uploads\\\/2023\\\/01\\\/river-f-smart-1.png\",\"datePublished\":\"2023-01-20T19:32:54+00:00\",\"dateModified\":\"2025-04-21T12:34:53+00:00\",\"description\":\"Localizador de agua subterr\u00e1nea de largo alcance River F Plus: detector de pozos de sondeo, agua subterr\u00e1nea, pozos artesianos, agua dulce y agua salada\",\"breadcrumb\":{\"@id\":\"https:\\\/\\\/gerdetect.de\\\/es\\\/producto\\\/river-f-smart-detector\\\/#breadcrumb\"},\"inLanguage\":\"es\",\"potentialAction\":[{\"@type\":\"ReadAction\",\"target\":[\"https:\\\/\\\/gerdetect.de\\\/es\\\/producto\\\/river-f-smart-detector\\\/\"]}]},{\"@type\":\"ImageObject\",\"inLanguage\":\"es\",\"@id\":\"https:\\\/\\\/gerdetect.de\\\/es\\\/producto\\\/river-f-smart-detector\\\/#primaryimage\",\"url\":\"https:\\\/\\\/gerdetect.de\\\/wp-content\\\/uploads\\\/2023\\\/01\\\/river-f-smart-1.png\",\"contentUrl\":\"https:\\\/\\\/gerdetect.de\\\/wp-content\\\/uploads\\\/2023\\\/01\\\/river-f-smart-1.png\",\"width\":973,\"height\":891},{\"@type\":\"BreadcrumbList\",\"@id\":\"https:\\\/\\\/gerdetect.de\\\/es\\\/producto\\\/river-f-smart-detector\\\/#breadcrumb\",\"itemListElement\":[{\"@type\":\"ListItem\",\"position\":1,\"name\":\"Home\",\"item\":\"https:\\\/\\\/gerdetect.de\\\/es\\\/inicio\\\/\"},{\"@type\":\"ListItem\",\"position\":2,\"name\":\"Productos\",\"item\":\"https:\\\/\\\/gerdetect.de\\\/es\\\/shop\\\/\"},{\"@type\":\"ListItem\",\"position\":3,\"name\":\"RIVER-F SMART DETECTOR\"}]},{\"@type\":\"WebSite\",\"@id\":\"https:\\\/\\\/gerdetect.de\\\/es\\\/#website\",\"url\":\"https:\\\/\\\/gerdetect.de\\\/es\\\/\",\"name\":\"GER DETECT\",\"description\":\"\",\"publisher\":{\"@id\":\"https:\\\/\\\/gerdetect.de\\\/es\\\/#organization\"},\"potentialAction\":[{\"@type\":\"SearchAction\",\"target\":{\"@type\":\"EntryPoint\",\"urlTemplate\":\"https:\\\/\\\/gerdetect.de\\\/es\\\/?s={search_term_string}\"},\"query-input\":{\"@type\":\"PropertyValueSpecification\",\"valueRequired\":true,\"valueName\":\"search_term_string\"}}],\"inLanguage\":\"es\"},{\"@type\":\"Organization\",\"@id\":\"https:\\\/\\\/gerdetect.de\\\/es\\\/#organization\",\"name\":\"GER DETECT\",\"url\":\"https:\\\/\\\/gerdetect.de\\\/es\\\/\",\"logo\":{\"@type\":\"ImageObject\",\"inLanguage\":\"es\",\"@id\":\"https:\\\/\\\/gerdetect.de\\\/es\\\/#\\\/schema\\\/logo\\\/image\\\/\",\"url\":\"https:\\\/\\\/gerdetect.de\\\/wp-content\\\/uploads\\\/2025\\\/10\\\/GER-Logo.webp\",\"contentUrl\":\"https:\\\/\\\/gerdetect.de\\\/wp-content\\\/uploads\\\/2025\\\/10\\\/GER-Logo.webp\",\"width\":2134,\"height\":2135,\"caption\":\"GER DETECT\"},\"image\":{\"@id\":\"https:\\\/\\\/gerdetect.de\\\/es\\\/#\\\/schema\\\/logo\\\/image\\\/\"}}]}<\/script>\n<!-- \/ Yoast SEO plugin. -->","yoast_head_json":{"title":"RIVER-F SMART DETECTOR - GER DETECT","description":"Localizador de agua subterr\u00e1nea de largo alcance River F Plus: detector de pozos de sondeo, agua subterr\u00e1nea, pozos artesianos, agua dulce y agua salada","robots":{"index":"index","follow":"follow","max-snippet":"max-snippet:-1","max-image-preview":"max-image-preview:large","max-video-preview":"max-video-preview:-1"},"canonical":"https:\/\/gerdetect.de\/es\/producto\/river-f-smart-detector\/","og_locale":"es_ES","og_type":"article","og_title":"-","og_description":"El detector RIVER-F es una de las mejores innovaciones alemanas con certificaci\u00f3n CE europea seg\u00fan especificaciones internacionales.","og_url":"https:\/\/gerdetect.de\/es\/producto\/river-f-smart-detector\/","og_site_name":"GER DETECT","article_modified_time":"2025-04-21T12:34:53+00:00","og_image":[{"url":"https:\/\/uigdetectors.com.tr\/wp-content\/uploads\/2017\/12\/river-f-water-detector.jpg","type":"","width":"","height":""}],"twitter_card":"summary_large_image","twitter_title":"-","twitter_description":"El detector RIVER-F es una de las mejores innovaciones alemanas con certificaci\u00f3n CE europea seg\u00fan especificaciones internacionales.","twitter_image":"https:\/\/uigdetectors.com.tr\/wp-content\/uploads\/2017\/12\/river-f-water-detector.jpg","twitter_misc":{"Tiempo de lectura":"1 minuto"},"schema":{"@context":"https:\/\/schema.org","@graph":[{"@type":"WebPage","@id":"https:\/\/gerdetect.de\/es\/producto\/river-f-smart-detector\/","url":"https:\/\/gerdetect.de\/es\/producto\/river-f-smart-detector\/","name":"RIVER-F SMART DETECTOR - GER DETECT","isPartOf":{"@id":"https:\/\/gerdetect.de\/es\/#website"},"primaryImageOfPage":{"@id":"https:\/\/gerdetect.de\/es\/producto\/river-f-smart-detector\/#primaryimage"},"image":{"@id":"https:\/\/gerdetect.de\/es\/producto\/river-f-smart-detector\/#primaryimage"},"thumbnailUrl":"https:\/\/gerdetect.de\/wp-content\/uploads\/2023\/01\/river-f-smart-1.png","datePublished":"2023-01-20T19:32:54+00:00","dateModified":"2025-04-21T12:34:53+00:00","description":"Localizador de agua subterr\u00e1nea de largo alcance River F Plus: detector de pozos de sondeo, agua subterr\u00e1nea, pozos artesianos, agua dulce y agua salada","breadcrumb":{"@id":"https:\/\/gerdetect.de\/es\/producto\/river-f-smart-detector\/#breadcrumb"},"inLanguage":"es","potentialAction":[{"@type":"ReadAction","target":["https:\/\/gerdetect.de\/es\/producto\/river-f-smart-detector\/"]}]},{"@type":"ImageObject","inLanguage":"es","@id":"https:\/\/gerdetect.de\/es\/producto\/river-f-smart-detector\/#primaryimage","url":"https:\/\/gerdetect.de\/wp-content\/uploads\/2023\/01\/river-f-smart-1.png","contentUrl":"https:\/\/gerdetect.de\/wp-content\/uploads\/2023\/01\/river-f-smart-1.png","width":973,"height":891},{"@type":"BreadcrumbList","@id":"https:\/\/gerdetect.de\/es\/producto\/river-f-smart-detector\/#breadcrumb","itemListElement":[{"@type":"ListItem","position":1,"name":"Home","item":"https:\/\/gerdetect.de\/es\/inicio\/"},{"@type":"ListItem","position":2,"name":"Productos","item":"https:\/\/gerdetect.de\/es\/shop\/"},{"@type":"ListItem","position":3,"name":"RIVER-F SMART DETECTOR"}]},{"@type":"WebSite","@id":"https:\/\/gerdetect.de\/es\/#website","url":"https:\/\/gerdetect.de\/es\/","name":"GER DETECT","description":"","publisher":{"@id":"https:\/\/gerdetect.de\/es\/#organization"},"potentialAction":[{"@type":"SearchAction","target":{"@type":"EntryPoint","urlTemplate":"https:\/\/gerdetect.de\/es\/?s={search_term_string}"},"query-input":{"@type":"PropertyValueSpecification","valueRequired":true,"valueName":"search_term_string"}}],"inLanguage":"es"},{"@type":"Organization","@id":"https:\/\/gerdetect.de\/es\/#organization","name":"GER DETECT","url":"https:\/\/gerdetect.de\/es\/","logo":{"@type":"ImageObject","inLanguage":"es","@id":"https:\/\/gerdetect.de\/es\/#\/schema\/logo\/image\/","url":"https:\/\/gerdetect.de\/wp-content\/uploads\/2025\/10\/GER-Logo.webp","contentUrl":"https:\/\/gerdetect.de\/wp-content\/uploads\/2025\/10\/GER-Logo.webp","width":2134,"height":2135,"caption":"GER DETECT"},"image":{"@id":"https:\/\/gerdetect.de\/es\/#\/schema\/logo\/image\/"}}]}},"_links":{"self":[{"href":"https:\/\/gerdetect.de\/es\/wp-json\/wp\/v2\/product\/17303","targetHints":{"allow":["GET"]}}],"collection":[{"href":"https:\/\/gerdetect.de\/es\/wp-json\/wp\/v2\/product"}],"about":[{"href":"https:\/\/gerdetect.de\/es\/wp-json\/wp\/v2\/types\/product"}],"version-history":[{"count":2,"href":"https:\/\/gerdetect.de\/es\/wp-json\/wp\/v2\/product\/17303\/revisions"}],"predecessor-version":[{"id":17707,"href":"https:\/\/gerdetect.de\/es\/wp-json\/wp\/v2\/product\/17303\/revisions\/17707"}],"wp:featuredmedia":[{"embeddable":true,"href":"https:\/\/gerdetect.de\/es\/wp-json\/wp\/v2\/media\/31358"}],"wp:attachment":[{"href":"https:\/\/gerdetect.de\/es\/wp-json\/wp\/v2\/media?parent=17303"}],"wp:term":[{"taxonomy":"product_brand","embeddable":true,"href":"https:\/\/gerdetect.de\/es\/wp-json\/wp\/v2\/product_brand?post=17303"},{"taxonomy":"product_cat","embeddable":true,"href":"https:\/\/gerdetect.de\/es\/wp-json\/wp\/v2\/product_cat?post=17303"},{"taxonomy":"product_tag","embeddable":true,"href":"https:\/\/gerdetect.de\/es\/wp-json\/wp\/v2\/product_tag?post=17303"}],"curies":[{"name":"wp","href":"https:\/\/api.w.org\/{rel}","templated":true}]}}