{"id":17305,"date":"2023-01-20T22:32:52","date_gmt":"2023-01-20T19:32:52","guid":{"rendered":"https:\/\/gerdetect.de\/product\/fresh-result-2-systems-detector\/"},"modified":"2025-04-21T15:33:06","modified_gmt":"2025-04-21T12:33:06","slug":"fresh-result-2-systems-detector","status":"publish","type":"product","link":"https:\/\/gerdetect.de\/es\/producto\/fresh-result-2-systems-detector\/","title":{"rendered":"FRESH RESULT 2 SYSTEMS DETECTOR"},"content":{"rendered":"\t\t<div data-elementor-type=\"product-post\" data-elementor-id=\"17305\" class=\"elementor elementor-17305 elementor-11488\" data-elementor-post-type=\"product\">\n\t\t\t\t<div class=\"wd-negative-gap elementor-element elementor-element-b87ca84 e-flex e-con-boxed e-con e-parent\" data-id=\"b87ca84\" data-element_type=\"container\" data-e-type=\"container\">\n\t\t\t\t\t<div class=\"e-con-inner\">\n\t\t\t\t<div class=\"elementor-element elementor-element-a06c194 elementor-widget elementor-widget-heading\" data-id=\"a06c194\" data-element_type=\"widget\" data-e-type=\"widget\" data-widget_type=\"heading.default\">\n\t\t\t\t<div class=\"elementor-widget-container\">\n\t\t\t\t\t<h2 class=\"elementor-heading-title elementor-size-default\">FRESH RESULT 2 SYSTEMS DETECTOR <\/h2>\t\t\t\t<\/div>\n\t\t\t\t<\/div>\n\t\t\t\t\t<\/div>\n\t\t\t\t<\/div>\n\t\t<div class=\"wd-negative-gap elementor-element elementor-element-76c5c833 e-flex e-con-boxed e-con e-parent\" data-id=\"76c5c833\" data-element_type=\"container\" data-e-type=\"container\">\n\t\t\t\t\t<div class=\"e-con-inner\">\n\t\t\t\t<div class=\"elementor-element elementor-element-64551f56 color-scheme-inherit text-left elementor-widget elementor-widget-text-editor\" data-id=\"64551f56\" data-element_type=\"widget\" data-e-type=\"widget\" data-widget_type=\"text-editor.default\">\n\t\t\t\t<div class=\"elementor-widget-container\">\n\t\t\t\t\t\t\t\t\t<img loading=\"lazy\" decoding=\"async\" class=\"alignnone wp-image-12148 size-full\" src=\"https:\/\/gerdetect.de\/wp-content\/uploads\/2023\/01\/Geophysical-and-long-range-system-Water-Detector.jpg\" alt=\"\" width=\"1024\" height=\"285\" srcset=\"https:\/\/gerdetect.de\/wp-content\/uploads\/2023\/01\/Geophysical-and-long-range-system-Water-Detector.jpg 1024w, https:\/\/gerdetect.de\/wp-content\/uploads\/2023\/01\/Geophysical-and-long-range-system-Water-Detector-430x120.jpg 430w, https:\/\/gerdetect.de\/wp-content\/uploads\/2023\/01\/Geophysical-and-long-range-system-Water-Detector-150x42.jpg 150w, https:\/\/gerdetect.de\/wp-content\/uploads\/2023\/01\/Geophysical-and-long-range-system-Water-Detector-700x195.jpg 700w, https:\/\/gerdetect.de\/wp-content\/uploads\/2023\/01\/Geophysical-and-long-range-system-Water-Detector-400x111.jpg 400w, https:\/\/gerdetect.de\/wp-content\/uploads\/2023\/01\/Geophysical-and-long-range-system-Water-Detector-768x214.jpg 768w, https:\/\/gerdetect.de\/wp-content\/uploads\/2023\/01\/Geophysical-and-long-range-system-Water-Detector-860x239.jpg 860w\" sizes=\"auto, (max-width: 1024px) 100vw, 1024px\" \/>\n<h4><\/h4>\n<h5>Dispositivo Fresh Result 2 Systems Plus con sistemas geol\u00f3gicos y de largo alcance, el primer detector de su tipo en todo el mundo para detectar agua subterr\u00e1nea. Felicitamos a los agricultores, inversores en tierras agr\u00edcolas, investigadores y exploradores de aguas subterr\u00e1neas y pozos bajo tierra, por lanzar nuestro \u00faltimo y \u00fanico dispositivo: Fresh Result 2 Systems. La empresa GER DETECT se enorgullece de ofrecerle la \u00faltima tecnolog\u00eda mundial de precisi\u00f3n y alta resoluci\u00f3n: para la b\u00fasqueda, detecci\u00f3n, identificaci\u00f3n y filtrado de objetivos, el dispositivo Fresh Result 2 Systems Plus con sistemas geol\u00f3gicos y de largo alcance. La profundidad del dispositivo de hasta 1200 metros bajo tierra y un alcance frontal de 2000 metros, con la posibilidad de determinar el tipo de agua (dulce &#8211; salada &#8211; muy salada). Posibilidad de investigaci\u00f3n en cuatro tipos diferentes de suelo (arenoso &#8211; arcilloso &#8211; rocoso &#8211; mixto). Dispositivo Fresh Result 2 Systems Plus con tecnolog\u00eda avanzada para detectar e identificar fuentes de agua subterr\u00e1neas.     <\/h5>\n<h4>Sistemas <span style=\"color: #ff7900;\">SISTEMA DE LARGO ALCANCE:<\/span><\/h4>\n<h5>Este sistema de alta precisi\u00f3n es capaz de determinar fuentes de agua y ubicaciones desde una gran distancia. &#8211; Cuando se detecta un objetivo, el usuario puede moverse para rastrearlo hasta que se levante completamente, puede confinarlo a un \u00e1rea de 1 metro cuadrado. &#8211; Capacidad para determinar el alcance frontal del dispositivo a partir de 500 metros o 1000 o 1500 o 2000 metros y una profundidad de 1200 metros bajo tierra. El dispositivo funciona en cuatro idiomas (alem\u00e1n, ingl\u00e9s, franc\u00e9s y \u00e1rabe). Cuando el dispositivo est\u00e1 en funcionamiento, puede elegir uno de los idiomas y determinar el alcance frontal. Al capturar el objetivo, el dispositivo se dirigir\u00e1 a \u00e9l, el usuario puede caminar hasta alcanzar el objetivo y pararse completamente sobre \u00e9l dentro de un \u00e1rea confinada de 1 metro cuadrado, identificar la profundidad en metros y cent\u00edmetros.     <\/h5>\n<h4><span style=\"color: #ff7900;\">SISTEMA DE B\u00daSQUEDA GEOF\u00cdSICA:<\/span><\/h4>\n<h5>Se ha a\u00f1adido a este sistema una gran cantidad de tecnolog\u00eda innovadora y nuevas caracter\u00edsticas. -Escaneo de todas las capas del suelo hasta una profundidad de 1200 metros y visualizaci\u00f3n de los resultados encontrados en la pantalla a color de alta calidad del dispositivo, mostrando la densidad del agua y su tipo (dulce &#8211; salada &#8211; muy salada), mostrando su inicio, y su valor de profundidad final por metro y cent\u00edmetro. El dispositivo se caracteriza por ser un sistema de equilibrio de suelo autom\u00e1tico para ser configurado en cualquier tipo de suelo. -Este dispositivo ha sido dise\u00f1ado y desarrollado para detectar agua subterr\u00e1nea. -El dispositivo funciona con todos los diferentes campos para garantizar que el explorador llegue al objetivo de manera f\u00e1cil y eficiente.    <\/h5>\t\t\t\t\t\t\t\t<\/div>\n\t\t\t\t<\/div>\n\t\t\t\t\t<\/div>\n\t\t\t\t<\/div>\n\t\t<div class=\"wd-negative-gap elementor-element elementor-element-1a0a800 e-flex e-con-boxed e-con e-parent\" data-id=\"1a0a800\" data-element_type=\"container\" data-e-type=\"container\">\n\t\t\t\t\t<div class=\"e-con-inner\">\n\t\t\t\t<div class=\"elementor-element elementor-element-d1d1089 elementor-widget elementor-widget-video\" data-id=\"d1d1089\" data-element_type=\"widget\" data-e-type=\"widget\" data-settings=\"{&quot;youtube_url&quot;:&quot;https:\\\/\\\/youtu.be\\\/wwD3r7Lq03U?si=2Pvo7VIHwaG4J-Wy&quot;,&quot;video_type&quot;:&quot;youtube&quot;,&quot;controls&quot;:&quot;yes&quot;}\" data-widget_type=\"video.default\">\n\t\t\t\t<div class=\"elementor-widget-container\">\n\t\t\t\t\t\t\t<div class=\"elementor-wrapper elementor-open-inline\">\n\t\t\t<div class=\"elementor-video\"><\/div>\t\t<\/div>\n\t\t\t\t\t\t<\/div>\n\t\t\t\t<\/div>\n\t\t\t\t\t<\/div>\n\t\t\t\t<\/div>\n\t\t\t\t<\/div>\n\t\t","protected":false},"excerpt":{"rendered":"<h4 class=\"card-title dark-blue text-left font-weight-bold\"><span style=\"color: #ff7900;\">Especializados en detecci\u00f3n de aguas subterr\u00e1neas<\/span><\/h4>\n","protected":false},"featured_media":31554,"template":"","meta":[],"product_brand":[],"product_cat":[291,312],"product_tag":[],"class_list":{"0":"post-17305","1":"product","2":"type-product","3":"status-publish","4":"has-post-thumbnail","6":"product_cat-detectores-de-agua-subterranea","7":"product_cat-es-products","9":"first","10":"instock","11":"shipping-taxable","12":"purchasable","13":"product-type-simple"},"yoast_head":"<!-- This site is optimized with the Yoast SEO plugin v27.4 - https:\/\/yoast.com\/product\/yoast-seo-wordpress\/ -->\n<title>-<\/title>\n<meta name=\"description\" content=\"Nuevo resultado 2 sistemas detector de agua subterr\u00e1nea: pozos de sondeo, agua subterr\u00e1nea, pozos artesianos, agua dulce y agua salada exploraci\u00f3n geof\u00edsica\" \/>\n<meta name=\"robots\" content=\"index, follow, max-snippet:-1, max-image-preview:large, max-video-preview:-1\" \/>\n<link rel=\"canonical\" href=\"https:\/\/gerdetect.de\/es\/producto\/fresh-result-2-systems-detector\/\" \/>\n<meta property=\"og:locale\" content=\"es_ES\" \/>\n<meta property=\"og:type\" content=\"article\" \/>\n<meta property=\"og:title\" content=\"-\" \/>\n<meta property=\"og:description\" content=\"El detector FRESH RESULT 2 SYSTEMS es una de las mejores innovaciones alemanas con certificaci\u00f3n europea CE seg\u00fan normas internacionales...\" \/>\n<meta property=\"og:url\" content=\"https:\/\/gerdetect.de\/es\/producto\/fresh-result-2-systems-detector\/\" \/>\n<meta property=\"og:site_name\" content=\"GER DETECT\" \/>\n<meta property=\"article:modified_time\" content=\"2025-04-21T12:33:06+00:00\" \/>\n<meta property=\"og:image\" content=\"https:\/\/uigdetectors.com.tr\/wp-content\/uploads\/2017\/12\/fresh-result-2-systes-water-detector.jpg\" \/>\n<meta name=\"twitter:card\" content=\"summary_large_image\" \/>\n<meta name=\"twitter:title\" content=\"-\" \/>\n<meta name=\"twitter:description\" content=\"El detector FRESH RESULT 2 SYSTEMS es una de las mejores innovaciones alemanas con certificaci\u00f3n europea CE seg\u00fan normas internacionales...\" \/>\n<meta name=\"twitter:image\" content=\"https:\/\/uigdetectors.com.tr\/wp-content\/uploads\/2017\/12\/fresh-result-2-systes-water-detector.jpg\" \/>\n<meta name=\"twitter:label1\" content=\"Tiempo de lectura\" \/>\n\t<meta name=\"twitter:data1\" content=\"2 minutos\" \/>\n<script type=\"application\/ld+json\" class=\"yoast-schema-graph\">{\"@context\":\"https:\\\/\\\/schema.org\",\"@graph\":[{\"@type\":\"WebPage\",\"@id\":\"https:\\\/\\\/gerdetect.de\\\/es\\\/producto\\\/fresh-result-2-systems-detector\\\/\",\"url\":\"https:\\\/\\\/gerdetect.de\\\/es\\\/producto\\\/fresh-result-2-systems-detector\\\/\",\"name\":\"-\",\"isPartOf\":{\"@id\":\"https:\\\/\\\/gerdetect.de\\\/es\\\/#website\"},\"primaryImageOfPage\":{\"@id\":\"https:\\\/\\\/gerdetect.de\\\/es\\\/producto\\\/fresh-result-2-systems-detector\\\/#primaryimage\"},\"image\":{\"@id\":\"https:\\\/\\\/gerdetect.de\\\/es\\\/producto\\\/fresh-result-2-systems-detector\\\/#primaryimage\"},\"thumbnailUrl\":\"https:\\\/\\\/gerdetect.de\\\/wp-content\\\/uploads\\\/2023\\\/01\\\/fresh-result-3-e1744722228352.webp\",\"datePublished\":\"2023-01-20T19:32:52+00:00\",\"dateModified\":\"2025-04-21T12:33:06+00:00\",\"description\":\"Nuevo resultado 2 sistemas detector de agua subterr\u00e1nea: pozos de sondeo, agua subterr\u00e1nea, pozos artesianos, agua dulce y agua salada exploraci\u00f3n geof\u00edsica\",\"breadcrumb\":{\"@id\":\"https:\\\/\\\/gerdetect.de\\\/es\\\/producto\\\/fresh-result-2-systems-detector\\\/#breadcrumb\"},\"inLanguage\":\"es\",\"potentialAction\":[{\"@type\":\"ReadAction\",\"target\":[\"https:\\\/\\\/gerdetect.de\\\/es\\\/producto\\\/fresh-result-2-systems-detector\\\/\"]}]},{\"@type\":\"ImageObject\",\"inLanguage\":\"es\",\"@id\":\"https:\\\/\\\/gerdetect.de\\\/es\\\/producto\\\/fresh-result-2-systems-detector\\\/#primaryimage\",\"url\":\"https:\\\/\\\/gerdetect.de\\\/wp-content\\\/uploads\\\/2023\\\/01\\\/fresh-result-3-e1744722228352.webp\",\"contentUrl\":\"https:\\\/\\\/gerdetect.de\\\/wp-content\\\/uploads\\\/2023\\\/01\\\/fresh-result-3-e1744722228352.webp\",\"width\":1013,\"height\":917},{\"@type\":\"BreadcrumbList\",\"@id\":\"https:\\\/\\\/gerdetect.de\\\/es\\\/producto\\\/fresh-result-2-systems-detector\\\/#breadcrumb\",\"itemListElement\":[{\"@type\":\"ListItem\",\"position\":1,\"name\":\"Home\",\"item\":\"https:\\\/\\\/gerdetect.de\\\/es\\\/inicio\\\/\"},{\"@type\":\"ListItem\",\"position\":2,\"name\":\"Productos\",\"item\":\"https:\\\/\\\/gerdetect.de\\\/es\\\/shop\\\/\"},{\"@type\":\"ListItem\",\"position\":3,\"name\":\"FRESH RESULT 2 SYSTEMS DETECTOR\"}]},{\"@type\":\"WebSite\",\"@id\":\"https:\\\/\\\/gerdetect.de\\\/es\\\/#website\",\"url\":\"https:\\\/\\\/gerdetect.de\\\/es\\\/\",\"name\":\"GER DETECT\",\"description\":\"\",\"publisher\":{\"@id\":\"https:\\\/\\\/gerdetect.de\\\/es\\\/#organization\"},\"potentialAction\":[{\"@type\":\"SearchAction\",\"target\":{\"@type\":\"EntryPoint\",\"urlTemplate\":\"https:\\\/\\\/gerdetect.de\\\/es\\\/?s={search_term_string}\"},\"query-input\":{\"@type\":\"PropertyValueSpecification\",\"valueRequired\":true,\"valueName\":\"search_term_string\"}}],\"inLanguage\":\"es\"},{\"@type\":\"Organization\",\"@id\":\"https:\\\/\\\/gerdetect.de\\\/es\\\/#organization\",\"name\":\"GER DETECT\",\"url\":\"https:\\\/\\\/gerdetect.de\\\/es\\\/\",\"logo\":{\"@type\":\"ImageObject\",\"inLanguage\":\"es\",\"@id\":\"https:\\\/\\\/gerdetect.de\\\/es\\\/#\\\/schema\\\/logo\\\/image\\\/\",\"url\":\"https:\\\/\\\/gerdetect.de\\\/wp-content\\\/uploads\\\/2025\\\/10\\\/GER-Logo.webp\",\"contentUrl\":\"https:\\\/\\\/gerdetect.de\\\/wp-content\\\/uploads\\\/2025\\\/10\\\/GER-Logo.webp\",\"width\":2134,\"height\":2135,\"caption\":\"GER DETECT\"},\"image\":{\"@id\":\"https:\\\/\\\/gerdetect.de\\\/es\\\/#\\\/schema\\\/logo\\\/image\\\/\"}}]}<\/script>\n<!-- \/ Yoast SEO plugin. -->","yoast_head_json":{"title":"-","description":"Nuevo resultado 2 sistemas detector de agua subterr\u00e1nea: pozos de sondeo, agua subterr\u00e1nea, pozos artesianos, agua dulce y agua salada exploraci\u00f3n geof\u00edsica","robots":{"index":"index","follow":"follow","max-snippet":"max-snippet:-1","max-image-preview":"max-image-preview:large","max-video-preview":"max-video-preview:-1"},"canonical":"https:\/\/gerdetect.de\/es\/producto\/fresh-result-2-systems-detector\/","og_locale":"es_ES","og_type":"article","og_title":"-","og_description":"El detector FRESH RESULT 2 SYSTEMS es una de las mejores innovaciones alemanas con certificaci\u00f3n europea CE seg\u00fan normas internacionales...","og_url":"https:\/\/gerdetect.de\/es\/producto\/fresh-result-2-systems-detector\/","og_site_name":"GER DETECT","article_modified_time":"2025-04-21T12:33:06+00:00","og_image":[{"url":"https:\/\/uigdetectors.com.tr\/wp-content\/uploads\/2017\/12\/fresh-result-2-systes-water-detector.jpg","type":"","width":"","height":""}],"twitter_card":"summary_large_image","twitter_title":"-","twitter_description":"El detector FRESH RESULT 2 SYSTEMS es una de las mejores innovaciones alemanas con certificaci\u00f3n europea CE seg\u00fan normas internacionales...","twitter_image":"https:\/\/uigdetectors.com.tr\/wp-content\/uploads\/2017\/12\/fresh-result-2-systes-water-detector.jpg","twitter_misc":{"Tiempo de lectura":"2 minutos"},"schema":{"@context":"https:\/\/schema.org","@graph":[{"@type":"WebPage","@id":"https:\/\/gerdetect.de\/es\/producto\/fresh-result-2-systems-detector\/","url":"https:\/\/gerdetect.de\/es\/producto\/fresh-result-2-systems-detector\/","name":"-","isPartOf":{"@id":"https:\/\/gerdetect.de\/es\/#website"},"primaryImageOfPage":{"@id":"https:\/\/gerdetect.de\/es\/producto\/fresh-result-2-systems-detector\/#primaryimage"},"image":{"@id":"https:\/\/gerdetect.de\/es\/producto\/fresh-result-2-systems-detector\/#primaryimage"},"thumbnailUrl":"https:\/\/gerdetect.de\/wp-content\/uploads\/2023\/01\/fresh-result-3-e1744722228352.webp","datePublished":"2023-01-20T19:32:52+00:00","dateModified":"2025-04-21T12:33:06+00:00","description":"Nuevo resultado 2 sistemas detector de agua subterr\u00e1nea: pozos de sondeo, agua subterr\u00e1nea, pozos artesianos, agua dulce y agua salada exploraci\u00f3n geof\u00edsica","breadcrumb":{"@id":"https:\/\/gerdetect.de\/es\/producto\/fresh-result-2-systems-detector\/#breadcrumb"},"inLanguage":"es","potentialAction":[{"@type":"ReadAction","target":["https:\/\/gerdetect.de\/es\/producto\/fresh-result-2-systems-detector\/"]}]},{"@type":"ImageObject","inLanguage":"es","@id":"https:\/\/gerdetect.de\/es\/producto\/fresh-result-2-systems-detector\/#primaryimage","url":"https:\/\/gerdetect.de\/wp-content\/uploads\/2023\/01\/fresh-result-3-e1744722228352.webp","contentUrl":"https:\/\/gerdetect.de\/wp-content\/uploads\/2023\/01\/fresh-result-3-e1744722228352.webp","width":1013,"height":917},{"@type":"BreadcrumbList","@id":"https:\/\/gerdetect.de\/es\/producto\/fresh-result-2-systems-detector\/#breadcrumb","itemListElement":[{"@type":"ListItem","position":1,"name":"Home","item":"https:\/\/gerdetect.de\/es\/inicio\/"},{"@type":"ListItem","position":2,"name":"Productos","item":"https:\/\/gerdetect.de\/es\/shop\/"},{"@type":"ListItem","position":3,"name":"FRESH RESULT 2 SYSTEMS DETECTOR"}]},{"@type":"WebSite","@id":"https:\/\/gerdetect.de\/es\/#website","url":"https:\/\/gerdetect.de\/es\/","name":"GER DETECT","description":"","publisher":{"@id":"https:\/\/gerdetect.de\/es\/#organization"},"potentialAction":[{"@type":"SearchAction","target":{"@type":"EntryPoint","urlTemplate":"https:\/\/gerdetect.de\/es\/?s={search_term_string}"},"query-input":{"@type":"PropertyValueSpecification","valueRequired":true,"valueName":"search_term_string"}}],"inLanguage":"es"},{"@type":"Organization","@id":"https:\/\/gerdetect.de\/es\/#organization","name":"GER DETECT","url":"https:\/\/gerdetect.de\/es\/","logo":{"@type":"ImageObject","inLanguage":"es","@id":"https:\/\/gerdetect.de\/es\/#\/schema\/logo\/image\/","url":"https:\/\/gerdetect.de\/wp-content\/uploads\/2025\/10\/GER-Logo.webp","contentUrl":"https:\/\/gerdetect.de\/wp-content\/uploads\/2025\/10\/GER-Logo.webp","width":2134,"height":2135,"caption":"GER DETECT"},"image":{"@id":"https:\/\/gerdetect.de\/es\/#\/schema\/logo\/image\/"}}]}},"_links":{"self":[{"href":"https:\/\/gerdetect.de\/es\/wp-json\/wp\/v2\/product\/17305","targetHints":{"allow":["GET"]}}],"collection":[{"href":"https:\/\/gerdetect.de\/es\/wp-json\/wp\/v2\/product"}],"about":[{"href":"https:\/\/gerdetect.de\/es\/wp-json\/wp\/v2\/types\/product"}],"version-history":[{"count":2,"href":"https:\/\/gerdetect.de\/es\/wp-json\/wp\/v2\/product\/17305\/revisions"}],"predecessor-version":[{"id":18426,"href":"https:\/\/gerdetect.de\/es\/wp-json\/wp\/v2\/product\/17305\/revisions\/18426"}],"wp:featuredmedia":[{"embeddable":true,"href":"https:\/\/gerdetect.de\/es\/wp-json\/wp\/v2\/media\/31554"}],"wp:attachment":[{"href":"https:\/\/gerdetect.de\/es\/wp-json\/wp\/v2\/media?parent=17305"}],"wp:term":[{"taxonomy":"product_brand","embeddable":true,"href":"https:\/\/gerdetect.de\/es\/wp-json\/wp\/v2\/product_brand?post=17305"},{"taxonomy":"product_cat","embeddable":true,"href":"https:\/\/gerdetect.de\/es\/wp-json\/wp\/v2\/product_cat?post=17305"},{"taxonomy":"product_tag","embeddable":true,"href":"https:\/\/gerdetect.de\/es\/wp-json\/wp\/v2\/product_tag?post=17305"}],"curies":[{"name":"wp","href":"https:\/\/api.w.org\/{rel}","templated":true}]}}