{"id":32352,"date":"2025-04-21T15:01:02","date_gmt":"2025-04-21T12:01:02","guid":{"rendered":"https:\/\/gerdetect.de\/product\/detector-de-metales-treasure-way\/"},"modified":"2025-10-28T14:32:50","modified_gmt":"2025-10-28T11:32:50","slug":"detector-de-metales-treasure-way","status":"publish","type":"product","link":"https:\/\/gerdetect.de\/es\/producto\/detector-de-metales-treasure-way\/","title":{"rendered":"Detector de Metales Treasure Way"},"content":{"rendered":"\t\t<div data-elementor-type=\"product-post\" data-elementor-id=\"32352\" class=\"elementor elementor-32352 elementor-18380\" data-elementor-post-type=\"product\">\n\t\t\t\t<div class=\"wd-negative-gap elementor-element elementor-element-4e8d65e6 e-flex e-con-boxed e-con e-parent\" data-id=\"4e8d65e6\" data-element_type=\"container\" data-e-type=\"container\">\n\t\t\t\t\t<div class=\"e-con-inner\">\n\t\t\t\t<div class=\"elementor-element elementor-element-aac21ba elementor-widget elementor-widget-video\" data-id=\"aac21ba\" data-element_type=\"widget\" data-e-type=\"widget\" data-settings=\"{&quot;youtube_url&quot;:&quot;https:\\\/\\\/www.youtube.com\\\/watch?v=D7g9qgJOWyg&amp;ab_channel=UIGDetectorsFactoriesandCompanies&quot;,&quot;video_type&quot;:&quot;youtube&quot;,&quot;controls&quot;:&quot;yes&quot;}\" data-widget_type=\"video.default\">\n\t\t\t\t<div class=\"elementor-widget-container\">\n\t\t\t\t\t\t\t<div class=\"elementor-wrapper elementor-open-inline\">\n\t\t\t<div class=\"elementor-video\"><\/div>\t\t<\/div>\n\t\t\t\t\t\t<\/div>\n\t\t\t\t<\/div>\n\t\t\t\t<div class=\"elementor-element elementor-element-59e3fea7 color-scheme-inherit text-left elementor-widget elementor-widget-text-editor\" data-id=\"59e3fea7\" data-element_type=\"widget\" data-e-type=\"widget\" data-widget_type=\"text-editor.default\">\n\t\t\t\t<div class=\"elementor-widget-container\">\n\t\t\t\t\t\t\t\t\t<h4 class=\"p1\"><strong>El dispositivo Treasure Way est\u00e1 equipado con un avanzado sistema de inducci\u00f3n pulsada, espec\u00edficamente dise\u00f1ado para ignorar peque\u00f1os objetivos e impurezas del suelo, centr\u00e1ndose en cambio en objetos grandes y enterrados a gran profundidad, como tesoros antiguos, reliquias y artefactos valiosos.<\/strong><\/h4><h4 class=\"p1\"><strong>Este sistema tambi\u00e9n cuenta con capacidades de detecci\u00f3n de metales preciosos y no preciosos.<\/strong><\/h4><h4 class=\"p1\"><strong>El Treasure Way opera con tres sistemas de b\u00fasqueda diferentes integrados en un solo dispositivo.<\/strong><\/h4><p><img loading=\"lazy\" decoding=\"async\" class=\"size-full wp-image-18888 aligncenter\" src=\"https:\/\/gerdetect.de\/wp-content\/uploads\/2025\/07\/Treasure-Way-Metal-Detector6.webp\" alt=\"\" width=\"614\" height=\"284\" srcset=\"https:\/\/gerdetect.de\/wp-content\/uploads\/2025\/07\/Treasure-Way-Metal-Detector6.webp 614w, https:\/\/gerdetect.de\/wp-content\/uploads\/2025\/07\/Treasure-Way-Metal-Detector6-400x185.webp 400w, https:\/\/gerdetect.de\/wp-content\/uploads\/2025\/07\/Treasure-Way-Metal-Detector6-430x199.webp 430w, https:\/\/gerdetect.de\/wp-content\/uploads\/2025\/07\/Treasure-Way-Metal-Detector6-150x69.webp 150w\" sizes=\"auto, (max-width: 614px) 100vw, 614px\" \/><\/p><h4><strong>1.Sistema de detecci\u00f3n de metales utilizando tecnolog\u00eda de inducci\u00f3n pulsada.<\/strong><\/h4><h4><strong>2. Sistema de detecci\u00f3n de vac\u00edos, cuevas y tumbas arqueol\u00f3gicas, tambi\u00e9n basado en inducci\u00f3n pulsada.<\/strong><\/h4><h4><strong>3. Sistema de medici\u00f3n de profundidad, proporcionando lecturas en cent\u00edmetros.<\/strong><\/h4><h4><strong>El dispositivo Treasure Way es capaz de detectar objetivos antiguos enterrados a profundidades de hasta 4 metros o m\u00e1s bajo tierra.<\/strong><\/h4><h4><strong>Treasure Way est\u00e1 orgullosamente dise\u00f1ado y fabricado en Alemania, certificado con la marca europea CE en cumplimiento con los est\u00e1ndares internacionales y cuenta con la certificaci\u00f3n internacional de calidad ISO 9001.<\/strong><\/h4><h4><strong>Dise\u00f1ado para un rendimiento \u00f3ptimo en todas las regiones y terrenos, el Treasure Way es un compa\u00f1ero vers\u00e1til y confiable para los buscadores de tesoros en todo el mundo.<\/strong><\/h4>\t\t\t\t\t\t\t\t<\/div>\n\t\t\t\t<\/div>\n\t\t\t\t<div class=\"elementor-element elementor-element-db2e253 elementor-arrows-position-inside elementor-pagination-position-outside elementor-widget elementor-widget-image-carousel\" data-id=\"db2e253\" data-element_type=\"widget\" data-e-type=\"widget\" data-settings=\"{&quot;slides_to_show&quot;:&quot;5&quot;,&quot;navigation&quot;:&quot;both&quot;,&quot;autoplay&quot;:&quot;yes&quot;,&quot;pause_on_hover&quot;:&quot;yes&quot;,&quot;pause_on_interaction&quot;:&quot;yes&quot;,&quot;autoplay_speed&quot;:5000,&quot;infinite&quot;:&quot;yes&quot;,&quot;speed&quot;:500,&quot;image_spacing_custom&quot;:{&quot;unit&quot;:&quot;px&quot;,&quot;size&quot;:20,&quot;sizes&quot;:[]},&quot;image_spacing_custom_tablet&quot;:{&quot;unit&quot;:&quot;px&quot;,&quot;size&quot;:&quot;&quot;,&quot;sizes&quot;:[]},&quot;image_spacing_custom_mobile&quot;:{&quot;unit&quot;:&quot;px&quot;,&quot;size&quot;:&quot;&quot;,&quot;sizes&quot;:[]}}\" data-widget_type=\"image-carousel.default\">\n\t\t\t\t<div class=\"elementor-widget-container\">\n\t\t\t\t\t\t\t<div class=\"elementor-image-carousel-wrapper swiper\" role=\"region\" aria-roledescription=\"carousel\" aria-label=\"Image Carousel\" dir=\"ltr\">\n\t\t\t<div class=\"elementor-image-carousel swiper-wrapper\" aria-live=\"off\">\n\t\t\t\t\t\t\t\t<div class=\"swiper-slide\" role=\"group\" aria-roledescription=\"slide\" aria-label=\"1 de 7\"><figure class=\"swiper-slide-inner\"><img decoding=\"async\" class=\"swiper-slide-image\" src=\"https:\/\/gerdetect.de\/wp-content\/uploads\/2025\/10\/Treasure-Way-8-min-300x300.jpg\" alt=\"Treasure Way 8-min\" \/><\/figure><\/div><div class=\"swiper-slide\" role=\"group\" aria-roledescription=\"slide\" aria-label=\"2 de 7\"><figure class=\"swiper-slide-inner\"><img decoding=\"async\" class=\"swiper-slide-image\" src=\"https:\/\/gerdetect.de\/wp-content\/uploads\/2025\/10\/Treasure-Way-7-min-300x300.jpg\" alt=\"Treasure Way 7-min\" \/><\/figure><\/div><div class=\"swiper-slide\" role=\"group\" aria-roledescription=\"slide\" aria-label=\"3 de 7\"><figure class=\"swiper-slide-inner\"><img decoding=\"async\" class=\"swiper-slide-image\" src=\"https:\/\/gerdetect.de\/wp-content\/uploads\/2025\/10\/Treasure-Way-6-min-300x300.jpg\" alt=\"Treasure Way 6-min\" \/><\/figure><\/div><div class=\"swiper-slide\" role=\"group\" aria-roledescription=\"slide\" aria-label=\"4 de 7\"><figure class=\"swiper-slide-inner\"><img decoding=\"async\" class=\"swiper-slide-image\" src=\"https:\/\/gerdetect.de\/wp-content\/uploads\/2025\/10\/Treasure-Way-5-min-300x300.jpg\" alt=\"Treasure Way 5-min\" \/><\/figure><\/div><div class=\"swiper-slide\" role=\"group\" aria-roledescription=\"slide\" aria-label=\"5 de 7\"><figure class=\"swiper-slide-inner\"><img decoding=\"async\" class=\"swiper-slide-image\" src=\"https:\/\/gerdetect.de\/wp-content\/uploads\/2025\/10\/Treasure-Way-3-min-300x300.jpg\" alt=\"Treasure Way 3-min\" \/><\/figure><\/div><div class=\"swiper-slide\" role=\"group\" aria-roledescription=\"slide\" aria-label=\"6 de 7\"><figure class=\"swiper-slide-inner\"><img decoding=\"async\" class=\"swiper-slide-image\" src=\"https:\/\/gerdetect.de\/wp-content\/uploads\/2025\/10\/Treasure-Way-2-min-300x300.jpg\" alt=\"Treasure Way 2-min\" \/><\/figure><\/div><div class=\"swiper-slide\" role=\"group\" aria-roledescription=\"slide\" aria-label=\"7 de 7\"><figure class=\"swiper-slide-inner\"><img decoding=\"async\" class=\"swiper-slide-image\" src=\"https:\/\/gerdetect.de\/wp-content\/uploads\/2025\/10\/Treasure-Way-1-min-300x300.jpg\" alt=\"Treasure Way 1-min\" \/><\/figure><\/div>\t\t\t<\/div>\n\t\t\t\t\t\t\t\t\t\t\t\t<div class=\"elementor-swiper-button elementor-swiper-button-prev\" role=\"button\" tabindex=\"0\">\n\t\t\t\t\t\t<i aria-hidden=\"true\" class=\"eicon-chevron-left\"><\/i>\t\t\t\t\t<\/div>\n\t\t\t\t\t<div class=\"elementor-swiper-button elementor-swiper-button-next\" role=\"button\" tabindex=\"0\">\n\t\t\t\t\t\t<i aria-hidden=\"true\" class=\"eicon-chevron-right\"><\/i>\t\t\t\t\t<\/div>\n\t\t\t\t\n\t\t\t\t\t\t\t\t\t<div class=\"swiper-pagination\"><\/div>\n\t\t\t\t\t\t\t\t\t<\/div>\n\t\t\t\t\t\t<\/div>\n\t\t\t\t<\/div>\n\t\t\t\t\t<\/div>\n\t\t\t\t<\/div>\n\t\t\t\t<\/div>\n\t\t","protected":false},"excerpt":{"rendered":"<h5>Treasure Way es un detector de metales profesional construido con tecnolog\u00eda avanzada de inducci\u00f3n pulsada. Detecta con precisi\u00f3n oro, reliquias, cavidades y tumbas antiguas a profundidades de hasta 4 metros. Dise\u00f1ado para todo tipo de terrenos.  <\/h5>\n","protected":false},"featured_media":32074,"template":"","meta":[],"product_brand":[],"product_cat":[278,312],"product_tag":[],"class_list":{"0":"post-32352","1":"product","2":"type-product","3":"status-publish","4":"has-post-thumbnail","6":"product_cat-detectores-de-oro-y-metales","7":"product_cat-es-products","9":"first","10":"instock","11":"shipping-taxable","12":"purchasable","13":"product-type-simple"},"yoast_head":"<!-- This site is optimized with the Yoast SEO plugin v27.3 - https:\/\/yoast.com\/product\/yoast-seo-wordpress\/ -->\n<title>Detector de Metales Treasure Way - GER DETECT<\/title>\n<meta name=\"robots\" content=\"index, follow, max-snippet:-1, max-image-preview:large, max-video-preview:-1\" \/>\n<link rel=\"canonical\" href=\"https:\/\/gerdetect.de\/es\/producto\/detector-de-metales-treasure-way\/\" \/>\n<meta property=\"og:locale\" content=\"es_ES\" \/>\n<meta property=\"og:type\" content=\"article\" \/>\n<meta property=\"og:title\" content=\"Detector de Metales Treasure Way - GER DETECT\" \/>\n<meta property=\"og:description\" content=\"Treasure Way es un detector de metales profesional construido con tecnolog\u00eda avanzada de inducci\u00f3n pulsada. Detecta con precisi\u00f3n oro, reliquias, cavidades y tumbas antiguas a profundidades de hasta 4 metros. Dise\u00f1ado para todo tipo de terrenos.\" \/>\n<meta property=\"og:url\" content=\"https:\/\/gerdetect.de\/es\/producto\/detector-de-metales-treasure-way\/\" \/>\n<meta property=\"og:site_name\" content=\"GER DETECT\" \/>\n<meta property=\"article:modified_time\" content=\"2025-10-28T11:32:50+00:00\" \/>\n<meta property=\"og:image\" content=\"https:\/\/gerdetect.de\/wp-content\/uploads\/2025\/04\/Treasure-Way3-min.png\" \/>\n\t<meta property=\"og:image:width\" content=\"1200\" \/>\n\t<meta property=\"og:image:height\" content=\"1200\" \/>\n\t<meta property=\"og:image:type\" content=\"image\/png\" \/>\n<meta name=\"twitter:card\" content=\"summary_large_image\" \/>\n<meta name=\"twitter:label1\" content=\"Tiempo de lectura\" \/>\n\t<meta name=\"twitter:data1\" content=\"1 minuto\" \/>\n<script type=\"application\/ld+json\" class=\"yoast-schema-graph\">{\"@context\":\"https:\\\/\\\/schema.org\",\"@graph\":[{\"@type\":\"WebPage\",\"@id\":\"https:\\\/\\\/gerdetect.de\\\/es\\\/producto\\\/detector-de-metales-treasure-way\\\/\",\"url\":\"https:\\\/\\\/gerdetect.de\\\/es\\\/producto\\\/detector-de-metales-treasure-way\\\/\",\"name\":\"Detector de Metales Treasure Way - GER DETECT\",\"isPartOf\":{\"@id\":\"https:\\\/\\\/gerdetect.de\\\/es\\\/#website\"},\"primaryImageOfPage\":{\"@id\":\"https:\\\/\\\/gerdetect.de\\\/es\\\/producto\\\/detector-de-metales-treasure-way\\\/#primaryimage\"},\"image\":{\"@id\":\"https:\\\/\\\/gerdetect.de\\\/es\\\/producto\\\/detector-de-metales-treasure-way\\\/#primaryimage\"},\"thumbnailUrl\":\"https:\\\/\\\/gerdetect.de\\\/wp-content\\\/uploads\\\/2025\\\/04\\\/Treasure-Way3-min.png\",\"datePublished\":\"2025-04-21T12:01:02+00:00\",\"dateModified\":\"2025-10-28T11:32:50+00:00\",\"breadcrumb\":{\"@id\":\"https:\\\/\\\/gerdetect.de\\\/es\\\/producto\\\/detector-de-metales-treasure-way\\\/#breadcrumb\"},\"inLanguage\":\"es\",\"potentialAction\":[{\"@type\":\"ReadAction\",\"target\":[\"https:\\\/\\\/gerdetect.de\\\/es\\\/producto\\\/detector-de-metales-treasure-way\\\/\"]}]},{\"@type\":\"ImageObject\",\"inLanguage\":\"es\",\"@id\":\"https:\\\/\\\/gerdetect.de\\\/es\\\/producto\\\/detector-de-metales-treasure-way\\\/#primaryimage\",\"url\":\"https:\\\/\\\/gerdetect.de\\\/wp-content\\\/uploads\\\/2025\\\/04\\\/Treasure-Way3-min.png\",\"contentUrl\":\"https:\\\/\\\/gerdetect.de\\\/wp-content\\\/uploads\\\/2025\\\/04\\\/Treasure-Way3-min.png\",\"width\":1200,\"height\":1200},{\"@type\":\"BreadcrumbList\",\"@id\":\"https:\\\/\\\/gerdetect.de\\\/es\\\/producto\\\/detector-de-metales-treasure-way\\\/#breadcrumb\",\"itemListElement\":[{\"@type\":\"ListItem\",\"position\":1,\"name\":\"Home\",\"item\":\"https:\\\/\\\/gerdetect.de\\\/es\\\/inicio\\\/\"},{\"@type\":\"ListItem\",\"position\":2,\"name\":\"Productos\",\"item\":\"https:\\\/\\\/gerdetect.de\\\/es\\\/shop\\\/\"},{\"@type\":\"ListItem\",\"position\":3,\"name\":\"Detector de Metales Treasure Way\"}]},{\"@type\":\"WebSite\",\"@id\":\"https:\\\/\\\/gerdetect.de\\\/es\\\/#website\",\"url\":\"https:\\\/\\\/gerdetect.de\\\/es\\\/\",\"name\":\"GER DETECT\",\"description\":\"\",\"publisher\":{\"@id\":\"https:\\\/\\\/gerdetect.de\\\/es\\\/#organization\"},\"potentialAction\":[{\"@type\":\"SearchAction\",\"target\":{\"@type\":\"EntryPoint\",\"urlTemplate\":\"https:\\\/\\\/gerdetect.de\\\/es\\\/?s={search_term_string}\"},\"query-input\":{\"@type\":\"PropertyValueSpecification\",\"valueRequired\":true,\"valueName\":\"search_term_string\"}}],\"inLanguage\":\"es\"},{\"@type\":\"Organization\",\"@id\":\"https:\\\/\\\/gerdetect.de\\\/es\\\/#organization\",\"name\":\"GER DETECT\",\"url\":\"https:\\\/\\\/gerdetect.de\\\/es\\\/\",\"logo\":{\"@type\":\"ImageObject\",\"inLanguage\":\"es\",\"@id\":\"https:\\\/\\\/gerdetect.de\\\/es\\\/#\\\/schema\\\/logo\\\/image\\\/\",\"url\":\"https:\\\/\\\/gerdetect.de\\\/wp-content\\\/uploads\\\/2025\\\/10\\\/GER-Logo.webp\",\"contentUrl\":\"https:\\\/\\\/gerdetect.de\\\/wp-content\\\/uploads\\\/2025\\\/10\\\/GER-Logo.webp\",\"width\":2134,\"height\":2135,\"caption\":\"GER DETECT\"},\"image\":{\"@id\":\"https:\\\/\\\/gerdetect.de\\\/es\\\/#\\\/schema\\\/logo\\\/image\\\/\"}}]}<\/script>\n<!-- \/ Yoast SEO plugin. -->","yoast_head_json":{"title":"Detector de Metales Treasure Way - GER DETECT","robots":{"index":"index","follow":"follow","max-snippet":"max-snippet:-1","max-image-preview":"max-image-preview:large","max-video-preview":"max-video-preview:-1"},"canonical":"https:\/\/gerdetect.de\/es\/producto\/detector-de-metales-treasure-way\/","og_locale":"es_ES","og_type":"article","og_title":"Detector de Metales Treasure Way - GER DETECT","og_description":"Treasure Way es un detector de metales profesional construido con tecnolog\u00eda avanzada de inducci\u00f3n pulsada. Detecta con precisi\u00f3n oro, reliquias, cavidades y tumbas antiguas a profundidades de hasta 4 metros. Dise\u00f1ado para todo tipo de terrenos.","og_url":"https:\/\/gerdetect.de\/es\/producto\/detector-de-metales-treasure-way\/","og_site_name":"GER DETECT","article_modified_time":"2025-10-28T11:32:50+00:00","og_image":[{"width":1200,"height":1200,"url":"https:\/\/gerdetect.de\/wp-content\/uploads\/2025\/04\/Treasure-Way3-min.png","type":"image\/png"}],"twitter_card":"summary_large_image","twitter_misc":{"Tiempo de lectura":"1 minuto"},"schema":{"@context":"https:\/\/schema.org","@graph":[{"@type":"WebPage","@id":"https:\/\/gerdetect.de\/es\/producto\/detector-de-metales-treasure-way\/","url":"https:\/\/gerdetect.de\/es\/producto\/detector-de-metales-treasure-way\/","name":"Detector de Metales Treasure Way - GER DETECT","isPartOf":{"@id":"https:\/\/gerdetect.de\/es\/#website"},"primaryImageOfPage":{"@id":"https:\/\/gerdetect.de\/es\/producto\/detector-de-metales-treasure-way\/#primaryimage"},"image":{"@id":"https:\/\/gerdetect.de\/es\/producto\/detector-de-metales-treasure-way\/#primaryimage"},"thumbnailUrl":"https:\/\/gerdetect.de\/wp-content\/uploads\/2025\/04\/Treasure-Way3-min.png","datePublished":"2025-04-21T12:01:02+00:00","dateModified":"2025-10-28T11:32:50+00:00","breadcrumb":{"@id":"https:\/\/gerdetect.de\/es\/producto\/detector-de-metales-treasure-way\/#breadcrumb"},"inLanguage":"es","potentialAction":[{"@type":"ReadAction","target":["https:\/\/gerdetect.de\/es\/producto\/detector-de-metales-treasure-way\/"]}]},{"@type":"ImageObject","inLanguage":"es","@id":"https:\/\/gerdetect.de\/es\/producto\/detector-de-metales-treasure-way\/#primaryimage","url":"https:\/\/gerdetect.de\/wp-content\/uploads\/2025\/04\/Treasure-Way3-min.png","contentUrl":"https:\/\/gerdetect.de\/wp-content\/uploads\/2025\/04\/Treasure-Way3-min.png","width":1200,"height":1200},{"@type":"BreadcrumbList","@id":"https:\/\/gerdetect.de\/es\/producto\/detector-de-metales-treasure-way\/#breadcrumb","itemListElement":[{"@type":"ListItem","position":1,"name":"Home","item":"https:\/\/gerdetect.de\/es\/inicio\/"},{"@type":"ListItem","position":2,"name":"Productos","item":"https:\/\/gerdetect.de\/es\/shop\/"},{"@type":"ListItem","position":3,"name":"Detector de Metales Treasure Way"}]},{"@type":"WebSite","@id":"https:\/\/gerdetect.de\/es\/#website","url":"https:\/\/gerdetect.de\/es\/","name":"GER DETECT","description":"","publisher":{"@id":"https:\/\/gerdetect.de\/es\/#organization"},"potentialAction":[{"@type":"SearchAction","target":{"@type":"EntryPoint","urlTemplate":"https:\/\/gerdetect.de\/es\/?s={search_term_string}"},"query-input":{"@type":"PropertyValueSpecification","valueRequired":true,"valueName":"search_term_string"}}],"inLanguage":"es"},{"@type":"Organization","@id":"https:\/\/gerdetect.de\/es\/#organization","name":"GER DETECT","url":"https:\/\/gerdetect.de\/es\/","logo":{"@type":"ImageObject","inLanguage":"es","@id":"https:\/\/gerdetect.de\/es\/#\/schema\/logo\/image\/","url":"https:\/\/gerdetect.de\/wp-content\/uploads\/2025\/10\/GER-Logo.webp","contentUrl":"https:\/\/gerdetect.de\/wp-content\/uploads\/2025\/10\/GER-Logo.webp","width":2134,"height":2135,"caption":"GER DETECT"},"image":{"@id":"https:\/\/gerdetect.de\/es\/#\/schema\/logo\/image\/"}}]}},"_links":{"self":[{"href":"https:\/\/gerdetect.de\/es\/wp-json\/wp\/v2\/product\/32352","targetHints":{"allow":["GET"]}}],"collection":[{"href":"https:\/\/gerdetect.de\/es\/wp-json\/wp\/v2\/product"}],"about":[{"href":"https:\/\/gerdetect.de\/es\/wp-json\/wp\/v2\/types\/product"}],"version-history":[{"count":2,"href":"https:\/\/gerdetect.de\/es\/wp-json\/wp\/v2\/product\/32352\/revisions"}],"predecessor-version":[{"id":32646,"href":"https:\/\/gerdetect.de\/es\/wp-json\/wp\/v2\/product\/32352\/revisions\/32646"}],"wp:featuredmedia":[{"embeddable":true,"href":"https:\/\/gerdetect.de\/es\/wp-json\/wp\/v2\/media\/32074"}],"wp:attachment":[{"href":"https:\/\/gerdetect.de\/es\/wp-json\/wp\/v2\/media?parent=32352"}],"wp:term":[{"taxonomy":"product_brand","embeddable":true,"href":"https:\/\/gerdetect.de\/es\/wp-json\/wp\/v2\/product_brand?post=32352"},{"taxonomy":"product_cat","embeddable":true,"href":"https:\/\/gerdetect.de\/es\/wp-json\/wp\/v2\/product_cat?post=32352"},{"taxonomy":"product_tag","embeddable":true,"href":"https:\/\/gerdetect.de\/es\/wp-json\/wp\/v2\/product_tag?post=32352"}],"curies":[{"name":"wp","href":"https:\/\/api.w.org\/{rel}","templated":true}]}}