{"id":17141,"date":"2024-05-30T12:32:54","date_gmt":"2024-05-30T09:32:54","guid":{"rendered":"https:\/\/gerdetect.de\/conditions-generales\/"},"modified":"2024-09-09T12:17:35","modified_gmt":"2024-09-09T09:17:35","slug":"conditions-generales","status":"publish","type":"page","link":"https:\/\/gerdetect.de\/fr\/conditions-generales\/","title":{"rendered":"Conditions g\u00e9n\u00e9rales"},"content":{"rendered":"<h1>Termes et conditions<\/h1>\n<p> a. \u00c9tendue de la garantie limit\u00e9e 1. GER Detect Company garantit au client utilisateur final que le produit GER Detect Company sp\u00e9cifi\u00e9 ci-dessus sera exempt de d\u00e9fauts de mat\u00e9riaux et de fabrication pendant la p\u00e9riode sp\u00e9cifi\u00e9e ci-dessus, qui commence \u00e0 la date d&rsquo;achat par le client. 2. Pour les produits logiciels, la garantie limit\u00e9e de GER Detect Company s&rsquo;applique uniquement \u00e0 l&rsquo;\u00e9chec d&rsquo;ex\u00e9cution des instructions de programmation. GER Detect Company ne garantit pas que le fonctionnement d&rsquo;un produit sera ininterrompu ou sans erreur. 3. La garantie limit\u00e9e de GER Detect Company couvre uniquement les d\u00e9fauts qui surviennent \u00e0 la suite d&rsquo;une utilisation normale du produit, et ne couvre aucun autre probl\u00e8me, y compris ceux qui surviennent \u00e0 la suite de : a. Maintenance ou r\u00e9glage inappropri\u00e9 ; B. Logiciel, support, pi\u00e8ces ou fournitures non fournis ou pris en charge par GER Detect Company ; C. Fonctionnement en dehors des sp\u00e9cifications du produit ; Dr.. Modification non autoris\u00e9e ou mauvaise utilisation. 4. Pour les produits GER Detect Company, l&rsquo;utilisation d&rsquo;accessoires non GER Detect Company n&rsquo;affecte pas la garantie du client ni tout contrat d&rsquo;assistance GER Detect Company avec le client. Toutefois, si une d\u00e9faillance ou un dommage du produit est imputable \u00e0 l&rsquo;utilisation d&rsquo;un accessoire autre que celui de GER Detect Company, GER Detect Company facturera ses frais de temps et de mat\u00e9riaux standard pour l&rsquo;entretien du produit pour toute d\u00e9faillance ou dommage sp\u00e9cifique. 5. Si, pendant la p\u00e9riode de garantie applicable, GER Detect Company re\u00e7oit un avis de d\u00e9faut dans un produit couvert par la garantie de GER Detect Company, GER Detect Company r\u00e9parera ou remplacera le produit, au choix de GER Detect Company. 6. GER Detect Company n&rsquo;a aucune obligation de r\u00e9parer ou de remplacer jusqu&rsquo;\u00e0 ce que le client renvoie le produit d\u00e9fectueux \u00e0 GER Detect Company. 7. Tout produit de remplacement peut \u00eatre neuf ou presque neuf, \u00e0 condition qu&rsquo;il ait une fonction au moins \u00e9gale \u00e0 celle du produit remplac\u00e9. 8. La d\u00e9claration de garantie limit\u00e9e de GER Detect Company s&rsquo;applique dans tout pays dans lequel un produit GER Detect Company couvert par GER Detect Company est distribu\u00e9. Des contrats de service de garantie suppl\u00e9mentaires, tels que le service sur site, peuvent \u00eatre disponibles aupr\u00e8s de tout centre de service agr\u00e9\u00e9 GER Detect Company dans les pays o\u00f9 le produit est distribu\u00e9 par GER Detect Company ou par l&rsquo;interm\u00e9diaire d&rsquo;un importateur agr\u00e9\u00e9. B. Limites de garantie Ni GER Detect Company ni ses fournisseurs tiers ne font aucune garantie ou autre condition d&rsquo;aucune sorte, qu&rsquo;il s&rsquo;agisse de garanties ou de conditions expresses ou implicites de qualit\u00e9 marchande, de qualit\u00e9 satisfaisante et d&rsquo;ad\u00e9quation \u00e0 un usage particulier. C. Limitation de responsabilit\u00e9 1. Les solutions stipul\u00e9es dans cette d\u00e9claration de garantie sont les solutions uniques et exclusives du client. 2. \u00c0 l&rsquo;exception des obligations sp\u00e9cifiquement \u00e9nonc\u00e9es dans la pr\u00e9sente d\u00e9claration de garantie, Ajax Discovery ou ses fournisseurs tiers ne peuvent en aucun cas \u00eatre tenus responsables des dommages directs, indirects, accessoires ou accessoires, qu&rsquo;ils soient fond\u00e9s sur un contrat, un d\u00e9lit ou tout autre La th\u00e9orie juridique et si la possibilit\u00e9 de tels dommages est conseill\u00e9e. Politique de livraison suivi de commande Une fois votre commande exp\u00e9di\u00e9e, nous vous enverrons un e-mail avec le num\u00e9ro de suivi. DOMMAGES LORS DE LA LIVRAISON : Si le colis est endommag\u00e9 ou si la marchandise est manquante, veuillez conserver l&#8217;emballage d&rsquo;exp\u00e9dition d&rsquo;origine et nous contacter imm\u00e9diatement afin que nous puissions \u00e9mettre une r\u00e9clamation pour dommages aupr\u00e8s du transporteur. Veuillez ne pas retourner l&rsquo;article sans suivre ces \u00e9tapes, car cela retarderait le remplacement de la commande. Conditions de livraison : Une signature est requise pour la plupart des envois \u00e0 la r\u00e9ception. Quelqu&rsquo;un doit \u00eatre \u00e0 l&rsquo;adresse pour recevoir et signer le colis. Si vous avez besoin d&rsquo;aide suppl\u00e9mentaire pour recevoir votre colis, veuillez nous contacter. V\u00e9rifiez la commande Certaines commandes peuvent \u00eatre soumises \u00e0 nos proc\u00e9dures de v\u00e9rification avant que nous puissions les traiter. Pour vous prot\u00e9ger contre la fraude par carte de cr\u00e9dit ou le vol d&rsquo;identit\u00e9, nous pouvons vous demander de v\u00e9rifier que vous \u00eates le propri\u00e9taire de la carte ou que votre commande et vos informations d&rsquo;exp\u00e9dition sont valides. Si votre demande n\u00e9cessite une v\u00e9rification, vous en serez inform\u00e9 par e-mail dans un d\u00e9lai d&rsquo;un jour ouvrable. Avertissement : Les taxes d&rsquo;importation sur le produit d\u00e9pendent des lois et r\u00e9glementations de chaque pays et sont \u00e0 la charge de l&rsquo;acheteur. Ajax n&rsquo;est pas responsable de ces co\u00fbts, ni de leur calcul. Si un envoi international est refus\u00e9 et\/ou retourn\u00e9, toutes taxes, droits, frais de douane, frais de courtage ou frais d&rsquo;exp\u00e9dition r\u00e9sultant de ce retour seront \u00e0 la charge du client.<\/p>\n","protected":false},"excerpt":{"rendered":"<p>Termes et conditions a. \u00c9tendue de la garantie limit\u00e9e 1. GER Detect Company garantit au client utilisateur final que le<\/p>\n","protected":false},"author":1,"featured_media":0,"parent":0,"menu_order":0,"comment_status":"closed","ping_status":"closed","template":"","meta":{"footnotes":""},"class_list":["post-17141","page","type-page","status-publish","hentry"],"yoast_head":"<!-- This site is optimized with the Yoast SEO plugin v27.3 - https:\/\/yoast.com\/product\/yoast-seo-wordpress\/ -->\n<title>Conditions g\u00e9n\u00e9rales - GER DETECT<\/title>\n<meta name=\"robots\" content=\"index, follow, max-snippet:-1, max-image-preview:large, max-video-preview:-1\" \/>\n<link rel=\"canonical\" href=\"https:\/\/gerdetect.de\/fr\/conditions-generales\/\" \/>\n<meta property=\"og:locale\" content=\"fr_FR\" \/>\n<meta property=\"og:type\" content=\"article\" \/>\n<meta property=\"og:title\" content=\"Conditions g\u00e9n\u00e9rales - GER DETECT\" \/>\n<meta property=\"og:description\" content=\"Termes et conditions a. \u00c9tendue de la garantie limit\u00e9e 1. GER Detect Company garantit au client utilisateur final que le\" \/>\n<meta property=\"og:url\" content=\"https:\/\/gerdetect.de\/fr\/conditions-generales\/\" \/>\n<meta property=\"og:site_name\" content=\"GER DETECT\" \/>\n<meta property=\"article:modified_time\" content=\"2024-09-09T09:17:35+00:00\" \/>\n<meta name=\"twitter:card\" content=\"summary_large_image\" \/>\n<meta name=\"twitter:label1\" content=\"Dur\u00e9e de lecture estim\u00e9e\" \/>\n\t<meta name=\"twitter:data1\" content=\"4 minutes\" \/>\n<script type=\"application\/ld+json\" class=\"yoast-schema-graph\">{\"@context\":\"https:\\\/\\\/schema.org\",\"@graph\":[{\"@type\":\"WebPage\",\"@id\":\"https:\\\/\\\/gerdetect.de\\\/fr\\\/conditions-generales\\\/\",\"url\":\"https:\\\/\\\/gerdetect.de\\\/fr\\\/conditions-generales\\\/\",\"name\":\"Conditions g\u00e9n\u00e9rales - GER DETECT\",\"isPartOf\":{\"@id\":\"https:\\\/\\\/gerdetect.de\\\/fr\\\/#website\"},\"datePublished\":\"2024-05-30T09:32:54+00:00\",\"dateModified\":\"2024-09-09T09:17:35+00:00\",\"breadcrumb\":{\"@id\":\"https:\\\/\\\/gerdetect.de\\\/fr\\\/conditions-generales\\\/#breadcrumb\"},\"inLanguage\":\"fr-FR\",\"potentialAction\":[{\"@type\":\"ReadAction\",\"target\":[\"https:\\\/\\\/gerdetect.de\\\/fr\\\/conditions-generales\\\/\"]}]},{\"@type\":\"BreadcrumbList\",\"@id\":\"https:\\\/\\\/gerdetect.de\\\/fr\\\/conditions-generales\\\/#breadcrumb\",\"itemListElement\":[{\"@type\":\"ListItem\",\"position\":1,\"name\":\"Home\",\"item\":\"https:\\\/\\\/gerdetect.de\\\/fr\\\/home-fr\\\/\"},{\"@type\":\"ListItem\",\"position\":2,\"name\":\"Conditions g\u00e9n\u00e9rales\"}]},{\"@type\":\"WebSite\",\"@id\":\"https:\\\/\\\/gerdetect.de\\\/fr\\\/#website\",\"url\":\"https:\\\/\\\/gerdetect.de\\\/fr\\\/\",\"name\":\"GER DETECT\",\"description\":\"\",\"publisher\":{\"@id\":\"https:\\\/\\\/gerdetect.de\\\/fr\\\/#organization\"},\"potentialAction\":[{\"@type\":\"SearchAction\",\"target\":{\"@type\":\"EntryPoint\",\"urlTemplate\":\"https:\\\/\\\/gerdetect.de\\\/fr\\\/?s={search_term_string}\"},\"query-input\":{\"@type\":\"PropertyValueSpecification\",\"valueRequired\":true,\"valueName\":\"search_term_string\"}}],\"inLanguage\":\"fr-FR\"},{\"@type\":\"Organization\",\"@id\":\"https:\\\/\\\/gerdetect.de\\\/fr\\\/#organization\",\"name\":\"GER DETECT\",\"url\":\"https:\\\/\\\/gerdetect.de\\\/fr\\\/\",\"logo\":{\"@type\":\"ImageObject\",\"inLanguage\":\"fr-FR\",\"@id\":\"https:\\\/\\\/gerdetect.de\\\/fr\\\/#\\\/schema\\\/logo\\\/image\\\/\",\"url\":\"https:\\\/\\\/gerdetect.de\\\/wp-content\\\/uploads\\\/2025\\\/10\\\/GER-Logo.webp\",\"contentUrl\":\"https:\\\/\\\/gerdetect.de\\\/wp-content\\\/uploads\\\/2025\\\/10\\\/GER-Logo.webp\",\"width\":2134,\"height\":2135,\"caption\":\"GER DETECT\"},\"image\":{\"@id\":\"https:\\\/\\\/gerdetect.de\\\/fr\\\/#\\\/schema\\\/logo\\\/image\\\/\"}}]}<\/script>\n<!-- \/ Yoast SEO plugin. -->","yoast_head_json":{"title":"Conditions g\u00e9n\u00e9rales - GER DETECT","robots":{"index":"index","follow":"follow","max-snippet":"max-snippet:-1","max-image-preview":"max-image-preview:large","max-video-preview":"max-video-preview:-1"},"canonical":"https:\/\/gerdetect.de\/fr\/conditions-generales\/","og_locale":"fr_FR","og_type":"article","og_title":"Conditions g\u00e9n\u00e9rales - GER DETECT","og_description":"Termes et conditions a. \u00c9tendue de la garantie limit\u00e9e 1. GER Detect Company garantit au client utilisateur final que le","og_url":"https:\/\/gerdetect.de\/fr\/conditions-generales\/","og_site_name":"GER DETECT","article_modified_time":"2024-09-09T09:17:35+00:00","twitter_card":"summary_large_image","twitter_misc":{"Dur\u00e9e de lecture estim\u00e9e":"4 minutes"},"schema":{"@context":"https:\/\/schema.org","@graph":[{"@type":"WebPage","@id":"https:\/\/gerdetect.de\/fr\/conditions-generales\/","url":"https:\/\/gerdetect.de\/fr\/conditions-generales\/","name":"Conditions g\u00e9n\u00e9rales - GER DETECT","isPartOf":{"@id":"https:\/\/gerdetect.de\/fr\/#website"},"datePublished":"2024-05-30T09:32:54+00:00","dateModified":"2024-09-09T09:17:35+00:00","breadcrumb":{"@id":"https:\/\/gerdetect.de\/fr\/conditions-generales\/#breadcrumb"},"inLanguage":"fr-FR","potentialAction":[{"@type":"ReadAction","target":["https:\/\/gerdetect.de\/fr\/conditions-generales\/"]}]},{"@type":"BreadcrumbList","@id":"https:\/\/gerdetect.de\/fr\/conditions-generales\/#breadcrumb","itemListElement":[{"@type":"ListItem","position":1,"name":"Home","item":"https:\/\/gerdetect.de\/fr\/home-fr\/"},{"@type":"ListItem","position":2,"name":"Conditions g\u00e9n\u00e9rales"}]},{"@type":"WebSite","@id":"https:\/\/gerdetect.de\/fr\/#website","url":"https:\/\/gerdetect.de\/fr\/","name":"GER DETECT","description":"","publisher":{"@id":"https:\/\/gerdetect.de\/fr\/#organization"},"potentialAction":[{"@type":"SearchAction","target":{"@type":"EntryPoint","urlTemplate":"https:\/\/gerdetect.de\/fr\/?s={search_term_string}"},"query-input":{"@type":"PropertyValueSpecification","valueRequired":true,"valueName":"search_term_string"}}],"inLanguage":"fr-FR"},{"@type":"Organization","@id":"https:\/\/gerdetect.de\/fr\/#organization","name":"GER DETECT","url":"https:\/\/gerdetect.de\/fr\/","logo":{"@type":"ImageObject","inLanguage":"fr-FR","@id":"https:\/\/gerdetect.de\/fr\/#\/schema\/logo\/image\/","url":"https:\/\/gerdetect.de\/wp-content\/uploads\/2025\/10\/GER-Logo.webp","contentUrl":"https:\/\/gerdetect.de\/wp-content\/uploads\/2025\/10\/GER-Logo.webp","width":2134,"height":2135,"caption":"GER DETECT"},"image":{"@id":"https:\/\/gerdetect.de\/fr\/#\/schema\/logo\/image\/"}}]}},"_links":{"self":[{"href":"https:\/\/gerdetect.de\/fr\/wp-json\/wp\/v2\/pages\/17141","targetHints":{"allow":["GET"]}}],"collection":[{"href":"https:\/\/gerdetect.de\/fr\/wp-json\/wp\/v2\/pages"}],"about":[{"href":"https:\/\/gerdetect.de\/fr\/wp-json\/wp\/v2\/types\/page"}],"author":[{"embeddable":true,"href":"https:\/\/gerdetect.de\/fr\/wp-json\/wp\/v2\/users\/1"}],"replies":[{"embeddable":true,"href":"https:\/\/gerdetect.de\/fr\/wp-json\/wp\/v2\/comments?post=17141"}],"version-history":[{"count":1,"href":"https:\/\/gerdetect.de\/fr\/wp-json\/wp\/v2\/pages\/17141\/revisions"}],"predecessor-version":[{"id":17158,"href":"https:\/\/gerdetect.de\/fr\/wp-json\/wp\/v2\/pages\/17141\/revisions\/17158"}],"wp:attachment":[{"href":"https:\/\/gerdetect.de\/fr\/wp-json\/wp\/v2\/media?parent=17141"}],"curies":[{"name":"wp","href":"https:\/\/api.w.org\/{rel}","templated":true}]}}