{"id":17043,"date":"2023-01-20T22:33:04","date_gmt":"2023-01-20T19:33:04","guid":{"rendered":"https:\/\/gerdetect.de\/product\/uig-pointer-detecteur\/"},"modified":"2024-09-06T10:36:57","modified_gmt":"2024-09-06T07:36:57","slug":"uig-pointer-detecteur","status":"publish","type":"product","link":"https:\/\/gerdetect.de\/fr\/produit\/uig-pointer-detecteur\/","title":{"rendered":"UIG POINTER D\u00c9TECTEUR"},"content":{"rendered":"\t\t<div data-elementor-type=\"product-post\" data-elementor-id=\"17043\" class=\"elementor elementor-17043 elementor-11503\" data-elementor-post-type=\"product\">\n\t\t\t\t<div class=\"wd-negative-gap elementor-element elementor-element-da3a023 e-flex e-con-boxed e-con e-parent\" data-id=\"da3a023\" data-element_type=\"container\" data-e-type=\"container\">\n\t\t\t\t\t<div class=\"e-con-inner\">\n\t\t\t\t<div class=\"elementor-element elementor-element-5717600 elementor-widget elementor-widget-heading\" data-id=\"5717600\" data-element_type=\"widget\" data-e-type=\"widget\" data-widget_type=\"heading.default\">\n\t\t\t\t<div class=\"elementor-widget-container\">\n\t\t\t\t\t<h2 class=\"elementor-heading-title elementor-size-default\">UIG POINTER D\u00c9TECTEUR<\/h2>\t\t\t\t<\/div>\n\t\t\t\t<\/div>\n\t\t\t\t\t<\/div>\n\t\t\t\t<\/div>\n\t\t<div class=\"wd-negative-gap elementor-element elementor-element-26649db6 e-flex e-con-boxed e-con e-parent\" data-id=\"26649db6\" data-element_type=\"container\" data-e-type=\"container\">\n\t\t\t\t\t<div class=\"e-con-inner\">\n\t\t\t\t<div class=\"elementor-element elementor-element-4329850e color-scheme-inherit text-left elementor-widget elementor-widget-text-editor\" data-id=\"4329850e\" data-element_type=\"widget\" data-e-type=\"widget\" data-widget_type=\"text-editor.default\">\n\t\t\t\t<div class=\"elementor-widget-container\">\n\t\t\t\t\t\t\t\t\t<img loading=\"lazy\" decoding=\"async\" class=\"alignnone size-full wp-image-12229\" src=\"https:\/\/gerdetect.de\/wp-content\/uploads\/2023\/01\/uig-pointer-0.jpg\" alt=\"\" width=\"1024\" height=\"285\" srcset=\"https:\/\/gerdetect.de\/wp-content\/uploads\/2023\/01\/uig-pointer-0.jpg 1024w, https:\/\/gerdetect.de\/wp-content\/uploads\/2023\/01\/uig-pointer-0-430x120.jpg 430w, https:\/\/gerdetect.de\/wp-content\/uploads\/2023\/01\/uig-pointer-0-150x42.jpg 150w, https:\/\/gerdetect.de\/wp-content\/uploads\/2023\/01\/uig-pointer-0-700x195.jpg 700w, https:\/\/gerdetect.de\/wp-content\/uploads\/2023\/01\/uig-pointer-0-400x111.jpg 400w, https:\/\/gerdetect.de\/wp-content\/uploads\/2023\/01\/uig-pointer-0-768x214.jpg 768w, https:\/\/gerdetect.de\/wp-content\/uploads\/2023\/01\/uig-pointer-0-860x239.jpg 860w\" sizes=\"auto, (max-width: 1024px) 100vw, 1024px\" \/>\n<h4><\/h4>\n<h5>GER DETECT, en coop\u00e9ration avec UIG DETECTORS, a con\u00e7u le UIG POINTER, le premier de son genre au monde \u00e0 d\u00e9tecter les m\u00e9taux, tout en les distinguant en m\u00eame temps s&rsquo;ils sont pr\u00e9cieux ou non. Le meilleur appareil pour d\u00e9tecter l&rsquo;or et les m\u00e9taux pr\u00e9cieux : multi-usage et haute efficacit\u00e9 dans toutes les conditions et r\u00e9gions. UIG POINTER se caract\u00e9rise par sa grande capacit\u00e9 \u00e0 distinguer les m\u00e9taux pr\u00e9cieux et non pr\u00e9cieux en \u00e9mettant deux sons diff\u00e9rents : Son des m\u00e9taux pr\u00e9cieux. Son des m\u00e9taux non pr\u00e9cieux.  <\/h5>\n<h4>Syst\u00e8mes <span style=\"color: #ff7900;\">UIG POINTER fonctionnalit\u00e9s<\/span><\/h4>\n<h5>UIG POINTER poss\u00e8de quatre boutons :<\/h5>\n<h5>Bouton d&rsquo;alimentation : UIG POINTER s&rsquo;allume apr\u00e8s un appui long sur le bouton ON. Bouton d&rsquo;alerte vibrante : Appuyez sur ce bouton pour activer l&rsquo;alerte vibrante (lorsqu&rsquo;un m\u00e9tal est d\u00e9tect\u00e9.) Bouton d&rsquo;\u00e9clairage : Ce bouton active la fonction d&rsquo;\u00e9clairage pour aider les prospecteurs \u00e0 chercher dans des endroits sombres. Bouton d&rsquo;\u00e9talonnage : Vous devez appuyer sur ce bouton en cas d&rsquo;interf\u00e9rence pouvant affecter le fonctionnement de l&rsquo;appareil.  <\/h5>\n<h5>Le UIG POINTER est l\u00e9ger et facile \u00e0 utiliser. Cet appareil est con\u00e7u pour s&rsquo;adapter \u00e0 tous les pays et r\u00e9gions. UIG POINTER est l&rsquo;une des meilleures industries allemandes avec la certification europ\u00e9enne CE selon les sp\u00e9cifications internationales. Le UIG POINTER poss\u00e8de son brevet (un certificat d&rsquo;origine) et une garantie d&rsquo;un an \u00e0 compter de la date d&rsquo;achat, une industrie allemande tr\u00e8s appr\u00e9ci\u00e9e.   <\/h5>\t\t\t\t\t\t\t\t<\/div>\n\t\t\t\t<\/div>\n\t\t\t\t\t<\/div>\n\t\t\t\t<\/div>\n\t\t<div class=\"wd-negative-gap elementor-element elementor-element-0d5498c e-flex e-con-boxed e-con e-parent\" data-id=\"0d5498c\" data-element_type=\"container\" data-e-type=\"container\">\n\t\t\t\t\t<div class=\"e-con-inner\">\n\t\t\t\t<div class=\"elementor-element elementor-element-50f9615 elementor-widget elementor-widget-video\" data-id=\"50f9615\" data-element_type=\"widget\" data-e-type=\"widget\" data-settings=\"{&quot;youtube_url&quot;:&quot;https:\\\/\\\/youtu.be\\\/f7UhhniJco4?si=tqJ0lm7rgz-YRG81&quot;,&quot;video_type&quot;:&quot;youtube&quot;,&quot;controls&quot;:&quot;yes&quot;}\" data-widget_type=\"video.default\">\n\t\t\t\t<div class=\"elementor-widget-container\">\n\t\t\t\t\t\t\t<div class=\"elementor-wrapper elementor-open-inline\">\n\t\t\t<div class=\"elementor-video\"><\/div>\t\t<\/div>\n\t\t\t\t\t\t<\/div>\n\t\t\t\t<\/div>\n\t\t\t\t\t<\/div>\n\t\t\t\t<\/div>\n\t\t\t\t<\/div>\n\t\t","protected":false},"excerpt":{"rendered":"<h4 class=\"card-title dark-blue text-left font-weight-bold\"><span style=\"color: #ff7900;\">est con\u00e7u pour d\u00e9tecter tous les types de m\u00e9taux et faire la distinction entre les m\u00e9taux pr\u00e9cieux et non pr\u00e9cieux<\/span><\/h4>\n","protected":false},"featured_media":17228,"template":"","meta":[],"product_brand":[],"product_cat":[245],"product_tag":[],"class_list":{"0":"post-17043","1":"product","2":"type-product","3":"status-publish","4":"has-post-thumbnail","6":"product_cat-detecteurs-d-or-et-de-metaux-fr","8":"first","9":"instock","10":"shipping-taxable","11":"purchasable","12":"product-type-simple"},"yoast_head":"<!-- This site is optimized with the Yoast SEO plugin v27.3 - https:\/\/yoast.com\/product\/yoast-seo-wordpress\/ -->\n<title>UIG POINTER D\u00c9TECTEUR - GER DETECT<\/title>\n<meta name=\"description\" content=\"D\u00e9tecteur de m\u00e9taux \u00e0 pointeur UIG - d\u00e9tection d&#039;or, de p\u00e9pites d&#039;or, de m\u00e9taux pr\u00e9cieux et non pr\u00e9cieux, de pi\u00e8ces de monnaie et d&#039;or brut\" \/>\n<meta name=\"robots\" content=\"index, follow, max-snippet:-1, max-image-preview:large, max-video-preview:-1\" \/>\n<link rel=\"canonical\" href=\"https:\/\/gerdetect.de\/fr\/produit\/uig-pointer-detecteur\/\" \/>\n<meta property=\"og:locale\" content=\"fr_FR\" \/>\n<meta property=\"og:type\" content=\"article\" \/>\n<meta property=\"og:title\" content=\"-\" \/>\n<meta property=\"og:description\" content=\"UIG POINTER de GER DETECT - a la capacit\u00e9 de faire la distinction entre les m\u00e9taux souterrains non pr\u00e9cieux et pr\u00e9cieux\" \/>\n<meta property=\"og:url\" content=\"https:\/\/gerdetect.de\/fr\/produit\/uig-pointer-detecteur\/\" \/>\n<meta property=\"og:site_name\" content=\"GER DETECT\" \/>\n<meta property=\"article:modified_time\" content=\"2024-09-06T07:36:57+00:00\" \/>\n<meta property=\"og:image\" content=\"https:\/\/uigdetectors.com.tr\/wp-content\/uploads\/2017\/12\/uig-pointer-metal-detector.jpg\" \/>\n<meta name=\"twitter:card\" content=\"summary_large_image\" \/>\n<meta name=\"twitter:title\" content=\"-\" \/>\n<meta name=\"twitter:description\" content=\"UIG POINTER de GER DETECT - a la capacit\u00e9 de faire la distinction entre les m\u00e9taux souterrains non pr\u00e9cieux et pr\u00e9cieux\" \/>\n<meta name=\"twitter:image\" content=\"https:\/\/uigdetectors.com.tr\/wp-content\/uploads\/2017\/12\/uig-pointer-metal-detector.jpg\" \/>\n<meta name=\"twitter:label1\" content=\"Dur\u00e9e de lecture estim\u00e9e\" \/>\n\t<meta name=\"twitter:data1\" content=\"1 minute\" \/>\n<script type=\"application\/ld+json\" class=\"yoast-schema-graph\">{\"@context\":\"https:\\\/\\\/schema.org\",\"@graph\":[{\"@type\":\"WebPage\",\"@id\":\"https:\\\/\\\/gerdetect.de\\\/fr\\\/produit\\\/uig-pointer-detecteur\\\/\",\"url\":\"https:\\\/\\\/gerdetect.de\\\/fr\\\/produit\\\/uig-pointer-detecteur\\\/\",\"name\":\"UIG POINTER D\u00c9TECTEUR - GER DETECT\",\"isPartOf\":{\"@id\":\"https:\\\/\\\/gerdetect.de\\\/fr\\\/#website\"},\"primaryImageOfPage\":{\"@id\":\"https:\\\/\\\/gerdetect.de\\\/fr\\\/produit\\\/uig-pointer-detecteur\\\/#primaryimage\"},\"image\":{\"@id\":\"https:\\\/\\\/gerdetect.de\\\/fr\\\/produit\\\/uig-pointer-detecteur\\\/#primaryimage\"},\"thumbnailUrl\":\"https:\\\/\\\/gerdetect.de\\\/wp-content\\\/uploads\\\/2023\\\/01\\\/pointer.jpg\",\"datePublished\":\"2023-01-20T19:33:04+00:00\",\"dateModified\":\"2024-09-06T07:36:57+00:00\",\"description\":\"D\u00e9tecteur de m\u00e9taux \u00e0 pointeur UIG - d\u00e9tection d'or, de p\u00e9pites d'or, de m\u00e9taux pr\u00e9cieux et non pr\u00e9cieux, de pi\u00e8ces de monnaie et d'or brut\",\"breadcrumb\":{\"@id\":\"https:\\\/\\\/gerdetect.de\\\/fr\\\/produit\\\/uig-pointer-detecteur\\\/#breadcrumb\"},\"inLanguage\":\"fr-FR\",\"potentialAction\":[{\"@type\":\"ReadAction\",\"target\":[\"https:\\\/\\\/gerdetect.de\\\/fr\\\/produit\\\/uig-pointer-detecteur\\\/\"]}]},{\"@type\":\"ImageObject\",\"inLanguage\":\"fr-FR\",\"@id\":\"https:\\\/\\\/gerdetect.de\\\/fr\\\/produit\\\/uig-pointer-detecteur\\\/#primaryimage\",\"url\":\"https:\\\/\\\/gerdetect.de\\\/wp-content\\\/uploads\\\/2023\\\/01\\\/pointer.jpg\",\"contentUrl\":\"https:\\\/\\\/gerdetect.de\\\/wp-content\\\/uploads\\\/2023\\\/01\\\/pointer.jpg\",\"width\":1080,\"height\":1080},{\"@type\":\"BreadcrumbList\",\"@id\":\"https:\\\/\\\/gerdetect.de\\\/fr\\\/produit\\\/uig-pointer-detecteur\\\/#breadcrumb\",\"itemListElement\":[{\"@type\":\"ListItem\",\"position\":1,\"name\":\"Home\",\"item\":\"https:\\\/\\\/gerdetect.de\\\/fr\\\/home-fr\\\/\"},{\"@type\":\"ListItem\",\"position\":2,\"name\":\"Produits\",\"item\":\"https:\\\/\\\/gerdetect.de\\\/fr\\\/shop\\\/\"},{\"@type\":\"ListItem\",\"position\":3,\"name\":\"UIG POINTER D\u00c9TECTEUR\"}]},{\"@type\":\"WebSite\",\"@id\":\"https:\\\/\\\/gerdetect.de\\\/fr\\\/#website\",\"url\":\"https:\\\/\\\/gerdetect.de\\\/fr\\\/\",\"name\":\"GER DETECT\",\"description\":\"\",\"publisher\":{\"@id\":\"https:\\\/\\\/gerdetect.de\\\/fr\\\/#organization\"},\"potentialAction\":[{\"@type\":\"SearchAction\",\"target\":{\"@type\":\"EntryPoint\",\"urlTemplate\":\"https:\\\/\\\/gerdetect.de\\\/fr\\\/?s={search_term_string}\"},\"query-input\":{\"@type\":\"PropertyValueSpecification\",\"valueRequired\":true,\"valueName\":\"search_term_string\"}}],\"inLanguage\":\"fr-FR\"},{\"@type\":\"Organization\",\"@id\":\"https:\\\/\\\/gerdetect.de\\\/fr\\\/#organization\",\"name\":\"GER DETECT\",\"url\":\"https:\\\/\\\/gerdetect.de\\\/fr\\\/\",\"logo\":{\"@type\":\"ImageObject\",\"inLanguage\":\"fr-FR\",\"@id\":\"https:\\\/\\\/gerdetect.de\\\/fr\\\/#\\\/schema\\\/logo\\\/image\\\/\",\"url\":\"https:\\\/\\\/gerdetect.de\\\/wp-content\\\/uploads\\\/2025\\\/10\\\/GER-Logo.webp\",\"contentUrl\":\"https:\\\/\\\/gerdetect.de\\\/wp-content\\\/uploads\\\/2025\\\/10\\\/GER-Logo.webp\",\"width\":2134,\"height\":2135,\"caption\":\"GER DETECT\"},\"image\":{\"@id\":\"https:\\\/\\\/gerdetect.de\\\/fr\\\/#\\\/schema\\\/logo\\\/image\\\/\"}}]}<\/script>\n<!-- \/ Yoast SEO plugin. -->","yoast_head_json":{"title":"UIG POINTER D\u00c9TECTEUR - GER DETECT","description":"D\u00e9tecteur de m\u00e9taux \u00e0 pointeur UIG - d\u00e9tection d'or, de p\u00e9pites d'or, de m\u00e9taux pr\u00e9cieux et non pr\u00e9cieux, de pi\u00e8ces de monnaie et d'or brut","robots":{"index":"index","follow":"follow","max-snippet":"max-snippet:-1","max-image-preview":"max-image-preview:large","max-video-preview":"max-video-preview:-1"},"canonical":"https:\/\/gerdetect.de\/fr\/produit\/uig-pointer-detecteur\/","og_locale":"fr_FR","og_type":"article","og_title":"-","og_description":"UIG POINTER de GER DETECT - a la capacit\u00e9 de faire la distinction entre les m\u00e9taux souterrains non pr\u00e9cieux et pr\u00e9cieux","og_url":"https:\/\/gerdetect.de\/fr\/produit\/uig-pointer-detecteur\/","og_site_name":"GER DETECT","article_modified_time":"2024-09-06T07:36:57+00:00","og_image":[{"url":"https:\/\/uigdetectors.com.tr\/wp-content\/uploads\/2017\/12\/uig-pointer-metal-detector.jpg","type":"","width":"","height":""}],"twitter_card":"summary_large_image","twitter_title":"-","twitter_description":"UIG POINTER de GER DETECT - a la capacit\u00e9 de faire la distinction entre les m\u00e9taux souterrains non pr\u00e9cieux et pr\u00e9cieux","twitter_image":"https:\/\/uigdetectors.com.tr\/wp-content\/uploads\/2017\/12\/uig-pointer-metal-detector.jpg","twitter_misc":{"Dur\u00e9e de lecture estim\u00e9e":"1 minute"},"schema":{"@context":"https:\/\/schema.org","@graph":[{"@type":"WebPage","@id":"https:\/\/gerdetect.de\/fr\/produit\/uig-pointer-detecteur\/","url":"https:\/\/gerdetect.de\/fr\/produit\/uig-pointer-detecteur\/","name":"UIG POINTER D\u00c9TECTEUR - GER DETECT","isPartOf":{"@id":"https:\/\/gerdetect.de\/fr\/#website"},"primaryImageOfPage":{"@id":"https:\/\/gerdetect.de\/fr\/produit\/uig-pointer-detecteur\/#primaryimage"},"image":{"@id":"https:\/\/gerdetect.de\/fr\/produit\/uig-pointer-detecteur\/#primaryimage"},"thumbnailUrl":"https:\/\/gerdetect.de\/wp-content\/uploads\/2023\/01\/pointer.jpg","datePublished":"2023-01-20T19:33:04+00:00","dateModified":"2024-09-06T07:36:57+00:00","description":"D\u00e9tecteur de m\u00e9taux \u00e0 pointeur UIG - d\u00e9tection d'or, de p\u00e9pites d'or, de m\u00e9taux pr\u00e9cieux et non pr\u00e9cieux, de pi\u00e8ces de monnaie et d'or brut","breadcrumb":{"@id":"https:\/\/gerdetect.de\/fr\/produit\/uig-pointer-detecteur\/#breadcrumb"},"inLanguage":"fr-FR","potentialAction":[{"@type":"ReadAction","target":["https:\/\/gerdetect.de\/fr\/produit\/uig-pointer-detecteur\/"]}]},{"@type":"ImageObject","inLanguage":"fr-FR","@id":"https:\/\/gerdetect.de\/fr\/produit\/uig-pointer-detecteur\/#primaryimage","url":"https:\/\/gerdetect.de\/wp-content\/uploads\/2023\/01\/pointer.jpg","contentUrl":"https:\/\/gerdetect.de\/wp-content\/uploads\/2023\/01\/pointer.jpg","width":1080,"height":1080},{"@type":"BreadcrumbList","@id":"https:\/\/gerdetect.de\/fr\/produit\/uig-pointer-detecteur\/#breadcrumb","itemListElement":[{"@type":"ListItem","position":1,"name":"Home","item":"https:\/\/gerdetect.de\/fr\/home-fr\/"},{"@type":"ListItem","position":2,"name":"Produits","item":"https:\/\/gerdetect.de\/fr\/shop\/"},{"@type":"ListItem","position":3,"name":"UIG POINTER D\u00c9TECTEUR"}]},{"@type":"WebSite","@id":"https:\/\/gerdetect.de\/fr\/#website","url":"https:\/\/gerdetect.de\/fr\/","name":"GER DETECT","description":"","publisher":{"@id":"https:\/\/gerdetect.de\/fr\/#organization"},"potentialAction":[{"@type":"SearchAction","target":{"@type":"EntryPoint","urlTemplate":"https:\/\/gerdetect.de\/fr\/?s={search_term_string}"},"query-input":{"@type":"PropertyValueSpecification","valueRequired":true,"valueName":"search_term_string"}}],"inLanguage":"fr-FR"},{"@type":"Organization","@id":"https:\/\/gerdetect.de\/fr\/#organization","name":"GER DETECT","url":"https:\/\/gerdetect.de\/fr\/","logo":{"@type":"ImageObject","inLanguage":"fr-FR","@id":"https:\/\/gerdetect.de\/fr\/#\/schema\/logo\/image\/","url":"https:\/\/gerdetect.de\/wp-content\/uploads\/2025\/10\/GER-Logo.webp","contentUrl":"https:\/\/gerdetect.de\/wp-content\/uploads\/2025\/10\/GER-Logo.webp","width":2134,"height":2135,"caption":"GER DETECT"},"image":{"@id":"https:\/\/gerdetect.de\/fr\/#\/schema\/logo\/image\/"}}]}},"_links":{"self":[{"href":"https:\/\/gerdetect.de\/fr\/wp-json\/wp\/v2\/product\/17043","targetHints":{"allow":["GET"]}}],"collection":[{"href":"https:\/\/gerdetect.de\/fr\/wp-json\/wp\/v2\/product"}],"about":[{"href":"https:\/\/gerdetect.de\/fr\/wp-json\/wp\/v2\/types\/product"}],"version-history":[{"count":3,"href":"https:\/\/gerdetect.de\/fr\/wp-json\/wp\/v2\/product\/17043\/revisions"}],"predecessor-version":[{"id":17047,"href":"https:\/\/gerdetect.de\/fr\/wp-json\/wp\/v2\/product\/17043\/revisions\/17047"}],"wp:featuredmedia":[{"embeddable":true,"href":"https:\/\/gerdetect.de\/fr\/wp-json\/wp\/v2\/media\/17228"}],"wp:attachment":[{"href":"https:\/\/gerdetect.de\/fr\/wp-json\/wp\/v2\/media?parent=17043"}],"wp:term":[{"taxonomy":"product_brand","embeddable":true,"href":"https:\/\/gerdetect.de\/fr\/wp-json\/wp\/v2\/product_brand?post=17043"},{"taxonomy":"product_cat","embeddable":true,"href":"https:\/\/gerdetect.de\/fr\/wp-json\/wp\/v2\/product_cat?post=17043"},{"taxonomy":"product_tag","embeddable":true,"href":"https:\/\/gerdetect.de\/fr\/wp-json\/wp\/v2\/product_tag?post=17043"}],"curies":[{"name":"wp","href":"https:\/\/api.w.org\/{rel}","templated":true}]}}