{"id":17055,"date":"2023-01-20T22:32:47","date_gmt":"2023-01-20T19:32:47","guid":{"rendered":"https:\/\/gerdetect.de\/product\/titan-ger-1000-detecteur\/"},"modified":"2025-04-21T15:32:50","modified_gmt":"2025-04-21T12:32:50","slug":"titan-ger-1000-detecteur","status":"publish","type":"product","link":"https:\/\/gerdetect.de\/fr\/produit\/titan-ger-1000-detecteur\/","title":{"rendered":"TITAN GER 1000 D\u00e9tecteur"},"content":{"rendered":"\t\t<div data-elementor-type=\"wp-post\" data-elementor-id=\"17055\" class=\"elementor elementor-17055 elementor-11483\" data-elementor-post-type=\"product\">\n\t\t\t\t<div class=\"wd-negative-gap elementor-element elementor-element-a4707b5 e-flex e-con-boxed e-con e-parent\" data-id=\"a4707b5\" data-element_type=\"container\" data-e-type=\"container\">\n\t\t\t\t\t<div class=\"e-con-inner\">\n\t\t\t\t<div class=\"elementor-element elementor-element-45924d1 elementor-widget elementor-widget-heading\" data-id=\"45924d1\" data-element_type=\"widget\" data-e-type=\"widget\" data-widget_type=\"heading.default\">\n\t\t\t\t<div class=\"elementor-widget-container\">\n\t\t\t\t\t<h2 class=\"elementor-heading-title elementor-size-default\">TITAN GER 1000 D\u00e9tecteur <\/h2>\t\t\t\t<\/div>\n\t\t\t\t<\/div>\n\t\t\t\t\t<\/div>\n\t\t\t\t<\/div>\n\t\t\t\t<section class=\"wd-negative-gap elementor-section elementor-top-section elementor-element elementor-element-464f3246 elementor-section-boxed elementor-section-height-default elementor-section-height-default\" data-id=\"464f3246\" data-element_type=\"section\" data-e-type=\"section\">\n\t\t\t\t\t\t<div class=\"elementor-container elementor-column-gap-default\">\n\t\t\t\t\t<div class=\"elementor-column elementor-col-100 elementor-top-column elementor-element elementor-element-13687d1\" data-id=\"13687d1\" data-element_type=\"column\" data-e-type=\"column\" data-settings=\"{&quot;background_background&quot;:&quot;classic&quot;}\">\n\t\t\t<div class=\"elementor-widget-wrap elementor-element-populated\">\n\t\t\t\t\t\t<div class=\"elementor-element elementor-element-23f2cdad color-scheme-inherit text-left elementor-widget elementor-widget-text-editor\" data-id=\"23f2cdad\" data-element_type=\"widget\" data-e-type=\"widget\" data-widget_type=\"text-editor.default\">\n\t\t\t\t<div class=\"elementor-widget-container\">\n\t\t\t\t\t\t\t\t\t<p><img loading=\"lazy\" decoding=\"async\" class=\"size-large wp-image-52782 aligncenter\" src=\"https:\/\/gerdetect.de\/wp-content\/uploads\/2023\/01\/Underground-Metals-Treasures-And-Cavity-Detector-1024x285-1.jpg\" alt=\"D\u00e9tecteur de tr\u00e9sors et de cavit\u00e9s m\u00e9talliques souterrains\" width=\"1024\" height=\"285\"><\/p><p>Bonne nouvelle pour les chercheurs d&rsquo;or, de tr\u00e9sors enfouis, de monuments antiques, de tombes, de grottes et de tombeaux dans le sol.<br>Enfin, le travail acharn\u00e9 et la recherche al\u00e9atoire sont termin\u00e9s ! Nous mettons \u00e0 votre disposition la derni\u00e8re et la meilleure technologie, votre r\u00eave devient r\u00e9alit\u00e9 ! Vous pouvez d\u00e9sormais trouver de l&rsquo;or, des diamants, des pierres pr\u00e9cieuses, des tr\u00e9sors enfouis dans des monuments et cimeti\u00e8res antiques, des grottes arch\u00e9ologiques et tous types de s\u00e9pultures souterraines. <br><a href=\"https:\/\/uigdetectors.com\/gold-and-metal-detectors\/titan-ger-1000.php?la=en\" target=\"blank\" rel=\"noopener\">TITAN GER &#8211; 1000<\/a> multi-syst\u00e8mes pour rechercher des tr\u00e9sors souterrains,<br>contient une station de recherche compl\u00e8te, 5 syst\u00e8mes de recherche dans un seul appareil.<br>La soci\u00e9t\u00e9 GER DETECT a mis toute la haute technologie dans cet appareil pour \u00eatre le premier sur le march\u00e9, les caract\u00e9ristiques techniques de cet appareil sont un r\u00eave pour tous les prospecteurs et explorateurs du monde entier.<br>Nos experts ont d\u00e9velopp\u00e9 le <a href=\"https:\/\/uigdetectors.com\/gold-and-metal-detectors\/titan-ger-1000.php?la=en\" target=\"blank\" rel=\"noopener\">TITAN GER &#8211; 1000<\/a> pour r\u00e9soudre tous les gros probl\u00e8mes auxquels les prospecteurs sont confront\u00e9s avec les appareils d\u00e9ploy\u00e9s sur le march\u00e9.<br>D\u00e9sormais, pour la premi\u00e8re fois, la nouvelle technologie de cet appareil fonctionne avec cinq syst\u00e8mes de recherche diff\u00e9rents, la profondeur allant jusqu&rsquo;\u00e0 45 m\u00e8tres sous terre et la port\u00e9e frontale \u00e0 2 500 m\u00e8tres.<\/p>\t\t\t\t\t\t\t\t<\/div>\n\t\t\t\t<\/div>\n\t\t\t\t\t<\/div>\n\t\t<\/div>\n\t\t\t\t\t<\/div>\n\t\t<\/section>\n\t\t\t\t<section class=\"wd-negative-gap elementor-section elementor-top-section elementor-element elementor-element-235717d elementor-section-boxed elementor-section-height-default elementor-section-height-default\" data-id=\"235717d\" data-element_type=\"section\" data-e-type=\"section\">\n\t\t\t\t\t\t\t<div class=\"elementor-background-overlay\"><\/div>\n\t\t\t\t\t\t\t<div class=\"elementor-container elementor-column-gap-default\">\n\t\t\t\t\t<div class=\"elementor-column elementor-col-20 elementor-top-column elementor-element elementor-element-cf9d706\" data-id=\"cf9d706\" data-element_type=\"column\" data-e-type=\"column\">\n\t\t\t<div class=\"elementor-widget-wrap elementor-element-populated\">\n\t\t\t\t\t\t<div class=\"elementor-element elementor-element-6fa993c elementor-widget elementor-widget-wd_text_block\" data-id=\"6fa993c\" data-element_type=\"widget\" data-e-type=\"widget\" data-widget_type=\"wd_text_block.default\">\n\t\t\t\t<div class=\"elementor-widget-container\">\n\t\t\t\t\t\t\t<div class=\"wd-text-block reset-last-child text-center\">\n\t\t\t\n\t\t\t<h4>SYST\u00c8ME \u00c0 LONGUE PORT\u00c9E<\/h4>\n\t\t\t\t\t<\/div>\n\t\t\t\t\t\t<\/div>\n\t\t\t\t<\/div>\n\t\t\t\t<div class=\"elementor-element elementor-element-b627e32 elementor-widget elementor-widget-wd_text_block\" data-id=\"b627e32\" data-element_type=\"widget\" data-e-type=\"widget\" data-widget_type=\"wd_text_block.default\">\n\t\t\t\t<div class=\"elementor-widget-container\">\n\t\t\t\t\t\t\t<div class=\"wd-text-block reset-last-child text-left\">\n\t\t\t\n\t\t\tCe syst\u00e8me est tr\u00e8s pr\u00e9cis dans l'identification, la discrimination et la surveillance du signal et vous guide vers la cible en orientant l'\u00e9cran num\u00e9rique de l'appareil. Lorsqu'une cible est d\u00e9tect\u00e9e, sa direction appara\u00eet sur l'\u00e9cran et l'utilisateur peut marcher vers la cible d\u00e9tect\u00e9e, voire se tenir debout sur son p\u00e9rim\u00e8tre exact et la confiner \u00e0 une zone de 1 m\u00e8tre carr\u00e9. Haute pr\u00e9cision dans l'identification du type de m\u00e9tal d\u00e9tect\u00e9. Vous pouvez \u00e9galement s\u00e9lectionner l'un des m\u00e9taux dans la liste du processus de recherche, comme l'or, l'or naturel, le cuivre, l'argent, le bronze, le fer, le platine, les diamants, les pierres pr\u00e9cieuses, la cavit\u00e9, l'aluminium ou le plomb. Vous pouvez d\u00e9terminer la port\u00e9e avant de l'appareil, \u00e0 partir de 500 m\u00e8tres, 1000, 1500, 2000 ou 2500 m\u00e8tres avec une profondeur de 45 m\u00e8tres sous terre.     \n\t\t\t\t\t<\/div>\n\t\t\t\t\t\t<\/div>\n\t\t\t\t<\/div>\n\t\t\t\t\t<\/div>\n\t\t<\/div>\n\t\t\t\t<div class=\"elementor-column elementor-col-20 elementor-top-column elementor-element elementor-element-85b7d28\" data-id=\"85b7d28\" data-element_type=\"column\" data-e-type=\"column\">\n\t\t\t<div class=\"elementor-widget-wrap elementor-element-populated\">\n\t\t\t\t\t\t<div class=\"elementor-element elementor-element-7edf0ec elementor-widget elementor-widget-wd_text_block\" data-id=\"7edf0ec\" data-element_type=\"widget\" data-e-type=\"widget\" data-widget_type=\"wd_text_block.default\">\n\t\t\t\t<div class=\"elementor-widget-container\">\n\t\t\t\t\t\t\t<div class=\"wd-text-block reset-last-child text-center\">\n\t\t\t\n\t\t\t<h4 style=\"text-align: center;\">RECHERCHE DE CHAMPS IONIQUES<\/h4>\n\t\t\t\t\t<\/div>\n\t\t\t\t\t\t<\/div>\n\t\t\t\t<\/div>\n\t\t\t\t<div class=\"elementor-element elementor-element-e290ec3 elementor-widget elementor-widget-wd_text_block\" data-id=\"e290ec3\" data-element_type=\"widget\" data-e-type=\"widget\" data-widget_type=\"wd_text_block.default\">\n\t\t\t\t<div class=\"elementor-widget-container\">\n\t\t\t\t\t\t\t<div class=\"wd-text-block reset-last-child text-left\">\n\t\t\t\n\t\t\tL'or, les tr\u00e9sors et les s\u00e9pultures apr\u00e8s \u00eatre rest\u00e9s longtemps sous terre, se chevauchent et interagissent avec le sol et la nature du terrain et forment des lignes magn\u00e9tiques nord-sud et \u00e9mettent ce que nous appelons un champ ionique. L'une des fonctionnalit\u00e9s les plus avanc\u00e9es de ce syst\u00e8me, vous n'avez plus besoin de longues marches et de recherches al\u00e9atoires dans les vastes terres : il vous suffit de faire fonctionner l'appareil sur le syst\u00e8me de d\u00e9tection ionique : lorsque vous pointez l'appareil vers le sol, l'appareil \u00e9met un son d'alarme pour confirmer l'existence de l'objet, puis vous pouvez vous d\u00e9placer vers la cible d\u00e9tect\u00e9e, jusqu'\u00e0 ce que vous vous trouviez \u00e0 sa place exacte, puis vous la marquez et la confinez \u00e0 une zone d'un m\u00e8tre carr\u00e9.  \n\t\t\t\t\t<\/div>\n\t\t\t\t\t\t<\/div>\n\t\t\t\t<\/div>\n\t\t\t\t\t<\/div>\n\t\t<\/div>\n\t\t\t\t<div class=\"elementor-column elementor-col-20 elementor-top-column elementor-element elementor-element-8ea553b\" data-id=\"8ea553b\" data-element_type=\"column\" data-e-type=\"column\">\n\t\t\t<div class=\"elementor-widget-wrap elementor-element-populated\">\n\t\t\t\t\t\t<div class=\"elementor-element elementor-element-928f515 elementor-widget elementor-widget-wd_text_block\" data-id=\"928f515\" data-element_type=\"widget\" data-e-type=\"widget\" data-widget_type=\"wd_text_block.default\">\n\t\t\t\t<div class=\"elementor-widget-container\">\n\t\t\t\t\t\t\t<div class=\"wd-text-block reset-last-child text-center\">\n\t\t\t\n\t\t\t<h4>SYST\u00c8ME D'IMAGERIE 3D<\/h4>\n\t\t\t\t\t<\/div>\n\t\t\t\t\t\t<\/div>\n\t\t\t\t<\/div>\n\t\t\t\t<div class=\"elementor-element elementor-element-ecedd9e elementor-widget elementor-widget-wd_text_block\" data-id=\"ecedd9e\" data-element_type=\"widget\" data-e-type=\"widget\" data-widget_type=\"wd_text_block.default\">\n\t\t\t\t<div class=\"elementor-widget-container\">\n\t\t\t\t\t\t\t<div class=\"wd-text-block reset-last-child text-left\">\n\t\t\t\n\t\t\tDe nombreuses fonctionnalit\u00e9s techniques innovantes ont \u00e9t\u00e9 ajout\u00e9es et d\u00e9velopp\u00e9es \u00e0 ce nouvel appareil : Scan de toutes les couches du sol et affichage de l'image depuis 3 directions diff\u00e9rentes sur l'\u00e9cran de l'appareil. R\u00e9sultats complets pour illustrer la cible souterraine depuis 3 directions, depuis le c\u00f4t\u00e9, le bas et le haut, pour clarifier et montrer tout comme l'or, les m\u00e9taux, les tr\u00e9sors enfouis, les grottes, les espaces, les vides et les tombes. Il affiche la profondeur de toutes les cibles non d\u00e9couvertes en centim\u00e8tres, le logiciel de l'appareil indique le d\u00e9but et la fin de la profondeur de la cible.   \n\t\t\t\t\t<\/div>\n\t\t\t\t\t\t<\/div>\n\t\t\t\t<\/div>\n\t\t\t\t\t<\/div>\n\t\t<\/div>\n\t\t\t\t<div class=\"elementor-column elementor-col-20 elementor-top-column elementor-element elementor-element-0b4e71a\" data-id=\"0b4e71a\" data-element_type=\"column\" data-e-type=\"column\">\n\t\t\t<div class=\"elementor-widget-wrap elementor-element-populated\">\n\t\t\t\t\t\t<div class=\"elementor-element elementor-element-7c78fb7 elementor-widget elementor-widget-wd_text_block\" data-id=\"7c78fb7\" data-element_type=\"widget\" data-e-type=\"widget\" data-widget_type=\"wd_text_block.default\">\n\t\t\t\t<div class=\"elementor-widget-container\">\n\t\t\t\t\t\t\t<div class=\"wd-text-block reset-last-child text-center\">\n\t\t\t\n\t\t\t<h4 style=\"text-align: center;\">SYST\u00c8ME D'INDUCTION \u00c0 IMPULSIONS<\/h4>\n\t\t\t\t\t<\/div>\n\t\t\t\t\t\t<\/div>\n\t\t\t\t<\/div>\n\t\t\t\t<div class=\"elementor-element elementor-element-566232d elementor-widget elementor-widget-wd_text_block\" data-id=\"566232d\" data-element_type=\"widget\" data-e-type=\"widget\" data-widget_type=\"wd_text_block.default\">\n\t\t\t\t<div class=\"elementor-widget-container\">\n\t\t\t\t\t\t\t<div class=\"wd-text-block reset-last-child text-left\">\n\t\t\t\n\t\t\tL'appareil fonctionne sur la fr\u00e9quence du syst\u00e8me d'induction d'impulsions. Il p\u00e9n\u00e8tre dans le sol \u00e0 une profondeur difficile \u00e0 atteindre pour de nombreux autres appareils. La meilleure et la plus r\u00e9cente technologie des syst\u00e8mes d'induction d'impulsions pour d\u00e9tecter l'or enterr\u00e9, les tr\u00e9sors antiques, les tunnels, les grottes et les pi\u00e8ces pr\u00e9cieuses sous terre. De plus, il existe une fonction d'\u00e9talonnage automatique avec le sol pour garantir que l'appareil ne sera pas affect\u00e9 par les interf\u00e9rences caus\u00e9es par un sol humide, des roches m\u00e9talliques ou un sol dur.    \n\t\t\t\t\t<\/div>\n\t\t\t\t\t\t<\/div>\n\t\t\t\t<\/div>\n\t\t\t\t\t<\/div>\n\t\t<\/div>\n\t\t\t\t<div class=\"elementor-column elementor-col-20 elementor-top-column elementor-element elementor-element-428de8f\" data-id=\"428de8f\" data-element_type=\"column\" data-e-type=\"column\">\n\t\t\t<div class=\"elementor-widget-wrap elementor-element-populated\">\n\t\t\t\t\t\t<div class=\"elementor-element elementor-element-b775c31 elementor-widget elementor-widget-wd_text_block\" data-id=\"b775c31\" data-element_type=\"widget\" data-e-type=\"widget\" data-widget_type=\"wd_text_block.default\">\n\t\t\t\t<div class=\"elementor-widget-container\">\n\t\t\t\t\t\t\t<div class=\"wd-text-block reset-last-child text-center\">\n\t\t\t\n\t\t\t<h4>SYST\u00c8ME DE MAGNETOM\u00c8TRE<\/h4>\n\t\t\t\t\t<\/div>\n\t\t\t\t\t\t<\/div>\n\t\t\t\t<\/div>\n\t\t\t\t<div class=\"elementor-element elementor-element-bc331c0 elementor-widget elementor-widget-wd_text_block\" data-id=\"bc331c0\" data-element_type=\"widget\" data-e-type=\"widget\" data-widget_type=\"wd_text_block.default\">\n\t\t\t\t<div class=\"elementor-widget-container\">\n\t\t\t\t\t\t\t<div class=\"wd-text-block reset-last-child text-left\">\n\t\t\t\n\t\t\tCe syst\u00e8me recherche des m\u00e9taux magn\u00e9tiques tels que le fer, ce syst\u00e8me vous permet de savoir s'il y a des m\u00e9taux non pr\u00e9cieux sous terre. La profondeur du syst\u00e8me de magn\u00e9tom\u00e8tre est jusqu'\u00e0 45 m\u00e8tres sous terre.  \n\t\t\t\t\t<\/div>\n\t\t\t\t\t\t<\/div>\n\t\t\t\t<\/div>\n\t\t\t\t\t<\/div>\n\t\t<\/div>\n\t\t\t\t\t<\/div>\n\t\t<\/section>\n\t\t<div class=\"wd-negative-gap elementor-element elementor-element-c55025d e-flex e-con-boxed e-con e-parent\" data-id=\"c55025d\" data-element_type=\"container\" data-e-type=\"container\">\n\t\t\t\t\t<div class=\"e-con-inner\">\n\t\t\t\t<div class=\"elementor-element elementor-element-0882d64 elementor-widget elementor-widget-video\" data-id=\"0882d64\" data-element_type=\"widget\" data-e-type=\"widget\" data-settings=\"{&quot;youtube_url&quot;:&quot;https:\\\/\\\/youtu.be\\\/XhcYIBgfRPU?si=JRwABhh3nhGm4uOT&quot;,&quot;video_type&quot;:&quot;youtube&quot;,&quot;controls&quot;:&quot;yes&quot;}\" data-widget_type=\"video.default\">\n\t\t\t\t<div class=\"elementor-widget-container\">\n\t\t\t\t\t\t\t<div class=\"elementor-wrapper elementor-open-inline\">\n\t\t\t<div class=\"elementor-video\"><\/div>\t\t<\/div>\n\t\t\t\t\t\t<\/div>\n\t\t\t\t<\/div>\n\t\t\t\t\t<\/div>\n\t\t\t\t<\/div>\n\t\t\t\t<\/div>\n\t\t","protected":false},"excerpt":{"rendered":"<h4 class=\"card-title dark-blue text-left font-weight-bold\">Une station compl\u00e8te de 5 syst\u00e8mes de recherche dans un seul appareil sp\u00e9cialis\u00e9 dans la d\u00e9tection d&rsquo;or souterrain, de tr\u00e9sors, d&rsquo;antiquit\u00e9s anciennes, de vides, de grottes et de tombeaux.<\/h4>\n","protected":false},"featured_media":31344,"template":"","meta":[],"product_brand":[],"product_cat":[245,311],"product_tag":[],"class_list":{"0":"post-17055","1":"product","2":"type-product","3":"status-publish","4":"has-post-thumbnail","6":"product_cat-detecteurs-d-or-et-de-metaux-fr","7":"product_cat-fr-products","9":"first","10":"instock","11":"sale","12":"shipping-taxable","13":"purchasable","14":"product-type-simple"},"yoast_head":"<!-- This site is optimized with the Yoast SEO plugin v27.4 - https:\/\/yoast.com\/product\/yoast-seo-wordpress\/ -->\n<title>TITAN GER 1000 D\u00e9tecteur - GER DETECT<\/title>\n<meta name=\"description\" content=\"D\u00e9tecteur de 5 syst\u00e8mes Titan Ger 1000 avec induction d&#039;impulsions - or, m\u00e9tal, tr\u00e9sors, diamants, vides et scanner d&#039;imagerie 3D\" \/>\n<meta name=\"robots\" content=\"index, follow, max-snippet:-1, max-image-preview:large, max-video-preview:-1\" \/>\n<link rel=\"canonical\" href=\"https:\/\/gerdetect.de\/fr\/produit\/titan-ger-1000-detecteur\/\" \/>\n<meta property=\"og:locale\" content=\"fr_FR\" \/>\n<meta property=\"og:type\" content=\"article\" \/>\n<meta property=\"og:title\" content=\"-\" \/>\n<meta property=\"og:description\" content=\"L&#039;APPAREIL TITAN GER 1000 est l&#039;une des meilleures innovations allemandes avec la certification europ\u00e9enne C\u03f5 selon les sp\u00e9cifications internationales.\" \/>\n<meta property=\"og:url\" content=\"https:\/\/gerdetect.de\/fr\/produit\/titan-ger-1000-detecteur\/\" \/>\n<meta property=\"og:site_name\" content=\"GER DETECT\" \/>\n<meta property=\"article:modified_time\" content=\"2025-04-21T12:32:50+00:00\" \/>\n<meta property=\"og:image\" content=\"https:\/\/gerdetect.de\/wp-content\/uploads\/2023\/03\/titan-ger-1000-3-300x300.jpg\" \/>\n<meta name=\"twitter:card\" content=\"summary_large_image\" \/>\n<meta name=\"twitter:title\" content=\"-\" \/>\n<meta name=\"twitter:description\" content=\"L&#039;APPAREIL TITAN GER 1000 est l&#039;une des meilleures innovations allemandes avec la certification europ\u00e9enne C\u03f5 selon les sp\u00e9cifications internationales.\" \/>\n<meta name=\"twitter:image\" content=\"https:\/\/gerdetect.de\/wp-content\/uploads\/2023\/03\/titan-ger-1000-3.jpg\" \/>\n<meta name=\"twitter:label1\" content=\"Dur\u00e9e de lecture estim\u00e9e\" \/>\n\t<meta name=\"twitter:data1\" content=\"4 minutes\" \/>\n<script type=\"application\/ld+json\" class=\"yoast-schema-graph\">{\"@context\":\"https:\\\/\\\/schema.org\",\"@graph\":[{\"@type\":\"WebPage\",\"@id\":\"https:\\\/\\\/gerdetect.de\\\/fr\\\/produit\\\/titan-ger-1000-detecteur\\\/\",\"url\":\"https:\\\/\\\/gerdetect.de\\\/fr\\\/produit\\\/titan-ger-1000-detecteur\\\/\",\"name\":\"TITAN GER 1000 D\u00e9tecteur - GER DETECT\",\"isPartOf\":{\"@id\":\"https:\\\/\\\/gerdetect.de\\\/fr\\\/#website\"},\"primaryImageOfPage\":{\"@id\":\"https:\\\/\\\/gerdetect.de\\\/fr\\\/produit\\\/titan-ger-1000-detecteur\\\/#primaryimage\"},\"image\":{\"@id\":\"https:\\\/\\\/gerdetect.de\\\/fr\\\/produit\\\/titan-ger-1000-detecteur\\\/#primaryimage\"},\"thumbnailUrl\":\"https:\\\/\\\/gerdetect.de\\\/wp-content\\\/uploads\\\/2023\\\/01\\\/titan-GER-1000.png\",\"datePublished\":\"2023-01-20T19:32:47+00:00\",\"dateModified\":\"2025-04-21T12:32:50+00:00\",\"description\":\"D\u00e9tecteur de 5 syst\u00e8mes Titan Ger 1000 avec induction d'impulsions - or, m\u00e9tal, tr\u00e9sors, diamants, vides et scanner d'imagerie 3D\",\"breadcrumb\":{\"@id\":\"https:\\\/\\\/gerdetect.de\\\/fr\\\/produit\\\/titan-ger-1000-detecteur\\\/#breadcrumb\"},\"inLanguage\":\"fr-FR\",\"potentialAction\":[{\"@type\":\"ReadAction\",\"target\":[\"https:\\\/\\\/gerdetect.de\\\/fr\\\/produit\\\/titan-ger-1000-detecteur\\\/\"]}]},{\"@type\":\"ImageObject\",\"inLanguage\":\"fr-FR\",\"@id\":\"https:\\\/\\\/gerdetect.de\\\/fr\\\/produit\\\/titan-ger-1000-detecteur\\\/#primaryimage\",\"url\":\"https:\\\/\\\/gerdetect.de\\\/wp-content\\\/uploads\\\/2023\\\/01\\\/titan-GER-1000.png\",\"contentUrl\":\"https:\\\/\\\/gerdetect.de\\\/wp-content\\\/uploads\\\/2023\\\/01\\\/titan-GER-1000.png\",\"width\":1052,\"height\":890},{\"@type\":\"BreadcrumbList\",\"@id\":\"https:\\\/\\\/gerdetect.de\\\/fr\\\/produit\\\/titan-ger-1000-detecteur\\\/#breadcrumb\",\"itemListElement\":[{\"@type\":\"ListItem\",\"position\":1,\"name\":\"Home\",\"item\":\"https:\\\/\\\/gerdetect.de\\\/fr\\\/home-fr\\\/\"},{\"@type\":\"ListItem\",\"position\":2,\"name\":\"Produits\",\"item\":\"https:\\\/\\\/gerdetect.de\\\/fr\\\/shop\\\/\"},{\"@type\":\"ListItem\",\"position\":3,\"name\":\"TITAN GER 1000 D\u00e9tecteur\"}]},{\"@type\":\"WebSite\",\"@id\":\"https:\\\/\\\/gerdetect.de\\\/fr\\\/#website\",\"url\":\"https:\\\/\\\/gerdetect.de\\\/fr\\\/\",\"name\":\"GER DETECT\",\"description\":\"\",\"publisher\":{\"@id\":\"https:\\\/\\\/gerdetect.de\\\/fr\\\/#organization\"},\"potentialAction\":[{\"@type\":\"SearchAction\",\"target\":{\"@type\":\"EntryPoint\",\"urlTemplate\":\"https:\\\/\\\/gerdetect.de\\\/fr\\\/?s={search_term_string}\"},\"query-input\":{\"@type\":\"PropertyValueSpecification\",\"valueRequired\":true,\"valueName\":\"search_term_string\"}}],\"inLanguage\":\"fr-FR\"},{\"@type\":\"Organization\",\"@id\":\"https:\\\/\\\/gerdetect.de\\\/fr\\\/#organization\",\"name\":\"GER DETECT\",\"url\":\"https:\\\/\\\/gerdetect.de\\\/fr\\\/\",\"logo\":{\"@type\":\"ImageObject\",\"inLanguage\":\"fr-FR\",\"@id\":\"https:\\\/\\\/gerdetect.de\\\/fr\\\/#\\\/schema\\\/logo\\\/image\\\/\",\"url\":\"https:\\\/\\\/gerdetect.de\\\/wp-content\\\/uploads\\\/2025\\\/10\\\/GER-Logo.webp\",\"contentUrl\":\"https:\\\/\\\/gerdetect.de\\\/wp-content\\\/uploads\\\/2025\\\/10\\\/GER-Logo.webp\",\"width\":2134,\"height\":2135,\"caption\":\"GER DETECT\"},\"image\":{\"@id\":\"https:\\\/\\\/gerdetect.de\\\/fr\\\/#\\\/schema\\\/logo\\\/image\\\/\"}}]}<\/script>\n<!-- \/ Yoast SEO plugin. -->","yoast_head_json":{"title":"TITAN GER 1000 D\u00e9tecteur - GER DETECT","description":"D\u00e9tecteur de 5 syst\u00e8mes Titan Ger 1000 avec induction d'impulsions - or, m\u00e9tal, tr\u00e9sors, diamants, vides et scanner d'imagerie 3D","robots":{"index":"index","follow":"follow","max-snippet":"max-snippet:-1","max-image-preview":"max-image-preview:large","max-video-preview":"max-video-preview:-1"},"canonical":"https:\/\/gerdetect.de\/fr\/produit\/titan-ger-1000-detecteur\/","og_locale":"fr_FR","og_type":"article","og_title":"-","og_description":"L'APPAREIL TITAN GER 1000 est l'une des meilleures innovations allemandes avec la certification europ\u00e9enne C\u03f5 selon les sp\u00e9cifications internationales.","og_url":"https:\/\/gerdetect.de\/fr\/produit\/titan-ger-1000-detecteur\/","og_site_name":"GER DETECT","article_modified_time":"2025-04-21T12:32:50+00:00","og_image":[{"url":"https:\/\/gerdetect.de\/wp-content\/uploads\/2023\/03\/titan-ger-1000-3-300x300.jpg","type":"","width":"","height":""}],"twitter_card":"summary_large_image","twitter_title":"-","twitter_description":"L'APPAREIL TITAN GER 1000 est l'une des meilleures innovations allemandes avec la certification europ\u00e9enne C\u03f5 selon les sp\u00e9cifications internationales.","twitter_image":"https:\/\/gerdetect.de\/wp-content\/uploads\/2023\/03\/titan-ger-1000-3.jpg","twitter_misc":{"Dur\u00e9e de lecture estim\u00e9e":"4 minutes"},"schema":{"@context":"https:\/\/schema.org","@graph":[{"@type":"WebPage","@id":"https:\/\/gerdetect.de\/fr\/produit\/titan-ger-1000-detecteur\/","url":"https:\/\/gerdetect.de\/fr\/produit\/titan-ger-1000-detecteur\/","name":"TITAN GER 1000 D\u00e9tecteur - GER DETECT","isPartOf":{"@id":"https:\/\/gerdetect.de\/fr\/#website"},"primaryImageOfPage":{"@id":"https:\/\/gerdetect.de\/fr\/produit\/titan-ger-1000-detecteur\/#primaryimage"},"image":{"@id":"https:\/\/gerdetect.de\/fr\/produit\/titan-ger-1000-detecteur\/#primaryimage"},"thumbnailUrl":"https:\/\/gerdetect.de\/wp-content\/uploads\/2023\/01\/titan-GER-1000.png","datePublished":"2023-01-20T19:32:47+00:00","dateModified":"2025-04-21T12:32:50+00:00","description":"D\u00e9tecteur de 5 syst\u00e8mes Titan Ger 1000 avec induction d'impulsions - or, m\u00e9tal, tr\u00e9sors, diamants, vides et scanner d'imagerie 3D","breadcrumb":{"@id":"https:\/\/gerdetect.de\/fr\/produit\/titan-ger-1000-detecteur\/#breadcrumb"},"inLanguage":"fr-FR","potentialAction":[{"@type":"ReadAction","target":["https:\/\/gerdetect.de\/fr\/produit\/titan-ger-1000-detecteur\/"]}]},{"@type":"ImageObject","inLanguage":"fr-FR","@id":"https:\/\/gerdetect.de\/fr\/produit\/titan-ger-1000-detecteur\/#primaryimage","url":"https:\/\/gerdetect.de\/wp-content\/uploads\/2023\/01\/titan-GER-1000.png","contentUrl":"https:\/\/gerdetect.de\/wp-content\/uploads\/2023\/01\/titan-GER-1000.png","width":1052,"height":890},{"@type":"BreadcrumbList","@id":"https:\/\/gerdetect.de\/fr\/produit\/titan-ger-1000-detecteur\/#breadcrumb","itemListElement":[{"@type":"ListItem","position":1,"name":"Home","item":"https:\/\/gerdetect.de\/fr\/home-fr\/"},{"@type":"ListItem","position":2,"name":"Produits","item":"https:\/\/gerdetect.de\/fr\/shop\/"},{"@type":"ListItem","position":3,"name":"TITAN GER 1000 D\u00e9tecteur"}]},{"@type":"WebSite","@id":"https:\/\/gerdetect.de\/fr\/#website","url":"https:\/\/gerdetect.de\/fr\/","name":"GER DETECT","description":"","publisher":{"@id":"https:\/\/gerdetect.de\/fr\/#organization"},"potentialAction":[{"@type":"SearchAction","target":{"@type":"EntryPoint","urlTemplate":"https:\/\/gerdetect.de\/fr\/?s={search_term_string}"},"query-input":{"@type":"PropertyValueSpecification","valueRequired":true,"valueName":"search_term_string"}}],"inLanguage":"fr-FR"},{"@type":"Organization","@id":"https:\/\/gerdetect.de\/fr\/#organization","name":"GER DETECT","url":"https:\/\/gerdetect.de\/fr\/","logo":{"@type":"ImageObject","inLanguage":"fr-FR","@id":"https:\/\/gerdetect.de\/fr\/#\/schema\/logo\/image\/","url":"https:\/\/gerdetect.de\/wp-content\/uploads\/2025\/10\/GER-Logo.webp","contentUrl":"https:\/\/gerdetect.de\/wp-content\/uploads\/2025\/10\/GER-Logo.webp","width":2134,"height":2135,"caption":"GER DETECT"},"image":{"@id":"https:\/\/gerdetect.de\/fr\/#\/schema\/logo\/image\/"}}]}},"_links":{"self":[{"href":"https:\/\/gerdetect.de\/fr\/wp-json\/wp\/v2\/product\/17055","targetHints":{"allow":["GET"]}}],"collection":[{"href":"https:\/\/gerdetect.de\/fr\/wp-json\/wp\/v2\/product"}],"about":[{"href":"https:\/\/gerdetect.de\/fr\/wp-json\/wp\/v2\/types\/product"}],"version-history":[{"count":2,"href":"https:\/\/gerdetect.de\/fr\/wp-json\/wp\/v2\/product\/17055\/revisions"}],"predecessor-version":[{"id":18421,"href":"https:\/\/gerdetect.de\/fr\/wp-json\/wp\/v2\/product\/17055\/revisions\/18421"}],"wp:featuredmedia":[{"embeddable":true,"href":"https:\/\/gerdetect.de\/fr\/wp-json\/wp\/v2\/media\/31344"}],"wp:attachment":[{"href":"https:\/\/gerdetect.de\/fr\/wp-json\/wp\/v2\/media?parent=17055"}],"wp:term":[{"taxonomy":"product_brand","embeddable":true,"href":"https:\/\/gerdetect.de\/fr\/wp-json\/wp\/v2\/product_brand?post=17055"},{"taxonomy":"product_cat","embeddable":true,"href":"https:\/\/gerdetect.de\/fr\/wp-json\/wp\/v2\/product_cat?post=17055"},{"taxonomy":"product_tag","embeddable":true,"href":"https:\/\/gerdetect.de\/fr\/wp-json\/wp\/v2\/product_tag?post=17055"}],"curies":[{"name":"wp","href":"https:\/\/api.w.org\/{rel}","templated":true}]}}