{"id":17117,"date":"2024-07-09T11:18:04","date_gmt":"2024-07-09T08:18:04","guid":{"rendered":"https:\/\/gerdetect.de\/product\/unite-a-longue-portee\/"},"modified":"2024-07-09T11:18:04","modified_gmt":"2024-07-09T08:18:04","slug":"unite-a-longue-portee","status":"publish","type":"product","link":"https:\/\/gerdetect.de\/fr\/produit\/unite-a-longue-portee\/","title":{"rendered":"Unit\u00e9 \u00e0 longue port\u00e9e"},"content":{"rendered":"","protected":false},"excerpt":{"rendered":"<p>Unit\u00e9 \u00e0 longue port\u00e9e<\/p>\n","protected":false},"featured_media":16699,"template":"","meta":[],"product_brand":[],"product_cat":[242],"product_tag":[243],"class_list":{"0":"post-17117","1":"product","2":"type-product","3":"status-publish","4":"has-post-thumbnail","6":"product_cat-accessoires","7":"product_tag-accessoires","9":"first","10":"instock","11":"shipping-taxable","12":"purchasable","13":"product-type-simple"},"yoast_head":"<!-- This site is optimized with the Yoast SEO plugin v27.3 - https:\/\/yoast.com\/product\/yoast-seo-wordpress\/ -->\n<title>Unit\u00e9 \u00e0 longue port\u00e9e - GER DETECT<\/title>\n<meta name=\"robots\" content=\"index, follow, max-snippet:-1, max-image-preview:large, max-video-preview:-1\" \/>\n<link rel=\"canonical\" href=\"https:\/\/gerdetect.de\/fr\/produit\/unite-a-longue-portee\/\" \/>\n<meta property=\"og:locale\" content=\"fr_FR\" \/>\n<meta property=\"og:type\" content=\"article\" \/>\n<meta property=\"og:title\" content=\"Unit\u00e9 \u00e0 longue port\u00e9e - GER DETECT\" \/>\n<meta property=\"og:description\" content=\"Unit\u00e9 \u00e0 longue port\u00e9e\" \/>\n<meta property=\"og:url\" content=\"https:\/\/gerdetect.de\/fr\/produit\/unite-a-longue-portee\/\" \/>\n<meta property=\"og:site_name\" content=\"GER DETECT\" \/>\n<meta name=\"twitter:card\" content=\"summary_large_image\" \/>\n<script type=\"application\/ld+json\" class=\"yoast-schema-graph\">{\"@context\":\"https:\\\/\\\/schema.org\",\"@graph\":[{\"@type\":\"WebPage\",\"@id\":\"https:\\\/\\\/gerdetect.de\\\/fr\\\/produit\\\/unite-a-longue-portee\\\/\",\"url\":\"https:\\\/\\\/gerdetect.de\\\/fr\\\/produit\\\/unite-a-longue-portee\\\/\",\"name\":\"Unit\u00e9 \u00e0 longue port\u00e9e - GER DETECT\",\"isPartOf\":{\"@id\":\"https:\\\/\\\/gerdetect.de\\\/fr\\\/#website\"},\"primaryImageOfPage\":{\"@id\":\"https:\\\/\\\/gerdetect.de\\\/fr\\\/produit\\\/unite-a-longue-portee\\\/#primaryimage\"},\"image\":{\"@id\":\"https:\\\/\\\/gerdetect.de\\\/fr\\\/produit\\\/unite-a-longue-portee\\\/#primaryimage\"},\"thumbnailUrl\":\"https:\\\/\\\/gerdetect.de\\\/wp-content\\\/uploads\\\/2024\\\/07\\\/UIG-Long-Range-Unit.webp\",\"datePublished\":\"2024-07-09T08:18:04+00:00\",\"breadcrumb\":{\"@id\":\"https:\\\/\\\/gerdetect.de\\\/fr\\\/produit\\\/unite-a-longue-portee\\\/#breadcrumb\"},\"inLanguage\":\"fr-FR\",\"potentialAction\":[{\"@type\":\"ReadAction\",\"target\":[\"https:\\\/\\\/gerdetect.de\\\/fr\\\/produit\\\/unite-a-longue-portee\\\/\"]}]},{\"@type\":\"ImageObject\",\"inLanguage\":\"fr-FR\",\"@id\":\"https:\\\/\\\/gerdetect.de\\\/fr\\\/produit\\\/unite-a-longue-portee\\\/#primaryimage\",\"url\":\"https:\\\/\\\/gerdetect.de\\\/wp-content\\\/uploads\\\/2024\\\/07\\\/UIG-Long-Range-Unit.webp\",\"contentUrl\":\"https:\\\/\\\/gerdetect.de\\\/wp-content\\\/uploads\\\/2024\\\/07\\\/UIG-Long-Range-Unit.webp\",\"width\":360,\"height\":360},{\"@type\":\"BreadcrumbList\",\"@id\":\"https:\\\/\\\/gerdetect.de\\\/fr\\\/produit\\\/unite-a-longue-portee\\\/#breadcrumb\",\"itemListElement\":[{\"@type\":\"ListItem\",\"position\":1,\"name\":\"Home\",\"item\":\"https:\\\/\\\/gerdetect.de\\\/fr\\\/home-fr\\\/\"},{\"@type\":\"ListItem\",\"position\":2,\"name\":\"Produits\",\"item\":\"https:\\\/\\\/gerdetect.de\\\/fr\\\/shop\\\/\"},{\"@type\":\"ListItem\",\"position\":3,\"name\":\"Unit\u00e9 \u00e0 longue port\u00e9e\"}]},{\"@type\":\"WebSite\",\"@id\":\"https:\\\/\\\/gerdetect.de\\\/fr\\\/#website\",\"url\":\"https:\\\/\\\/gerdetect.de\\\/fr\\\/\",\"name\":\"GER DETECT\",\"description\":\"\",\"publisher\":{\"@id\":\"https:\\\/\\\/gerdetect.de\\\/fr\\\/#organization\"},\"potentialAction\":[{\"@type\":\"SearchAction\",\"target\":{\"@type\":\"EntryPoint\",\"urlTemplate\":\"https:\\\/\\\/gerdetect.de\\\/fr\\\/?s={search_term_string}\"},\"query-input\":{\"@type\":\"PropertyValueSpecification\",\"valueRequired\":true,\"valueName\":\"search_term_string\"}}],\"inLanguage\":\"fr-FR\"},{\"@type\":\"Organization\",\"@id\":\"https:\\\/\\\/gerdetect.de\\\/fr\\\/#organization\",\"name\":\"GER DETECT\",\"url\":\"https:\\\/\\\/gerdetect.de\\\/fr\\\/\",\"logo\":{\"@type\":\"ImageObject\",\"inLanguage\":\"fr-FR\",\"@id\":\"https:\\\/\\\/gerdetect.de\\\/fr\\\/#\\\/schema\\\/logo\\\/image\\\/\",\"url\":\"https:\\\/\\\/gerdetect.de\\\/wp-content\\\/uploads\\\/2025\\\/10\\\/GER-Logo.webp\",\"contentUrl\":\"https:\\\/\\\/gerdetect.de\\\/wp-content\\\/uploads\\\/2025\\\/10\\\/GER-Logo.webp\",\"width\":2134,\"height\":2135,\"caption\":\"GER DETECT\"},\"image\":{\"@id\":\"https:\\\/\\\/gerdetect.de\\\/fr\\\/#\\\/schema\\\/logo\\\/image\\\/\"}}]}<\/script>\n<!-- \/ Yoast SEO plugin. -->","yoast_head_json":{"title":"Unit\u00e9 \u00e0 longue port\u00e9e - GER DETECT","robots":{"index":"index","follow":"follow","max-snippet":"max-snippet:-1","max-image-preview":"max-image-preview:large","max-video-preview":"max-video-preview:-1"},"canonical":"https:\/\/gerdetect.de\/fr\/produit\/unite-a-longue-portee\/","og_locale":"fr_FR","og_type":"article","og_title":"Unit\u00e9 \u00e0 longue port\u00e9e - GER DETECT","og_description":"Unit\u00e9 \u00e0 longue port\u00e9e","og_url":"https:\/\/gerdetect.de\/fr\/produit\/unite-a-longue-portee\/","og_site_name":"GER DETECT","twitter_card":"summary_large_image","schema":{"@context":"https:\/\/schema.org","@graph":[{"@type":"WebPage","@id":"https:\/\/gerdetect.de\/fr\/produit\/unite-a-longue-portee\/","url":"https:\/\/gerdetect.de\/fr\/produit\/unite-a-longue-portee\/","name":"Unit\u00e9 \u00e0 longue port\u00e9e - GER DETECT","isPartOf":{"@id":"https:\/\/gerdetect.de\/fr\/#website"},"primaryImageOfPage":{"@id":"https:\/\/gerdetect.de\/fr\/produit\/unite-a-longue-portee\/#primaryimage"},"image":{"@id":"https:\/\/gerdetect.de\/fr\/produit\/unite-a-longue-portee\/#primaryimage"},"thumbnailUrl":"https:\/\/gerdetect.de\/wp-content\/uploads\/2024\/07\/UIG-Long-Range-Unit.webp","datePublished":"2024-07-09T08:18:04+00:00","breadcrumb":{"@id":"https:\/\/gerdetect.de\/fr\/produit\/unite-a-longue-portee\/#breadcrumb"},"inLanguage":"fr-FR","potentialAction":[{"@type":"ReadAction","target":["https:\/\/gerdetect.de\/fr\/produit\/unite-a-longue-portee\/"]}]},{"@type":"ImageObject","inLanguage":"fr-FR","@id":"https:\/\/gerdetect.de\/fr\/produit\/unite-a-longue-portee\/#primaryimage","url":"https:\/\/gerdetect.de\/wp-content\/uploads\/2024\/07\/UIG-Long-Range-Unit.webp","contentUrl":"https:\/\/gerdetect.de\/wp-content\/uploads\/2024\/07\/UIG-Long-Range-Unit.webp","width":360,"height":360},{"@type":"BreadcrumbList","@id":"https:\/\/gerdetect.de\/fr\/produit\/unite-a-longue-portee\/#breadcrumb","itemListElement":[{"@type":"ListItem","position":1,"name":"Home","item":"https:\/\/gerdetect.de\/fr\/home-fr\/"},{"@type":"ListItem","position":2,"name":"Produits","item":"https:\/\/gerdetect.de\/fr\/shop\/"},{"@type":"ListItem","position":3,"name":"Unit\u00e9 \u00e0 longue port\u00e9e"}]},{"@type":"WebSite","@id":"https:\/\/gerdetect.de\/fr\/#website","url":"https:\/\/gerdetect.de\/fr\/","name":"GER DETECT","description":"","publisher":{"@id":"https:\/\/gerdetect.de\/fr\/#organization"},"potentialAction":[{"@type":"SearchAction","target":{"@type":"EntryPoint","urlTemplate":"https:\/\/gerdetect.de\/fr\/?s={search_term_string}"},"query-input":{"@type":"PropertyValueSpecification","valueRequired":true,"valueName":"search_term_string"}}],"inLanguage":"fr-FR"},{"@type":"Organization","@id":"https:\/\/gerdetect.de\/fr\/#organization","name":"GER DETECT","url":"https:\/\/gerdetect.de\/fr\/","logo":{"@type":"ImageObject","inLanguage":"fr-FR","@id":"https:\/\/gerdetect.de\/fr\/#\/schema\/logo\/image\/","url":"https:\/\/gerdetect.de\/wp-content\/uploads\/2025\/10\/GER-Logo.webp","contentUrl":"https:\/\/gerdetect.de\/wp-content\/uploads\/2025\/10\/GER-Logo.webp","width":2134,"height":2135,"caption":"GER DETECT"},"image":{"@id":"https:\/\/gerdetect.de\/fr\/#\/schema\/logo\/image\/"}}]}},"_links":{"self":[{"href":"https:\/\/gerdetect.de\/fr\/wp-json\/wp\/v2\/product\/17117","targetHints":{"allow":["GET"]}}],"collection":[{"href":"https:\/\/gerdetect.de\/fr\/wp-json\/wp\/v2\/product"}],"about":[{"href":"https:\/\/gerdetect.de\/fr\/wp-json\/wp\/v2\/types\/product"}],"version-history":[{"count":0,"href":"https:\/\/gerdetect.de\/fr\/wp-json\/wp\/v2\/product\/17117\/revisions"}],"wp:featuredmedia":[{"embeddable":true,"href":"https:\/\/gerdetect.de\/fr\/wp-json\/wp\/v2\/media\/16699"}],"wp:attachment":[{"href":"https:\/\/gerdetect.de\/fr\/wp-json\/wp\/v2\/media?parent=17117"}],"wp:term":[{"taxonomy":"product_brand","embeddable":true,"href":"https:\/\/gerdetect.de\/fr\/wp-json\/wp\/v2\/product_brand?post=17117"},{"taxonomy":"product_cat","embeddable":true,"href":"https:\/\/gerdetect.de\/fr\/wp-json\/wp\/v2\/product_cat?post=17117"},{"taxonomy":"product_tag","embeddable":true,"href":"https:\/\/gerdetect.de\/fr\/wp-json\/wp\/v2\/product_tag?post=17117"}],"curies":[{"name":"wp","href":"https:\/\/api.w.org\/{rel}","templated":true}]}}