{"id":18415,"date":"2025-04-21T15:01:02","date_gmt":"2025-04-21T12:01:02","guid":{"rendered":"https:\/\/gerdetect.de\/?post_type=product&#038;p=18415"},"modified":"2025-10-28T14:32:50","modified_gmt":"2025-10-28T11:32:50","slug":"detecteur-de-metaux-treasure-way","status":"publish","type":"product","link":"https:\/\/gerdetect.de\/fr\/produit\/detecteur-de-metaux-treasure-way\/","title":{"rendered":"D\u00c9TECTEUR DE M\u00c9TAUX TREASURE WAY"},"content":{"rendered":"\t\t<div data-elementor-type=\"product-post\" data-elementor-id=\"18415\" class=\"elementor elementor-18415 elementor-18380\" data-elementor-post-type=\"product\">\n\t\t\t\t<div class=\"wd-negative-gap elementor-element elementor-element-4e8d65e6 e-flex e-con-boxed e-con e-parent\" data-id=\"4e8d65e6\" data-element_type=\"container\" data-e-type=\"container\">\n\t\t\t\t\t<div class=\"e-con-inner\">\n\t\t\t\t<div class=\"elementor-element elementor-element-aac21ba elementor-widget elementor-widget-video\" data-id=\"aac21ba\" data-element_type=\"widget\" data-e-type=\"widget\" data-settings=\"{&quot;youtube_url&quot;:&quot;https:\\\/\\\/www.youtube.com\\\/watch?v=D7g9qgJOWyg&amp;ab_channel=UIGDetectorsFactoriesandCompanies&quot;,&quot;video_type&quot;:&quot;youtube&quot;,&quot;controls&quot;:&quot;yes&quot;}\" data-widget_type=\"video.default\">\n\t\t\t\t<div class=\"elementor-widget-container\">\n\t\t\t\t\t\t\t<div class=\"elementor-wrapper elementor-open-inline\">\n\t\t\t<div class=\"elementor-video\"><\/div>\t\t<\/div>\n\t\t\t\t\t\t<\/div>\n\t\t\t\t<\/div>\n\t\t\t\t<div class=\"elementor-element elementor-element-59e3fea7 color-scheme-inherit text-left elementor-widget elementor-widget-text-editor\" data-id=\"59e3fea7\" data-element_type=\"widget\" data-e-type=\"widget\" data-widget_type=\"text-editor.default\">\n\t\t\t\t<div class=\"elementor-widget-container\">\n\t\t\t\t\t\t\t\t\t<h4 class=\"p1\"><strong>L\u2019appareil Treasure Way est \u00e9quip\u00e9 d\u2019un syst\u00e8me avanc\u00e9 \u00e0 induction puls\u00e9e, sp\u00e9cialement con\u00e7u pour ignorer les petites cibles et les impuret\u00e9s du sol, afin de se concentrer sur les objets larges et profond\u00e9ment enfouis, tels que les tr\u00e9sors anciens, reliques et artefacts de valeur.<\/strong><\/h4><h4 class=\"p1\"><strong>Ce syst\u00e8me offre \u00e9galement des capacit\u00e9s de d\u00e9tection des m\u00e9taux pr\u00e9cieux et non pr\u00e9cieux.<\/strong><\/h4><h4 class=\"p1\"><strong>Le Treasure Way fonctionne avec trois syst\u00e8mes de recherche diff\u00e9rents int\u00e9gr\u00e9s dans un seul appareil.<\/strong><\/h4><p><img loading=\"lazy\" decoding=\"async\" class=\"size-full wp-image-18888 aligncenter\" src=\"https:\/\/gerdetect.de\/wp-content\/uploads\/2025\/07\/Treasure-Way-Metal-Detector6.webp\" alt=\"\" width=\"614\" height=\"284\" srcset=\"https:\/\/gerdetect.de\/wp-content\/uploads\/2025\/07\/Treasure-Way-Metal-Detector6.webp 614w, https:\/\/gerdetect.de\/wp-content\/uploads\/2025\/07\/Treasure-Way-Metal-Detector6-400x185.webp 400w, https:\/\/gerdetect.de\/wp-content\/uploads\/2025\/07\/Treasure-Way-Metal-Detector6-430x199.webp 430w, https:\/\/gerdetect.de\/wp-content\/uploads\/2025\/07\/Treasure-Way-Metal-Detector6-150x69.webp 150w\" sizes=\"auto, (max-width: 614px) 100vw, 614px\" \/><\/p><h4><strong>1. Syst\u00e8me de d\u00e9tection des m\u00e9taux utilisant la technologie \u00e0 induction puls\u00e9e.<\/strong><\/h4><h4><strong>2. Syst\u00e8me de d\u00e9tection des vides, cavernes et tombes arch\u00e9ologiques, \u00e9galement bas\u00e9 sur l\u2019induction puls\u00e9e.<\/strong><\/h4><h4><strong>3. Syst\u00e8me de mesure de profondeur, fournissant des lectures en centim\u00e8tres.<\/strong><\/h4><h4><strong>L\u2019appareil Treasure Way est capable de d\u00e9tecter des cibles anciennes profond\u00e9ment enfouies jusqu\u2019\u00e0 4 m\u00e8tres ou plus sous terre.<\/strong><\/h4><h4><strong>Treasure Way est fi\u00e8rement con\u00e7u et fabriqu\u00e9 en Allemagne, certifi\u00e9 par le marquage CE europ\u00e9en conforme aux normes internationales, et d\u00e9tient la certification internationale de qualit\u00e9 ISO 9001.<\/strong><\/h4><h4><strong>Con\u00e7u pour offrir des performances optimales dans toutes les r\u00e9gions et sur tous les types de terrains, le Treasure Way est un compagnon polyvalent et fiable pour les chasseurs de tr\u00e9sors du monde entier.<\/strong><\/h4>\t\t\t\t\t\t\t\t<\/div>\n\t\t\t\t<\/div>\n\t\t\t\t<div class=\"elementor-element elementor-element-db2e253 elementor-arrows-position-inside elementor-pagination-position-outside elementor-widget elementor-widget-image-carousel\" data-id=\"db2e253\" data-element_type=\"widget\" data-e-type=\"widget\" data-settings=\"{&quot;slides_to_show&quot;:&quot;5&quot;,&quot;navigation&quot;:&quot;both&quot;,&quot;autoplay&quot;:&quot;yes&quot;,&quot;pause_on_hover&quot;:&quot;yes&quot;,&quot;pause_on_interaction&quot;:&quot;yes&quot;,&quot;autoplay_speed&quot;:5000,&quot;infinite&quot;:&quot;yes&quot;,&quot;speed&quot;:500,&quot;image_spacing_custom&quot;:{&quot;unit&quot;:&quot;px&quot;,&quot;size&quot;:20,&quot;sizes&quot;:[]},&quot;image_spacing_custom_tablet&quot;:{&quot;unit&quot;:&quot;px&quot;,&quot;size&quot;:&quot;&quot;,&quot;sizes&quot;:[]},&quot;image_spacing_custom_mobile&quot;:{&quot;unit&quot;:&quot;px&quot;,&quot;size&quot;:&quot;&quot;,&quot;sizes&quot;:[]}}\" data-widget_type=\"image-carousel.default\">\n\t\t\t\t<div class=\"elementor-widget-container\">\n\t\t\t\t\t\t\t<div class=\"elementor-image-carousel-wrapper swiper\" role=\"region\" aria-roledescription=\"carousel\" aria-label=\"Image Carousel\" dir=\"ltr\">\n\t\t\t<div class=\"elementor-image-carousel swiper-wrapper\" aria-live=\"off\">\n\t\t\t\t\t\t\t\t<div class=\"swiper-slide\" role=\"group\" aria-roledescription=\"slide\" aria-label=\"1 sur 7\"><figure class=\"swiper-slide-inner\"><img decoding=\"async\" class=\"swiper-slide-image\" src=\"https:\/\/gerdetect.de\/wp-content\/uploads\/2025\/10\/Treasure-Way-8-min-300x300.jpg\" alt=\"Treasure Way 8-min\" \/><\/figure><\/div><div class=\"swiper-slide\" role=\"group\" aria-roledescription=\"slide\" aria-label=\"2 sur 7\"><figure class=\"swiper-slide-inner\"><img decoding=\"async\" class=\"swiper-slide-image\" src=\"https:\/\/gerdetect.de\/wp-content\/uploads\/2025\/10\/Treasure-Way-7-min-300x300.jpg\" alt=\"Treasure Way 7-min\" \/><\/figure><\/div><div class=\"swiper-slide\" role=\"group\" aria-roledescription=\"slide\" aria-label=\"3 sur 7\"><figure class=\"swiper-slide-inner\"><img decoding=\"async\" class=\"swiper-slide-image\" src=\"https:\/\/gerdetect.de\/wp-content\/uploads\/2025\/10\/Treasure-Way-6-min-300x300.jpg\" alt=\"Treasure Way 6-min\" \/><\/figure><\/div><div class=\"swiper-slide\" role=\"group\" aria-roledescription=\"slide\" aria-label=\"4 sur 7\"><figure class=\"swiper-slide-inner\"><img decoding=\"async\" class=\"swiper-slide-image\" src=\"https:\/\/gerdetect.de\/wp-content\/uploads\/2025\/10\/Treasure-Way-5-min-300x300.jpg\" alt=\"Treasure Way 5-min\" \/><\/figure><\/div><div class=\"swiper-slide\" role=\"group\" aria-roledescription=\"slide\" aria-label=\"5 sur 7\"><figure class=\"swiper-slide-inner\"><img decoding=\"async\" class=\"swiper-slide-image\" src=\"https:\/\/gerdetect.de\/wp-content\/uploads\/2025\/10\/Treasure-Way-3-min-300x300.jpg\" alt=\"Treasure Way 3-min\" \/><\/figure><\/div><div class=\"swiper-slide\" role=\"group\" aria-roledescription=\"slide\" aria-label=\"6 sur 7\"><figure class=\"swiper-slide-inner\"><img decoding=\"async\" class=\"swiper-slide-image\" src=\"https:\/\/gerdetect.de\/wp-content\/uploads\/2025\/10\/Treasure-Way-2-min-300x300.jpg\" alt=\"Treasure Way 2-min\" \/><\/figure><\/div><div class=\"swiper-slide\" role=\"group\" aria-roledescription=\"slide\" aria-label=\"7 sur 7\"><figure class=\"swiper-slide-inner\"><img decoding=\"async\" class=\"swiper-slide-image\" src=\"https:\/\/gerdetect.de\/wp-content\/uploads\/2025\/10\/Treasure-Way-1-min-300x300.jpg\" alt=\"Treasure Way 1-min\" \/><\/figure><\/div>\t\t\t<\/div>\n\t\t\t\t\t\t\t\t\t\t\t\t<div class=\"elementor-swiper-button elementor-swiper-button-prev\" role=\"button\" tabindex=\"0\">\n\t\t\t\t\t\t<i aria-hidden=\"true\" class=\"eicon-chevron-left\"><\/i>\t\t\t\t\t<\/div>\n\t\t\t\t\t<div class=\"elementor-swiper-button elementor-swiper-button-next\" role=\"button\" tabindex=\"0\">\n\t\t\t\t\t\t<i aria-hidden=\"true\" class=\"eicon-chevron-right\"><\/i>\t\t\t\t\t<\/div>\n\t\t\t\t\n\t\t\t\t\t\t\t\t\t<div class=\"swiper-pagination\"><\/div>\n\t\t\t\t\t\t\t\t\t<\/div>\n\t\t\t\t\t\t<\/div>\n\t\t\t\t<\/div>\n\t\t\t\t\t<\/div>\n\t\t\t\t<\/div>\n\t\t\t\t<\/div>\n\t\t","protected":false},"excerpt":{"rendered":"<h5>Treasure Way est un d\u00e9tecteur de m\u00e9taux professionnel con\u00e7u avec une technologie avanc\u00e9e d\u2019induction puls\u00e9e.<br \/>Il d\u00e9tecte avec pr\u00e9cision l\u2019or, les reliques, les vides et les tombes anciennes jusqu\u2019\u00e0 une profondeur de 4 m\u00e8tres.<br \/>Con\u00e7u pour tous les types de terrains.  <\/h5>\n","protected":false},"featured_media":32073,"template":"","meta":[],"product_brand":[],"product_cat":[245,311],"product_tag":[],"class_list":{"0":"post-18415","1":"product","2":"type-product","3":"status-publish","4":"has-post-thumbnail","6":"product_cat-detecteurs-d-or-et-de-metaux-fr","7":"product_cat-fr-products","9":"first","10":"instock","11":"shipping-taxable","12":"purchasable","13":"product-type-simple"},"yoast_head":"<!-- This site is optimized with the Yoast SEO plugin v27.3 - https:\/\/yoast.com\/product\/yoast-seo-wordpress\/ -->\n<title>D\u00c9TECTEUR DE M\u00c9TAUX TREASURE WAY - GER DETECT<\/title>\n<meta name=\"robots\" content=\"index, follow, max-snippet:-1, max-image-preview:large, max-video-preview:-1\" \/>\n<link rel=\"canonical\" href=\"https:\/\/gerdetect.de\/fr\/produit\/detecteur-de-metaux-treasure-way\/\" \/>\n<meta property=\"og:locale\" content=\"fr_FR\" \/>\n<meta property=\"og:type\" content=\"article\" \/>\n<meta property=\"og:title\" content=\"D\u00c9TECTEUR DE M\u00c9TAUX TREASURE WAY - GER DETECT\" \/>\n<meta property=\"og:description\" content=\"Treasure Way est un d\u00e9tecteur de m\u00e9taux professionnel con\u00e7u avec une technologie avanc\u00e9e d\u2019induction puls\u00e9e.Il d\u00e9tecte avec pr\u00e9cision l\u2019or, les reliques, les vides et les tombes anciennes jusqu\u2019\u00e0 une profondeur de 4 m\u00e8tres.Con\u00e7u pour tous les types de terrains.\" \/>\n<meta property=\"og:url\" content=\"https:\/\/gerdetect.de\/fr\/produit\/detecteur-de-metaux-treasure-way\/\" \/>\n<meta property=\"og:site_name\" content=\"GER DETECT\" \/>\n<meta property=\"article:modified_time\" content=\"2025-10-28T11:32:50+00:00\" \/>\n<meta property=\"og:image\" content=\"https:\/\/gerdetect.de\/wp-content\/uploads\/2025\/04\/Treasure-Way3-min.png\" \/>\n\t<meta property=\"og:image:width\" content=\"1200\" \/>\n\t<meta property=\"og:image:height\" content=\"1200\" \/>\n\t<meta property=\"og:image:type\" content=\"image\/png\" \/>\n<meta name=\"twitter:card\" content=\"summary_large_image\" \/>\n<meta name=\"twitter:label1\" content=\"Dur\u00e9e de lecture estim\u00e9e\" \/>\n\t<meta name=\"twitter:data1\" content=\"1 minute\" \/>\n<script type=\"application\/ld+json\" class=\"yoast-schema-graph\">{\"@context\":\"https:\\\/\\\/schema.org\",\"@graph\":[{\"@type\":\"WebPage\",\"@id\":\"https:\\\/\\\/gerdetect.de\\\/fr\\\/produit\\\/detecteur-de-metaux-treasure-way\\\/\",\"url\":\"https:\\\/\\\/gerdetect.de\\\/fr\\\/produit\\\/detecteur-de-metaux-treasure-way\\\/\",\"name\":\"D\u00c9TECTEUR DE M\u00c9TAUX TREASURE WAY - GER DETECT\",\"isPartOf\":{\"@id\":\"https:\\\/\\\/gerdetect.de\\\/fr\\\/#website\"},\"primaryImageOfPage\":{\"@id\":\"https:\\\/\\\/gerdetect.de\\\/fr\\\/produit\\\/detecteur-de-metaux-treasure-way\\\/#primaryimage\"},\"image\":{\"@id\":\"https:\\\/\\\/gerdetect.de\\\/fr\\\/produit\\\/detecteur-de-metaux-treasure-way\\\/#primaryimage\"},\"thumbnailUrl\":\"https:\\\/\\\/gerdetect.de\\\/wp-content\\\/uploads\\\/2025\\\/04\\\/Treasure-Way3-min.png\",\"datePublished\":\"2025-04-21T12:01:02+00:00\",\"dateModified\":\"2025-10-28T11:32:50+00:00\",\"breadcrumb\":{\"@id\":\"https:\\\/\\\/gerdetect.de\\\/fr\\\/produit\\\/detecteur-de-metaux-treasure-way\\\/#breadcrumb\"},\"inLanguage\":\"fr-FR\",\"potentialAction\":[{\"@type\":\"ReadAction\",\"target\":[\"https:\\\/\\\/gerdetect.de\\\/fr\\\/produit\\\/detecteur-de-metaux-treasure-way\\\/\"]}]},{\"@type\":\"ImageObject\",\"inLanguage\":\"fr-FR\",\"@id\":\"https:\\\/\\\/gerdetect.de\\\/fr\\\/produit\\\/detecteur-de-metaux-treasure-way\\\/#primaryimage\",\"url\":\"https:\\\/\\\/gerdetect.de\\\/wp-content\\\/uploads\\\/2025\\\/04\\\/Treasure-Way3-min.png\",\"contentUrl\":\"https:\\\/\\\/gerdetect.de\\\/wp-content\\\/uploads\\\/2025\\\/04\\\/Treasure-Way3-min.png\",\"width\":1200,\"height\":1200},{\"@type\":\"BreadcrumbList\",\"@id\":\"https:\\\/\\\/gerdetect.de\\\/fr\\\/produit\\\/detecteur-de-metaux-treasure-way\\\/#breadcrumb\",\"itemListElement\":[{\"@type\":\"ListItem\",\"position\":1,\"name\":\"Home\",\"item\":\"https:\\\/\\\/gerdetect.de\\\/fr\\\/home-fr\\\/\"},{\"@type\":\"ListItem\",\"position\":2,\"name\":\"Produits\",\"item\":\"https:\\\/\\\/gerdetect.de\\\/fr\\\/shop\\\/\"},{\"@type\":\"ListItem\",\"position\":3,\"name\":\"D\u00c9TECTEUR DE M\u00c9TAUX TREASURE WAY\"}]},{\"@type\":\"WebSite\",\"@id\":\"https:\\\/\\\/gerdetect.de\\\/fr\\\/#website\",\"url\":\"https:\\\/\\\/gerdetect.de\\\/fr\\\/\",\"name\":\"GER DETECT\",\"description\":\"\",\"publisher\":{\"@id\":\"https:\\\/\\\/gerdetect.de\\\/fr\\\/#organization\"},\"potentialAction\":[{\"@type\":\"SearchAction\",\"target\":{\"@type\":\"EntryPoint\",\"urlTemplate\":\"https:\\\/\\\/gerdetect.de\\\/fr\\\/?s={search_term_string}\"},\"query-input\":{\"@type\":\"PropertyValueSpecification\",\"valueRequired\":true,\"valueName\":\"search_term_string\"}}],\"inLanguage\":\"fr-FR\"},{\"@type\":\"Organization\",\"@id\":\"https:\\\/\\\/gerdetect.de\\\/fr\\\/#organization\",\"name\":\"GER DETECT\",\"url\":\"https:\\\/\\\/gerdetect.de\\\/fr\\\/\",\"logo\":{\"@type\":\"ImageObject\",\"inLanguage\":\"fr-FR\",\"@id\":\"https:\\\/\\\/gerdetect.de\\\/fr\\\/#\\\/schema\\\/logo\\\/image\\\/\",\"url\":\"https:\\\/\\\/gerdetect.de\\\/wp-content\\\/uploads\\\/2025\\\/10\\\/GER-Logo.webp\",\"contentUrl\":\"https:\\\/\\\/gerdetect.de\\\/wp-content\\\/uploads\\\/2025\\\/10\\\/GER-Logo.webp\",\"width\":2134,\"height\":2135,\"caption\":\"GER DETECT\"},\"image\":{\"@id\":\"https:\\\/\\\/gerdetect.de\\\/fr\\\/#\\\/schema\\\/logo\\\/image\\\/\"}}]}<\/script>\n<!-- \/ Yoast SEO plugin. -->","yoast_head_json":{"title":"D\u00c9TECTEUR DE M\u00c9TAUX TREASURE WAY - GER DETECT","robots":{"index":"index","follow":"follow","max-snippet":"max-snippet:-1","max-image-preview":"max-image-preview:large","max-video-preview":"max-video-preview:-1"},"canonical":"https:\/\/gerdetect.de\/fr\/produit\/detecteur-de-metaux-treasure-way\/","og_locale":"fr_FR","og_type":"article","og_title":"D\u00c9TECTEUR DE M\u00c9TAUX TREASURE WAY - GER DETECT","og_description":"Treasure Way est un d\u00e9tecteur de m\u00e9taux professionnel con\u00e7u avec une technologie avanc\u00e9e d\u2019induction puls\u00e9e.Il d\u00e9tecte avec pr\u00e9cision l\u2019or, les reliques, les vides et les tombes anciennes jusqu\u2019\u00e0 une profondeur de 4 m\u00e8tres.Con\u00e7u pour tous les types de terrains.","og_url":"https:\/\/gerdetect.de\/fr\/produit\/detecteur-de-metaux-treasure-way\/","og_site_name":"GER DETECT","article_modified_time":"2025-10-28T11:32:50+00:00","og_image":[{"width":1200,"height":1200,"url":"https:\/\/gerdetect.de\/wp-content\/uploads\/2025\/04\/Treasure-Way3-min.png","type":"image\/png"}],"twitter_card":"summary_large_image","twitter_misc":{"Dur\u00e9e de lecture estim\u00e9e":"1 minute"},"schema":{"@context":"https:\/\/schema.org","@graph":[{"@type":"WebPage","@id":"https:\/\/gerdetect.de\/fr\/produit\/detecteur-de-metaux-treasure-way\/","url":"https:\/\/gerdetect.de\/fr\/produit\/detecteur-de-metaux-treasure-way\/","name":"D\u00c9TECTEUR DE M\u00c9TAUX TREASURE WAY - GER DETECT","isPartOf":{"@id":"https:\/\/gerdetect.de\/fr\/#website"},"primaryImageOfPage":{"@id":"https:\/\/gerdetect.de\/fr\/produit\/detecteur-de-metaux-treasure-way\/#primaryimage"},"image":{"@id":"https:\/\/gerdetect.de\/fr\/produit\/detecteur-de-metaux-treasure-way\/#primaryimage"},"thumbnailUrl":"https:\/\/gerdetect.de\/wp-content\/uploads\/2025\/04\/Treasure-Way3-min.png","datePublished":"2025-04-21T12:01:02+00:00","dateModified":"2025-10-28T11:32:50+00:00","breadcrumb":{"@id":"https:\/\/gerdetect.de\/fr\/produit\/detecteur-de-metaux-treasure-way\/#breadcrumb"},"inLanguage":"fr-FR","potentialAction":[{"@type":"ReadAction","target":["https:\/\/gerdetect.de\/fr\/produit\/detecteur-de-metaux-treasure-way\/"]}]},{"@type":"ImageObject","inLanguage":"fr-FR","@id":"https:\/\/gerdetect.de\/fr\/produit\/detecteur-de-metaux-treasure-way\/#primaryimage","url":"https:\/\/gerdetect.de\/wp-content\/uploads\/2025\/04\/Treasure-Way3-min.png","contentUrl":"https:\/\/gerdetect.de\/wp-content\/uploads\/2025\/04\/Treasure-Way3-min.png","width":1200,"height":1200},{"@type":"BreadcrumbList","@id":"https:\/\/gerdetect.de\/fr\/produit\/detecteur-de-metaux-treasure-way\/#breadcrumb","itemListElement":[{"@type":"ListItem","position":1,"name":"Home","item":"https:\/\/gerdetect.de\/fr\/home-fr\/"},{"@type":"ListItem","position":2,"name":"Produits","item":"https:\/\/gerdetect.de\/fr\/shop\/"},{"@type":"ListItem","position":3,"name":"D\u00c9TECTEUR DE M\u00c9TAUX TREASURE WAY"}]},{"@type":"WebSite","@id":"https:\/\/gerdetect.de\/fr\/#website","url":"https:\/\/gerdetect.de\/fr\/","name":"GER DETECT","description":"","publisher":{"@id":"https:\/\/gerdetect.de\/fr\/#organization"},"potentialAction":[{"@type":"SearchAction","target":{"@type":"EntryPoint","urlTemplate":"https:\/\/gerdetect.de\/fr\/?s={search_term_string}"},"query-input":{"@type":"PropertyValueSpecification","valueRequired":true,"valueName":"search_term_string"}}],"inLanguage":"fr-FR"},{"@type":"Organization","@id":"https:\/\/gerdetect.de\/fr\/#organization","name":"GER DETECT","url":"https:\/\/gerdetect.de\/fr\/","logo":{"@type":"ImageObject","inLanguage":"fr-FR","@id":"https:\/\/gerdetect.de\/fr\/#\/schema\/logo\/image\/","url":"https:\/\/gerdetect.de\/wp-content\/uploads\/2025\/10\/GER-Logo.webp","contentUrl":"https:\/\/gerdetect.de\/wp-content\/uploads\/2025\/10\/GER-Logo.webp","width":2134,"height":2135,"caption":"GER DETECT"},"image":{"@id":"https:\/\/gerdetect.de\/fr\/#\/schema\/logo\/image\/"}}]}},"_links":{"self":[{"href":"https:\/\/gerdetect.de\/fr\/wp-json\/wp\/v2\/product\/18415","targetHints":{"allow":["GET"]}}],"collection":[{"href":"https:\/\/gerdetect.de\/fr\/wp-json\/wp\/v2\/product"}],"about":[{"href":"https:\/\/gerdetect.de\/fr\/wp-json\/wp\/v2\/types\/product"}],"version-history":[{"count":4,"href":"https:\/\/gerdetect.de\/fr\/wp-json\/wp\/v2\/product\/18415\/revisions"}],"predecessor-version":[{"id":32647,"href":"https:\/\/gerdetect.de\/fr\/wp-json\/wp\/v2\/product\/18415\/revisions\/32647"}],"wp:featuredmedia":[{"embeddable":true,"href":"https:\/\/gerdetect.de\/fr\/wp-json\/wp\/v2\/media\/32073"}],"wp:attachment":[{"href":"https:\/\/gerdetect.de\/fr\/wp-json\/wp\/v2\/media?parent=18415"}],"wp:term":[{"taxonomy":"product_brand","embeddable":true,"href":"https:\/\/gerdetect.de\/fr\/wp-json\/wp\/v2\/product_brand?post=18415"},{"taxonomy":"product_cat","embeddable":true,"href":"https:\/\/gerdetect.de\/fr\/wp-json\/wp\/v2\/product_cat?post=18415"},{"taxonomy":"product_tag","embeddable":true,"href":"https:\/\/gerdetect.de\/fr\/wp-json\/wp\/v2\/product_tag?post=18415"}],"curies":[{"name":"wp","href":"https:\/\/api.w.org\/{rel}","templated":true}]}}